{"id":4141,"date":"2015-10-25T19:12:31","date_gmt":"2015-10-25T19:12:31","guid":{"rendered":"http:\/\/therhinoresort.com\/en\/?page_id=4141"},"modified":"2016-11-23T23:20:43","modified_gmt":"2016-11-23T23:20:43","slug":"world-luxury-hotel-awards-2015","status":"publish","type":"page","link":"https:\/\/therhinoresort.com\/fr\/awards\/world-luxury-hotel-awards-2015\/","title":{"rendered":"World Luxury Hotel Awards 2015"},"content":{"rendered":"<p>[vc_row][vc_column][vc_single_image image=\u00a0\u00bb10163&Prime; img_size=\u00a0\u00bbfull\u00a0\u00bb][vc_empty_space height=\u00a0\u00bb20px\u00a0\u00bb][\/vc_column][\/vc_row][vc_row][vc_column width=\u00a0\u00bb2\/3&Prime;][vc_column_text]Le 24 octobre 2015, <strong>World Luxury Hotel Awards<\/strong> a d\u00e9cern\u00e9 \u00e0 Hong Kong \u00e0 l\u2019H\u00f4tel The Rhino Resort Hotel &amp; Spa 2\u00a0prix.[\/vc_column_text][vc_empty_space height=\u00a0\u00bb20px\u00a0\u00bb][vc_row_inner][vc_column_inner width=\u00a0\u00bb1\/2&Prime;][vc_column_text]<\/p>\n<h4 style=\"text-align: center;\"><span style=\"color: #808080;\">Meilleur H\u00f4tel Spa du Monde<\/span><\/h4>\n<p>[\/vc_column_text][\/vc_column_inner][vc_column_inner width=\u00a0\u00bb1\/2&Prime;][vc_column_text]<\/p>\n<h4 style=\"text-align: center;\"><span style=\"color: #808080;\">Meilleur Resort Famille d&rsquo;Afrique<\/span><\/h4>\n<p>[\/vc_column_text][\/vc_column_inner][\/vc_row_inner][vc_row_inner][vc_column_inner width=\u00a0\u00bb1\/2&Prime;][vc_separator border_width=\u00a0\u00bb4&Prime; css=\u00a0\u00bb.vc_custom_1479927027912{margin-top: 0px !important;}\u00a0\u00bb][vc_empty_space height=\u00a0\u00bb10px\u00a0\u00bb][vc_single_image image=\u00a0\u00bb9822&Prime; alignment=\u00a0\u00bbcenter\u00a0\u00bb][\/vc_column_inner][vc_column_inner width=\u00a0\u00bb1\/2&Prime;][vc_separator border_width=\u00a0\u00bb4&Prime; css=\u00a0\u00bb.vc_custom_1479927020777{margin-top: 0px !important;}\u00a0\u00bb][vc_empty_space height=\u00a0\u00bb10px\u00a0\u00bb][vc_single_image image=\u00a0\u00bb9821&Prime; alignment=\u00a0\u00bbcenter\u00a0\u00bb][\/vc_column_inner][\/vc_row_inner][vc_empty_space height=\u00a0\u00bb20px\u00a0\u00bb][\/vc_column][vc_column width=\u00a0\u00bb1\/3&Prime;][vc_wp_custommenu nav_menu=\u00a0\u00bb15&Prime;][vc_single_image image=\u00a0\u00bb9530&Prime; img_size=\u00a0\u00bb50&#215;50&Prime; onclick=\u00a0\u00bbcustom_link\u00a0\u00bb link=\u00a0\u00bbhttp:\/\/www.therhinoresort.com\/awards\u00a0\u00bb][\/vc_column][\/vc_row][vc_row][vc_column][vc_empty_space][rev_slider_vc alias=\u00a0\u00bbrhino_sections_slider\u00a0\u00bb][\/vc_column][\/vc_row]<\/p>","protected":false},"excerpt":{"rendered":"<p>[vc_row][vc_column][vc_single_image image=\u00a0\u00bb10163&Prime; img_size=\u00a0\u00bbfull\u00a0\u00bb][vc_empty_space height=\u00a0\u00bb20px\u00a0\u00bb][\/vc_column][\/vc_row][vc_row][vc_column width=\u00a0\u00bb2\/3&Prime;][vc_column_text]Le 24 octobre 2015, World Luxury Hotel Awards a d\u00e9cern\u00e9 \u00e0 Hong Kong \u00e0 l\u2019H\u00f4tel The Rhino Resort Hotel &amp; Spa 2\u00a0prix.[\/vc_column_text][vc_empty_space height=\u00a0\u00bb20px\u00a0\u00bb][vc_row_inner][vc_column_inner width=\u00a0\u00bb1\/2&Prime;][vc_column_text] Meilleur H\u00f4tel Spa du Monde [\/vc_column_text][\/vc_column_inner][vc_column_inner width=\u00a0\u00bb1\/2&Prime;][vc_column_text] Meilleur Resort Famille d&rsquo;Afrique [\/vc_column_text][\/vc_column_inner][\/vc_row_inner][vc_row_inner][vc_column_inner width=\u00a0\u00bb1\/2&Prime;][vc_separator border_width=\u00a0\u00bb4&Prime; css=\u00a0\u00bb.vc_custom_1479927027912{margin-top: 0px !important;}\u00a0\u00bb][vc_empty_space height=\u00a0\u00bb10px\u00a0\u00bb][vc_single_image image=\u00a0\u00bb9822&Prime; alignment=\u00a0\u00bbcenter\u00a0\u00bb][\/vc_column_inner][vc_column_inner width=\u00a0\u00bb1\/2&Prime;][vc_separator border_width=\u00a0\u00bb4&Prime; css=\u00a0\u00bb.vc_custom_1479927020777{margin-top: 0px !important;}\u00a0\u00bb][vc_empty_space height=\u00a0\u00bb10px\u00a0\u00bb][vc_single_image image=\u00a0\u00bb9821&Prime; alignment=\u00a0\u00bbcenter\u00a0\u00bb][\/vc_column_inner][\/vc_row_inner][vc_empty_space height=\u00a0\u00bb20px\u00a0\u00bb][\/vc_column][vc_column width=\u00a0\u00bb1\/3&Prime;][vc_wp_custommenu nav_menu=\u00a0\u00bb15&Prime;][vc_single_image image=\u00a0\u00bb9530&Prime; img_size=\u00a0\u00bb50&#215;50&Prime; onclick=\u00a0\u00bbcustom_link\u00a0\u00bb link=\u00a0\u00bbhttp:\/\/www.therhinoresort.com\/awards\u00a0\u00bb][\/vc_column][\/vc_row][vc_row][vc_column][vc_empty_space][rev_slider_vc alias=\u00a0\u00bbrhino_sections_slider\u00a0\u00bb][\/vc_column][\/vc_row]<\/p>\n","protected":false},"author":1,"featured_media":0,"parent":704,"menu_order":0,"comment_status":"closed","ping_status":"closed","template":"","meta":[],"_links":{"self":[{"href":"https:\/\/therhinoresort.com\/fr\/wp-json\/wp\/v2\/pages\/4141"}],"collection":[{"href":"https:\/\/therhinoresort.com\/fr\/wp-json\/wp\/v2\/pages"}],"about":[{"href":"https:\/\/therhinoresort.com\/fr\/wp-json\/wp\/v2\/types\/page"}],"author":[{"embeddable":true,"href":"https:\/\/therhinoresort.com\/fr\/wp-json\/wp\/v2\/users\/1"}],"replies":[{"embeddable":true,"href":"https:\/\/therhinoresort.com\/fr\/wp-json\/wp\/v2\/comments?post=4141"}],"version-history":[{"count":25,"href":"https:\/\/therhinoresort.com\/fr\/wp-json\/wp\/v2\/pages\/4141\/revisions"}],"predecessor-version":[{"id":11622,"href":"https:\/\/therhinoresort.com\/fr\/wp-json\/wp\/v2\/pages\/4141\/revisions\/11622"}],"up":[{"embeddable":true,"href":"https:\/\/therhinoresort.com\/fr\/wp-json\/wp\/v2\/pages\/704"}],"wp:attachment":[{"href":"https:\/\/therhinoresort.com\/fr\/wp-json\/wp\/v2\/media?parent=4141"}],"curies":[{"name":"wp","href":"https:\/\/api.w.org\/{rel}","templated":true}]}}