{"id":3465,"date":"2014-11-20T15:35:01","date_gmt":"2014-11-20T15:35:01","guid":{"rendered":"http:\/\/therhinoresort.com\/en\/?page_id=3465"},"modified":"2016-11-21T23:21:59","modified_gmt":"2016-11-21T23:21:59","slug":"lounge-bars","status":"publish","type":"page","link":"https:\/\/therhinoresort.com\/fr\/instalations\/lounge-bars\/","title":{"rendered":"Lounge Bars"},"content":{"rendered":"<p>[vc_row][vc_column][vc_single_image image=\u00a0\u00bb10111&Prime; img_size=\u00a0\u00bbfull\u00a0\u00bb][vc_empty_space height=\u00a0\u00bb20px\u00a0\u00bb][\/vc_column][\/vc_row][vc_row][vc_column width=\u00a0\u00bb2\/3&Prime;][vc_single_image image=\u00a0\u00bb11095&Prime; img_size=\u00a0\u00bblarge\u00a0\u00bb][vc_separator border_width=\u00a0\u00bb4&Prime;][vc_column_text]<\/p>\n<p style=\"text-align: left;\"><span style=\"color: #808080;\">Les deux bars de l\u2019H\u00f4tel Rhino offrent une ambiance calme, d\u00e9tendue et raffin\u00e9e.\u00a0<\/span><\/p>\n<p style=\"text-align: left;\"><span style=\"color: #808080;\">Deux lieux intimes et discrets id\u00e9als pour vos rendez vous d&rsquo;affaire, vos rencontres amoureuses et vos interviews. Nos lounge-bars accueillent \u00e9galement des groupes sportifs et convient aux escapades entre amis.<\/span><\/p>\n<div style=\"text-align: left;\"><\/div>\n<p>[\/vc_column_text][vc_column_text]<span style=\"color: #808080;\">La musique est choisie en fonction des moments de la journ\u00e9e. Des amuse-bouches sont servis selon vos envies, que vous les d\u00e9siriez l\u00e9gers ou fruit\u00e9s, avec quelques \u00ab\u00a0\u00e9chantillons\u00a0\u00bb culinaires a votre go\u00fbt. Au soir, des bougies et des lumi\u00e8res teint\u00e9es et tamis\u00e9es ajoutent une touche enchanteresse et romantique \u00e0 ce lieu.<\/span>[\/vc_column_text][vc_empty_space height=\u00a0\u00bb20px\u00a0\u00bb][vc_separator style=\u00a0\u00bbshadow\u00a0\u00bb border_width=\u00a0\u00bb4&Prime;][vc_row_inner][vc_column_inner width=\u00a0\u00bb1\/2&Prime;][ultimate_icon_list icon_size=\u00a0\u00bb25&Prime; css_icon_list=\u00a0\u00bb.vc_custom_1479405048137{margin-bottom: 0px !important;}\u00a0\u00bb][ultimate_icon_list_item icon_type=\u00a0\u00bbcustom\u00a0\u00bb icon_img=\u00a0\u00bbid^10308|url^http:\/\/therhinoresort.com\/wp-content\/uploads\/picto_open_hours.png|caption^null|alt^null|title^picto_open_hours|description^null\u00a0\u00bb]<span style=\"color: #333333; font-size: medium;\">\u00a0HORAIRE<\/span>[\/ultimate_icon_list_item][\/ultimate_icon_list][vc_column_text]<span style=\"color: #808080; font-size: medium;\"><strong>10<\/strong>h<strong>00<\/strong> &gt; <strong>01<\/strong>h<strong>00\u00a0<\/strong><\/span>[\/vc_column_text][\/vc_column_inner][vc_column_inner width=\u00a0\u00bb1\/2&Prime;][ultimate_icon_list icon_size=\u00a0\u00bb25&Prime; css_icon_list=\u00a0\u00bb.vc_custom_1479405059562{margin-bottom: 0px !important;}\u00a0\u00bb][ultimate_icon_list_item icon_type=\u00a0\u00bbcustom\u00a0\u00bb icon_img=\u00a0\u00bbid^9485|url^http:\/\/therhinoresort.com\/wp-content\/uploads\/picto_admission.png|caption^null|alt^null|title^picto_admission|description^null\u00a0\u00bb]<span style=\"color: #333333; font-size: medium;\">\u00a0ADMISSION<\/span>[\/ultimate_icon_list_item][\/ultimate_icon_list][vc_column_text]<span style=\"color: #808080;\">Ouvert au public en g\u00e9n\u00e9ral<\/span>[\/vc_column_text][\/vc_column_inner][\/vc_row_inner][vc_empty_space height=\u00a0\u00bb20px\u00a0\u00bb][\/vc_column][vc_column width=\u00a0\u00bb1\/3&Prime;][vc_wp_custommenu nav_menu=\u00a0\u00bb11&Prime;][vc_single_image image=\u00a0\u00bb9529&Prime; img_size=\u00a0\u00bb50&#215;50&Prime; onclick=\u00a0\u00bbcustom_link\u00a0\u00bb link=\u00a0\u00bbhttp:\/\/www.therhinoresort.com\/amenities\u00a0\u00bb][\/vc_column][\/vc_row][vc_row][vc_column][vc_empty_space][rev_slider_vc alias=\u00a0\u00bbrhino_sections_slider\u00a0\u00bb][\/vc_column][\/vc_row]<\/p>","protected":false},"excerpt":{"rendered":"<p>[vc_row][vc_column][vc_single_image image=\u00a0\u00bb10111&Prime; img_size=\u00a0\u00bbfull\u00a0\u00bb][vc_empty_space height=\u00a0\u00bb20px\u00a0\u00bb][\/vc_column][\/vc_row][vc_row][vc_column width=\u00a0\u00bb2\/3&Prime;][vc_single_image image=\u00a0\u00bb11095&Prime; img_size=\u00a0\u00bblarge\u00a0\u00bb][vc_separator border_width=\u00a0\u00bb4&Prime;][vc_column_text] Les deux bars de l\u2019H\u00f4tel Rhino offrent une ambiance calme, d\u00e9tendue et raffin\u00e9e.\u00a0 Deux lieux intimes et discrets id\u00e9als pour vos rendez vous d&rsquo;affaire, vos rencontres amoureuses et vos interviews. Nos lounge-bars accueillent \u00e9galement des groupes sportifs et convient aux escapades entre amis. [\/vc_column_text][vc_column_text]La musique est choisie en fonction des moments de la journ\u00e9e. Des amuse-bouches sont servis selon vos envies, que vous les d\u00e9siriez l\u00e9gers ou fruit\u00e9s, avec quelques \u00ab\u00a0\u00e9chantillons\u00a0\u00bb culinaires a votre go\u00fbt. Au soir, des bougies et des lumi\u00e8res teint\u00e9es et tamis\u00e9es ajoutent une touche enchanteresse et romantique \u00e0 ce lieu.[\/vc_column_text][vc_empty_space height=\u00a0\u00bb20px\u00a0\u00bb][vc_separator style=\u00a0\u00bbshadow\u00a0\u00bb border_width=\u00a0\u00bb4&Prime;][vc_row_inner][vc_column_inner width=\u00a0\u00bb1\/2&Prime;][ultimate_icon_list icon_size=\u00a0\u00bb25&Prime; css_icon_list=\u00a0\u00bb.vc_custom_1479405048137{margin-bottom: 0px !important;}\u00a0\u00bb][ultimate_icon_list_item icon_type=\u00a0\u00bbcustom\u00a0\u00bb icon_img=\u00a0\u00bbid^10308|url^http:\/\/therhinoresort.com\/wp-content\/uploads\/picto_open_hours.png|caption^null|alt^null|title^picto_open_hours|description^null\u00a0\u00bb]\u00a0HORAIRE[\/ultimate_icon_list_item][\/ultimate_icon_list][vc_column_text]10h00 &gt; 01h00\u00a0[\/vc_column_text][\/vc_column_inner][vc_column_inner width=\u00a0\u00bb1\/2&Prime;][ultimate_icon_list icon_size=\u00a0\u00bb25&Prime; css_icon_list=\u00a0\u00bb.vc_custom_1479405059562{margin-bottom: 0px !important;}\u00a0\u00bb][ultimate_icon_list_item icon_type=\u00a0\u00bbcustom\u00a0\u00bb icon_img=\u00a0\u00bbid^9485|url^http:\/\/therhinoresort.com\/wp-content\/uploads\/picto_admission.png|caption^null|alt^null|title^picto_admission|description^null\u00a0\u00bb]\u00a0ADMISSION[\/ultimate_icon_list_item][\/ultimate_icon_list][vc_column_text]Ouvert au public en g\u00e9n\u00e9ral[\/vc_column_text][\/vc_column_inner][\/vc_row_inner][vc_empty_space height=\u00a0\u00bb20px\u00a0\u00bb][\/vc_column][vc_column width=\u00a0\u00bb1\/3&Prime;][vc_wp_custommenu nav_menu=\u00a0\u00bb11&Prime;][vc_single_image image=\u00a0\u00bb9529&Prime; img_size=\u00a0\u00bb50&#215;50&Prime; onclick=\u00a0\u00bbcustom_link\u00a0\u00bb link=\u00a0\u00bbhttp:\/\/www.therhinoresort.com\/amenities\u00a0\u00bb][\/vc_column][\/vc_row][vc_row][vc_column][vc_empty_space][rev_slider_vc alias=\u00a0\u00bbrhino_sections_slider\u00a0\u00bb][\/vc_column][\/vc_row]<\/p>\n","protected":false},"author":1,"featured_media":0,"parent":39,"menu_order":0,"comment_status":"closed","ping_status":"closed","template":"","meta":[],"_links":{"self":[{"href":"https:\/\/therhinoresort.com\/fr\/wp-json\/wp\/v2\/pages\/3465"}],"collection":[{"href":"https:\/\/therhinoresort.com\/fr\/wp-json\/wp\/v2\/pages"}],"about":[{"href":"https:\/\/therhinoresort.com\/fr\/wp-json\/wp\/v2\/types\/page"}],"author":[{"embeddable":true,"href":"https:\/\/therhinoresort.com\/fr\/wp-json\/wp\/v2\/users\/1"}],"replies":[{"embeddable":true,"href":"https:\/\/therhinoresort.com\/fr\/wp-json\/wp\/v2\/comments?post=3465"}],"version-history":[{"count":20,"href":"https:\/\/therhinoresort.com\/fr\/wp-json\/wp\/v2\/pages\/3465\/revisions"}],"predecessor-version":[{"id":11460,"href":"https:\/\/therhinoresort.com\/fr\/wp-json\/wp\/v2\/pages\/3465\/revisions\/11460"}],"up":[{"embeddable":true,"href":"https:\/\/therhinoresort.com\/fr\/wp-json\/wp\/v2\/pages\/39"}],"wp:attachment":[{"href":"https:\/\/therhinoresort.com\/fr\/wp-json\/wp\/v2\/media?parent=3465"}],"curies":[{"name":"wp","href":"https:\/\/api.w.org\/{rel}","templated":true}]}}