{"id":3395,"date":"2014-11-10T17:46:08","date_gmt":"2014-11-10T17:46:08","guid":{"rendered":"http:\/\/therhinoresort.com\/en\/?page_id=3395"},"modified":"2016-11-23T23:06:16","modified_gmt":"2016-11-23T23:06:16","slug":"restaurants","status":"publish","type":"page","link":"https:\/\/therhinoresort.com\/fr\/instalations\/restaurants\/","title":{"rendered":"Restaurants"},"content":{"rendered":"<p>[vc_row][vc_column][vc_single_image image=\u00a0\u00bb10111&Prime; img_size=\u00a0\u00bbfull\u00a0\u00bb][vc_empty_space height=\u00a0\u00bb20px\u00a0\u00bb][\/vc_column][\/vc_row][vc_row][vc_column width=\u00a0\u00bb2\/3&Prime;][vc_tta_tabs color=\u00a0\u00bbwhite\u00a0\u00bb active_section=\u00a0\u00bb1&Prime;][vc_tta_section title=\u00a0\u00bbL&rsquo;Orchid\u00e9e\u00a0\u00bb tab_id=\u00a0\u00bb1475847515382-be6642ce-ccb3&Prime;][vc_single_image image=\u00a0\u00bb10164&Prime; img_size=\u00a0\u00bblarge\u00a0\u00bb][vc_separator border_width=\u00a0\u00bb2&Prime;][vc_column_text]<span style=\"color: #808080;\">Avec une capacit\u00e9 pour 60 personnes, le restaurant L&rsquo;Orchid\u00e9e borde la piscine centrale et les beaux jardins de palmiers et dattiers. La cascade d&rsquo;eau vous plonge dans une atmosph\u00e8re de s\u00e9r\u00e9nit\u00e9 et de d\u00e9tente. Une cuisine vitr\u00e9e permet aux clients d&rsquo;observer la pr\u00e9paration de chaque plat.<\/span>[\/vc_column_text][vc_empty_space height=\u00a0\u00bb20px\u00a0\u00bb][vc_separator style=\u00a0\u00bbshadow\u00a0\u00bb border_width=\u00a0\u00bb4&Prime;][vc_row_inner][vc_column_inner width=\u00a0\u00bb1\/2&Prime;][ultimate_icon_list icon_size=\u00a0\u00bb25&Prime; css_icon_list=\u00a0\u00bb.vc_custom_1479404154815{margin-bottom: 0px !important;}\u00a0\u00bb][ultimate_icon_list_item icon_type=\u00a0\u00bbcustom\u00a0\u00bb icon_img=\u00a0\u00bbid^10308|url^http:\/\/therhinoresort.com\/wp-content\/uploads\/picto_open_hours.png|caption^null|alt^null|title^picto_open_hours|description^null\u00a0\u00bb]<span style=\"color: #333333; font-size: medium;\">\u00a0HORAIRE<\/span>[\/ultimate_icon_list_item][\/ultimate_icon_list][vc_column_text]<span style=\"color: #808080;\">\u00b7 <strong>Petit-D\u00e9jeuner<\/strong>: 7h30 &gt; 10h00<\/span><br \/>\n<span style=\"color: #808080;\"> \u00b7 <strong>D\u00e9jeuner<\/strong>: 12h00 &gt; 15h00<\/span><br \/>\n<span style=\"color: #808080;\"> \u00b7 <strong>Souper<\/strong>:19h30 &gt; 23h00<\/span>[\/vc_column_text][\/vc_column_inner][vc_column_inner width=\u00a0\u00bb1\/2&Prime;][ultimate_icon_list icon_size=\u00a0\u00bb25&Prime; css_icon_list=\u00a0\u00bb.vc_custom_1479404165423{margin-bottom: 0px !important;}\u00a0\u00bb][ultimate_icon_list_item icon_type=\u00a0\u00bbcustom\u00a0\u00bb icon_img=\u00a0\u00bbid^9485|url^http:\/\/therhinoresort.com\/wp-content\/uploads\/picto_admission.png|caption^null|alt^null|title^picto_admission|description^null\u00a0\u00bb]<span style=\"color: #333333; font-size: medium;\">\u00a0ADMISSION<\/span>[\/ultimate_icon_list_item][\/ultimate_icon_list][vc_column_text]<span style=\"color: #808080;\">\u00b7 Ouvert au public en g\u00e9n\u00e9ral<\/span><br \/>\n<span style=\"color: #808080;\">\u00b7 Tenue correcte exig\u00e9e<\/span>[\/vc_column_text][\/vc_column_inner][\/vc_row_inner][\/vc_tta_section][vc_tta_section title=\u00a0\u00bbLe Bambou\u00a0\u00bb tab_id=\u00a0\u00bb1475847515415-4c622d86-b339&Prime;][vc_single_image image=\u00a0\u00bb11607&Prime; img_size=\u00a0\u00bblarge\u00a0\u00bb][vc_separator border_width=\u00a0\u00bb2&Prime;][vc_column_text]<span style=\"color: #808080;\">Romantique par nature. Le bambou symbolise s\u00e9r\u00e9nit\u00e9, paix et \u00e9l\u00e9gance. Ce sont les piliers qui ont inspir\u00e9 la cr\u00e9ation du restaurant Le Bambou. Con\u00e7u pour les grands \u00e9v\u00e9nements, conf\u00e9rences, mariages. L&rsquo;endroit id\u00e9al pour une soir\u00e9e inoubliable<\/span>[\/vc_column_text][vc_empty_space height=\u00a0\u00bb20px\u00a0\u00bb][vc_separator style=\u00a0\u00bbshadow\u00a0\u00bb border_width=\u00a0\u00bb4&Prime;][vc_row_inner][vc_column_inner width=\u00a0\u00bb1\/2&Prime;][ultimate_icon_list icon_size=\u00a0\u00bb25&Prime; css_icon_list=\u00a0\u00bb.vc_custom_1479404154815{margin-bottom: 0px !important;}\u00a0\u00bb][ultimate_icon_list_item icon_type=\u00a0\u00bbcustom\u00a0\u00bb icon_img=\u00a0\u00bbid^10308|url^http:\/\/therhinoresort.com\/wp-content\/uploads\/picto_open_hours.png|caption^null|alt^null|title^picto_open_hours|description^null\u00a0\u00bb]<span style=\"color: #333333; font-size: medium;\">\u00a0HORAIRE<\/span>[\/ultimate_icon_list_item][\/ultimate_icon_list][vc_column_text]<span style=\"color: #808080;\">\u00b7 <strong>Petit-D\u00e9jeuner<\/strong>: 7h30 &gt; 10h00<\/span><br \/>\n<span style=\"color: #808080;\"> \u00b7 <strong>D\u00e9jeuner<\/strong>: 12h00 &gt; 15h00<\/span><br \/>\n<span style=\"color: #808080;\"> \u00b7 <strong>Souper<\/strong>:19h30 &gt; 23h00<\/span>[\/vc_column_text][\/vc_column_inner][vc_column_inner width=\u00a0\u00bb1\/2&Prime;][ultimate_icon_list icon_size=\u00a0\u00bb25&Prime; css_icon_list=\u00a0\u00bb.vc_custom_1479404165423{margin-bottom: 0px !important;}\u00a0\u00bb][ultimate_icon_list_item icon_type=\u00a0\u00bbcustom\u00a0\u00bb icon_img=\u00a0\u00bbid^9485|url^http:\/\/therhinoresort.com\/wp-content\/uploads\/picto_admission.png|caption^null|alt^null|title^picto_admission|description^null\u00a0\u00bb]<span style=\"color: #333333; font-size: medium;\">\u00a0ADMISSION<\/span>[\/ultimate_icon_list_item][\/ultimate_icon_list][vc_column_text]<span style=\"color: #808080;\">\u00b7 Ouvert au public en g\u00e9n\u00e9ral<\/span><br \/>\n<span style=\"color: #808080;\">\u00b7 Tenue correcte exig\u00e9e<\/span>[\/vc_column_text][\/vc_column_inner][\/vc_row_inner][\/vc_tta_section][\/vc_tta_tabs][\/vc_column][vc_column width=\u00a0\u00bb1\/3&Prime;][vc_wp_custommenu nav_menu=\u00a0\u00bb11&Prime;][vc_single_image image=\u00a0\u00bb9529&Prime; img_size=\u00a0\u00bb50&#215;50&Prime; onclick=\u00a0\u00bbcustom_link\u00a0\u00bb link=\u00a0\u00bbhttp:\/\/www.therhinoresort.com\/amenities\u00a0\u00bb][vc_empty_space][vc_single_image image=\u00a0\u00bb10168&Prime; img_size=\u00a0\u00bblarge\u00a0\u00bb][vc_separator border_width=\u00a0\u00bb4&Prime;][vc_column_text]<span style=\"color: #808080;\">Notre chef vous propose une cuisine gastronomique internationale, accompagn\u00e9e d&rsquo;une carte des vins de pr\u00e8s de 200 r\u00e9f\u00e9rences. Les excellentes comp\u00e9tences de notre \u00e9quipe vous transportera \u00e0 la fascinante alchimie des meilleurs ingr\u00e9dients sur le march\u00e9. Un vrai service 5 \u00e9toiles.<\/span>[\/vc_column_text][\/vc_column][\/vc_row][vc_row][vc_column][vc_empty_space][rev_slider_vc alias=\u00a0\u00bbrhino_sections_slider\u00a0\u00bb][\/vc_column][\/vc_row]<\/p>","protected":false},"excerpt":{"rendered":"<p>[vc_row][vc_column][vc_single_image image=\u00a0\u00bb10111&Prime; img_size=\u00a0\u00bbfull\u00a0\u00bb][vc_empty_space height=\u00a0\u00bb20px\u00a0\u00bb][\/vc_column][\/vc_row][vc_row][vc_column width=\u00a0\u00bb2\/3&Prime;][vc_tta_tabs color=\u00a0\u00bbwhite\u00a0\u00bb active_section=\u00a0\u00bb1&Prime;][vc_tta_section title=\u00a0\u00bbL&rsquo;Orchid\u00e9e\u00a0\u00bb tab_id=\u00a0\u00bb1475847515382-be6642ce-ccb3&Prime;][vc_single_image image=\u00a0\u00bb10164&Prime; img_size=\u00a0\u00bblarge\u00a0\u00bb][vc_separator border_width=\u00a0\u00bb2&Prime;][vc_column_text]Avec une capacit\u00e9 pour 60 personnes, le restaurant L&rsquo;Orchid\u00e9e borde la piscine centrale et les beaux jardins de palmiers et dattiers. La cascade d&rsquo;eau vous plonge dans une atmosph\u00e8re de s\u00e9r\u00e9nit\u00e9 et de d\u00e9tente. Une cuisine vitr\u00e9e permet aux clients d&rsquo;observer la pr\u00e9paration de chaque plat.[\/vc_column_text][vc_empty_space height=\u00a0\u00bb20px\u00a0\u00bb][vc_separator style=\u00a0\u00bbshadow\u00a0\u00bb border_width=\u00a0\u00bb4&Prime;][vc_row_inner][vc_column_inner width=\u00a0\u00bb1\/2&Prime;][ultimate_icon_list icon_size=\u00a0\u00bb25&Prime; css_icon_list=\u00a0\u00bb.vc_custom_1479404154815{margin-bottom: 0px !important;}\u00a0\u00bb][ultimate_icon_list_item icon_type=\u00a0\u00bbcustom\u00a0\u00bb icon_img=\u00a0\u00bbid^10308|url^http:\/\/therhinoresort.com\/wp-content\/uploads\/picto_open_hours.png|caption^null|alt^null|title^picto_open_hours|description^null\u00a0\u00bb]\u00a0HORAIRE[\/ultimate_icon_list_item][\/ultimate_icon_list][vc_column_text]\u00b7 Petit-D\u00e9jeuner: 7h30 &gt; 10h00 \u00b7 D\u00e9jeuner: 12h00 &gt; 15h00 \u00b7 Souper:19h30 &gt; 23h00[\/vc_column_text][\/vc_column_inner][vc_column_inner width=\u00a0\u00bb1\/2&Prime;][ultimate_icon_list icon_size=\u00a0\u00bb25&Prime; css_icon_list=\u00a0\u00bb.vc_custom_1479404165423{margin-bottom: 0px !important;}\u00a0\u00bb][ultimate_icon_list_item icon_type=\u00a0\u00bbcustom\u00a0\u00bb icon_img=\u00a0\u00bbid^9485|url^http:\/\/therhinoresort.com\/wp-content\/uploads\/picto_admission.png|caption^null|alt^null|title^picto_admission|description^null\u00a0\u00bb]\u00a0ADMISSION[\/ultimate_icon_list_item][\/ultimate_icon_list][vc_column_text]\u00b7 Ouvert au public en g\u00e9n\u00e9ral \u00b7 Tenue correcte exig\u00e9e[\/vc_column_text][\/vc_column_inner][\/vc_row_inner][\/vc_tta_section][vc_tta_section title=\u00a0\u00bbLe Bambou\u00a0\u00bb tab_id=\u00a0\u00bb1475847515415-4c622d86-b339&Prime;][vc_single_image image=\u00a0\u00bb11607&Prime; img_size=\u00a0\u00bblarge\u00a0\u00bb][vc_separator border_width=\u00a0\u00bb2&Prime;][vc_column_text]Romantique par nature. Le bambou symbolise s\u00e9r\u00e9nit\u00e9, paix et \u00e9l\u00e9gance. Ce sont les piliers qui ont inspir\u00e9 la cr\u00e9ation du restaurant Le Bambou. Con\u00e7u pour les grands \u00e9v\u00e9nements, conf\u00e9rences, mariages. L&rsquo;endroit id\u00e9al pour une soir\u00e9e inoubliable[\/vc_column_text][vc_empty_space height=\u00a0\u00bb20px\u00a0\u00bb][vc_separator style=\u00a0\u00bbshadow\u00a0\u00bb border_width=\u00a0\u00bb4&Prime;][vc_row_inner][vc_column_inner width=\u00a0\u00bb1\/2&Prime;][ultimate_icon_list icon_size=\u00a0\u00bb25&Prime; css_icon_list=\u00a0\u00bb.vc_custom_1479404154815{margin-bottom: 0px !important;}\u00a0\u00bb][ultimate_icon_list_item icon_type=\u00a0\u00bbcustom\u00a0\u00bb icon_img=\u00a0\u00bbid^10308|url^http:\/\/therhinoresort.com\/wp-content\/uploads\/picto_open_hours.png|caption^null|alt^null|title^picto_open_hours|description^null\u00a0\u00bb]\u00a0HORAIRE[\/ultimate_icon_list_item][\/ultimate_icon_list][vc_column_text]\u00b7 Petit-D\u00e9jeuner: 7h30 &gt; 10h00 \u00b7 D\u00e9jeuner: 12h00 &gt; 15h00 \u00b7 Souper:19h30 &gt; 23h00[\/vc_column_text][\/vc_column_inner][vc_column_inner width=\u00a0\u00bb1\/2&Prime;][ultimate_icon_list icon_size=\u00a0\u00bb25&Prime; css_icon_list=\u00a0\u00bb.vc_custom_1479404165423{margin-bottom: 0px !important;}\u00a0\u00bb][ultimate_icon_list_item icon_type=\u00a0\u00bbcustom\u00a0\u00bb icon_img=\u00a0\u00bbid^9485|url^http:\/\/therhinoresort.com\/wp-content\/uploads\/picto_admission.png|caption^null|alt^null|title^picto_admission|description^null\u00a0\u00bb]\u00a0ADMISSION[\/ultimate_icon_list_item][\/ultimate_icon_list][vc_column_text]\u00b7 Ouvert au public en g\u00e9n\u00e9ral \u00b7 Tenue correcte exig\u00e9e[\/vc_column_text][\/vc_column_inner][\/vc_row_inner][\/vc_tta_section][\/vc_tta_tabs][\/vc_column][vc_column width=\u00a0\u00bb1\/3&Prime;][vc_wp_custommenu nav_menu=\u00a0\u00bb11&Prime;][vc_single_image image=\u00a0\u00bb9529&Prime; img_size=\u00a0\u00bb50&#215;50&Prime; onclick=\u00a0\u00bbcustom_link\u00a0\u00bb link=\u00a0\u00bbhttp:\/\/www.therhinoresort.com\/amenities\u00a0\u00bb][vc_empty_space][vc_single_image image=\u00a0\u00bb10168&Prime; img_size=\u00a0\u00bblarge\u00a0\u00bb][vc_separator border_width=\u00a0\u00bb4&Prime;][vc_column_text]Notre chef vous propose une cuisine gastronomique internationale, accompagn\u00e9e d&rsquo;une carte des vins de pr\u00e8s de 200 r\u00e9f\u00e9rences. Les excellentes comp\u00e9tences de notre \u00e9quipe vous transportera \u00e0 la fascinante alchimie des meilleurs ingr\u00e9dients sur le march\u00e9. Un vrai service 5 \u00e9toiles.[\/vc_column_text][\/vc_column][\/vc_row][vc_row][vc_column][vc_empty_space][rev_slider_vc alias=\u00a0\u00bbrhino_sections_slider\u00a0\u00bb][\/vc_column][\/vc_row]<\/p>\n","protected":false},"author":1,"featured_media":0,"parent":39,"menu_order":0,"comment_status":"closed","ping_status":"closed","template":"","meta":[],"_links":{"self":[{"href":"https:\/\/therhinoresort.com\/fr\/wp-json\/wp\/v2\/pages\/3395"}],"collection":[{"href":"https:\/\/therhinoresort.com\/fr\/wp-json\/wp\/v2\/pages"}],"about":[{"href":"https:\/\/therhinoresort.com\/fr\/wp-json\/wp\/v2\/types\/page"}],"author":[{"embeddable":true,"href":"https:\/\/therhinoresort.com\/fr\/wp-json\/wp\/v2\/users\/1"}],"replies":[{"embeddable":true,"href":"https:\/\/therhinoresort.com\/fr\/wp-json\/wp\/v2\/comments?post=3395"}],"version-history":[{"count":31,"href":"https:\/\/therhinoresort.com\/fr\/wp-json\/wp\/v2\/pages\/3395\/revisions"}],"predecessor-version":[{"id":11610,"href":"https:\/\/therhinoresort.com\/fr\/wp-json\/wp\/v2\/pages\/3395\/revisions\/11610"}],"up":[{"embeddable":true,"href":"https:\/\/therhinoresort.com\/fr\/wp-json\/wp\/v2\/pages\/39"}],"wp:attachment":[{"href":"https:\/\/therhinoresort.com\/fr\/wp-json\/wp\/v2\/media?parent=3395"}],"curies":[{"name":"wp","href":"https:\/\/api.w.org\/{rel}","templated":true}]}}