{"id":3336,"date":"2014-11-07T13:06:07","date_gmt":"2014-11-07T13:06:07","guid":{"rendered":"http:\/\/therhinoresort.com\/en\/?page_id=3336"},"modified":"2016-11-23T22:19:11","modified_gmt":"2016-11-23T22:19:11","slug":"swimming-pools","status":"publish","type":"page","link":"https:\/\/therhinoresort.com\/fr\/instalations\/piscines\/","title":{"rendered":"Piscines"},"content":{"rendered":"<p>[vc_row][vc_column][vc_single_image image=\u00a0\u00bb10117&Prime; img_size=\u00a0\u00bbfull\u00a0\u00bb][vc_empty_space height=\u00a0\u00bb20px\u00a0\u00bb][\/vc_column][\/vc_row][vc_row][vc_column width=\u00a0\u00bb2\/3&Prime;][vc_tta_tabs color=\u00a0\u00bbwhite\u00a0\u00bb active_section=\u00a0\u00bb1&Prime;][vc_tta_section title=\u00a0\u00bbBlue Lagoon\u00a0\u00bb tab_id=\u00a0\u00bb1475854113045-dfed5ec7-0c416e4b-9e05&Prime;][vc_single_image image=\u00a0\u00bb9672&Prime; img_size=\u00a0\u00bblarge\u00a0\u00bb][vc_separator border_width=\u00a0\u00bb4&Prime;][vc_column_text]Pour s\u2019\u00e9vader, elle se fond dans un paysage v\u00e9g\u00e9tal. Avec des lignes \u00e9pur\u00e9es, des courbes sensuelles. Au fond, des ombres s\u2019y dessinent.<br \/>\nNous l\u2019avons voulue sereine pour que vous y trouviez le repos. Des lits balinais sont install\u00e9s comme sur le pont d\u2019un navire voguant vers la pl\u00e9nitude.<br \/>\nNon surveill\u00e9e pour go\u00fbter \u00e0 la libert\u00e9.[\/vc_column_text][vc_empty_space height=\u00a0\u00bb20px\u00a0\u00bb][vc_separator style=\u00a0\u00bbshadow\u00a0\u00bb border_width=\u00a0\u00bb4&Prime;][vc_row_inner][vc_column_inner width=\u00a0\u00bb1\/3&Prime;][ultimate_icon_list icon_size=\u00a0\u00bb25&Prime; css_icon_list=\u00a0\u00bb.vc_custom_1479402894722{margin-bottom: 0px !important;}\u00a0\u00bb][ultimate_icon_list_item icon_type=\u00a0\u00bbcustom\u00a0\u00bb icon_img=\u00a0\u00bbid^10308|url^http:\/\/therhinoresort.com\/wp-content\/uploads\/picto_open_hours.png|caption^null|alt^null|title^picto_open_hours|description^null\u00a0\u00bb]<span style=\"color: #333333; font-size: medium;\">HORAIRE<\/span>[\/ultimate_icon_list_item][\/ultimate_icon_list][vc_column_text]<span style=\"color: #808080; font-size: medium;\"><strong>09<\/strong>h<strong>00<\/strong> &gt; <strong>20<\/strong>h<strong>00<\/strong><\/span>[\/vc_column_text][\/vc_column_inner][vc_column_inner width=\u00a0\u00bb1\/3&Prime;][ultimate_icon_list icon_size=\u00a0\u00bb25&Prime; css_icon_list=\u00a0\u00bb.vc_custom_1479402903498{margin-bottom: 0px !important;}\u00a0\u00bb][ultimate_icon_list_item icon_type=\u00a0\u00bbcustom\u00a0\u00bb icon_img=\u00a0\u00bbid^9574|url^http:\/\/therhinoresort.com\/wp-content\/uploads\/picto_size.png|caption^null|alt^null|title^picto_size|description^null\u00a0\u00bb]<span style=\"color: #333333; font-size: medium;\">DIMENSIONS<\/span>[\/ultimate_icon_list_item][\/ultimate_icon_list][vc_column_text]<span style=\"color: #808080;\">\u00b7 <strong>Superficie<\/strong><strong>\u00a0<\/strong>: 375\u00a0m\u00b2<\/span><br \/>\n<span style=\"color: #808080;\">\u00b7 <strong>Profondeur<\/strong>\u00a0: 1,00 m<\/span>[\/vc_column_text][\/vc_column_inner][vc_column_inner width=\u00a0\u00bb1\/3&Prime;][ultimate_icon_list icon_size=\u00a0\u00bb25&Prime; css_icon_list=\u00a0\u00bb.vc_custom_1479402911858{margin-bottom: 0px !important;}\u00a0\u00bb][ultimate_icon_list_item icon_type=\u00a0\u00bbcustom\u00a0\u00bb icon_img=\u00a0\u00bbid^9516|url^http:\/\/therhinoresort.com\/wp-content\/uploads\/picto_temperature.png|caption^null|alt^null|title^picto_temperature|description^null\u00a0\u00bb]<span style=\"color: #333333; font-size: medium;\">CARACT\u00c9RISTIQUES<\/span>[\/ultimate_icon_list_item][\/ultimate_icon_list][vc_column_text]<span style=\"color: #808080;\">\u00b7 Syst\u00e8me d&rsquo;\u00e9lectrolyse<\/span><br \/>\n<span style=\"color: #808080;\">\u00b7 <strong>Climatization<\/strong><strong>\u00a0<\/strong>: Non<\/span>[\/vc_column_text][\/vc_column_inner][\/vc_row_inner][\/vc_tta_section][vc_tta_section title=\u00a0\u00bbBeach Pool\u00a0\u00bb tab_id=\u00a0\u00bb1475854113079-76c33306-ecf76e4b-9e05&Prime;][vc_single_image image=\u00a0\u00bb9671&Prime; img_size=\u00a0\u00bblarge\u00a0\u00bb][vc_separator border_width=\u00a0\u00bb4&Prime;][vc_column_text]The Rhino Resort est situ\u00e9 dans une station baln\u00e9aire mais pas en premi\u00e8re ligne de mer, nous avons finalement d\u00e9cid\u00e9 \u00ab\u00a0d&#8217;emmener la plage \u00e0 nous\u00a0\u00bb. La plage artificielle contient 59 tonnes de sable blanc, une piscine ouverte de 70 m\u00b2 et plusieurs palmiers.<br \/>\nLa piscine de la plage Rhino Resort propose des chaises longues, des parasols et un service bar.<\/p>\n<p>Cette piscine est id\u00e9ale pour les enfants d\u00fb \u00e0 sa faible profondeur.[\/vc_column_text][vc_empty_space height=\u00a0\u00bb20px\u00a0\u00bb][vc_separator style=\u00a0\u00bbshadow\u00a0\u00bb border_width=\u00a0\u00bb4&Prime;][vc_row_inner][vc_column_inner width=\u00a0\u00bb1\/3&Prime;][ultimate_icon_list icon_size=\u00a0\u00bb25&Prime; css_icon_list=\u00a0\u00bb.vc_custom_1479402894722{margin-bottom: 0px !important;}\u00a0\u00bb][ultimate_icon_list_item icon_type=\u00a0\u00bbcustom\u00a0\u00bb icon_img=\u00a0\u00bbid^10308|url^http:\/\/therhinoresort.com\/wp-content\/uploads\/picto_open_hours.png|caption^null|alt^null|title^picto_open_hours|description^null\u00a0\u00bb]<span style=\"color: #333333; font-size: medium;\">HORAIRE<\/span>[\/ultimate_icon_list_item][\/ultimate_icon_list][vc_column_text]<span style=\"color: #808080; font-size: medium;\"><strong>09<\/strong>h<strong>00<\/strong> &gt; <strong>20<\/strong>h<strong>00<\/strong><\/span>[\/vc_column_text][\/vc_column_inner][vc_column_inner width=\u00a0\u00bb1\/3&Prime;][ultimate_icon_list icon_size=\u00a0\u00bb25&Prime; css_icon_list=\u00a0\u00bb.vc_custom_1479402903498{margin-bottom: 0px !important;}\u00a0\u00bb][ultimate_icon_list_item icon_type=\u00a0\u00bbcustom\u00a0\u00bb icon_img=\u00a0\u00bbid^9574|url^http:\/\/therhinoresort.com\/wp-content\/uploads\/picto_size.png|caption^null|alt^null|title^picto_size|description^null\u00a0\u00bb]<span style=\"color: #333333; font-size: medium;\">DIMENSIONS<\/span>[\/ultimate_icon_list_item][\/ultimate_icon_list][vc_column_text]<span style=\"color: #808080;\">\u00b7 <strong>Superficie<\/strong>: 70 m\u00b2<\/span><br \/>\n<span style=\"color: #808080;\">\u00b7 <strong>Profondeur\u00a0max.<\/strong> 1,00 m<\/span><br \/>\n<span style=\"color: #808080;\">\u00b7 <strong>Profondeur<\/strong><strong>\u00a0min<\/strong>. 0,10 m<\/span>[\/vc_column_text][\/vc_column_inner][vc_column_inner width=\u00a0\u00bb1\/3&Prime;][ultimate_icon_list icon_size=\u00a0\u00bb25&Prime; css_icon_list=\u00a0\u00bb.vc_custom_1479402911858{margin-bottom: 0px !important;}\u00a0\u00bb][ultimate_icon_list_item icon_type=\u00a0\u00bbcustom\u00a0\u00bb icon_img=\u00a0\u00bbid^9516|url^http:\/\/therhinoresort.com\/wp-content\/uploads\/picto_temperature.png|caption^null|alt^null|title^picto_temperature|description^null\u00a0\u00bb]<span style=\"color: #333333; font-size: medium;\">CARACT\u00c9RISTIQUES<\/span>[\/ultimate_icon_list_item][\/ultimate_icon_list][vc_column_text]<span style=\"color: #808080;\">\u00b7 Systeme d&rsquo;\u00e9lectrolyse<\/span><br \/>\n<span style=\"color: #808080;\">\u00b7 <strong>Climatization<\/strong><strong>\u00a0<\/strong>: Non<\/span>[\/vc_column_text][\/vc_column_inner][\/vc_row_inner][\/vc_tta_section][vc_tta_section title=\u00a0\u00bbSquare Pool\u00a0\u00bb tab_id=\u00a0\u00bb1475855471565-81edacea-364e6e4b-9e05&Prime;][vc_single_image image=\u00a0\u00bb9673&Prime; img_size=\u00a0\u00bblarge\u00a0\u00bb][vc_separator border_width=\u00a0\u00bb4&Prime;][vc_column_text]La Square Pool est disponible pour les clients de l&rsquo;h\u00f4tel de tous \u00e2ges. Notre h\u00f4tel dispose d&rsquo;une superbe piscine de 112 m\u00b2 situ\u00e9e en plein centre de l&rsquo;h\u00f4tel et offre\u00a0un design innovateur et contemporain.<br \/>\nSitu\u00e9e au c\u0153ur d\u2019un espace naturel et loin de toute agitation. Prenez le temps de vous arr\u00eater et de savourer ces moments de calme au bord de l\u2019eau. Cette piscine rafra\u00eechissante est entour\u00e9e par un jardin de palmiers et dattiers, avec un m\u00e9lange de d\u00e9cor naturel. La piscine dispose de chaises longues avec serviettes, parasols et d\u2019un service bar. Notre personnel est pr\u00e9sent \u00e0 tous les moments, afin que le moindre de vos d\u00e9sirs puisse \u00eatre satisfait.[\/vc_column_text][vc_empty_space height=\u00a0\u00bb20px\u00a0\u00bb][vc_separator style=\u00a0\u00bbshadow\u00a0\u00bb border_width=\u00a0\u00bb4&Prime;][vc_row_inner][vc_column_inner width=\u00a0\u00bb1\/3&Prime;][ultimate_icon_list icon_size=\u00a0\u00bb25&Prime; css_icon_list=\u00a0\u00bb.vc_custom_1479402894722{margin-bottom: 0px !important;}\u00a0\u00bb][ultimate_icon_list_item icon_type=\u00a0\u00bbcustom\u00a0\u00bb icon_img=\u00a0\u00bbid^10308|url^http:\/\/therhinoresort.com\/wp-content\/uploads\/picto_open_hours.png|caption^null|alt^null|title^picto_open_hours|description^null\u00a0\u00bb]<span style=\"color: #333333; font-size: medium;\">HORAIRE<\/span>[\/ultimate_icon_list_item][\/ultimate_icon_list][vc_column_text]<span style=\"color: #808080; font-size: medium;\"><strong>09<\/strong>h<strong>00<\/strong> &gt; <strong>20<\/strong>h<strong>00<\/strong><\/span>[\/vc_column_text][\/vc_column_inner][vc_column_inner width=\u00a0\u00bb1\/3&Prime;][ultimate_icon_list icon_size=\u00a0\u00bb25&Prime; css_icon_list=\u00a0\u00bb.vc_custom_1479402903498{margin-bottom: 0px !important;}\u00a0\u00bb][ultimate_icon_list_item icon_type=\u00a0\u00bbcustom\u00a0\u00bb icon_img=\u00a0\u00bbid^9574|url^http:\/\/therhinoresort.com\/wp-content\/uploads\/picto_size.png|caption^null|alt^null|title^picto_size|description^null\u00a0\u00bb]<span style=\"color: #333333; font-size: medium;\">DIMENSIONS<\/span>[\/ultimate_icon_list_item][\/ultimate_icon_list][vc_column_text]<span style=\"color: #808080;\">\u00b7 <strong>Superficie<\/strong>: 112 m\u00b2<\/span><br \/>\n<span style=\"color: #808080;\">\u00b7 <strong>Profundeur max.<\/strong> 1,60 m<\/span><br \/>\n<span style=\"color: #808080;\">\u00b7 <strong>Profundeur\u00a0min<\/strong>. 0,60 m<\/span>[\/vc_column_text][\/vc_column_inner][vc_column_inner width=\u00a0\u00bb1\/3&Prime;][ultimate_icon_list icon_size=\u00a0\u00bb25&Prime; css_icon_list=\u00a0\u00bb.vc_custom_1479402911858{margin-bottom: 0px !important;}\u00a0\u00bb][ultimate_icon_list_item icon_type=\u00a0\u00bbcustom\u00a0\u00bb icon_img=\u00a0\u00bbid^9516|url^http:\/\/therhinoresort.com\/wp-content\/uploads\/picto_temperature.png|caption^null|alt^null|title^picto_temperature|description^null\u00a0\u00bb]<span style=\"color: #333333; font-size: medium;\">CARACT\u00c9RISTIQUES<\/span>[\/ultimate_icon_list_item][\/ultimate_icon_list][vc_column_text]<span style=\"color: #808080;\">\u00b7 <strong>Eau sal\u00e9e<\/strong>\u00a0:\u00a0Non<\/span><br \/>\n<span style=\"color: #808080;\">\u00b7 <strong>Climatization<\/strong><strong>\u00a0<\/strong>: Non<\/span><\/p>\n<p>[\/vc_column_text][\/vc_column_inner][\/vc_row_inner][\/vc_tta_section][\/vc_tta_tabs][vc_empty_space height=\u00a0\u00bb20px\u00a0\u00bb][\/vc_column][vc_column width=\u00a0\u00bb1\/3&Prime;][vc_wp_custommenu nav_menu=\u00a0\u00bb11&Prime;][vc_single_image image=\u00a0\u00bb9529&Prime; img_size=\u00a0\u00bb50&#215;50&Prime; onclick=\u00a0\u00bbcustom_link\u00a0\u00bb link=\u00a0\u00bbhttp:\/\/www.http:\/\/therhinoresort.com\/amenities\u00a0\u00bb][vc_empty_space height=\u00a0\u00bb20px\u00a0\u00bb][vc_column_text]Des lieux de fra\u00eecheur et de tranquillit\u00e9 faits pour vous offrir un confort langoureux.[\/vc_column_text][\/vc_column][\/vc_row][vc_row][vc_column][vc_empty_space][rev_slider_vc alias=\u00a0\u00bbrhino_sections_slider\u00a0\u00bb][\/vc_column][\/vc_row]<\/p>","protected":false},"excerpt":{"rendered":"<p>[vc_row][vc_column][vc_single_image image=\u00a0\u00bb10117&Prime; img_size=\u00a0\u00bbfull\u00a0\u00bb][vc_empty_space height=\u00a0\u00bb20px\u00a0\u00bb][\/vc_column][\/vc_row][vc_row][vc_column width=\u00a0\u00bb2\/3&Prime;][vc_tta_tabs color=\u00a0\u00bbwhite\u00a0\u00bb active_section=\u00a0\u00bb1&Prime;][vc_tta_section title=\u00a0\u00bbBlue Lagoon\u00a0\u00bb tab_id=\u00a0\u00bb1475854113045-dfed5ec7-0c416e4b-9e05&Prime;][vc_single_image image=\u00a0\u00bb9672&Prime; img_size=\u00a0\u00bblarge\u00a0\u00bb][vc_separator border_width=\u00a0\u00bb4&Prime;][vc_column_text]Pour s\u2019\u00e9vader, elle se fond dans un paysage v\u00e9g\u00e9tal. Avec des lignes \u00e9pur\u00e9es, des courbes sensuelles. Au fond, des ombres s\u2019y dessinent. Nous l\u2019avons voulue sereine pour que vous y trouviez le repos. Des lits balinais sont install\u00e9s comme sur le pont d\u2019un navire voguant vers la pl\u00e9nitude. Non surveill\u00e9e pour go\u00fbter \u00e0 la libert\u00e9.[\/vc_column_text][vc_empty_space height=\u00a0\u00bb20px\u00a0\u00bb][vc_separator style=\u00a0\u00bbshadow\u00a0\u00bb border_width=\u00a0\u00bb4&Prime;][vc_row_inner][vc_column_inner width=\u00a0\u00bb1\/3&Prime;][ultimate_icon_list icon_size=\u00a0\u00bb25&Prime; css_icon_list=\u00a0\u00bb.vc_custom_1479402894722{margin-bottom: 0px !important;}\u00a0\u00bb][ultimate_icon_list_item icon_type=\u00a0\u00bbcustom\u00a0\u00bb icon_img=\u00a0\u00bbid^10308|url^http:\/\/therhinoresort.com\/wp-content\/uploads\/picto_open_hours.png|caption^null|alt^null|title^picto_open_hours|description^null\u00a0\u00bb]HORAIRE[\/ultimate_icon_list_item][\/ultimate_icon_list][vc_column_text]09h00 &gt; 20h00[\/vc_column_text][\/vc_column_inner][vc_column_inner width=\u00a0\u00bb1\/3&Prime;][ultimate_icon_list icon_size=\u00a0\u00bb25&Prime; css_icon_list=\u00a0\u00bb.vc_custom_1479402903498{margin-bottom: 0px !important;}\u00a0\u00bb][ultimate_icon_list_item icon_type=\u00a0\u00bbcustom\u00a0\u00bb icon_img=\u00a0\u00bbid^9574|url^http:\/\/therhinoresort.com\/wp-content\/uploads\/picto_size.png|caption^null|alt^null|title^picto_size|description^null\u00a0\u00bb]DIMENSIONS[\/ultimate_icon_list_item][\/ultimate_icon_list][vc_column_text]\u00b7 Superficie\u00a0: 375\u00a0m\u00b2 \u00b7 Profondeur\u00a0: 1,00 m[\/vc_column_text][\/vc_column_inner][vc_column_inner width=\u00a0\u00bb1\/3&Prime;][ultimate_icon_list icon_size=\u00a0\u00bb25&Prime; css_icon_list=\u00a0\u00bb.vc_custom_1479402911858{margin-bottom: 0px !important;}\u00a0\u00bb][ultimate_icon_list_item icon_type=\u00a0\u00bbcustom\u00a0\u00bb icon_img=\u00a0\u00bbid^9516|url^http:\/\/therhinoresort.com\/wp-content\/uploads\/picto_temperature.png|caption^null|alt^null|title^picto_temperature|description^null\u00a0\u00bb]CARACT\u00c9RISTIQUES[\/ultimate_icon_list_item][\/ultimate_icon_list][vc_column_text]\u00b7 Syst\u00e8me d&rsquo;\u00e9lectrolyse \u00b7 Climatization\u00a0: Non[\/vc_column_text][\/vc_column_inner][\/vc_row_inner][\/vc_tta_section][vc_tta_section title=\u00a0\u00bbBeach Pool\u00a0\u00bb tab_id=\u00a0\u00bb1475854113079-76c33306-ecf76e4b-9e05&Prime;][vc_single_image image=\u00a0\u00bb9671&Prime; img_size=\u00a0\u00bblarge\u00a0\u00bb][vc_separator border_width=\u00a0\u00bb4&Prime;][vc_column_text]The Rhino Resort est situ\u00e9 dans une station baln\u00e9aire mais pas en premi\u00e8re ligne de mer, nous avons finalement d\u00e9cid\u00e9 \u00ab\u00a0d&#8217;emmener la plage \u00e0 nous\u00a0\u00bb. La plage artificielle contient 59 tonnes de sable blanc, une piscine ouverte de 70 m\u00b2 et plusieurs palmiers. La piscine de la plage Rhino Resort propose des chaises longues, des parasols et un service bar. Cette piscine est id\u00e9ale pour les enfants d\u00fb \u00e0 sa faible profondeur.[\/vc_column_text][vc_empty_space height=\u00a0\u00bb20px\u00a0\u00bb][vc_separator style=\u00a0\u00bbshadow\u00a0\u00bb border_width=\u00a0\u00bb4&Prime;][vc_row_inner][vc_column_inner width=\u00a0\u00bb1\/3&Prime;][ultimate_icon_list icon_size=\u00a0\u00bb25&Prime; css_icon_list=\u00a0\u00bb.vc_custom_1479402894722{margin-bottom: 0px !important;}\u00a0\u00bb][ultimate_icon_list_item icon_type=\u00a0\u00bbcustom\u00a0\u00bb icon_img=\u00a0\u00bbid^10308|url^http:\/\/therhinoresort.com\/wp-content\/uploads\/picto_open_hours.png|caption^null|alt^null|title^picto_open_hours|description^null\u00a0\u00bb]HORAIRE[\/ultimate_icon_list_item][\/ultimate_icon_list][vc_column_text]09h00 &gt; 20h00[\/vc_column_text][\/vc_column_inner][vc_column_inner width=\u00a0\u00bb1\/3&Prime;][ultimate_icon_list icon_size=\u00a0\u00bb25&Prime; css_icon_list=\u00a0\u00bb.vc_custom_1479402903498{margin-bottom: 0px !important;}\u00a0\u00bb][ultimate_icon_list_item icon_type=\u00a0\u00bbcustom\u00a0\u00bb icon_img=\u00a0\u00bbid^9574|url^http:\/\/therhinoresort.com\/wp-content\/uploads\/picto_size.png|caption^null|alt^null|title^picto_size|description^null\u00a0\u00bb]DIMENSIONS[\/ultimate_icon_list_item][\/ultimate_icon_list][vc_column_text]\u00b7 Superficie: 70 m\u00b2 \u00b7 Profondeur\u00a0max. 1,00 m \u00b7 Profondeur\u00a0min. 0,10 m[\/vc_column_text][\/vc_column_inner][vc_column_inner width=\u00a0\u00bb1\/3&Prime;][ultimate_icon_list icon_size=\u00a0\u00bb25&Prime; css_icon_list=\u00a0\u00bb.vc_custom_1479402911858{margin-bottom: 0px !important;}\u00a0\u00bb][ultimate_icon_list_item icon_type=\u00a0\u00bbcustom\u00a0\u00bb icon_img=\u00a0\u00bbid^9516|url^http:\/\/therhinoresort.com\/wp-content\/uploads\/picto_temperature.png|caption^null|alt^null|title^picto_temperature|description^null\u00a0\u00bb]CARACT\u00c9RISTIQUES[\/ultimate_icon_list_item][\/ultimate_icon_list][vc_column_text]\u00b7 Systeme d&rsquo;\u00e9lectrolyse \u00b7 Climatization\u00a0: Non[\/vc_column_text][\/vc_column_inner][\/vc_row_inner][\/vc_tta_section][vc_tta_section title=\u00a0\u00bbSquare Pool\u00a0\u00bb tab_id=\u00a0\u00bb1475855471565-81edacea-364e6e4b-9e05&Prime;][vc_single_image image=\u00a0\u00bb9673&Prime; img_size=\u00a0\u00bblarge\u00a0\u00bb][vc_separator border_width=\u00a0\u00bb4&Prime;][vc_column_text]La Square Pool est disponible pour les clients de l&rsquo;h\u00f4tel de tous \u00e2ges. Notre h\u00f4tel dispose d&rsquo;une superbe piscine de 112 m\u00b2 [&hellip;]<\/p>\n","protected":false},"author":1,"featured_media":0,"parent":39,"menu_order":0,"comment_status":"closed","ping_status":"closed","template":"","meta":[],"_links":{"self":[{"href":"https:\/\/therhinoresort.com\/fr\/wp-json\/wp\/v2\/pages\/3336"}],"collection":[{"href":"https:\/\/therhinoresort.com\/fr\/wp-json\/wp\/v2\/pages"}],"about":[{"href":"https:\/\/therhinoresort.com\/fr\/wp-json\/wp\/v2\/types\/page"}],"author":[{"embeddable":true,"href":"https:\/\/therhinoresort.com\/fr\/wp-json\/wp\/v2\/users\/1"}],"replies":[{"embeddable":true,"href":"https:\/\/therhinoresort.com\/fr\/wp-json\/wp\/v2\/comments?post=3336"}],"version-history":[{"count":46,"href":"https:\/\/therhinoresort.com\/fr\/wp-json\/wp\/v2\/pages\/3336\/revisions"}],"predecessor-version":[{"id":11587,"href":"https:\/\/therhinoresort.com\/fr\/wp-json\/wp\/v2\/pages\/3336\/revisions\/11587"}],"up":[{"embeddable":true,"href":"https:\/\/therhinoresort.com\/fr\/wp-json\/wp\/v2\/pages\/39"}],"wp:attachment":[{"href":"https:\/\/therhinoresort.com\/fr\/wp-json\/wp\/v2\/media?parent=3336"}],"curies":[{"name":"wp","href":"https:\/\/api.w.org\/{rel}","templated":true}]}}