{"id":3295,"date":"2014-09-18T18:32:00","date_gmt":"2014-09-18T18:32:00","guid":{"rendered":"http:\/\/therhinoresort.com\/es\/?page_id=3295"},"modified":"2016-11-23T23:39:42","modified_gmt":"2016-11-23T23:39:42","slug":"international-hotel-awards-2012-2013","status":"publish","type":"page","link":"https:\/\/therhinoresort.com\/fr\/awards\/international-hotel-awards-2012-2013\/","title":{"rendered":"International Hotel Awards 2012-2013"},"content":{"rendered":"<p>[vc_row][vc_column][vc_single_image image=\u00a0\u00bb10163&Prime; img_size=\u00a0\u00bbfull\u00a0\u00bb][vc_empty_space height=\u00a0\u00bb20px\u00a0\u00bb][\/vc_column][\/vc_row][vc_row][vc_column width=\u00a0\u00bb2\/3&Prime;][vc_column_text]Le 4 Novembre 2013, <strong>International Hotel Awards<\/strong> a d\u00e9cern\u00e9 \u00e0 Londres \u00e0 l&rsquo;H\u00f4tel The Rhino Resort Hotel &amp; Spa\u00a0<strong>5\u00a0prix<\/strong> :[\/vc_column_text][vc_empty_space height=\u00a0\u00bb20px\u00a0\u00bb][vc_row_inner][vc_column_inner width=\u00a0\u00bb1\/6&Prime;][vc_column_text]<\/p>\n<h5 style=\"text-align: center;\"><span style=\"color: #808080;\">Meilleur H\u00f4tel Spa du Monde<\/span><\/h5>\n<p>[\/vc_column_text][\/vc_column_inner][vc_column_inner width=\u00a0\u00bb1\/6&Prime;][\/vc_column_inner][vc_column_inner width=\u00a0\u00bb1\/6&Prime;][vc_column_text]<\/p>\n<h5 style=\"text-align: center;\"><span style=\"color: #808080;\">Meilleur H\u00f4tel Spa d&rsquo;Afrique<\/span><\/h5>\n<p>[\/vc_column_text][\/vc_column_inner][vc_column_inner width=\u00a0\u00bb1\/6&Prime;][vc_column_text]<\/p>\n<h5 style=\"text-align: center;\"><span style=\"color: #808080;\">Meilleur Petit H\u00f4tel d&rsquo;Afrique<\/span><\/h5>\n<p>[\/vc_column_text][\/vc_column_inner][vc_column_inner width=\u00a0\u00bb1\/6&Prime;][vc_column_text]<\/p>\n<h5 style=\"text-align: center;\"><span style=\"color: #808080;\">Meilleur H\u00f4tel Spa du S\u00e9n\u00e9gal<\/span><\/h5>\n<p>[\/vc_column_text][\/vc_column_inner][vc_column_inner width=\u00a0\u00bb1\/6&Prime;][vc_column_text]<\/p>\n<h5 style=\"text-align: center;\"><span style=\"color: #808080;\">Meilleur Petit H\u00f4tel du S\u00e9n\u00e9gal<\/span><\/h5>\n<p>[\/vc_column_text][\/vc_column_inner][\/vc_row_inner][vc_row_inner][vc_column_inner width=\u00a0\u00bb1\/6&Prime;][vc_separator border_width=\u00a0\u00bb4&Prime;][vc_single_image image=\u00a0\u00bb11484&Prime; img_size=\u00a0\u00bb70&#215;250&Prime; alignment=\u00a0\u00bbcenter\u00a0\u00bb][\/vc_column_inner][vc_column_inner width=\u00a0\u00bb1\/6&Prime;][\/vc_column_inner][vc_column_inner width=\u00a0\u00bb1\/6&Prime;][vc_separator border_width=\u00a0\u00bb4&Prime;][vc_single_image image=\u00a0\u00bb11487&Prime; img_size=\u00a0\u00bb70&#215;250&Prime; alignment=\u00a0\u00bbcenter\u00a0\u00bb][\/vc_column_inner][vc_column_inner width=\u00a0\u00bb1\/6&Prime;][vc_separator border_width=\u00a0\u00bb4&Prime;][vc_single_image image=\u00a0\u00bb11485&Prime; img_size=\u00a0\u00bb70&#215;250&Prime; alignment=\u00a0\u00bbcenter\u00a0\u00bb][\/vc_column_inner][vc_column_inner width=\u00a0\u00bb1\/6&Prime;][vc_separator border_width=\u00a0\u00bb4&Prime;][vc_single_image image=\u00a0\u00bb11488&Prime; img_size=\u00a0\u00bb70&#215;250&Prime; alignment=\u00a0\u00bbcenter\u00a0\u00bb][\/vc_column_inner][vc_column_inner width=\u00a0\u00bb1\/6&Prime;][vc_separator border_width=\u00a0\u00bb4&Prime;][vc_single_image image=\u00a0\u00bb11486&Prime; img_size=\u00a0\u00bb70&#215;250&Prime; alignment=\u00a0\u00bbcenter\u00a0\u00bb][\/vc_column_inner][\/vc_row_inner][vc_empty_space height=\u00a0\u00bb20px\u00a0\u00bb][\/vc_column][vc_column width=\u00a0\u00bb1\/3&Prime;][vc_wp_custommenu nav_menu=\u00a0\u00bb15&Prime;][vc_single_image image=\u00a0\u00bb9530&Prime; img_size=\u00a0\u00bb50&#215;50&Prime; onclick=\u00a0\u00bbcustom_link\u00a0\u00bb link=\u00a0\u00bbhttp:\/\/www.therhinoresort.com\/awards\u00a0\u00bb][\/vc_column][\/vc_row][vc_row][vc_column][vc_empty_space][rev_slider_vc alias=\u00a0\u00bbrhino_sections_slider\u00a0\u00bb][\/vc_column][\/vc_row]<\/p>","protected":false},"excerpt":{"rendered":"<p>[vc_row][vc_column][vc_single_image image=\u00a0\u00bb10163&Prime; img_size=\u00a0\u00bbfull\u00a0\u00bb][vc_empty_space height=\u00a0\u00bb20px\u00a0\u00bb][\/vc_column][\/vc_row][vc_row][vc_column width=\u00a0\u00bb2\/3&Prime;][vc_column_text]Le 4 Novembre 2013, International Hotel Awards a d\u00e9cern\u00e9 \u00e0 Londres \u00e0 l&rsquo;H\u00f4tel The Rhino Resort Hotel &amp; Spa\u00a05\u00a0prix :[\/vc_column_text][vc_empty_space height=\u00a0\u00bb20px\u00a0\u00bb][vc_row_inner][vc_column_inner width=\u00a0\u00bb1\/6&Prime;][vc_column_text] Meilleur H\u00f4tel Spa du Monde [\/vc_column_text][\/vc_column_inner][vc_column_inner width=\u00a0\u00bb1\/6&Prime;][\/vc_column_inner][vc_column_inner width=\u00a0\u00bb1\/6&Prime;][vc_column_text] Meilleur H\u00f4tel Spa d&rsquo;Afrique [\/vc_column_text][\/vc_column_inner][vc_column_inner width=\u00a0\u00bb1\/6&Prime;][vc_column_text] Meilleur Petit H\u00f4tel d&rsquo;Afrique [\/vc_column_text][\/vc_column_inner][vc_column_inner width=\u00a0\u00bb1\/6&Prime;][vc_column_text] Meilleur H\u00f4tel Spa du S\u00e9n\u00e9gal [\/vc_column_text][\/vc_column_inner][vc_column_inner width=\u00a0\u00bb1\/6&Prime;][vc_column_text] Meilleur Petit H\u00f4tel du S\u00e9n\u00e9gal [\/vc_column_text][\/vc_column_inner][\/vc_row_inner][vc_row_inner][vc_column_inner width=\u00a0\u00bb1\/6&Prime;][vc_separator border_width=\u00a0\u00bb4&Prime;][vc_single_image image=\u00a0\u00bb11484&Prime; img_size=\u00a0\u00bb70&#215;250&Prime; alignment=\u00a0\u00bbcenter\u00a0\u00bb][\/vc_column_inner][vc_column_inner width=\u00a0\u00bb1\/6&Prime;][\/vc_column_inner][vc_column_inner width=\u00a0\u00bb1\/6&Prime;][vc_separator border_width=\u00a0\u00bb4&Prime;][vc_single_image image=\u00a0\u00bb11487&Prime; img_size=\u00a0\u00bb70&#215;250&Prime; alignment=\u00a0\u00bbcenter\u00a0\u00bb][\/vc_column_inner][vc_column_inner width=\u00a0\u00bb1\/6&Prime;][vc_separator border_width=\u00a0\u00bb4&Prime;][vc_single_image image=\u00a0\u00bb11485&Prime; img_size=\u00a0\u00bb70&#215;250&Prime; alignment=\u00a0\u00bbcenter\u00a0\u00bb][\/vc_column_inner][vc_column_inner width=\u00a0\u00bb1\/6&Prime;][vc_separator border_width=\u00a0\u00bb4&Prime;][vc_single_image image=\u00a0\u00bb11488&Prime; img_size=\u00a0\u00bb70&#215;250&Prime; alignment=\u00a0\u00bbcenter\u00a0\u00bb][\/vc_column_inner][vc_column_inner width=\u00a0\u00bb1\/6&Prime;][vc_separator border_width=\u00a0\u00bb4&Prime;][vc_single_image image=\u00a0\u00bb11486&Prime; img_size=\u00a0\u00bb70&#215;250&Prime; alignment=\u00a0\u00bbcenter\u00a0\u00bb][\/vc_column_inner][\/vc_row_inner][vc_empty_space height=\u00a0\u00bb20px\u00a0\u00bb][\/vc_column][vc_column width=\u00a0\u00bb1\/3&Prime;][vc_wp_custommenu nav_menu=\u00a0\u00bb15&Prime;][vc_single_image image=\u00a0\u00bb9530&Prime; img_size=\u00a0\u00bb50&#215;50&Prime; onclick=\u00a0\u00bbcustom_link\u00a0\u00bb link=\u00a0\u00bbhttp:\/\/www.therhinoresort.com\/awards\u00a0\u00bb][\/vc_column][\/vc_row][vc_row][vc_column][vc_empty_space][rev_slider_vc alias=\u00a0\u00bbrhino_sections_slider\u00a0\u00bb][\/vc_column][\/vc_row]<\/p>\n","protected":false},"author":1,"featured_media":0,"parent":704,"menu_order":0,"comment_status":"closed","ping_status":"closed","template":"","meta":[],"_links":{"self":[{"href":"https:\/\/therhinoresort.com\/fr\/wp-json\/wp\/v2\/pages\/3295"}],"collection":[{"href":"https:\/\/therhinoresort.com\/fr\/wp-json\/wp\/v2\/pages"}],"about":[{"href":"https:\/\/therhinoresort.com\/fr\/wp-json\/wp\/v2\/types\/page"}],"author":[{"embeddable":true,"href":"https:\/\/therhinoresort.com\/fr\/wp-json\/wp\/v2\/users\/1"}],"replies":[{"embeddable":true,"href":"https:\/\/therhinoresort.com\/fr\/wp-json\/wp\/v2\/comments?post=3295"}],"version-history":[{"count":22,"href":"https:\/\/therhinoresort.com\/fr\/wp-json\/wp\/v2\/pages\/3295\/revisions"}],"predecessor-version":[{"id":11635,"href":"https:\/\/therhinoresort.com\/fr\/wp-json\/wp\/v2\/pages\/3295\/revisions\/11635"}],"up":[{"embeddable":true,"href":"https:\/\/therhinoresort.com\/fr\/wp-json\/wp\/v2\/pages\/704"}],"wp:attachment":[{"href":"https:\/\/therhinoresort.com\/fr\/wp-json\/wp\/v2\/media?parent=3295"}],"curies":[{"name":"wp","href":"https:\/\/api.w.org\/{rel}","templated":true}]}}