{"id":215,"date":"2012-12-21T16:43:36","date_gmt":"2012-12-21T16:43:36","guid":{"rendered":"http:\/\/therhinoresort.com\/new\/?page_id=215&#038;lang=es"},"modified":"2016-11-24T01:41:29","modified_gmt":"2016-11-24T01:41:29","slug":"data-of-interest","status":"publish","type":"page","link":"https:\/\/therhinoresort.com\/fr\/info\/donnees-dinteret\/","title":{"rendered":"Donn\u00e9es d&rsquo;Int\u00e9r\u00eat"},"content":{"rendered":"<p>[vc_row][vc_column][vc_single_image image=\u00a0\u00bb10109&Prime; img_size=\u00a0\u00bbfull\u00a0\u00bb][vc_empty_space height=\u00a0\u00bb20px\u00a0\u00bb][\/vc_column][\/vc_row][vc_row][vc_column width=\u00a0\u00bb2\/3&Prime;][vc_row_inner][vc_column_inner width=\u00a0\u00bb1\/2&Prime;][vc_single_image image=\u00a0\u00bb9511&Prime; img_size=\u00a0\u00bb25&#215;25&Prime;][vc_column_text]<\/p>\n<h4>VISAS<\/h4>\n<p>[\/vc_column_text][vc_separator border_width=\u00a0\u00bb2&Prime;][vc_column_text]Pour les ressortissants des autres pays, il faut pr\u00e9senter un passeport en cours de validit\u00e9 ou une carte d\u2019identit\u00e9 nationale en cours de validit\u00e9 pour les ressortissants de la CEDEAO.<\/p>\n<p>Tout passager soumis au visa d\u2019entr\u00e9e au S\u00e9n\u00e9gal, qui pour diverses raisons, n\u2019est pas en mesure de se pr\u00e9-enr\u00f4ler ou s\u2019enr\u00f4ler dans une ambassade ou un consulat s\u00e9n\u00e9galais ou en ligne (www.visasenegal.sn)peut embarquer sans pr\u00e9-visa, et de se faire d\u00e9livrer un visa biom\u00e9trique dans les a\u00e9roports (L\u00e9opold S\u00e9dar Senghor, Cap Skirring) ou au niveau des postes de contr\u00f4le terrestres.<\/p>\n<p>[\/vc_column_text][\/vc_column_inner][vc_column_inner width=\u00a0\u00bb1\/2&Prime;][vc_single_image image=\u00a0\u00bb9511&Prime; img_size=\u00a0\u00bb25&#215;25&Prime;][vc_column_text]<\/p>\n<h4>VACCINS<\/h4>\n<p>[\/vc_column_text][vc_separator border_width=\u00a0\u00bb2&Prime;][vc_column_text]<strong>VaccinsL&rsquo;OMS a officiellement d\u00e9clar\u00e9e l&rsquo;\u00e9pid\u00e9mie \u00e0 virus Ebola comme termin\u00e9e le 17 octobre 2014. Au total, 1 seul cas confirm\u00e9 avait \u00e9t\u00e9 rapport\u00e9 dans le pays.<\/strong><\/p>\n<p><strong>Vaccination fi\u00e8vre jaune:<\/strong><br \/>\nNon obligatoire si vous venez d&rsquo;Europe, d&rsquo;Am\u00e9rique du Nord, d&rsquo;Oc\u00e9anie ou d&rsquo;Asie[\/vc_column_text][\/vc_column_inner][\/vc_row_inner][vc_empty_space height=\u00a0\u00bb20px\u00a0\u00bb][vc_row_inner][vc_column_inner width=\u00a0\u00bb1\/4&Prime;][vc_single_image image=\u00a0\u00bb10927&Prime; img_size=\u00a0\u00bb25&#215;25&Prime; alignment=\u00a0\u00bbcenter\u00a0\u00bb][vc_text_separator title=\u00a0\u00bbMonnaie\u00a0\u00bb][vc_column_text]<span style=\"color: #808080;\"><strong>Franc CFA.<\/strong><\/span><\/p>\n<p><span style=\"color: #808080;\">1 \u20ac = 655,8 francs CFA<\/span><br \/>\n<span style=\"color: #808080;\">1 $ = valeur variable<\/span><\/p>\n<p>[\/vc_column_text][\/vc_column_inner][vc_column_inner width=\u00a0\u00bb1\/4&Prime;][vc_single_image image=\u00a0\u00bb10308&Prime; img_size=\u00a0\u00bb25&#215;25&Prime; alignment=\u00a0\u00bbcenter\u00a0\u00bb][vc_text_separator title=\u00a0\u00bbZone Horaire\u00a0\u00bb][vc_column_text]<span style=\"color: #808080;\">UTC\/GMT +0<\/span>[\/vc_column_text][\/vc_column_inner][vc_column_inner width=\u00a0\u00bb1\/4&Prime;][vc_single_image image=\u00a0\u00bb9516&Prime; img_size=\u00a0\u00bb25&#215;25&Prime; alignment=\u00a0\u00bbcenter\u00a0\u00bb][vc_text_separator title=\u00a0\u00bbTemp\u00e9rature\u00a0\u00bb][vc_column_text]<span style=\"color: #808080;\">Son climat est tropical, chaud et humide.<\/span><\/p>\n<p><span style=\"color: #808080;\">Temp\u00e9ratures variant entre 18 \u00ba C et 32 \u00b0 C.<\/span>[\/vc_column_text][\/vc_column_inner][vc_column_inner width=\u00a0\u00bb1\/4&Prime;][vc_single_image image=\u00a0\u00bb9506&Prime; img_size=\u00a0\u00bb25&#215;25&Prime; alignment=\u00a0\u00bbcenter\u00a0\u00bb][vc_text_separator title=\u00a0\u00bbLanguages\u00a0\u00bb][vc_column_text]<span style=\"color: #808080;\">Les langues officielles sont le fran\u00e7ais et le wolof.<\/span><\/p>\n<h1><\/h1>\n<p>[\/vc_column_text][\/vc_column_inner][\/vc_row_inner][vc_empty_space height=\u00a0\u00bb20px\u00a0\u00bb][vc_text_separator title=\u00a0\u00bbJours F\u00e9ri\u00e9s\u00a0\u00bb][vc_row_inner][vc_column_inner width=\u00a0\u00bb1\/3&Prime;][vc_column_text]<\/p>\n<p style=\"text-align: center;\"><strong><span style=\"color: #808080;\">1 janvier<\/span><\/strong><\/p>\n<p style=\"text-align: center;\"><span style=\"color: #808080;\">Nouvel An<\/span><\/p>\n<p>[\/vc_column_text][\/vc_column_inner][vc_column_inner width=\u00a0\u00bb1\/3&Prime;][vc_column_text]<\/p>\n<p style=\"text-align: center;\"><span style=\"color: #808080;\"><strong>4 avril<\/strong><\/span><\/p>\n<p style=\"text-align: center;\"><span style=\"color: #808080;\">Jour de l&rsquo;Ind\u00e9pendance<\/span><\/p>\n<p>[\/vc_column_text][\/vc_column_inner][vc_column_inner width=\u00a0\u00bb1\/3&Prime;][vc_column_text]<\/p>\n<p style=\"text-align: center;\"><span style=\"color: #808080;\"><strong>1er mai<\/strong><\/span><\/p>\n<p style=\"text-align: center;\"><span style=\"color: #808080;\">F\u00eate du Travail<\/span><\/p>\n<p>[\/vc_column_text][\/vc_column_inner][\/vc_row_inner][vc_empty_space height=\u00a0\u00bb20px\u00a0\u00bb][\/vc_column][vc_column width=\u00a0\u00bb1\/3&Prime;][vc_wp_custommenu nav_menu=\u00a0\u00bb18&Prime;][vc_single_image image=\u00a0\u00bb9533&Prime; img_size=\u00a0\u00bb50&#215;50&Prime; onclick=\u00a0\u00bbcustom_link\u00a0\u00bb link=\u00a0\u00bbhttp:\/\/www.therhinoresort.com\/info\u00a0\u00bb][\/vc_column][\/vc_row][vc_row][vc_column][vc_empty_space][rev_slider_vc alias=\u00a0\u00bbrhino_sections_slider\u00a0\u00bb][\/vc_column][\/vc_row]<\/p>","protected":false},"excerpt":{"rendered":"<p>[vc_row][vc_column][vc_single_image image=\u00a0\u00bb10109&Prime; img_size=\u00a0\u00bbfull\u00a0\u00bb][vc_empty_space height=\u00a0\u00bb20px\u00a0\u00bb][\/vc_column][\/vc_row][vc_row][vc_column width=\u00a0\u00bb2\/3&Prime;][vc_row_inner][vc_column_inner width=\u00a0\u00bb1\/2&Prime;][vc_single_image image=\u00a0\u00bb9511&Prime; img_size=\u00a0\u00bb25&#215;25&Prime;][vc_column_text] VISAS [\/vc_column_text][vc_separator border_width=\u00a0\u00bb2&Prime;][vc_column_text]Pour les ressortissants des autres pays, il faut pr\u00e9senter un passeport en cours de validit\u00e9 ou une carte d\u2019identit\u00e9 nationale en cours de validit\u00e9 pour les ressortissants de la CEDEAO. Tout passager soumis au visa d\u2019entr\u00e9e au S\u00e9n\u00e9gal, qui pour diverses raisons, n\u2019est pas en mesure de se pr\u00e9-enr\u00f4ler ou s\u2019enr\u00f4ler dans une ambassade ou un consulat s\u00e9n\u00e9galais ou en ligne (www.visasenegal.sn)peut embarquer sans pr\u00e9-visa, et de se faire d\u00e9livrer un visa biom\u00e9trique dans les a\u00e9roports (L\u00e9opold S\u00e9dar Senghor, Cap Skirring) ou au niveau des postes de contr\u00f4le terrestres. [\/vc_column_text][\/vc_column_inner][vc_column_inner width=\u00a0\u00bb1\/2&Prime;][vc_single_image image=\u00a0\u00bb9511&Prime; img_size=\u00a0\u00bb25&#215;25&Prime;][vc_column_text] VACCINS [\/vc_column_text][vc_separator border_width=\u00a0\u00bb2&Prime;][vc_column_text]VaccinsL&rsquo;OMS a officiellement d\u00e9clar\u00e9e l&rsquo;\u00e9pid\u00e9mie \u00e0 virus Ebola comme termin\u00e9e le 17 octobre 2014. Au total, 1 seul cas confirm\u00e9 avait \u00e9t\u00e9 rapport\u00e9 dans le pays. Vaccination fi\u00e8vre jaune: Non obligatoire si vous venez d&rsquo;Europe, d&rsquo;Am\u00e9rique du Nord, d&rsquo;Oc\u00e9anie ou d&rsquo;Asie[\/vc_column_text][\/vc_column_inner][\/vc_row_inner][vc_empty_space height=\u00a0\u00bb20px\u00a0\u00bb][vc_row_inner][vc_column_inner width=\u00a0\u00bb1\/4&Prime;][vc_single_image image=\u00a0\u00bb10927&Prime; img_size=\u00a0\u00bb25&#215;25&Prime; alignment=\u00a0\u00bbcenter\u00a0\u00bb][vc_text_separator title=\u00a0\u00bbMonnaie\u00a0\u00bb][vc_column_text]Franc CFA. 1 \u20ac = 655,8 francs CFA 1 $ = valeur variable [\/vc_column_text][\/vc_column_inner][vc_column_inner width=\u00a0\u00bb1\/4&Prime;][vc_single_image image=\u00a0\u00bb10308&Prime; img_size=\u00a0\u00bb25&#215;25&Prime; alignment=\u00a0\u00bbcenter\u00a0\u00bb][vc_text_separator title=\u00a0\u00bbZone Horaire\u00a0\u00bb][vc_column_text]UTC\/GMT +0[\/vc_column_text][\/vc_column_inner][vc_column_inner width=\u00a0\u00bb1\/4&Prime;][vc_single_image image=\u00a0\u00bb9516&Prime; img_size=\u00a0\u00bb25&#215;25&Prime; alignment=\u00a0\u00bbcenter\u00a0\u00bb][vc_text_separator title=\u00a0\u00bbTemp\u00e9rature\u00a0\u00bb][vc_column_text]Son climat est tropical, chaud et humide. Temp\u00e9ratures variant entre 18 \u00ba C et 32 \u00b0 C.[\/vc_column_text][\/vc_column_inner][vc_column_inner width=\u00a0\u00bb1\/4&Prime;][vc_single_image image=\u00a0\u00bb9506&Prime; img_size=\u00a0\u00bb25&#215;25&Prime; alignment=\u00a0\u00bbcenter\u00a0\u00bb][vc_text_separator title=\u00a0\u00bbLanguages\u00a0\u00bb][vc_column_text]Les langues officielles sont le fran\u00e7ais et le wolof. [\/vc_column_text][\/vc_column_inner][\/vc_row_inner][vc_empty_space height=\u00a0\u00bb20px\u00a0\u00bb][vc_text_separator title=\u00a0\u00bbJours F\u00e9ri\u00e9s\u00a0\u00bb][vc_row_inner][vc_column_inner width=\u00a0\u00bb1\/3&Prime;][vc_column_text] 1 janvier Nouvel An [\/vc_column_text][\/vc_column_inner][vc_column_inner width=\u00a0\u00bb1\/3&Prime;][vc_column_text] 4 avril Jour de l&rsquo;Ind\u00e9pendance [\/vc_column_text][\/vc_column_inner][vc_column_inner width=\u00a0\u00bb1\/3&Prime;][vc_column_text] 1er mai F\u00eate du Travail [\/vc_column_text][\/vc_column_inner][\/vc_row_inner][vc_empty_space height=\u00a0\u00bb20px\u00a0\u00bb][\/vc_column][vc_column width=\u00a0\u00bb1\/3&Prime;][vc_wp_custommenu nav_menu=\u00a0\u00bb18&Prime;][vc_single_image image=\u00a0\u00bb9533&Prime; img_size=\u00a0\u00bb50&#215;50&Prime; onclick=\u00a0\u00bbcustom_link\u00a0\u00bb link=\u00a0\u00bbhttp:\/\/www.therhinoresort.com\/info\u00a0\u00bb][\/vc_column][\/vc_row][vc_row][vc_column][vc_empty_space][rev_slider_vc alias=\u00a0\u00bbrhino_sections_slider\u00a0\u00bb][\/vc_column][\/vc_row]<\/p>\n","protected":false},"author":1,"featured_media":0,"parent":3258,"menu_order":2,"comment_status":"closed","ping_status":"closed","template":"","meta":[],"_links":{"self":[{"href":"https:\/\/therhinoresort.com\/fr\/wp-json\/wp\/v2\/pages\/215"}],"collection":[{"href":"https:\/\/therhinoresort.com\/fr\/wp-json\/wp\/v2\/pages"}],"about":[{"href":"https:\/\/therhinoresort.com\/fr\/wp-json\/wp\/v2\/types\/page"}],"author":[{"embeddable":true,"href":"https:\/\/therhinoresort.com\/fr\/wp-json\/wp\/v2\/users\/1"}],"replies":[{"embeddable":true,"href":"https:\/\/therhinoresort.com\/fr\/wp-json\/wp\/v2\/comments?post=215"}],"version-history":[{"count":10,"href":"https:\/\/therhinoresort.com\/fr\/wp-json\/wp\/v2\/pages\/215\/revisions"}],"predecessor-version":[{"id":11697,"href":"https:\/\/therhinoresort.com\/fr\/wp-json\/wp\/v2\/pages\/215\/revisions\/11697"}],"up":[{"embeddable":true,"href":"https:\/\/therhinoresort.com\/fr\/wp-json\/wp\/v2\/pages\/3258"}],"wp:attachment":[{"href":"https:\/\/therhinoresort.com\/fr\/wp-json\/wp\/v2\/media?parent=215"}],"curies":[{"name":"wp","href":"https:\/\/api.w.org\/{rel}","templated":true}]}}