{"id":213,"date":"2012-12-21T16:42:41","date_gmt":"2012-12-21T16:42:41","guid":{"rendered":"http:\/\/therhinoresort.com\/new\/?page_id=213&#038;lang=es"},"modified":"2019-03-18T14:03:44","modified_gmt":"2019-03-18T14:03:44","slug":"activities","status":"publish","type":"page","link":"https:\/\/therhinoresort.com\/fr\/activites\/","title":{"rendered":"Activit\u00e9s"},"content":{"rendered":"<p>[vc_row][vc_column][vc_single_image image=\u00a0\u00bb10114&Prime; img_size=\u00a0\u00bbfull\u00a0\u00bb alignment=\u00a0\u00bbcenter\u00a0\u00bb][vc_empty_space height=\u00a0\u00bb20px\u00a0\u00bb][\/vc_column][\/vc_row][vc_row][vc_column][vc_column_text]<span style=\"color: #808080;\">Plusieurs balades sont \u00e9galement possibles au d\u00e9part de notre h\u00f4tel en quad, buggy ou 4 x 4. De nombreuses r\u00e9serves naturelles, villages de p\u00eacheurs, folklore des march\u00e9s, vestiges de l&rsquo;\u00e9poque coloniale \u2026 paysages insolites qui dictent leurs lois \u00e0 l&rsquo;homme et s&rsquo;imposent comme seuls ma\u00eetres des lieux&#8230; Nature et d\u00e9couverte, les choix sont multiples.<\/span>[\/vc_column_text][vc_empty_space height=\u00a0\u00bb30px\u00a0\u00bb][\/vc_column][\/vc_row][vc_row][vc_column][vc_row_inner][vc_column_inner width=\u00a0\u00bb1\/4&Prime;][vc_custom_heading text=\u00a0\u00bbGolf\u00a0\u00bb font_container=\u00a0\u00bbtag:h4|text_align:center|color:%23808080&Prime; use_theme_fonts=\u00a0\u00bbyes\u00a0\u00bb css_animation=\u00a0\u00bbbounceInDown\u00a0\u00bb][vc_single_image image=\u00a0\u00bb9524&Prime; img_size=\u00a0\u00bb50x50px\u00a0\u00bb alignment=\u00a0\u00bbcenter\u00a0\u00bb css_animation=\u00a0\u00bbbounceInDown\u00a0\u00bb][\/vc_column_inner][vc_column_inner width=\u00a0\u00bb1\/4&Prime;][vc_custom_heading text=\u00a0\u00bbMoteur\u00a0\u00bb font_container=\u00a0\u00bbtag:h4|text_align:center|color:%23808080&Prime; use_theme_fonts=\u00a0\u00bbyes\u00a0\u00bb css_animation=\u00a0\u00bbbounceInDown\u00a0\u00bb][vc_single_image image=\u00a0\u00bb9521&Prime; img_size=\u00a0\u00bb50x50px\u00a0\u00bb alignment=\u00a0\u00bbcenter\u00a0\u00bb css_animation=\u00a0\u00bbbounceInDown\u00a0\u00bb][\/vc_column_inner][vc_column_inner width=\u00a0\u00bb1\/4&Prime;][vc_custom_heading text=\u00a0\u00bbPlage\u00a0\u00bb font_container=\u00a0\u00bbtag:h4|text_align:center|color:%23808080&Prime; use_theme_fonts=\u00a0\u00bbyes\u00a0\u00bb css_animation=\u00a0\u00bbbounceInDown\u00a0\u00bb][vc_single_image image=\u00a0\u00bb9520&Prime; img_size=\u00a0\u00bb50x50px\u00a0\u00bb alignment=\u00a0\u00bbcenter\u00a0\u00bb css_animation=\u00a0\u00bbbounceInDown\u00a0\u00bb][\/vc_column_inner][vc_column_inner width=\u00a0\u00bb1\/4&Prime;][vc_custom_heading text=\u00a0\u00bbParcs Naturels\u00a0\u00bb font_container=\u00a0\u00bbtag:h4|text_align:center|color:%23808080&Prime; use_theme_fonts=\u00a0\u00bbyes\u00a0\u00bb css_animation=\u00a0\u00bbbounceInDown\u00a0\u00bb][vc_single_image image=\u00a0\u00bb11722&Prime; img_size=\u00a0\u00bb50x50px\u00a0\u00bb alignment=\u00a0\u00bbcenter\u00a0\u00bb css_animation=\u00a0\u00bbbounceInDown\u00a0\u00bb][\/vc_column_inner][\/vc_row_inner][vc_empty_space height=\u00a0\u00bb50px\u00a0\u00bb][\/vc_column][\/vc_row][vc_row][vc_column][vc_row_inner][vc_column_inner width=\u00a0\u00bb1\/4&Prime;][vc_custom_heading text=\u00a0\u00bbShopping\u00a0\u00bb font_container=\u00a0\u00bbtag:h4|text_align:center|color:%23808080&Prime; use_theme_fonts=\u00a0\u00bbyes\u00a0\u00bb css_animation=\u00a0\u00bbbounceInDown\u00a0\u00bb][vc_single_image image=\u00a0\u00bb11724&Prime; img_size=\u00a0\u00bb50x50px\u00a0\u00bb alignment=\u00a0\u00bbcenter\u00a0\u00bb css_animation=\u00a0\u00bbbounceInDown\u00a0\u00bb][\/vc_column_inner][vc_column_inner width=\u00a0\u00bb1\/4&Prime;][vc_custom_heading text=\u00a0\u00bbMus\u00e9es\u00a0\u00bb font_container=\u00a0\u00bbtag:h4|text_align:center|color:%23808080&Prime; use_theme_fonts=\u00a0\u00bbyes\u00a0\u00bb css_animation=\u00a0\u00bbbounceInDown\u00a0\u00bb][vc_single_image image=\u00a0\u00bb11721&Prime; img_size=\u00a0\u00bb50x50px\u00a0\u00bb alignment=\u00a0\u00bbcenter\u00a0\u00bb css_animation=\u00a0\u00bbbounceInDown\u00a0\u00bb][\/vc_column_inner][vc_column_inner width=\u00a0\u00bb1\/4&Prime;][vc_custom_heading text=\u00a0\u00bbAerodromo\u00a0\u00bb font_container=\u00a0\u00bbtag:h4|text_align:center|color:%23808080&Prime; use_theme_fonts=\u00a0\u00bbyes\u00a0\u00bb css_animation=\u00a0\u00bbbounceInDown\u00a0\u00bb][vc_single_image image=\u00a0\u00bb11723&Prime; img_size=\u00a0\u00bb50x50px\u00a0\u00bb alignment=\u00a0\u00bbcenter\u00a0\u00bb css_animation=\u00a0\u00bbbounceInDown\u00a0\u00bb][\/vc_column_inner][vc_column_inner width=\u00a0\u00bb1\/4&Prime;][vc_custom_heading text=\u00a0\u00bbCasino\u00a0\u00bb font_container=\u00a0\u00bbtag:h4|text_align:center|color:%23808080&Prime; use_theme_fonts=\u00a0\u00bbyes\u00a0\u00bb css_animation=\u00a0\u00bbbounceInDown\u00a0\u00bb][vc_single_image image=\u00a0\u00bb9522&Prime; img_size=\u00a0\u00bb50x50px\u00a0\u00bb alignment=\u00a0\u00bbcenter\u00a0\u00bb css_animation=\u00a0\u00bbbounceInDown\u00a0\u00bb][\/vc_column_inner][\/vc_row_inner][vc_empty_space height=\u00a0\u00bb50px\u00a0\u00bb][\/vc_column][\/vc_row][vc_row][vc_column][vc_row_inner][vc_column_inner width=\u00a0\u00bb1\/4&Prime;][vc_custom_heading text=\u00a0\u00bbP\u00eache\u00a0\u00bb font_container=\u00a0\u00bbtag:h4|text_align:center|color:%23808080&Prime; use_theme_fonts=\u00a0\u00bbyes\u00a0\u00bb css_animation=\u00a0\u00bbbounceInDown\u00a0\u00bb][vc_single_image image=\u00a0\u00bb9523&Prime; img_size=\u00a0\u00bb50x50px\u00a0\u00bb alignment=\u00a0\u00bbcenter\u00a0\u00bb css_animation=\u00a0\u00bbbounceInDown\u00a0\u00bb][\/vc_column_inner][vc_column_inner width=\u00a0\u00bb1\/4&Prime;][vc_custom_heading text=\u00a0\u00bbCheval\u00a0\u00bb font_container=\u00a0\u00bbtag:h4|text_align:center|color:%23808080&Prime; use_theme_fonts=\u00a0\u00bbyes\u00a0\u00bb css_animation=\u00a0\u00bbbounceInDown\u00a0\u00bb][vc_single_image image=\u00a0\u00bb9525&Prime; img_size=\u00a0\u00bb50x50px\u00a0\u00bb alignment=\u00a0\u00bbcenter\u00a0\u00bb css_animation=\u00a0\u00bbbounceInDown\u00a0\u00bb][\/vc_column_inner][vc_column_inner width=\u00a0\u00bb1\/4&Prime;][vc_custom_heading text=\u00a0\u00bbActivit\u00e9s Aquatiques\u00a0\u00bb font_container=\u00a0\u00bbtag:h4|text_align:center|color:%23808080&Prime; use_theme_fonts=\u00a0\u00bbyes\u00a0\u00bb css_animation=\u00a0\u00bbbounceInDown\u00a0\u00bb][vc_single_image image=\u00a0\u00bb11728&Prime; img_size=\u00a0\u00bb50x50px\u00a0\u00bb alignment=\u00a0\u00bbcenter\u00a0\u00bb css_animation=\u00a0\u00bbbounceInDown\u00a0\u00bb][\/vc_column_inner][vc_column_inner width=\u00a0\u00bb1\/4&Prime;][vc_custom_heading text=\u00a0\u00bbVisite aux Villages\u00a0\u00bb font_container=\u00a0\u00bbtag:h4|text_align:center|color:%23808080&Prime; use_theme_fonts=\u00a0\u00bbyes\u00a0\u00bb css_animation=\u00a0\u00bbbounceInDown\u00a0\u00bb][vc_single_image image=\u00a0\u00bb11735&Prime; img_size=\u00a0\u00bb50x50px\u00a0\u00bb alignment=\u00a0\u00bbcenter\u00a0\u00bb css_animation=\u00a0\u00bbbounceInDown\u00a0\u00bb][\/vc_column_inner][\/vc_row_inner][vc_empty_space height=\u00a0\u00bb50px\u00a0\u00bb][\/vc_column][\/vc_row][vc_row][vc_column][vc_separator border_width=\u00a0\u00bb4&Prime;][vc_custom_heading text=\u00a0\u00bbAventura\u00a0\u00bb font_container=\u00a0\u00bbtag:h2|text_align:left|color:%23fcb040&Prime;][vc_empty_space][rev_slider_vc alias=\u00a0\u00bbrhino_sections_slider\u00a0\u00bb][\/vc_column][\/vc_row]<\/p>","protected":false},"excerpt":{"rendered":"<p>[vc_row][vc_column][vc_single_image image=\u00a0\u00bb10114&Prime; img_size=\u00a0\u00bbfull\u00a0\u00bb alignment=\u00a0\u00bbcenter\u00a0\u00bb][vc_empty_space height=\u00a0\u00bb20px\u00a0\u00bb][\/vc_column][\/vc_row][vc_row][vc_column][vc_column_text]Plusieurs balades sont \u00e9galement possibles au d\u00e9part de notre h\u00f4tel en quad, buggy ou 4 x 4. De nombreuses r\u00e9serves naturelles, villages de p\u00eacheurs, folklore des march\u00e9s, vestiges de l&rsquo;\u00e9poque coloniale \u2026 paysages insolites qui dictent leurs lois \u00e0 l&rsquo;homme et s&rsquo;imposent comme seuls ma\u00eetres des lieux&#8230; Nature et d\u00e9couverte, les choix sont multiples.[\/vc_column_text][vc_empty_space height=\u00a0\u00bb30px\u00a0\u00bb][\/vc_column][\/vc_row][vc_row][vc_column][vc_row_inner][vc_column_inner width=\u00a0\u00bb1\/4&Prime;][vc_custom_heading text=\u00a0\u00bbGolf\u00a0\u00bb font_container=\u00a0\u00bbtag:h4|text_align:center|color:%23808080&Prime; use_theme_fonts=\u00a0\u00bbyes\u00a0\u00bb css_animation=\u00a0\u00bbbounceInDown\u00a0\u00bb][vc_single_image image=\u00a0\u00bb9524&Prime; img_size=\u00a0\u00bb50x50px\u00a0\u00bb alignment=\u00a0\u00bbcenter\u00a0\u00bb css_animation=\u00a0\u00bbbounceInDown\u00a0\u00bb][\/vc_column_inner][vc_column_inner width=\u00a0\u00bb1\/4&Prime;][vc_custom_heading text=\u00a0\u00bbMoteur\u00a0\u00bb font_container=\u00a0\u00bbtag:h4|text_align:center|color:%23808080&Prime; use_theme_fonts=\u00a0\u00bbyes\u00a0\u00bb css_animation=\u00a0\u00bbbounceInDown\u00a0\u00bb][vc_single_image image=\u00a0\u00bb9521&Prime; img_size=\u00a0\u00bb50x50px\u00a0\u00bb alignment=\u00a0\u00bbcenter\u00a0\u00bb css_animation=\u00a0\u00bbbounceInDown\u00a0\u00bb][\/vc_column_inner][vc_column_inner width=\u00a0\u00bb1\/4&Prime;][vc_custom_heading text=\u00a0\u00bbPlage\u00a0\u00bb font_container=\u00a0\u00bbtag:h4|text_align:center|color:%23808080&Prime; use_theme_fonts=\u00a0\u00bbyes\u00a0\u00bb css_animation=\u00a0\u00bbbounceInDown\u00a0\u00bb][vc_single_image image=\u00a0\u00bb9520&Prime; img_size=\u00a0\u00bb50x50px\u00a0\u00bb alignment=\u00a0\u00bbcenter\u00a0\u00bb css_animation=\u00a0\u00bbbounceInDown\u00a0\u00bb][\/vc_column_inner][vc_column_inner width=\u00a0\u00bb1\/4&Prime;][vc_custom_heading text=\u00a0\u00bbParcs Naturels\u00a0\u00bb font_container=\u00a0\u00bbtag:h4|text_align:center|color:%23808080&Prime; use_theme_fonts=\u00a0\u00bbyes\u00a0\u00bb css_animation=\u00a0\u00bbbounceInDown\u00a0\u00bb][vc_single_image image=\u00a0\u00bb11722&Prime; img_size=\u00a0\u00bb50x50px\u00a0\u00bb alignment=\u00a0\u00bbcenter\u00a0\u00bb css_animation=\u00a0\u00bbbounceInDown\u00a0\u00bb][\/vc_column_inner][\/vc_row_inner][vc_empty_space height=\u00a0\u00bb50px\u00a0\u00bb][\/vc_column][\/vc_row][vc_row][vc_column][vc_row_inner][vc_column_inner width=\u00a0\u00bb1\/4&Prime;][vc_custom_heading text=\u00a0\u00bbShopping\u00a0\u00bb font_container=\u00a0\u00bbtag:h4|text_align:center|color:%23808080&Prime; use_theme_fonts=\u00a0\u00bbyes\u00a0\u00bb css_animation=\u00a0\u00bbbounceInDown\u00a0\u00bb][vc_single_image image=\u00a0\u00bb11724&Prime; img_size=\u00a0\u00bb50x50px\u00a0\u00bb alignment=\u00a0\u00bbcenter\u00a0\u00bb css_animation=\u00a0\u00bbbounceInDown\u00a0\u00bb][\/vc_column_inner][vc_column_inner width=\u00a0\u00bb1\/4&Prime;][vc_custom_heading text=\u00a0\u00bbMus\u00e9es\u00a0\u00bb font_container=\u00a0\u00bbtag:h4|text_align:center|color:%23808080&Prime; use_theme_fonts=\u00a0\u00bbyes\u00a0\u00bb css_animation=\u00a0\u00bbbounceInDown\u00a0\u00bb][vc_single_image image=\u00a0\u00bb11721&Prime; img_size=\u00a0\u00bb50x50px\u00a0\u00bb alignment=\u00a0\u00bbcenter\u00a0\u00bb css_animation=\u00a0\u00bbbounceInDown\u00a0\u00bb][\/vc_column_inner][vc_column_inner width=\u00a0\u00bb1\/4&Prime;][vc_custom_heading text=\u00a0\u00bbAerodromo\u00a0\u00bb font_container=\u00a0\u00bbtag:h4|text_align:center|color:%23808080&Prime; use_theme_fonts=\u00a0\u00bbyes\u00a0\u00bb css_animation=\u00a0\u00bbbounceInDown\u00a0\u00bb][vc_single_image image=\u00a0\u00bb11723&Prime; img_size=\u00a0\u00bb50x50px\u00a0\u00bb alignment=\u00a0\u00bbcenter\u00a0\u00bb css_animation=\u00a0\u00bbbounceInDown\u00a0\u00bb][\/vc_column_inner][vc_column_inner width=\u00a0\u00bb1\/4&Prime;][vc_custom_heading text=\u00a0\u00bbCasino\u00a0\u00bb font_container=\u00a0\u00bbtag:h4|text_align:center|color:%23808080&Prime; use_theme_fonts=\u00a0\u00bbyes\u00a0\u00bb css_animation=\u00a0\u00bbbounceInDown\u00a0\u00bb][vc_single_image image=\u00a0\u00bb9522&Prime; img_size=\u00a0\u00bb50x50px\u00a0\u00bb alignment=\u00a0\u00bbcenter\u00a0\u00bb css_animation=\u00a0\u00bbbounceInDown\u00a0\u00bb][\/vc_column_inner][\/vc_row_inner][vc_empty_space height=\u00a0\u00bb50px\u00a0\u00bb][\/vc_column][\/vc_row][vc_row][vc_column][vc_row_inner][vc_column_inner width=\u00a0\u00bb1\/4&Prime;][vc_custom_heading text=\u00a0\u00bbP\u00eache\u00a0\u00bb font_container=\u00a0\u00bbtag:h4|text_align:center|color:%23808080&Prime; use_theme_fonts=\u00a0\u00bbyes\u00a0\u00bb css_animation=\u00a0\u00bbbounceInDown\u00a0\u00bb][vc_single_image image=\u00a0\u00bb9523&Prime; img_size=\u00a0\u00bb50x50px\u00a0\u00bb alignment=\u00a0\u00bbcenter\u00a0\u00bb css_animation=\u00a0\u00bbbounceInDown\u00a0\u00bb][\/vc_column_inner][vc_column_inner width=\u00a0\u00bb1\/4&Prime;][vc_custom_heading text=\u00a0\u00bbCheval\u00a0\u00bb font_container=\u00a0\u00bbtag:h4|text_align:center|color:%23808080&Prime; use_theme_fonts=\u00a0\u00bbyes\u00a0\u00bb css_animation=\u00a0\u00bbbounceInDown\u00a0\u00bb][vc_single_image image=\u00a0\u00bb9525&Prime; img_size=\u00a0\u00bb50x50px\u00a0\u00bb alignment=\u00a0\u00bbcenter\u00a0\u00bb css_animation=\u00a0\u00bbbounceInDown\u00a0\u00bb][\/vc_column_inner][vc_column_inner width=\u00a0\u00bb1\/4&Prime;][vc_custom_heading text=\u00a0\u00bbActivit\u00e9s Aquatiques\u00a0\u00bb font_container=\u00a0\u00bbtag:h4|text_align:center|color:%23808080&Prime; use_theme_fonts=\u00a0\u00bbyes\u00a0\u00bb css_animation=\u00a0\u00bbbounceInDown\u00a0\u00bb][vc_single_image image=\u00a0\u00bb11728&Prime; img_size=\u00a0\u00bb50x50px\u00a0\u00bb alignment=\u00a0\u00bbcenter\u00a0\u00bb css_animation=\u00a0\u00bbbounceInDown\u00a0\u00bb][\/vc_column_inner][vc_column_inner width=\u00a0\u00bb1\/4&Prime;][vc_custom_heading text=\u00a0\u00bbVisite aux Villages\u00a0\u00bb font_container=\u00a0\u00bbtag:h4|text_align:center|color:%23808080&Prime; use_theme_fonts=\u00a0\u00bbyes\u00a0\u00bb css_animation=\u00a0\u00bbbounceInDown\u00a0\u00bb][vc_single_image image=\u00a0\u00bb11735&Prime; img_size=\u00a0\u00bb50x50px\u00a0\u00bb alignment=\u00a0\u00bbcenter\u00a0\u00bb css_animation=\u00a0\u00bbbounceInDown\u00a0\u00bb][\/vc_column_inner][\/vc_row_inner][vc_empty_space height=\u00a0\u00bb50px\u00a0\u00bb][\/vc_column][\/vc_row][vc_row][vc_column][vc_separator border_width=\u00a0\u00bb4&Prime;][vc_custom_heading text=\u00a0\u00bbAventura\u00a0\u00bb font_container=\u00a0\u00bbtag:h2|text_align:left|color:%23fcb040&Prime;][vc_empty_space][rev_slider_vc alias=\u00a0\u00bbrhino_sections_slider\u00a0\u00bb][\/vc_column][\/vc_row]<\/p>\n","protected":false},"author":1,"featured_media":0,"parent":0,"menu_order":0,"comment_status":"closed","ping_status":"closed","template":"","meta":[],"_links":{"self":[{"href":"https:\/\/therhinoresort.com\/fr\/wp-json\/wp\/v2\/pages\/213"}],"collection":[{"href":"https:\/\/therhinoresort.com\/fr\/wp-json\/wp\/v2\/pages"}],"about":[{"href":"https:\/\/therhinoresort.com\/fr\/wp-json\/wp\/v2\/types\/page"}],"author":[{"embeddable":true,"href":"https:\/\/therhinoresort.com\/fr\/wp-json\/wp\/v2\/users\/1"}],"replies":[{"embeddable":true,"href":"https:\/\/therhinoresort.com\/fr\/wp-json\/wp\/v2\/comments?post=213"}],"version-history":[{"count":17,"href":"https:\/\/therhinoresort.com\/fr\/wp-json\/wp\/v2\/pages\/213\/revisions"}],"predecessor-version":[{"id":11839,"href":"https:\/\/therhinoresort.com\/fr\/wp-json\/wp\/v2\/pages\/213\/revisions\/11839"}],"wp:attachment":[{"href":"https:\/\/therhinoresort.com\/fr\/wp-json\/wp\/v2\/media?parent=213"}],"curies":[{"name":"wp","href":"https:\/\/api.w.org\/{rel}","templated":true}]}}