{"id":189,"date":"2012-12-21T16:31:17","date_gmt":"2012-12-21T16:31:17","guid":{"rendered":"http:\/\/therhinoresort.com\/new\/?page_id=189&#038;lang=es"},"modified":"2016-11-22T00:02:33","modified_gmt":"2016-11-22T00:02:33","slug":"egyptian-cotton","status":"publish","type":"page","link":"https:\/\/therhinoresort.com\/fr\/particularites\/coton-egyptien\/","title":{"rendered":"Le Coton \u00c9gyptien"},"content":{"rendered":"<p>[vc_row][vc_column][vc_single_image image=\u00a0\u00bb11322&Prime; img_size=\u00a0\u00bbfull\u00a0\u00bb][vc_empty_space height=\u00a0\u00bb20px\u00a0\u00bb][\/vc_column][\/vc_row][vc_row][vc_column width=\u00a0\u00bb2\/3&Prime;][vc_single_image image=\u00a0\u00bb9404&Prime; img_size=\u00a0\u00bblarge\u00a0\u00bb][vc_row_inner][vc_column_inner width=\u00a0\u00bb1\/4&Prime;][\/vc_column_inner][vc_column_inner width=\u00a0\u00bb3\/4&Prime;][vc_separator border_width=\u00a0\u00bb4&Prime;][vc_column_text]<span style=\"color: #808080;\">Les draps et les taies d&rsquo;oreiller du\u00a0lit de votre chambre sont\u00a0en pur coton d&rsquo;Egypte. La douceur du coton provient de la densit\u00e9 de fils au cm\u00b2.<\/span><br \/>\n<span style=\"color: #808080;\"> On peut trouver cette qualit\u00e9 de coton \u00e9gyptien au Burj Al Arab de Duba\u00ef, le seul 7 \u00e9toiles au monde.<\/span>[\/vc_column_text][\/vc_column_inner][\/vc_row_inner][vc_empty_space][\/vc_column][vc_column width=\u00a0\u00bb1\/3&Prime;][vc_wp_custommenu nav_menu=\u00a0\u00bb12&Prime;][vc_single_image image=\u00a0\u00bb9438&Prime; img_size=\u00a0\u00bb50&#215;50&Prime; onclick=\u00a0\u00bbcustom_link\u00a0\u00bb link=\u00a0\u00bbhttp:\/\/www.therhinoresort.com\/special-features\u00a0\u00bb][\/vc_column][\/vc_row][vc_row][vc_column][vc_empty_space][rev_slider_vc alias=\u00a0\u00bbrhino_sections_slider\u00a0\u00bb][\/vc_column][\/vc_row]<\/p>","protected":false},"excerpt":{"rendered":"<p>[vc_row][vc_column][vc_single_image image=\u00a0\u00bb11322&Prime; img_size=\u00a0\u00bbfull\u00a0\u00bb][vc_empty_space height=\u00a0\u00bb20px\u00a0\u00bb][\/vc_column][\/vc_row][vc_row][vc_column width=\u00a0\u00bb2\/3&Prime;][vc_single_image image=\u00a0\u00bb9404&Prime; img_size=\u00a0\u00bblarge\u00a0\u00bb][vc_row_inner][vc_column_inner width=\u00a0\u00bb1\/4&Prime;][\/vc_column_inner][vc_column_inner width=\u00a0\u00bb3\/4&Prime;][vc_separator border_width=\u00a0\u00bb4&Prime;][vc_column_text]Les draps et les taies d&rsquo;oreiller du\u00a0lit de votre chambre sont\u00a0en pur coton d&rsquo;Egypte. La douceur du coton provient de la densit\u00e9 de fils au cm\u00b2. On peut trouver cette qualit\u00e9 de coton \u00e9gyptien au Burj Al Arab de Duba\u00ef, le seul 7 \u00e9toiles au monde.[\/vc_column_text][\/vc_column_inner][\/vc_row_inner][vc_empty_space][\/vc_column][vc_column width=\u00a0\u00bb1\/3&Prime;][vc_wp_custommenu nav_menu=\u00a0\u00bb12&Prime;][vc_single_image image=\u00a0\u00bb9438&Prime; img_size=\u00a0\u00bb50&#215;50&Prime; onclick=\u00a0\u00bbcustom_link\u00a0\u00bb link=\u00a0\u00bbhttp:\/\/www.therhinoresort.com\/special-features\u00a0\u00bb][\/vc_column][\/vc_row][vc_row][vc_column][vc_empty_space][rev_slider_vc alias=\u00a0\u00bbrhino_sections_slider\u00a0\u00bb][\/vc_column][\/vc_row]<\/p>\n","protected":false},"author":1,"featured_media":0,"parent":48,"menu_order":6,"comment_status":"closed","ping_status":"closed","template":"","meta":[],"_links":{"self":[{"href":"https:\/\/therhinoresort.com\/fr\/wp-json\/wp\/v2\/pages\/189"}],"collection":[{"href":"https:\/\/therhinoresort.com\/fr\/wp-json\/wp\/v2\/pages"}],"about":[{"href":"https:\/\/therhinoresort.com\/fr\/wp-json\/wp\/v2\/types\/page"}],"author":[{"embeddable":true,"href":"https:\/\/therhinoresort.com\/fr\/wp-json\/wp\/v2\/users\/1"}],"replies":[{"embeddable":true,"href":"https:\/\/therhinoresort.com\/fr\/wp-json\/wp\/v2\/comments?post=189"}],"version-history":[{"count":11,"href":"https:\/\/therhinoresort.com\/fr\/wp-json\/wp\/v2\/pages\/189\/revisions"}],"predecessor-version":[{"id":11482,"href":"https:\/\/therhinoresort.com\/fr\/wp-json\/wp\/v2\/pages\/189\/revisions\/11482"}],"up":[{"embeddable":true,"href":"https:\/\/therhinoresort.com\/fr\/wp-json\/wp\/v2\/pages\/48"}],"wp:attachment":[{"href":"https:\/\/therhinoresort.com\/fr\/wp-json\/wp\/v2\/media?parent=189"}],"curies":[{"name":"wp","href":"https:\/\/api.w.org\/{rel}","templated":true}]}}