{"id":179,"date":"2012-12-21T16:27:57","date_gmt":"2012-12-21T16:27:57","guid":{"rendered":"http:\/\/therhinoresort.com\/new\/?page_id=179&#038;lang=es"},"modified":"2016-11-24T00:15:18","modified_gmt":"2016-11-24T00:15:18","slug":"the-rhino","status":"publish","type":"page","link":"https:\/\/therhinoresort.com\/fr\/particularites\/le-rhino\/","title":{"rendered":"Le Rhino"},"content":{"rendered":"<p>[vc_row][vc_column][vc_single_image image=\u00a0\u00bb11322&Prime; img_size=\u00a0\u00bbfull\u00a0\u00bb][vc_empty_space height=\u00a0\u00bb20px\u00a0\u00bb][\/vc_column][\/vc_row][vc_row][vc_column width=\u00a0\u00bb2\/3&Prime;][vc_single_image image=\u00a0\u00bb9407&Prime; img_size=\u00a0\u00bblarge\u00a0\u00bb][vc_row_inner][vc_column_inner width=\u00a0\u00bb1\/4&Prime;][\/vc_column_inner][vc_column_inner width=\u00a0\u00bb3\/4&Prime;][vc_separator border_width=\u00a0\u00bb4&Prime;][vc_column_text]<span style=\"color: #808080;\">Le rhinoc\u00e9ros expos\u00e9 \u00e0 l&rsquo;entr\u00e9e a donn\u00e9 son nom a l&rsquo;h\u00f4tel. Cette pi\u00e8ce unique a \u00e9t\u00e9 c\u00e9d\u00e9e par le c\u00e9l\u00e8bre mus\u00e9e du bois exotique de Chiang Mai en Tha\u00eflande.<\/span>[\/vc_column_text][\/vc_column_inner][\/vc_row_inner][vc_empty_space][\/vc_column][vc_column width=\u00a0\u00bb1\/3&Prime;][vc_wp_custommenu nav_menu=\u00a0\u00bb12&Prime;][vc_single_image image=\u00a0\u00bb9438&Prime; img_size=\u00a0\u00bb50&#215;50&Prime; onclick=\u00a0\u00bbcustom_link\u00a0\u00bb link=\u00a0\u00bbhttp:\/\/www.therhinoresort.com\/special-features\u00a0\u00bb][\/vc_column][\/vc_row][vc_row][vc_column][vc_empty_space][rev_slider_vc alias=\u00a0\u00bbrhino_sections_slider\u00a0\u00bb][\/vc_column][\/vc_row]<\/p>","protected":false},"excerpt":{"rendered":"<p>[vc_row][vc_column][vc_single_image image=\u00a0\u00bb11322&Prime; img_size=\u00a0\u00bbfull\u00a0\u00bb][vc_empty_space height=\u00a0\u00bb20px\u00a0\u00bb][\/vc_column][\/vc_row][vc_row][vc_column width=\u00a0\u00bb2\/3&Prime;][vc_single_image image=\u00a0\u00bb9407&Prime; img_size=\u00a0\u00bblarge\u00a0\u00bb][vc_row_inner][vc_column_inner width=\u00a0\u00bb1\/4&Prime;][\/vc_column_inner][vc_column_inner width=\u00a0\u00bb3\/4&Prime;][vc_separator border_width=\u00a0\u00bb4&Prime;][vc_column_text]Le rhinoc\u00e9ros expos\u00e9 \u00e0 l&rsquo;entr\u00e9e a donn\u00e9 son nom a l&rsquo;h\u00f4tel. Cette pi\u00e8ce unique a \u00e9t\u00e9 c\u00e9d\u00e9e par le c\u00e9l\u00e8bre mus\u00e9e du bois exotique de Chiang Mai en Tha\u00eflande.[\/vc_column_text][\/vc_column_inner][\/vc_row_inner][vc_empty_space][\/vc_column][vc_column width=\u00a0\u00bb1\/3&Prime;][vc_wp_custommenu nav_menu=\u00a0\u00bb12&Prime;][vc_single_image image=\u00a0\u00bb9438&Prime; img_size=\u00a0\u00bb50&#215;50&Prime; onclick=\u00a0\u00bbcustom_link\u00a0\u00bb link=\u00a0\u00bbhttp:\/\/www.therhinoresort.com\/special-features\u00a0\u00bb][\/vc_column][\/vc_row][vc_row][vc_column][vc_empty_space][rev_slider_vc alias=\u00a0\u00bbrhino_sections_slider\u00a0\u00bb][\/vc_column][\/vc_row]<\/p>\n","protected":false},"author":1,"featured_media":0,"parent":48,"menu_order":0,"comment_status":"closed","ping_status":"closed","template":"","meta":[],"_links":{"self":[{"href":"https:\/\/therhinoresort.com\/fr\/wp-json\/wp\/v2\/pages\/179"}],"collection":[{"href":"https:\/\/therhinoresort.com\/fr\/wp-json\/wp\/v2\/pages"}],"about":[{"href":"https:\/\/therhinoresort.com\/fr\/wp-json\/wp\/v2\/types\/page"}],"author":[{"embeddable":true,"href":"https:\/\/therhinoresort.com\/fr\/wp-json\/wp\/v2\/users\/1"}],"replies":[{"embeddable":true,"href":"https:\/\/therhinoresort.com\/fr\/wp-json\/wp\/v2\/comments?post=179"}],"version-history":[{"count":6,"href":"https:\/\/therhinoresort.com\/fr\/wp-json\/wp\/v2\/pages\/179\/revisions"}],"predecessor-version":[{"id":11664,"href":"https:\/\/therhinoresort.com\/fr\/wp-json\/wp\/v2\/pages\/179\/revisions\/11664"}],"up":[{"embeddable":true,"href":"https:\/\/therhinoresort.com\/fr\/wp-json\/wp\/v2\/pages\/48"}],"wp:attachment":[{"href":"https:\/\/therhinoresort.com\/fr\/wp-json\/wp\/v2\/media?parent=179"}],"curies":[{"name":"wp","href":"https:\/\/api.w.org\/{rel}","templated":true}]}}