{"id":177,"date":"2012-12-21T16:27:16","date_gmt":"2012-12-21T16:27:16","guid":{"rendered":"http:\/\/therhinoresort.com\/new\/?page_id=177&#038;lang=es"},"modified":"2016-11-21T23:35:34","modified_gmt":"2016-11-21T23:35:34","slug":"rhino-kids","status":"publish","type":"page","link":"https:\/\/therhinoresort.com\/fr\/instalations\/rhino-kids\/","title":{"rendered":"Rhino Kids"},"content":{"rendered":"<p>[vc_row][vc_column][vc_single_image image=\u00a0\u00bb10119&Prime; img_size=\u00a0\u00bbfull\u00a0\u00bb][vc_empty_space height=\u00a0\u00bb20px\u00a0\u00bb][\/vc_column][\/vc_row][vc_row][vc_column width=\u00a0\u00bb2\/3&Prime;][vc_single_image image=\u00a0\u00bb9427&Prime; img_size=\u00a0\u00bblarge\u00a0\u00bb][vc_separator border_width=\u00a0\u00bb4&Prime;][vc_column_text]Notre objectif est d\u2019apporter une valeur ajout\u00e9e \u00e0 un cong\u00e9 en famille et de veiller \u00e0 ce que les enfants s\u2019amusent et profitent bien de leur s\u00e9jour au Rhino Resort, au m\u00eame titre que les adultes. Nous leur permettons ainsi de garder de merveilleux souvenirs de chez nous.[\/vc_column_text][vc_empty_space height=\u00a0\u00bb20px\u00a0\u00bb][vc_separator style=\u00a0\u00bbshadow\u00a0\u00bb border_width=\u00a0\u00bb4&Prime;][vc_row_inner][vc_column_inner width=\u00a0\u00bb1\/3&Prime;][ultimate_icon_list icon_size=\u00a0\u00bb25&Prime; css_icon_list=\u00a0\u00bb.vc_custom_1479401667147{margin-bottom: 0px !important;}\u00a0\u00bb][ultimate_icon_list_item icon_type=\u00a0\u00bbcustom\u00a0\u00bb icon_img=\u00a0\u00bbid^9574|url^http:\/\/therhinoresort.com\/wp-content\/uploads\/picto_size.png|caption^null|alt^null|title^picto_size|description^null\u00a0\u00bb]<span style=\"color: #333333; font-size: medium;\">\u00a0DIMENSIONS<\/span>[\/ultimate_icon_list_item][\/ultimate_icon_list][vc_column_text]<span style=\"font-size: medium;\"><strong>40<\/strong> m\u00b2<\/span>[\/vc_column_text][\/vc_column_inner][vc_column_inner width=\u00a0\u00bb1\/3&Prime;][ultimate_icon_list icon_size=\u00a0\u00bb25&Prime; css_icon_list=\u00a0\u00bb.vc_custom_1479401676515{margin-bottom: 0px !important;}\u00a0\u00bb][ultimate_icon_list_item icon_type=\u00a0\u00bbcustom\u00a0\u00bb icon_img=\u00a0\u00bbid^10308|url^http:\/\/therhinoresort.com\/wp-content\/uploads\/picto_open_hours.png|caption^null|alt^null|title^picto_open_hours|description^null\u00a0\u00bb]<span style=\"color: #333333; font-size: medium;\">\u00a0HORAIRES<\/span>[\/ultimate_icon_list_item][\/ultimate_icon_list][vc_column_text]<span style=\"font-size: medium;\"><strong>11<\/strong>h<strong>00<\/strong> &gt; <strong>19<\/strong>h<strong>00<\/strong><\/span>[\/vc_column_text][\/vc_column_inner][vc_column_inner width=\u00a0\u00bb1\/3&Prime;][ultimate_icon_list icon_size=\u00a0\u00bb25&Prime; css_icon_list=\u00a0\u00bb.vc_custom_1479401686899{margin-bottom: 0px !important;}\u00a0\u00bb][ultimate_icon_list_item icon_type=\u00a0\u00bbcustom\u00a0\u00bb icon_img=\u00a0\u00bbid^10927|url^http:\/\/therhinoresort.com\/wp-content\/uploads\/picto_price.png|caption^null|alt^null|title^picto_price|description^null\u00a0\u00bb]<span style=\"color: #333333; font-size: medium;\">\u00a0PRIX<\/span>[\/ultimate_icon_list_item][\/ultimate_icon_list][vc_column_text]Gratuit pour les clients de l&rsquo;h\u00f4tel[\/vc_column_text][\/vc_column_inner][\/vc_row_inner][vc_text_separator title=\u00a0\u00bbADMISSION\u00a0\u00bb title_align=\u00a0\u00bbseparator_align_left\u00a0\u00bb][vc_column_text]<span style=\"color: #808080;\"><strong>\u00b7 Limite d&rsquo;\u00e2ge<\/strong> :\u00a0Jusqu&rsquo;\u00e0 12 ans<\/span><br \/>\n<span style=\"color: #808080;\"><strong>\u00b7\u00a0Personnel\u00a0<\/strong>: Notre nounou sera pr\u00e9sente \u00e0 tout moment.<\/span><br \/>\n<span style=\"color: #808080;\"><strong>\u00b7\u00a0Service de baby-sitting<\/strong>\u00a0: disponible sur demande (forfaits de 3 heures) avec un suppl\u00e9ment.<\/span><br \/>\n<span style=\"color: #808080;\"><strong>\u00b7\u00a0Parents accept\u00e9s<\/strong> :\u00a0Non<\/span>[\/vc_column_text][vc_empty_space height=\u00a0\u00bb20px\u00a0\u00bb][\/vc_column][vc_column width=\u00a0\u00bb1\/3&Prime;][vc_wp_custommenu nav_menu=\u00a0\u00bb11&Prime;][vc_single_image image=\u00a0\u00bb9529&Prime; img_size=\u00a0\u00bb50&#215;50&Prime; onclick=\u00a0\u00bbcustom_link\u00a0\u00bb link=\u00a0\u00bbhttp:\/\/www.therhinoresort.com\/amenities\u00a0\u00bb][\/vc_column][\/vc_row][vc_row][vc_column][vc_empty_space][rev_slider_vc alias=\u00a0\u00bbrhino_sections_slider\u00a0\u00bb][\/vc_column][\/vc_row]<\/p>","protected":false},"excerpt":{"rendered":"<p>[vc_row][vc_column][vc_single_image image=\u00a0\u00bb10119&Prime; img_size=\u00a0\u00bbfull\u00a0\u00bb][vc_empty_space height=\u00a0\u00bb20px\u00a0\u00bb][\/vc_column][\/vc_row][vc_row][vc_column width=\u00a0\u00bb2\/3&Prime;][vc_single_image image=\u00a0\u00bb9427&Prime; img_size=\u00a0\u00bblarge\u00a0\u00bb][vc_separator border_width=\u00a0\u00bb4&Prime;][vc_column_text]Notre objectif est d\u2019apporter une valeur ajout\u00e9e \u00e0 un cong\u00e9 en famille et de veiller \u00e0 ce que les enfants s\u2019amusent et profitent bien de leur s\u00e9jour au Rhino Resort, au m\u00eame titre que les adultes. Nous leur permettons ainsi de garder de merveilleux souvenirs de chez nous.[\/vc_column_text][vc_empty_space height=\u00a0\u00bb20px\u00a0\u00bb][vc_separator style=\u00a0\u00bbshadow\u00a0\u00bb border_width=\u00a0\u00bb4&Prime;][vc_row_inner][vc_column_inner width=\u00a0\u00bb1\/3&Prime;][ultimate_icon_list icon_size=\u00a0\u00bb25&Prime; css_icon_list=\u00a0\u00bb.vc_custom_1479401667147{margin-bottom: 0px !important;}\u00a0\u00bb][ultimate_icon_list_item icon_type=\u00a0\u00bbcustom\u00a0\u00bb icon_img=\u00a0\u00bbid^9574|url^http:\/\/therhinoresort.com\/wp-content\/uploads\/picto_size.png|caption^null|alt^null|title^picto_size|description^null\u00a0\u00bb]\u00a0DIMENSIONS[\/ultimate_icon_list_item][\/ultimate_icon_list][vc_column_text]40 m\u00b2[\/vc_column_text][\/vc_column_inner][vc_column_inner width=\u00a0\u00bb1\/3&Prime;][ultimate_icon_list icon_size=\u00a0\u00bb25&Prime; css_icon_list=\u00a0\u00bb.vc_custom_1479401676515{margin-bottom: 0px !important;}\u00a0\u00bb][ultimate_icon_list_item icon_type=\u00a0\u00bbcustom\u00a0\u00bb icon_img=\u00a0\u00bbid^10308|url^http:\/\/therhinoresort.com\/wp-content\/uploads\/picto_open_hours.png|caption^null|alt^null|title^picto_open_hours|description^null\u00a0\u00bb]\u00a0HORAIRES[\/ultimate_icon_list_item][\/ultimate_icon_list][vc_column_text]11h00 &gt; 19h00[\/vc_column_text][\/vc_column_inner][vc_column_inner width=\u00a0\u00bb1\/3&Prime;][ultimate_icon_list icon_size=\u00a0\u00bb25&Prime; css_icon_list=\u00a0\u00bb.vc_custom_1479401686899{margin-bottom: 0px !important;}\u00a0\u00bb][ultimate_icon_list_item icon_type=\u00a0\u00bbcustom\u00a0\u00bb icon_img=\u00a0\u00bbid^10927|url^http:\/\/therhinoresort.com\/wp-content\/uploads\/picto_price.png|caption^null|alt^null|title^picto_price|description^null\u00a0\u00bb]\u00a0PRIX[\/ultimate_icon_list_item][\/ultimate_icon_list][vc_column_text]Gratuit pour les clients de l&rsquo;h\u00f4tel[\/vc_column_text][\/vc_column_inner][\/vc_row_inner][vc_text_separator title=\u00a0\u00bbADMISSION\u00a0\u00bb title_align=\u00a0\u00bbseparator_align_left\u00a0\u00bb][vc_column_text]\u00b7 Limite d&rsquo;\u00e2ge :\u00a0Jusqu&rsquo;\u00e0 12 ans \u00b7\u00a0Personnel\u00a0: Notre nounou sera pr\u00e9sente \u00e0 tout moment. \u00b7\u00a0Service de baby-sitting\u00a0: disponible sur demande (forfaits de 3 heures) avec un suppl\u00e9ment. \u00b7\u00a0Parents accept\u00e9s :\u00a0Non[\/vc_column_text][vc_empty_space height=\u00a0\u00bb20px\u00a0\u00bb][\/vc_column][vc_column width=\u00a0\u00bb1\/3&Prime;][vc_wp_custommenu nav_menu=\u00a0\u00bb11&Prime;][vc_single_image image=\u00a0\u00bb9529&Prime; img_size=\u00a0\u00bb50&#215;50&Prime; onclick=\u00a0\u00bbcustom_link\u00a0\u00bb link=\u00a0\u00bbhttp:\/\/www.therhinoresort.com\/amenities\u00a0\u00bb][\/vc_column][\/vc_row][vc_row][vc_column][vc_empty_space][rev_slider_vc alias=\u00a0\u00bbrhino_sections_slider\u00a0\u00bb][\/vc_column][\/vc_row]<\/p>\n","protected":false},"author":1,"featured_media":0,"parent":39,"menu_order":8,"comment_status":"closed","ping_status":"closed","template":"","meta":[],"_links":{"self":[{"href":"https:\/\/therhinoresort.com\/fr\/wp-json\/wp\/v2\/pages\/177"}],"collection":[{"href":"https:\/\/therhinoresort.com\/fr\/wp-json\/wp\/v2\/pages"}],"about":[{"href":"https:\/\/therhinoresort.com\/fr\/wp-json\/wp\/v2\/types\/page"}],"author":[{"embeddable":true,"href":"https:\/\/therhinoresort.com\/fr\/wp-json\/wp\/v2\/users\/1"}],"replies":[{"embeddable":true,"href":"https:\/\/therhinoresort.com\/fr\/wp-json\/wp\/v2\/comments?post=177"}],"version-history":[{"count":28,"href":"https:\/\/therhinoresort.com\/fr\/wp-json\/wp\/v2\/pages\/177\/revisions"}],"predecessor-version":[{"id":11475,"href":"https:\/\/therhinoresort.com\/fr\/wp-json\/wp\/v2\/pages\/177\/revisions\/11475"}],"up":[{"embeddable":true,"href":"https:\/\/therhinoresort.com\/fr\/wp-json\/wp\/v2\/pages\/39"}],"wp:attachment":[{"href":"https:\/\/therhinoresort.com\/fr\/wp-json\/wp\/v2\/media?parent=177"}],"curies":[{"name":"wp","href":"https:\/\/api.w.org\/{rel}","templated":true}]}}