{"id":1763,"date":"2013-01-21T08:37:45","date_gmt":"2013-01-21T08:37:45","guid":{"rendered":"http:\/\/therhinoresort.com\/new\/fr\/?page_id=1763"},"modified":"2016-11-23T23:57:03","modified_gmt":"2016-11-23T23:57:03","slug":"awards-7","status":"publish","type":"page","link":"https:\/\/therhinoresort.com\/fr\/awards\/awards-7\/","title":{"rendered":"ISO"},"content":{"rendered":"<p>[vc_row][vc_column][vc_single_image image=\u00a0\u00bb10163&Prime; img_size=\u00a0\u00bbfull\u00a0\u00bb][vc_empty_space height=\u00a0\u00bb20px\u00a0\u00bb][\/vc_column][\/vc_row][vc_row][vc_column width=\u00a0\u00bb2\/3&Prime;][vc_row_inner][vc_column_inner][vc_column_text]<\/p>\n<h4><span style=\"color: #808080;\">CERTIFICATION ISO 9001:2008<\/span><\/h4>\n<p>[\/vc_column_text][vc_separator border_width=\u00a0\u00bb4&Prime;][vc_column_text]<span style=\"color: #808080;\">Apr\u00e8s une p\u00e9riode de 14 mois de formation hebdomadaire, The Rhino Resort Hotel &amp; Spa a remport\u00e9 le 18 d\u00e9cembre 2012 la certification de son Syst\u00e8me de Gestion de Qualit\u00e9 (SMQ) ISO 9001:2008.<\/span><\/p>\n<p><span style=\"color: #808080;\"> La certification est d\u00e9livr\u00e9e par ProCert SA, attestant que le syst\u00e8me de gestion de l&rsquo;h\u00f4tel the Rhino Resort\u00a0a \u00e9t\u00e9 \u00e9valu\u00e9 et jug\u00e9 conforme aux exigences de cette norme.<\/span><br \/>\n<span style=\"color: #808080;\"> Cela montre le souci constant de notre \u00e9quipe pour r\u00e9pondre aux besoins de nos clients, qui cherchent \u00e0 ajouter de la valeur et assurer la qualit\u00e9 du service que nous offrons.<\/span>[\/vc_column_text][vc_single_image image=\u00a0\u00bb9553&Prime; img_size=\u00a0\u00bb300&#215;300&Prime; alignment=\u00a0\u00bbcenter\u00a0\u00bb][\/vc_column_inner][\/vc_row_inner][vc_empty_space height=\u00a0\u00bb20px\u00a0\u00bb][\/vc_column][vc_column width=\u00a0\u00bb1\/3&Prime;][vc_wp_custommenu nav_menu=\u00a0\u00bb15&Prime;][vc_single_image image=\u00a0\u00bb9530&Prime; img_size=\u00a0\u00bb50&#215;50&Prime; onclick=\u00a0\u00bbcustom_link\u00a0\u00bb link=\u00a0\u00bbhttp:\/\/www.therhinoresort.com\/awards\u00a0\u00bb][\/vc_column][\/vc_row][vc_row][vc_column][vc_empty_space][rev_slider_vc alias=\u00a0\u00bbrhino_sections_slider\u00a0\u00bb][\/vc_column][\/vc_row]<\/p>","protected":false},"excerpt":{"rendered":"<p>[vc_row][vc_column][vc_single_image image=\u00a0\u00bb10163&Prime; img_size=\u00a0\u00bbfull\u00a0\u00bb][vc_empty_space height=\u00a0\u00bb20px\u00a0\u00bb][\/vc_column][\/vc_row][vc_row][vc_column width=\u00a0\u00bb2\/3&Prime;][vc_row_inner][vc_column_inner][vc_column_text] CERTIFICATION ISO 9001:2008 [\/vc_column_text][vc_separator border_width=\u00a0\u00bb4&Prime;][vc_column_text]Apr\u00e8s une p\u00e9riode de 14 mois de formation hebdomadaire, The Rhino Resort Hotel &amp; Spa a remport\u00e9 le 18 d\u00e9cembre 2012 la certification de son Syst\u00e8me de Gestion de Qualit\u00e9 (SMQ) ISO 9001:2008. La certification est d\u00e9livr\u00e9e par ProCert SA, attestant que le syst\u00e8me de gestion de l&rsquo;h\u00f4tel the Rhino Resort\u00a0a \u00e9t\u00e9 \u00e9valu\u00e9 et jug\u00e9 conforme aux exigences de cette norme. Cela montre le souci constant de notre \u00e9quipe pour r\u00e9pondre aux besoins de nos clients, qui cherchent \u00e0 ajouter de la valeur et assurer la qualit\u00e9 du service que nous offrons.[\/vc_column_text][vc_single_image image=\u00a0\u00bb9553&Prime; img_size=\u00a0\u00bb300&#215;300&Prime; alignment=\u00a0\u00bbcenter\u00a0\u00bb][\/vc_column_inner][\/vc_row_inner][vc_empty_space height=\u00a0\u00bb20px\u00a0\u00bb][\/vc_column][vc_column width=\u00a0\u00bb1\/3&Prime;][vc_wp_custommenu nav_menu=\u00a0\u00bb15&Prime;][vc_single_image image=\u00a0\u00bb9530&Prime; img_size=\u00a0\u00bb50&#215;50&Prime; onclick=\u00a0\u00bbcustom_link\u00a0\u00bb link=\u00a0\u00bbhttp:\/\/www.therhinoresort.com\/awards\u00a0\u00bb][\/vc_column][\/vc_row][vc_row][vc_column][vc_empty_space][rev_slider_vc alias=\u00a0\u00bbrhino_sections_slider\u00a0\u00bb][\/vc_column][\/vc_row]<\/p>\n","protected":false},"author":1,"featured_media":0,"parent":704,"menu_order":0,"comment_status":"closed","ping_status":"closed","template":"","meta":[],"_links":{"self":[{"href":"https:\/\/therhinoresort.com\/fr\/wp-json\/wp\/v2\/pages\/1763"}],"collection":[{"href":"https:\/\/therhinoresort.com\/fr\/wp-json\/wp\/v2\/pages"}],"about":[{"href":"https:\/\/therhinoresort.com\/fr\/wp-json\/wp\/v2\/types\/page"}],"author":[{"embeddable":true,"href":"https:\/\/therhinoresort.com\/fr\/wp-json\/wp\/v2\/users\/1"}],"replies":[{"embeddable":true,"href":"https:\/\/therhinoresort.com\/fr\/wp-json\/wp\/v2\/comments?post=1763"}],"version-history":[{"count":13,"href":"https:\/\/therhinoresort.com\/fr\/wp-json\/wp\/v2\/pages\/1763\/revisions"}],"predecessor-version":[{"id":11648,"href":"https:\/\/therhinoresort.com\/fr\/wp-json\/wp\/v2\/pages\/1763\/revisions\/11648"}],"up":[{"embeddable":true,"href":"https:\/\/therhinoresort.com\/fr\/wp-json\/wp\/v2\/pages\/704"}],"wp:attachment":[{"href":"https:\/\/therhinoresort.com\/fr\/wp-json\/wp\/v2\/media?parent=1763"}],"curies":[{"name":"wp","href":"https:\/\/api.w.org\/{rel}","templated":true}]}}