{"id":1761,"date":"2013-01-21T08:37:21","date_gmt":"2013-01-21T08:37:21","guid":{"rendered":"http:\/\/therhinoresort.com\/new\/fr\/?page_id=1761"},"modified":"2016-11-23T23:51:11","modified_gmt":"2016-11-23T23:51:11","slug":"awards-6","status":"publish","type":"page","link":"https:\/\/therhinoresort.com\/fr\/awards\/awards-6\/","title":{"rendered":"TripAdvisor"},"content":{"rendered":"<p>[vc_row][vc_column][vc_single_image image=\u00a0\u00bb10163&Prime; img_size=\u00a0\u00bbfull\u00a0\u00bb][vc_empty_space height=\u00a0\u00bb20px\u00a0\u00bb][\/vc_column][\/vc_row][vc_row][vc_column width=\u00a0\u00bb2\/3&Prime;][vc_tta_tabs][vc_tta_section title=\u00a0\u00bbTraveller&rsquo;s Choice 2016&Prime; tab_id=\u00a0\u00bb1475383624836-901627f0-09f58d84-66ac\u00a0\u00bb][vc_column_text]<\/p>\n<h4><span style=\"color: #808080;\">TripAdvisor Traveller&rsquo;s Choice 2016<\/span><\/h4>\n<p>[\/vc_column_text][vc_separator border_width=\u00a0\u00bb4&Prime;][vc_column_text]<span style=\"color: #808080;\">The Rhino Resort Hotel &amp; Spa a gagn\u00e9 un Prix Travellers&rsquo; Choice 2016 dans les cat\u00e9gories suivantes:<\/span><br \/>\n<span style=\"color: #808080;\">\u00b7 Meilleurs h\u00f4tels -Afrique<\/span><br \/>\n<span style=\"color: #808080;\">\u00b7 Meilleurs h\u00f4tels de luxe -Afrique<\/span><br \/>\n<span style=\"color: #808080;\">\u00b7 Meilleurs h\u00f4tels pour la qualit\u00e9 du service &#8211; Afrique.<\/span><br \/>\n<span style=\"color: #808080;\">Les Prix Travellers&rsquo; Choice sont la plus haute distinction remise par TripAdvisor. Ils sont d\u00e9cern\u00e9s en fonction des avis et opinions de voyageurs du monde entier.<\/span>[\/vc_column_text][vc_single_image image=\u00a0\u00bb9563&Prime; img_size=\u00a0\u00bb300&#215;300&Prime;][\/vc_tta_section][vc_tta_section title=\u00a0\u00bbExcellence 2014&Prime; tab_id=\u00a0\u00bb1475383624865-05be90b3-a9dd8d84-66ac\u00a0\u00bb][vc_column_text]<\/p>\n<h4><span style=\"color: #808080;\">TripAdvisor\u00a0<b>Certification d\u2019Excellence<\/b>\u00a02014<\/span><\/h4>\n<p>[\/vc_column_text][vc_separator border_width=\u00a0\u00bb4&Prime;][vc_column_text]<span style=\"color: #808080;\">En mai 2014 The Rhino Resort Hotel &amp; Spa a \u00e9t\u00e9 r\u00e9compens\u00e9 par le prestigieux Certificat d&rsquo;Excellence TripAdvisor.<\/span><br \/>\n<span style=\"color: #808080;\">Les voyageurs ont recommand\u00e9 nos installations tout au long de l&rsquo;ann\u00e9e et la note 5 que nous avons atteint constitue une r\u00e9ussite exceptionnelle.<\/span>[\/vc_column_text][vc_single_image image=\u00a0\u00bb9566&Prime; img_size=\u00a0\u00bb300&#215;300&Prime;][\/vc_tta_section][vc_tta_section title=\u00a0\u00bbExcellence 2013&Prime; tab_id=\u00a0\u00bb1475383744970-1f33f8af-7b568d84-66ac\u00a0\u00bb][vc_column_text]<\/p>\n<h4><span style=\"color: #808080;\">TripAdvisor\u00a0<b>Certification d\u2019Excellence<\/b>\u00a02013<\/span><\/h4>\n<p>[\/vc_column_text][vc_separator border_width=\u00a0\u00bb4&Prime;][vc_column_text]<span style=\"color: #808080;\">En mai 2013 The Rhino Resort Hotel &amp; Spa a \u00e9t\u00e9 r\u00e9compens\u00e9 par le prestigieux Certificat d&rsquo;Excellence TripAdvisor.<\/span><br \/>\n<span style=\"color: #808080;\">Les voyageurs ont recommand\u00e9 nos installations tout au long de l&rsquo;ann\u00e9e et la note 5 que nous avons atteint constitue une r\u00e9ussite exceptionnelle.<\/span>[\/vc_column_text][vc_single_image image=\u00a0\u00bb9565&Prime; img_size=\u00a0\u00bb300&#215;300&Prime;][\/vc_tta_section][vc_tta_section title=\u00a0\u00bbExcellence 2012&Prime; tab_id=\u00a0\u00bb1475384103909-af29a67f-096c8d84-66ac\u00a0\u00bb][vc_column_text]<\/p>\n<h4><span style=\"color: #808080;\">TripAdvisor\u00a0<b>Certification d\u2019Excellence<\/b>\u00a02012<\/span><\/h4>\n<p>[\/vc_column_text][vc_separator border_width=\u00a0\u00bb4&Prime;][vc_column_text]<span style=\"color: #808080;\">En mai 2012 The Rhino Resort Hotel &amp; Spa a \u00e9t\u00e9 r\u00e9compens\u00e9 par le prestigieux Certificat d&rsquo;Excellence TripAdvisor.<\/span><br \/>\n<span style=\"color: #808080;\">Les voyageurs ont recommand\u00e9 nos installations tout au long de l&rsquo;ann\u00e9e et la note 5 que nous avons atteint constitue une r\u00e9ussite exceptionnelle.<\/span>[\/vc_column_text][vc_single_image image=\u00a0\u00bb9564&Prime; img_size=\u00a0\u00bb300&#215;300&Prime;][\/vc_tta_section][\/vc_tta_tabs][vc_empty_space height=\u00a0\u00bb20px\u00a0\u00bb][\/vc_column][vc_column width=\u00a0\u00bb1\/3&Prime;][vc_wp_custommenu nav_menu=\u00a0\u00bb15&Prime;][vc_single_image image=\u00a0\u00bb9530&Prime; img_size=\u00a0\u00bb50&#215;50&Prime; onclick=\u00a0\u00bbcustom_link\u00a0\u00bb link=\u00a0\u00bbhttp:\/\/www.therhinoresort.com\/awards\u00a0\u00bb][\/vc_column][\/vc_row][vc_row][vc_column][vc_empty_space][rev_slider_vc alias=\u00a0\u00bbrhino_sections_slider\u00a0\u00bb][\/vc_column][\/vc_row]<\/p>","protected":false},"excerpt":{"rendered":"<p>[vc_row][vc_column][vc_single_image image=\u00a0\u00bb10163&Prime; img_size=\u00a0\u00bbfull\u00a0\u00bb][vc_empty_space height=\u00a0\u00bb20px\u00a0\u00bb][\/vc_column][\/vc_row][vc_row][vc_column width=\u00a0\u00bb2\/3&Prime;][vc_tta_tabs][vc_tta_section title=\u00a0\u00bbTraveller&rsquo;s Choice 2016&Prime; tab_id=\u00a0\u00bb1475383624836-901627f0-09f58d84-66ac\u00a0\u00bb][vc_column_text] TripAdvisor Traveller&rsquo;s Choice 2016 [\/vc_column_text][vc_separator border_width=\u00a0\u00bb4&Prime;][vc_column_text]The Rhino Resort Hotel &amp; Spa a gagn\u00e9 un Prix Travellers&rsquo; Choice 2016 dans les cat\u00e9gories suivantes: \u00b7 Meilleurs h\u00f4tels -Afrique \u00b7 Meilleurs h\u00f4tels de luxe -Afrique \u00b7 Meilleurs h\u00f4tels pour la qualit\u00e9 du service &#8211; Afrique. Les Prix Travellers&rsquo; Choice sont la plus haute distinction remise par TripAdvisor. Ils sont d\u00e9cern\u00e9s en fonction des avis et opinions de voyageurs du monde entier.[\/vc_column_text][vc_single_image image=\u00a0\u00bb9563&Prime; img_size=\u00a0\u00bb300&#215;300&Prime;][\/vc_tta_section][vc_tta_section title=\u00a0\u00bbExcellence 2014&Prime; tab_id=\u00a0\u00bb1475383624865-05be90b3-a9dd8d84-66ac\u00a0\u00bb][vc_column_text] TripAdvisor\u00a0Certification d\u2019Excellence\u00a02014 [\/vc_column_text][vc_separator border_width=\u00a0\u00bb4&Prime;][vc_column_text]En mai 2014 The Rhino Resort Hotel &amp; Spa a \u00e9t\u00e9 r\u00e9compens\u00e9 par le prestigieux Certificat d&rsquo;Excellence TripAdvisor. Les voyageurs ont recommand\u00e9 nos installations tout au long de l&rsquo;ann\u00e9e et la note 5 que nous avons atteint constitue une r\u00e9ussite exceptionnelle.[\/vc_column_text][vc_single_image image=\u00a0\u00bb9566&Prime; img_size=\u00a0\u00bb300&#215;300&Prime;][\/vc_tta_section][vc_tta_section title=\u00a0\u00bbExcellence 2013&Prime; tab_id=\u00a0\u00bb1475383744970-1f33f8af-7b568d84-66ac\u00a0\u00bb][vc_column_text] TripAdvisor\u00a0Certification d\u2019Excellence\u00a02013 [\/vc_column_text][vc_separator border_width=\u00a0\u00bb4&Prime;][vc_column_text]En mai 2013 The Rhino Resort Hotel &amp; Spa a \u00e9t\u00e9 r\u00e9compens\u00e9 par le prestigieux Certificat d&rsquo;Excellence TripAdvisor. Les voyageurs ont recommand\u00e9 nos installations tout au long de l&rsquo;ann\u00e9e et la note 5 que nous avons atteint constitue une r\u00e9ussite exceptionnelle.[\/vc_column_text][vc_single_image image=\u00a0\u00bb9565&Prime; img_size=\u00a0\u00bb300&#215;300&Prime;][\/vc_tta_section][vc_tta_section title=\u00a0\u00bbExcellence 2012&Prime; tab_id=\u00a0\u00bb1475384103909-af29a67f-096c8d84-66ac\u00a0\u00bb][vc_column_text] TripAdvisor\u00a0Certification d\u2019Excellence\u00a02012 [\/vc_column_text][vc_separator border_width=\u00a0\u00bb4&Prime;][vc_column_text]En mai 2012 The Rhino Resort Hotel &amp; Spa a \u00e9t\u00e9 r\u00e9compens\u00e9 par le prestigieux Certificat d&rsquo;Excellence TripAdvisor. Les voyageurs ont recommand\u00e9 nos installations tout au long de l&rsquo;ann\u00e9e et la note 5 que nous avons atteint constitue une r\u00e9ussite exceptionnelle.[\/vc_column_text][vc_single_image image=\u00a0\u00bb9564&Prime; img_size=\u00a0\u00bb300&#215;300&Prime;][\/vc_tta_section][\/vc_tta_tabs][vc_empty_space height=\u00a0\u00bb20px\u00a0\u00bb][\/vc_column][vc_column width=\u00a0\u00bb1\/3&Prime;][vc_wp_custommenu nav_menu=\u00a0\u00bb15&Prime;][vc_single_image image=\u00a0\u00bb9530&Prime; img_size=\u00a0\u00bb50&#215;50&Prime; onclick=\u00a0\u00bbcustom_link\u00a0\u00bb link=\u00a0\u00bbhttp:\/\/www.therhinoresort.com\/awards\u00a0\u00bb][\/vc_column][\/vc_row][vc_row][vc_column][vc_empty_space][rev_slider_vc alias=\u00a0\u00bbrhino_sections_slider\u00a0\u00bb][\/vc_column][\/vc_row]<\/p>\n","protected":false},"author":1,"featured_media":0,"parent":704,"menu_order":0,"comment_status":"closed","ping_status":"closed","template":"","meta":[],"_links":{"self":[{"href":"https:\/\/therhinoresort.com\/fr\/wp-json\/wp\/v2\/pages\/1761"}],"collection":[{"href":"https:\/\/therhinoresort.com\/fr\/wp-json\/wp\/v2\/pages"}],"about":[{"href":"https:\/\/therhinoresort.com\/fr\/wp-json\/wp\/v2\/types\/page"}],"author":[{"embeddable":true,"href":"https:\/\/therhinoresort.com\/fr\/wp-json\/wp\/v2\/users\/1"}],"replies":[{"embeddable":true,"href":"https:\/\/therhinoresort.com\/fr\/wp-json\/wp\/v2\/comments?post=1761"}],"version-history":[{"count":18,"href":"https:\/\/therhinoresort.com\/fr\/wp-json\/wp\/v2\/pages\/1761\/revisions"}],"predecessor-version":[{"id":11640,"href":"https:\/\/therhinoresort.com\/fr\/wp-json\/wp\/v2\/pages\/1761\/revisions\/11640"}],"up":[{"embeddable":true,"href":"https:\/\/therhinoresort.com\/fr\/wp-json\/wp\/v2\/pages\/704"}],"wp:attachment":[{"href":"https:\/\/therhinoresort.com\/fr\/wp-json\/wp\/v2\/media?parent=1761"}],"curies":[{"name":"wp","href":"https:\/\/api.w.org\/{rel}","templated":true}]}}