{"id":175,"date":"2012-12-21T16:26:48","date_gmt":"2012-12-21T16:26:48","guid":{"rendered":"http:\/\/therhinoresort.com\/new\/?page_id=175&#038;lang=es"},"modified":"2016-11-21T23:27:25","modified_gmt":"2016-11-21T23:27:25","slug":"gym","status":"publish","type":"page","link":"https:\/\/therhinoresort.com\/fr\/instalations\/gimnase\/","title":{"rendered":"Salle de Fitness"},"content":{"rendered":"<p>[vc_row][vc_column][vc_single_image image=\u00a0\u00bb10116&Prime; img_size=\u00a0\u00bbfull\u00a0\u00bb][vc_empty_space height=\u00a0\u00bb20px\u00a0\u00bb][\/vc_column][\/vc_row][vc_row][vc_column width=\u00a0\u00bb2\/3&Prime;][vc_single_image image=\u00a0\u00bb11344&Prime; img_size=\u00a0\u00bblarge\u00a0\u00bb][vc_separator border_width=\u00a0\u00bb4&Prime;][vc_column_text]Donnant sur une vue panoramique de l&rsquo;h\u00f4tel dans toute sa splendeur, vous trouverez dans notre\u00a0Centre de Fitness\u00a0bien \u00e9quip\u00e9 la joie d&rsquo;exercer devant tant de beaut\u00e9.\u00a0\u00a0Nous sommes ouvert 24h\/24h, assurant ainsi la continuit\u00e9 des services et r\u00e9pondant aux attentes des clients.[\/vc_column_text][vc_empty_space height=\u00a0\u00bb20px\u00a0\u00bb][vc_row_inner][vc_column_inner width=\u00a0\u00bb1\/4&Prime;][vc_single_image image=\u00a0\u00bb11022&Prime; img_size=\u00a0\u00bb150&#215;39&Prime;][\/vc_column_inner][vc_column_inner width=\u00a0\u00bb3\/4&Prime;][vc_column_text]Le\u00a0processus de production de technogym allie rapidit\u00e9, flexibilit\u00e9, efficacit\u00e9, s\u00e9curit\u00e9 et hygi\u00e8ne. Leurs\u00a0produits font l&rsquo;objet de tests rigoureux et exigeants et ont re\u00e7u les plus hautes certifications de qualit\u00e9 internationales.[\/vc_column_text][\/vc_column_inner][\/vc_row_inner][vc_empty_space height=\u00a0\u00bb20px\u00a0\u00bb][vc_separator style=\u00a0\u00bbshadow\u00a0\u00bb border_width=\u00a0\u00bb4&Prime;][vc_row_inner][vc_column_inner width=\u00a0\u00bb1\/2&Prime;][ultimate_icon_list icon_size=\u00a0\u00bb25&Prime; css_icon_list=\u00a0\u00bb.vc_custom_1479407124937{margin-bottom: 0px !important;}\u00a0\u00bb][ultimate_icon_list_item icon_type=\u00a0\u00bbcustom\u00a0\u00bb icon_img=\u00a0\u00bbid^10308|url^http:\/\/therhinoresort.com\/wp-content\/uploads\/picto_open_hours.png|caption^null|alt^null|title^picto_open_hours|description^null\u00a0\u00bb]<span style=\"color: #333333; font-size: medium;\">\u00a0HORAIRE<\/span>[\/ultimate_icon_list_item][\/ultimate_icon_list][vc_column_text]<span style=\"font-size: medium;\"><strong>24<\/strong>h<\/span>[\/vc_column_text][\/vc_column_inner][vc_column_inner width=\u00a0\u00bb1\/2&Prime;][ultimate_icon_list icon_size=\u00a0\u00bb25&Prime; css_icon_list=\u00a0\u00bb.vc_custom_1479407134880{margin-bottom: 0px !important;}\u00a0\u00bb][ultimate_icon_list_item icon_type=\u00a0\u00bbcustom\u00a0\u00bb icon_img=\u00a0\u00bbid^9485|url^http:\/\/therhinoresort.com\/wp-content\/uploads\/picto_admission.png|caption^null|alt^null|title^picto_admission|description^null\u00a0\u00bb]<span style=\"color: #333333; font-size: medium;\">\u00a0ADMISSION<\/span>[\/ultimate_icon_list_item][\/ultimate_icon_list][vc_column_text]\u00b7 Gratuit\u00a0pour les clients de l&rsquo;h\u00f4tel<\/p>\n<p>\u00b7 Les mineurs de 15 ans doivent \u00eatre accompagn\u00e9s par un adulte[\/vc_column_text][\/vc_column_inner][\/vc_row_inner][vc_empty_space height=\u00a0\u00bb20px\u00a0\u00bb][\/vc_column][vc_column width=\u00a0\u00bb1\/3&Prime;][vc_wp_custommenu nav_menu=\u00a0\u00bb11&Prime;][vc_single_image image=\u00a0\u00bb9529&Prime; img_size=\u00a0\u00bb50&#215;50&Prime; onclick=\u00a0\u00bbcustom_link\u00a0\u00bb link=\u00a0\u00bbhttp:\/\/www.therhinoresort.com\/amenities\u00a0\u00bb][\/vc_column][\/vc_row][vc_row][vc_column][vc_empty_space][rev_slider_vc alias=\u00a0\u00bbrhino_sections_slider\u00a0\u00bb][\/vc_column][\/vc_row]<\/p>","protected":false},"excerpt":{"rendered":"<p>[vc_row][vc_column][vc_single_image image=\u00a0\u00bb10116&Prime; img_size=\u00a0\u00bbfull\u00a0\u00bb][vc_empty_space height=\u00a0\u00bb20px\u00a0\u00bb][\/vc_column][\/vc_row][vc_row][vc_column width=\u00a0\u00bb2\/3&Prime;][vc_single_image image=\u00a0\u00bb11344&Prime; img_size=\u00a0\u00bblarge\u00a0\u00bb][vc_separator border_width=\u00a0\u00bb4&Prime;][vc_column_text]Donnant sur une vue panoramique de l&rsquo;h\u00f4tel dans toute sa splendeur, vous trouverez dans notre\u00a0Centre de Fitness\u00a0bien \u00e9quip\u00e9 la joie d&rsquo;exercer devant tant de beaut\u00e9.\u00a0\u00a0Nous sommes ouvert 24h\/24h, assurant ainsi la continuit\u00e9 des services et r\u00e9pondant aux attentes des clients.[\/vc_column_text][vc_empty_space height=\u00a0\u00bb20px\u00a0\u00bb][vc_row_inner][vc_column_inner width=\u00a0\u00bb1\/4&Prime;][vc_single_image image=\u00a0\u00bb11022&Prime; img_size=\u00a0\u00bb150&#215;39&Prime;][\/vc_column_inner][vc_column_inner width=\u00a0\u00bb3\/4&Prime;][vc_column_text]Le\u00a0processus de production de technogym allie rapidit\u00e9, flexibilit\u00e9, efficacit\u00e9, s\u00e9curit\u00e9 et hygi\u00e8ne. Leurs\u00a0produits font l&rsquo;objet de tests rigoureux et exigeants et ont re\u00e7u les plus hautes certifications de qualit\u00e9 internationales.[\/vc_column_text][\/vc_column_inner][\/vc_row_inner][vc_empty_space height=\u00a0\u00bb20px\u00a0\u00bb][vc_separator style=\u00a0\u00bbshadow\u00a0\u00bb border_width=\u00a0\u00bb4&Prime;][vc_row_inner][vc_column_inner width=\u00a0\u00bb1\/2&Prime;][ultimate_icon_list icon_size=\u00a0\u00bb25&Prime; css_icon_list=\u00a0\u00bb.vc_custom_1479407124937{margin-bottom: 0px !important;}\u00a0\u00bb][ultimate_icon_list_item icon_type=\u00a0\u00bbcustom\u00a0\u00bb icon_img=\u00a0\u00bbid^10308|url^http:\/\/therhinoresort.com\/wp-content\/uploads\/picto_open_hours.png|caption^null|alt^null|title^picto_open_hours|description^null\u00a0\u00bb]\u00a0HORAIRE[\/ultimate_icon_list_item][\/ultimate_icon_list][vc_column_text]24h[\/vc_column_text][\/vc_column_inner][vc_column_inner width=\u00a0\u00bb1\/2&Prime;][ultimate_icon_list icon_size=\u00a0\u00bb25&Prime; css_icon_list=\u00a0\u00bb.vc_custom_1479407134880{margin-bottom: 0px !important;}\u00a0\u00bb][ultimate_icon_list_item icon_type=\u00a0\u00bbcustom\u00a0\u00bb icon_img=\u00a0\u00bbid^9485|url^http:\/\/therhinoresort.com\/wp-content\/uploads\/picto_admission.png|caption^null|alt^null|title^picto_admission|description^null\u00a0\u00bb]\u00a0ADMISSION[\/ultimate_icon_list_item][\/ultimate_icon_list][vc_column_text]\u00b7 Gratuit\u00a0pour les clients de l&rsquo;h\u00f4tel \u00b7 Les mineurs de 15 ans doivent \u00eatre accompagn\u00e9s par un adulte[\/vc_column_text][\/vc_column_inner][\/vc_row_inner][vc_empty_space height=\u00a0\u00bb20px\u00a0\u00bb][\/vc_column][vc_column width=\u00a0\u00bb1\/3&Prime;][vc_wp_custommenu nav_menu=\u00a0\u00bb11&Prime;][vc_single_image image=\u00a0\u00bb9529&Prime; img_size=\u00a0\u00bb50&#215;50&Prime; onclick=\u00a0\u00bbcustom_link\u00a0\u00bb link=\u00a0\u00bbhttp:\/\/www.therhinoresort.com\/amenities\u00a0\u00bb][\/vc_column][\/vc_row][vc_row][vc_column][vc_empty_space][rev_slider_vc alias=\u00a0\u00bbrhino_sections_slider\u00a0\u00bb][\/vc_column][\/vc_row]<\/p>\n","protected":false},"author":1,"featured_media":0,"parent":39,"menu_order":8,"comment_status":"closed","ping_status":"closed","template":"","meta":[],"_links":{"self":[{"href":"https:\/\/therhinoresort.com\/fr\/wp-json\/wp\/v2\/pages\/175"}],"collection":[{"href":"https:\/\/therhinoresort.com\/fr\/wp-json\/wp\/v2\/pages"}],"about":[{"href":"https:\/\/therhinoresort.com\/fr\/wp-json\/wp\/v2\/types\/page"}],"author":[{"embeddable":true,"href":"https:\/\/therhinoresort.com\/fr\/wp-json\/wp\/v2\/users\/1"}],"replies":[{"embeddable":true,"href":"https:\/\/therhinoresort.com\/fr\/wp-json\/wp\/v2\/comments?post=175"}],"version-history":[{"count":43,"href":"https:\/\/therhinoresort.com\/fr\/wp-json\/wp\/v2\/pages\/175\/revisions"}],"predecessor-version":[{"id":11468,"href":"https:\/\/therhinoresort.com\/fr\/wp-json\/wp\/v2\/pages\/175\/revisions\/11468"}],"up":[{"embeddable":true,"href":"https:\/\/therhinoresort.com\/fr\/wp-json\/wp\/v2\/pages\/39"}],"wp:attachment":[{"href":"https:\/\/therhinoresort.com\/fr\/wp-json\/wp\/v2\/media?parent=175"}],"curies":[{"name":"wp","href":"https:\/\/api.w.org\/{rel}","templated":true}]}}