{"id":11707,"date":"2017-09-19T16:25:52","date_gmt":"2017-09-19T16:25:52","guid":{"rendered":"http:\/\/therhinoresort.com\/en\/?page_id=11707"},"modified":"2017-09-19T16:34:20","modified_gmt":"2017-09-19T16:34:20","slug":"world-luxury-restaurant-awards-2017","status":"publish","type":"page","link":"https:\/\/therhinoresort.com\/fr\/awards\/world-luxury-restaurant-awards-2017\/","title":{"rendered":"World Luxury Spa &#038; Restaurant Awards 2017"},"content":{"rendered":"<p>[vc_row][vc_column][vc_single_image image=\u00a0\u00bb10163&Prime; img_size=\u00a0\u00bbfull\u00a0\u00bb][vc_empty_space height=\u00a0\u00bb20px\u00a0\u00bb][\/vc_column][\/vc_row][vc_row][vc_column width=\u00a0\u00bb2\/3&Prime;][vc_column_text]Le 22\u00a0juillet 2017,\u00a0<strong>World Luxury Restaurant\u00a0Awards<\/strong>\u00a0a d\u00e9cern\u00e9 au Vietnam, \u00e0 notre restaurant \u00ab\u00a0Le Bambou\u00a0\u00bb le prix suivant:[\/vc_column_text][vc_empty_space height=\u00a0\u00bb20px\u00a0\u00bb][vc_column_text]<\/p>\n<h4 style=\"text-align: center;\"><span style=\"color: #808080;\">Meilleur Restaurant d&rsquo;H\u00f4tel de Luxe\u00a0d&rsquo;Afrique Centrale et Ouest<\/span><\/h4>\n<p>[\/vc_column_text][vc_separator border_width=\u00a0\u00bb4&Prime; css=\u00a0\u00bb.vc_custom_1479927040624{margin-top: 0px !important;}\u00a0\u00bb][vc_single_image image=\u00a0\u00bb11712&Prime; img_size=\u00a0\u00bb250&#215;150&Prime; alignment=\u00a0\u00bbcenter\u00a0\u00bb][\/vc_column][vc_column width=\u00a0\u00bb1\/3&Prime;][vc_wp_custommenu nav_menu=\u00a0\u00bb15&Prime;][vc_single_image image=\u00a0\u00bb9530&Prime; img_size=\u00a0\u00bb50&#215;50&Prime; onclick=\u00a0\u00bbcustom_link\u00a0\u00bb link=\u00a0\u00bbhttp:\/\/www.therhinoresort.com\/awards\u00a0\u00bb][\/vc_column][\/vc_row][vc_row][vc_column][vc_empty_space][rev_slider_vc alias=\u00a0\u00bbrhino_sections_slider\u00a0\u00bb][\/vc_column][\/vc_row]<\/p>","protected":false},"excerpt":{"rendered":"<p>[vc_row][vc_column][vc_single_image image=\u00a0\u00bb10163&Prime; img_size=\u00a0\u00bbfull\u00a0\u00bb][vc_empty_space height=\u00a0\u00bb20px\u00a0\u00bb][\/vc_column][\/vc_row][vc_row][vc_column width=\u00a0\u00bb2\/3&Prime;][vc_column_text]Le 22\u00a0juillet 2017,\u00a0World Luxury Restaurant\u00a0Awards\u00a0a d\u00e9cern\u00e9 au Vietnam, \u00e0 notre restaurant \u00ab\u00a0Le Bambou\u00a0\u00bb le prix suivant:[\/vc_column_text][vc_empty_space height=\u00a0\u00bb20px\u00a0\u00bb][vc_column_text] Meilleur Restaurant d&rsquo;H\u00f4tel de Luxe\u00a0d&rsquo;Afrique Centrale et Ouest [\/vc_column_text][vc_separator border_width=\u00a0\u00bb4&Prime; css=\u00a0\u00bb.vc_custom_1479927040624{margin-top: 0px !important;}\u00a0\u00bb][vc_single_image image=\u00a0\u00bb11712&Prime; img_size=\u00a0\u00bb250&#215;150&Prime; alignment=\u00a0\u00bbcenter\u00a0\u00bb][\/vc_column][vc_column width=\u00a0\u00bb1\/3&Prime;][vc_wp_custommenu nav_menu=\u00a0\u00bb15&Prime;][vc_single_image image=\u00a0\u00bb9530&Prime; img_size=\u00a0\u00bb50&#215;50&Prime; onclick=\u00a0\u00bbcustom_link\u00a0\u00bb link=\u00a0\u00bbhttp:\/\/www.therhinoresort.com\/awards\u00a0\u00bb][\/vc_column][\/vc_row][vc_row][vc_column][vc_empty_space][rev_slider_vc alias=\u00a0\u00bbrhino_sections_slider\u00a0\u00bb][\/vc_column][\/vc_row]<\/p>\n","protected":false},"author":1,"featured_media":0,"parent":704,"menu_order":0,"comment_status":"closed","ping_status":"closed","template":"","meta":[],"_links":{"self":[{"href":"https:\/\/therhinoresort.com\/fr\/wp-json\/wp\/v2\/pages\/11707"}],"collection":[{"href":"https:\/\/therhinoresort.com\/fr\/wp-json\/wp\/v2\/pages"}],"about":[{"href":"https:\/\/therhinoresort.com\/fr\/wp-json\/wp\/v2\/types\/page"}],"author":[{"embeddable":true,"href":"https:\/\/therhinoresort.com\/fr\/wp-json\/wp\/v2\/users\/1"}],"replies":[{"embeddable":true,"href":"https:\/\/therhinoresort.com\/fr\/wp-json\/wp\/v2\/comments?post=11707"}],"version-history":[{"count":7,"href":"https:\/\/therhinoresort.com\/fr\/wp-json\/wp\/v2\/pages\/11707\/revisions"}],"predecessor-version":[{"id":11717,"href":"https:\/\/therhinoresort.com\/fr\/wp-json\/wp\/v2\/pages\/11707\/revisions\/11717"}],"up":[{"embeddable":true,"href":"https:\/\/therhinoresort.com\/fr\/wp-json\/wp\/v2\/pages\/704"}],"wp:attachment":[{"href":"https:\/\/therhinoresort.com\/fr\/wp-json\/wp\/v2\/media?parent=11707"}],"curies":[{"name":"wp","href":"https:\/\/api.w.org\/{rel}","templated":true}]}}