{"id":11568,"date":"2016-11-23T20:13:47","date_gmt":"2016-11-23T20:13:47","guid":{"rendered":"http:\/\/therhinoresort.com\/es\/?page_id=11568"},"modified":"2016-11-23T22:48:18","modified_gmt":"2016-11-23T22:48:18","slug":"rhino-cards","status":"publish","type":"page","link":"https:\/\/therhinoresort.com\/fr\/cartes-rhino\/","title":{"rendered":"Cartes Rhino"},"content":{"rendered":"<p>[vc_row][vc_column][vc_single_image image=\u00a0\u00bb11570&Prime; img_size=\u00a0\u00bbfull\u00a0\u00bb][vc_empty_space height=\u00a0\u00bb20px\u00a0\u00bb][\/vc_column][\/vc_row][vc_row][vc_column][vc_column_text]<\/p>\n<h4>Carte Client<\/h4>\n<p>[\/vc_column_text][vc_single_image image=\u00a0\u00bb9731&Prime; img_size=\u00a0\u00bbfull\u00a0\u00bb][vc_row_inner][vc_column_inner width=\u00a0\u00bb1\/2&Prime;][vc_column_text]The Rhino Resort est heureux de pr\u00e9senter \u00e0 ses clients les plus fid\u00e8les, ses <strong>CARTES<\/strong>\u00a0<strong>OR<\/strong>,\u00a0<strong>ARGENT<\/strong>\u00a0et\u00a0<strong>BRONZE<\/strong>\u00a0afin de les faire profiter des meilleurs avantages, d&rsquo;une prise en charge exclusive et d&rsquo;un service personalis\u00e9 dans tous nos services et installations.[\/vc_column_text][\/vc_column_inner][vc_column_inner width=\u00a0\u00bb1\/2&Prime;][\/vc_column_inner][\/vc_row_inner][vc_empty_space height=\u00a0\u00bb20px\u00a0\u00bb][vc_separator color=\u00a0\u00bbcustom\u00a0\u00bb accent_color=\u00a0\u00bb#84703f\u00a0\u00bb][vc_column_text]<\/p>\n<h4>Carte Resident<\/h4>\n<p>[\/vc_column_text][vc_single_image image=\u00a0\u00bb9730&Prime; img_size=\u00a0\u00bbfull\u00a0\u00bb][vc_row_inner][vc_column_inner width=\u00a0\u00bb1\/2&Prime;][vc_column_text]Pour les r\u00e9sidents non log\u00e9s dans notre h\u00f4tel, nous vous proposons\u00a0<strong>CARTE R\u00c9SIDENT<\/strong>\u00a0afin de faire profiter des meilleurs avantages dans tous nos services et installations.[\/vc_column_text][\/vc_column_inner][vc_column_inner width=\u00a0\u00bb1\/2&Prime;][\/vc_column_inner][\/vc_row_inner][vc_empty_space height=\u00a0\u00bb20px\u00a0\u00bb][\/vc_column][\/vc_row][vc_row][vc_column][vc_empty_space height=\u00a0\u00bb20px\u00a0\u00bb][rev_slider_vc alias=\u00a0\u00bbrhino_sections_slider\u00a0\u00bb][\/vc_column][\/vc_row]<\/p>","protected":false},"excerpt":{"rendered":"<p>[vc_row][vc_column][vc_single_image image=\u00a0\u00bb11570&Prime; img_size=\u00a0\u00bbfull\u00a0\u00bb][vc_empty_space height=\u00a0\u00bb20px\u00a0\u00bb][\/vc_column][\/vc_row][vc_row][vc_column][vc_column_text] Carte Client [\/vc_column_text][vc_single_image image=\u00a0\u00bb9731&Prime; img_size=\u00a0\u00bbfull\u00a0\u00bb][vc_row_inner][vc_column_inner width=\u00a0\u00bb1\/2&Prime;][vc_column_text]The Rhino Resort est heureux de pr\u00e9senter \u00e0 ses clients les plus fid\u00e8les, ses CARTES\u00a0OR,\u00a0ARGENT\u00a0et\u00a0BRONZE\u00a0afin de les faire profiter des meilleurs avantages, d&rsquo;une prise en charge exclusive et d&rsquo;un service personalis\u00e9 dans tous nos services et installations.[\/vc_column_text][\/vc_column_inner][vc_column_inner width=\u00a0\u00bb1\/2&Prime;][\/vc_column_inner][\/vc_row_inner][vc_empty_space height=\u00a0\u00bb20px\u00a0\u00bb][vc_separator color=\u00a0\u00bbcustom\u00a0\u00bb accent_color=\u00a0\u00bb#84703f\u00a0\u00bb][vc_column_text] Carte Resident [\/vc_column_text][vc_single_image image=\u00a0\u00bb9730&Prime; img_size=\u00a0\u00bbfull\u00a0\u00bb][vc_row_inner][vc_column_inner width=\u00a0\u00bb1\/2&Prime;][vc_column_text]Pour les r\u00e9sidents non log\u00e9s dans notre h\u00f4tel, nous vous proposons\u00a0CARTE R\u00c9SIDENT\u00a0afin de faire profiter des meilleurs avantages dans tous nos services et installations.[\/vc_column_text][\/vc_column_inner][vc_column_inner width=\u00a0\u00bb1\/2&Prime;][\/vc_column_inner][\/vc_row_inner][vc_empty_space height=\u00a0\u00bb20px\u00a0\u00bb][\/vc_column][\/vc_row][vc_row][vc_column][vc_empty_space height=\u00a0\u00bb20px\u00a0\u00bb][rev_slider_vc alias=\u00a0\u00bbrhino_sections_slider\u00a0\u00bb][\/vc_column][\/vc_row]<\/p>\n","protected":false},"author":1,"featured_media":0,"parent":0,"menu_order":0,"comment_status":"closed","ping_status":"closed","template":"","meta":[],"_links":{"self":[{"href":"https:\/\/therhinoresort.com\/fr\/wp-json\/wp\/v2\/pages\/11568"}],"collection":[{"href":"https:\/\/therhinoresort.com\/fr\/wp-json\/wp\/v2\/pages"}],"about":[{"href":"https:\/\/therhinoresort.com\/fr\/wp-json\/wp\/v2\/types\/page"}],"author":[{"embeddable":true,"href":"https:\/\/therhinoresort.com\/fr\/wp-json\/wp\/v2\/users\/1"}],"replies":[{"embeddable":true,"href":"https:\/\/therhinoresort.com\/fr\/wp-json\/wp\/v2\/comments?post=11568"}],"version-history":[{"count":14,"href":"https:\/\/therhinoresort.com\/fr\/wp-json\/wp\/v2\/pages\/11568\/revisions"}],"predecessor-version":[{"id":11600,"href":"https:\/\/therhinoresort.com\/fr\/wp-json\/wp\/v2\/pages\/11568\/revisions\/11600"}],"wp:attachment":[{"href":"https:\/\/therhinoresort.com\/fr\/wp-json\/wp\/v2\/media?parent=11568"}],"curies":[{"name":"wp","href":"https:\/\/api.w.org\/{rel}","templated":true}]}}