{"id":10249,"date":"2016-10-29T17:19:52","date_gmt":"2016-10-29T17:19:52","guid":{"rendered":"http:\/\/therhinoresort.com\/es\/?page_id=10249"},"modified":"2016-11-23T23:30:50","modified_gmt":"2016-11-23T23:30:50","slug":"international-hotel-awards-2014-2015","status":"publish","type":"page","link":"https:\/\/therhinoresort.com\/fr\/awards\/international-hotel-awards-2014-2015\/","title":{"rendered":"International Hotel Awards 2014-2015"},"content":{"rendered":"<p>[vc_row][vc_column][vc_single_image image=\u00a0\u00bb10163&Prime; img_size=\u00a0\u00bbfull\u00a0\u00bb][vc_empty_space height=\u00a0\u00bb20px\u00a0\u00bb][\/vc_column][\/vc_row][vc_row][vc_column width=\u00a0\u00bb2\/3&Prime;][vc_column_text]Le 22 octobre\u00a02015, <strong>International Hotel Awards<\/strong> a d\u00e9cern\u00e9 \u00e0 Londres \u00e0 l\u2019H\u00f4tel The Rhino Resort Hotel &amp; Spa 5 prix\u00a0:[\/vc_column_text][vc_empty_space height=\u00a0\u00bb20px\u00a0\u00bb][vc_row_inner][vc_column_inner width=\u00a0\u00bb1\/6&Prime;][vc_column_text]<\/p>\n<h6 style=\"text-align: center;\"><span style=\"color: #808080;\"><b>Meilleur H\u00f4tel\u00a0Resort d&rsquo;Afrique<\/b><\/span><\/h6>\n<p>[\/vc_column_text][\/vc_column_inner][vc_column_inner width=\u00a0\u00bb1\/6&Prime;][vc_column_text]<\/p>\n<h6 style=\"text-align: center;\"><span style=\"color: #808080;\"><b>Meilleur H\u00f4tel\u00a0Spa d&rsquo;Afrique<\/b><\/span><\/h6>\n<p>[\/vc_column_text][\/vc_column_inner][vc_column_inner width=\u00a0\u00bb1\/6&Prime;][\/vc_column_inner][vc_column_inner width=\u00a0\u00bb1\/6&Prime;][vc_column_text]<\/p>\n<h6 style=\"text-align: center;\"><span style=\"color: #808080;\"><b>Meilleur H\u00f4tel Resort du S\u00e9n\u00e9gal<\/b><\/span><\/h6>\n<p>[\/vc_column_text][\/vc_column_inner][vc_column_inner width=\u00a0\u00bb1\/6&Prime;][vc_column_text]<\/p>\n<h6 style=\"text-align: center;\"><span style=\"color: #808080;\"><b><\/b><b>Meilleur H\u00f4tel Spa du S\u00e9n\u00e9gal<\/b><\/span><\/h6>\n<p>[\/vc_column_text][\/vc_column_inner][vc_column_inner width=\u00a0\u00bb1\/6&Prime;][vc_column_text]<\/p>\n<h6 style=\"text-align: center;\"><span style=\"color: #808080;\"><b>Meilleur Petit H\u00f4tel du S\u00e9n\u00e9gal<\/b><\/span><\/h6>\n<p>[\/vc_column_text][\/vc_column_inner][\/vc_row_inner][vc_row_inner][vc_column_inner width=\u00a0\u00bb1\/6&Prime;][vc_separator border_width=\u00a0\u00bb4&Prime; css=\u00a0\u00bb.vc_custom_1479743718205{margin-top: 0px !important;}\u00a0\u00bb][\/vc_column_inner][vc_column_inner width=\u00a0\u00bb1\/6&Prime;][vc_separator border_width=\u00a0\u00bb4&Prime; css=\u00a0\u00bb.vc_custom_1479743713429{margin-top: 0px !important;}\u00a0\u00bb][\/vc_column_inner][vc_column_inner width=\u00a0\u00bb1\/6&Prime;][\/vc_column_inner][vc_column_inner width=\u00a0\u00bb1\/6&Prime;][vc_separator border_width=\u00a0\u00bb4&Prime; css=\u00a0\u00bb.vc_custom_1479743707366{margin-top: 0px !important;}\u00a0\u00bb][\/vc_column_inner][vc_column_inner width=\u00a0\u00bb1\/6&Prime;][vc_separator border_width=\u00a0\u00bb4&Prime; css=\u00a0\u00bb.vc_custom_1479743701862{margin-top: 0px !important;}\u00a0\u00bb][\/vc_column_inner][vc_column_inner width=\u00a0\u00bb1\/6&Prime;][vc_separator border_width=\u00a0\u00bb4&Prime; css=\u00a0\u00bb.vc_custom_1479743697222{margin-top: 0px !important;}\u00a0\u00bb][\/vc_column_inner][\/vc_row_inner][vc_row_inner][vc_column_inner width=\u00a0\u00bb1\/6&Prime;][vc_single_image image=\u00a0\u00bb9554&Prime; img_size=\u00a0\u00bb67&#215;260&Prime; alignment=\u00a0\u00bbcenter\u00a0\u00bb][\/vc_column_inner][vc_column_inner width=\u00a0\u00bb1\/6&Prime;][vc_single_image image=\u00a0\u00bb9557&Prime; img_size=\u00a0\u00bb67&#215;260&Prime; alignment=\u00a0\u00bbcenter\u00a0\u00bb][\/vc_column_inner][vc_column_inner width=\u00a0\u00bb1\/6&Prime;][\/vc_column_inner][vc_column_inner width=\u00a0\u00bb1\/6&Prime;][vc_single_image image=\u00a0\u00bb9555&Prime; img_size=\u00a0\u00bb67&#215;260&Prime; alignment=\u00a0\u00bbcenter\u00a0\u00bb][\/vc_column_inner][vc_column_inner width=\u00a0\u00bb1\/6&Prime;][vc_single_image image=\u00a0\u00bb9558&Prime; img_size=\u00a0\u00bb67&#215;260&Prime; alignment=\u00a0\u00bbcenter\u00a0\u00bb][\/vc_column_inner][vc_column_inner width=\u00a0\u00bb1\/6&Prime;][vc_single_image image=\u00a0\u00bb9556&Prime; img_size=\u00a0\u00bb67&#215;260&Prime; alignment=\u00a0\u00bbcenter\u00a0\u00bb][\/vc_column_inner][\/vc_row_inner][vc_empty_space height=\u00a0\u00bb20px\u00a0\u00bb][\/vc_column][vc_column width=\u00a0\u00bb1\/3&Prime;][vc_wp_custommenu nav_menu=\u00a0\u00bb15&Prime;][vc_single_image image=\u00a0\u00bb9530&Prime; img_size=\u00a0\u00bb50&#215;50&Prime; onclick=\u00a0\u00bbcustom_link\u00a0\u00bb link=\u00a0\u00bbhttp:\/\/www.therhinoresort.com\/awards\u00a0\u00bb][\/vc_column][\/vc_row][vc_row][vc_column][vc_empty_space][rev_slider_vc alias=\u00a0\u00bbrhino_sections_slider\u00a0\u00bb][\/vc_column][\/vc_row]<\/p>","protected":false},"excerpt":{"rendered":"<p>[vc_row][vc_column][vc_single_image image=\u00a0\u00bb10163&Prime; img_size=\u00a0\u00bbfull\u00a0\u00bb][vc_empty_space height=\u00a0\u00bb20px\u00a0\u00bb][\/vc_column][\/vc_row][vc_row][vc_column width=\u00a0\u00bb2\/3&Prime;][vc_column_text]Le 22 octobre\u00a02015, International Hotel Awards a d\u00e9cern\u00e9 \u00e0 Londres \u00e0 l\u2019H\u00f4tel The Rhino Resort Hotel &amp; Spa 5 prix\u00a0:[\/vc_column_text][vc_empty_space height=\u00a0\u00bb20px\u00a0\u00bb][vc_row_inner][vc_column_inner width=\u00a0\u00bb1\/6&Prime;][vc_column_text] Meilleur H\u00f4tel\u00a0Resort d&rsquo;Afrique [\/vc_column_text][\/vc_column_inner][vc_column_inner width=\u00a0\u00bb1\/6&Prime;][vc_column_text] Meilleur H\u00f4tel\u00a0Spa d&rsquo;Afrique [\/vc_column_text][\/vc_column_inner][vc_column_inner width=\u00a0\u00bb1\/6&Prime;][\/vc_column_inner][vc_column_inner width=\u00a0\u00bb1\/6&Prime;][vc_column_text] Meilleur H\u00f4tel Resort du S\u00e9n\u00e9gal [\/vc_column_text][\/vc_column_inner][vc_column_inner width=\u00a0\u00bb1\/6&Prime;][vc_column_text] Meilleur H\u00f4tel Spa du S\u00e9n\u00e9gal [\/vc_column_text][\/vc_column_inner][vc_column_inner width=\u00a0\u00bb1\/6&Prime;][vc_column_text] Meilleur Petit H\u00f4tel du S\u00e9n\u00e9gal [\/vc_column_text][\/vc_column_inner][\/vc_row_inner][vc_row_inner][vc_column_inner width=\u00a0\u00bb1\/6&Prime;][vc_separator border_width=\u00a0\u00bb4&Prime; css=\u00a0\u00bb.vc_custom_1479743718205{margin-top: 0px !important;}\u00a0\u00bb][\/vc_column_inner][vc_column_inner width=\u00a0\u00bb1\/6&Prime;][vc_separator border_width=\u00a0\u00bb4&Prime; css=\u00a0\u00bb.vc_custom_1479743713429{margin-top: 0px !important;}\u00a0\u00bb][\/vc_column_inner][vc_column_inner width=\u00a0\u00bb1\/6&Prime;][\/vc_column_inner][vc_column_inner width=\u00a0\u00bb1\/6&Prime;][vc_separator border_width=\u00a0\u00bb4&Prime; css=\u00a0\u00bb.vc_custom_1479743707366{margin-top: 0px !important;}\u00a0\u00bb][\/vc_column_inner][vc_column_inner width=\u00a0\u00bb1\/6&Prime;][vc_separator border_width=\u00a0\u00bb4&Prime; css=\u00a0\u00bb.vc_custom_1479743701862{margin-top: 0px !important;}\u00a0\u00bb][\/vc_column_inner][vc_column_inner width=\u00a0\u00bb1\/6&Prime;][vc_separator border_width=\u00a0\u00bb4&Prime; css=\u00a0\u00bb.vc_custom_1479743697222{margin-top: 0px !important;}\u00a0\u00bb][\/vc_column_inner][\/vc_row_inner][vc_row_inner][vc_column_inner width=\u00a0\u00bb1\/6&Prime;][vc_single_image image=\u00a0\u00bb9554&Prime; img_size=\u00a0\u00bb67&#215;260&Prime; alignment=\u00a0\u00bbcenter\u00a0\u00bb][\/vc_column_inner][vc_column_inner width=\u00a0\u00bb1\/6&Prime;][vc_single_image image=\u00a0\u00bb9557&Prime; img_size=\u00a0\u00bb67&#215;260&Prime; alignment=\u00a0\u00bbcenter\u00a0\u00bb][\/vc_column_inner][vc_column_inner width=\u00a0\u00bb1\/6&Prime;][\/vc_column_inner][vc_column_inner width=\u00a0\u00bb1\/6&Prime;][vc_single_image image=\u00a0\u00bb9555&Prime; img_size=\u00a0\u00bb67&#215;260&Prime; alignment=\u00a0\u00bbcenter\u00a0\u00bb][\/vc_column_inner][vc_column_inner width=\u00a0\u00bb1\/6&Prime;][vc_single_image image=\u00a0\u00bb9558&Prime; img_size=\u00a0\u00bb67&#215;260&Prime; alignment=\u00a0\u00bbcenter\u00a0\u00bb][\/vc_column_inner][vc_column_inner width=\u00a0\u00bb1\/6&Prime;][vc_single_image image=\u00a0\u00bb9556&Prime; img_size=\u00a0\u00bb67&#215;260&Prime; alignment=\u00a0\u00bbcenter\u00a0\u00bb][\/vc_column_inner][\/vc_row_inner][vc_empty_space height=\u00a0\u00bb20px\u00a0\u00bb][\/vc_column][vc_column width=\u00a0\u00bb1\/3&Prime;][vc_wp_custommenu nav_menu=\u00a0\u00bb15&Prime;][vc_single_image image=\u00a0\u00bb9530&Prime; img_size=\u00a0\u00bb50&#215;50&Prime; onclick=\u00a0\u00bbcustom_link\u00a0\u00bb link=\u00a0\u00bbhttp:\/\/www.therhinoresort.com\/awards\u00a0\u00bb][\/vc_column][\/vc_row][vc_row][vc_column][vc_empty_space][rev_slider_vc alias=\u00a0\u00bbrhino_sections_slider\u00a0\u00bb][\/vc_column][\/vc_row]<\/p>\n","protected":false},"author":1,"featured_media":0,"parent":704,"menu_order":0,"comment_status":"closed","ping_status":"closed","template":"","meta":[],"_links":{"self":[{"href":"https:\/\/therhinoresort.com\/fr\/wp-json\/wp\/v2\/pages\/10249"}],"collection":[{"href":"https:\/\/therhinoresort.com\/fr\/wp-json\/wp\/v2\/pages"}],"about":[{"href":"https:\/\/therhinoresort.com\/fr\/wp-json\/wp\/v2\/types\/page"}],"author":[{"embeddable":true,"href":"https:\/\/therhinoresort.com\/fr\/wp-json\/wp\/v2\/users\/1"}],"replies":[{"embeddable":true,"href":"https:\/\/therhinoresort.com\/fr\/wp-json\/wp\/v2\/comments?post=10249"}],"version-history":[{"count":20,"href":"https:\/\/therhinoresort.com\/fr\/wp-json\/wp\/v2\/pages\/10249\/revisions"}],"predecessor-version":[{"id":11628,"href":"https:\/\/therhinoresort.com\/fr\/wp-json\/wp\/v2\/pages\/10249\/revisions\/11628"}],"up":[{"embeddable":true,"href":"https:\/\/therhinoresort.com\/fr\/wp-json\/wp\/v2\/pages\/704"}],"wp:attachment":[{"href":"https:\/\/therhinoresort.com\/fr\/wp-json\/wp\/v2\/media?parent=10249"}],"curies":[{"name":"wp","href":"https:\/\/api.w.org\/{rel}","templated":true}]}}