{"id":704,"date":"2013-01-02T15:00:46","date_gmt":"2013-01-02T15:00:46","guid":{"rendered":"http:\/\/therhinoresort.com\/new\/es\/?page_id=704"},"modified":"2016-11-24T00:03:45","modified_gmt":"2016-11-24T00:03:45","slug":"awards","status":"publish","type":"page","link":"https:\/\/therhinoresort.com\/es\/awards\/","title":{"rendered":"Awards"},"content":{"rendered":"<p>[vc_row][vc_column][vc_single_image image=\u00bb10163&#8243; img_size=\u00bbfull\u00bb][vc_empty_space height=\u00bb20px\u00bb][\/vc_column][\/vc_row][vc_row][vc_column width=\u00bb2\/3&#8243;][vc_gallery interval=\u00bb3&#8243; images=\u00bb11493,11494,11496,11495,11497,11498&#8243; img_size=\u00bblarge\u00bb onclick=\u00bbimg_link_large\u00bb][vc_separator border_width=\u00bb2&#8243;][vc_column_text]<span style=\"color: #808080;\">The <strong>Rhino Resort Hotel &amp; Spa<\/strong> est\u00e1 orgulloso de trabajar cada dia para mejorar la estancia de sus clientes.<\/span><\/p>\n<p><span style=\"color: #808080;\">Prueba de ello son los certificados y los premios que reconocen nuestra pasi\u00f3n.<\/span><br \/>\n<span style=\"color: #808080;\">En esta secci\u00f3n usted encontrar\u00e1 toda la information sobre los Awards.<\/span><span style=\"color: gray; font-size: medium;\"><br \/>\n<\/span>[\/vc_column_text][\/vc_column][vc_column width=\u00bb1\/3&#8243;][vc_wp_custommenu nav_menu=\u00bb15&#8243;][\/vc_column][\/vc_row][vc_row][vc_column][vc_empty_space][rev_slider_vc alias=\u00bbrhino_sections_slider\u00bb][\/vc_column][\/vc_row]<\/p>","protected":false},"excerpt":{"rendered":"<p>[vc_row][vc_column][vc_single_image image=\u00bb10163&#8243; img_size=\u00bbfull\u00bb][vc_empty_space height=\u00bb20px\u00bb][\/vc_column][\/vc_row][vc_row][vc_column width=\u00bb2\/3&#8243;][vc_gallery interval=\u00bb3&#8243; images=\u00bb11493,11494,11496,11495,11497,11498&#8243; img_size=\u00bblarge\u00bb onclick=\u00bbimg_link_large\u00bb][vc_separator border_width=\u00bb2&#8243;][vc_column_text]The Rhino Resort Hotel &amp; Spa est\u00e1 orgulloso de trabajar cada dia para mejorar la estancia de sus clientes. Prueba de ello son los certificados y los premios que reconocen nuestra pasi\u00f3n. En esta secci\u00f3n usted encontrar\u00e1 toda la information sobre los Awards. [\/vc_column_text][\/vc_column][vc_column width=\u00bb1\/3&#8243;][vc_wp_custommenu nav_menu=\u00bb15&#8243;][\/vc_column][\/vc_row][vc_row][vc_column][vc_empty_space][rev_slider_vc alias=\u00bbrhino_sections_slider\u00bb][\/vc_column][\/vc_row]<\/p>\n","protected":false},"author":1,"featured_media":0,"parent":0,"menu_order":8,"comment_status":"closed","ping_status":"closed","template":"","meta":[],"_links":{"self":[{"href":"https:\/\/therhinoresort.com\/es\/wp-json\/wp\/v2\/pages\/704"}],"collection":[{"href":"https:\/\/therhinoresort.com\/es\/wp-json\/wp\/v2\/pages"}],"about":[{"href":"https:\/\/therhinoresort.com\/es\/wp-json\/wp\/v2\/types\/page"}],"author":[{"embeddable":true,"href":"https:\/\/therhinoresort.com\/es\/wp-json\/wp\/v2\/users\/1"}],"replies":[{"embeddable":true,"href":"https:\/\/therhinoresort.com\/es\/wp-json\/wp\/v2\/comments?post=704"}],"version-history":[{"count":14,"href":"https:\/\/therhinoresort.com\/es\/wp-json\/wp\/v2\/pages\/704\/revisions"}],"predecessor-version":[{"id":11654,"href":"https:\/\/therhinoresort.com\/es\/wp-json\/wp\/v2\/pages\/704\/revisions\/11654"}],"wp:attachment":[{"href":"https:\/\/therhinoresort.com\/es\/wp-json\/wp\/v2\/media?parent=704"}],"curies":[{"name":"wp","href":"https:\/\/api.w.org\/{rel}","templated":true}]}}