{"id":56,"date":"2012-12-13T08:32:25","date_gmt":"2012-12-13T08:32:25","guid":{"rendered":"http:\/\/therhinoresort.com\/new\/?page_id=56&#038;lang=es"},"modified":"2023-10-13T17:38:53","modified_gmt":"2023-10-13T17:38:53","slug":"spa","status":"publish","type":"page","link":"https:\/\/therhinoresort.com\/es\/spa\/","title":{"rendered":"Spa"},"content":{"rendered":"<p>[vc_row][vc_column][vc_single_image image=\u00bb10109&#8243; img_size=\u00bbfull\u00bb][vc_empty_space height=\u00bb20px\u00bb][\/vc_column][\/vc_row][vc_row][vc_column][vc_column_text]The Rhino Resort Hotel &amp; Spa alberga uno de los m\u00e1s modernos balnearios de \u00c1frica, con m\u00e1s de 490m\u00b2 repartidos en 2 plantas.<\/p>\n<p>The Rhino Spa se inspira del holismo, una filosof\u00eda enfocada en el tratamiento global del ser basada en programas individuales de curas orientales y los mejores tratamientos occidentales.<br \/>\nPurificaci\u00f3n y relajaci\u00f3n se unen a la elegancia y el refinamiento del entorno.[\/vc_column_text][vc_column_text]Descubra un mundo de relajaci\u00f3n a trav\u00e9s del agua.<\/p>\n<p>Los tratamientos de spa son, sin duda, una sabia herencia de las culturas ancestrales, muy vinculadas a los ciclos de la Naturaleza. As\u00ed, civilizaci\u00f3n tras civilizaci\u00f3n, el ser humano se ha interesado siempre por mejorar su aspecto y su salud mediante procedimientos naturales.<br \/>\nComo orgullosos herederos de tan noble y saludable tradici\u00f3n, en nuestro Spa le ofrecemos los mejores tratamientos con los productos exclusivos Alqvimia y las terapias m\u00e1s naturales para el absoluto bienestar de cuerpo y mente.[\/vc_column_text][vc_empty_space height=\u00bb20px\u00bb][vc_tta_tabs style=\u00bbmodern\u00bb active_section=\u00bb1&#8243;][vc_tta_section title=\u00bbZona de Aguas\u00bb tab_id=\u00bb1478812664371-22c3365b-0db4&#8243;][vc_empty_space height=\u00bb20px\u00bb][vc_row_inner][vc_column_inner width=\u00bb1\/5&#8243;][vc_single_image image=\u00bb9499&#8243; img_size=\u00bb50&#215;50&#8243; alignment=\u00bbcenter\u00bb css_animation=\u00bbtop-to-bottom\u00bb][vc_column_text]<\/p>\n<h5 style=\"text-align: center;\"><span style=\"color: #808080;\">Cascada + Waterjets<\/span><\/h5>\n<p>[\/vc_column_text][\/vc_column_inner][vc_column_inner width=\u00bb1\/5&#8243;][vc_single_image image=\u00bb9496&#8243; img_size=\u00bb68&#215;50&#8243; alignment=\u00bbcenter\u00bb css_animation=\u00bbtop-to-bottom\u00bb][vc_column_text]<\/p>\n<h5 style=\"text-align: center;\"><span style=\"color: #808080;\">Jacuzzis<\/span><\/h5>\n<p>[\/vc_column_text][\/vc_column_inner][vc_column_inner width=\u00bb1\/5&#8243;][vc_single_image image=\u00bb10645&#8243; img_size=\u00bb50&#215;50&#8243; alignment=\u00bbcenter\u00bb css_animation=\u00bbtop-to-bottom\u00bb][vc_column_text]<\/p>\n<h5 style=\"text-align: center;\"><span style=\"color: #808080;\">Piscina Fr\u00eda<\/span><\/h5>\n<p>[\/vc_column_text][\/vc_column_inner][vc_column_inner width=\u00bb1\/5&#8243;][vc_single_image image=\u00bb10643&#8243; img_size=\u00bb100&#215;50&#8243; alignment=\u00bbcenter\u00bb css_animation=\u00bbtop-to-bottom\u00bb][vc_column_text]<\/p>\n<h5 style=\"text-align: center;\"><span style=\"color: #808080;\">Camas de Agua<\/span><\/h5>\n<p>[\/vc_column_text][\/vc_column_inner][vc_column_inner width=\u00bb1\/5&#8243;][vc_single_image image=\u00bb9497&#8243; img_size=\u00bb60&#215;50&#8243; alignment=\u00bbcenter\u00bb css_animation=\u00bbtop-to-bottom\u00bb][vc_column_text]<\/p>\n<h5 style=\"text-align: center;\"><span style=\"color: #808080;\">\u00c1rea de Relax<\/span><\/h5>\n<p>[\/vc_column_text][\/vc_column_inner][\/vc_row_inner][vc_empty_space height=\u00bb20px\u00bb][vc_images_carousel images=\u00bb10628,10629,10949&#8243; img_size=\u00bbfull\u00bb speed=\u00bb4000&#8243; autoplay=\u00bbyes\u00bb hide_pagination_control=\u00bbyes\u00bb wrap=\u00bbyes\u00bb][vc_empty_space height=\u00bb20px\u00bb][vc_column_text]Situado en la planta baja, nuestro Spa cubre una superficie de 298 m\u00b2.<br \/>\nEl agua se mantiene a una temperatura de 30\u00baC &#8211; 32\u00ba C gracias a un sistema de paneles solares.[\/vc_column_text][vc_column_text]Un mundo de sensaciones a trav\u00e9s del agua le espera. Contrastes de aguas fr\u00edas y calientes, jacuzzis, jets de agua, camas de agua. Dos zonas de reposo para garantizar su bienestar y su relax.<\/p>\n<p>D\u00e9jese llevar\u2026 est\u00e1 en buenas manos.[\/vc_column_text][vc_empty_space height=\u00bb20px\u00bb][vc_column_text css=\u00bb.vc_custom_1478835647188{margin-bottom: 10px !important;}\u00bb]<\/p>\n<h4><strong><span style=\"color: #00a6ff;\">EQUIPAMIENTO<\/span><\/strong><\/h4>\n<p>[\/vc_column_text][vc_row_inner css=\u00bb.vc_custom_1478834379766{background-color: #ffffff !important;}\u00bb][vc_column_inner width=\u00bb1\/2&#8243;][vc_column_text]<b>\u00b7\u00a0Balneario :\u00a0<\/b>El agua se mantiene a una temperatura de 30\u00baC &#8211; 32\u00baC gracias a un sistema de paneles solares.<\/p>\n<p><b>\u00b7\u00a0Jacuzzis :<\/b>\u00a02 grandes jacuzzis con una capacidad de 9 personas cada uno.<\/p>\n<p><b>\u00b7\u00a0Jets de agua<\/b>: 3 jets de agua para eliminar tensiones en la nuca.<\/p>\n<p><b>\u00b7 Camas de agua :\u00a0<\/b>3 camas terap\u00e9uticas con jets de masaje.[\/vc_column_text][\/vc_column_inner][vc_column_inner width=\u00bb1\/2&#8243;][vc_column_text]<b>\u00b7\u00a0Cascada :\u00a0Reproducci\u00f3n de una cascada natural con un debito de 200.000l\/h., para calmar la sensaci\u00f3n de tensi\u00f3n y fatiga del cuerpo.<\/b><\/p>\n<p><b>\u00b7\u00a0Piscina fr\u00eda :<\/b>\u00a0Peque\u00f1a piscina para 5 personas cuya temperatura se mantiene baja.<\/p>\n<p>\u00b7\u00a0<b>Salas de reposo :<\/b>\u00a0Espacio \u00abcocooning\u00bb con tumbonas, balancines\u00a0y equipado con\u00a0ducha ideal para aliviar el estr\u00e9s.[\/vc_column_text][\/vc_column_inner][\/vc_row_inner][vc_separator color=\u00bbcustom\u00bb accent_color=\u00bb#00a6ff\u00bb][vc_row_inner css=\u00bb.vc_custom_1479061859881{background-color: #ffffff !important;border-radius: 5px !important;}\u00bb][vc_column_inner width=\u00bb1\/4&#8243; css=\u00bb.vc_custom_1479061834929{background-color: # !important;}\u00bb][vc_single_image image=\u00bb9463&#8243; img_size=\u00bb285&#215;105&#8243; alignment=\u00bbcenter\u00bb][\/vc_column_inner][vc_column_inner width=\u00bb1\/4&#8243; css=\u00bb.vc_custom_1479061828330{background-color: # !important;}\u00bb][vc_column_text]<\/p>\n<h4 style=\"text-align: left;\"><span style=\"color: #808080;\">Abonos Spa<\/span><\/h4>\n<p>[\/vc_column_text][vc_column_text]Aprovecha nuestros abonos para disfrutar de tarifas preferenciales![\/vc_column_text][\/vc_column_inner][vc_column_inner width=\u00bb1\/4&#8243;][vc_single_image image=\u00bb9447&#8243; img_size=\u00bb250&#215;154&#8243; alignment=\u00bbcenter\u00bb][\/vc_column_inner][vc_column_inner width=\u00bb1\/4&#8243;][vc_column_text]<\/p>\n<h4 style=\"text-align: left;\"><span style=\"color: #808080;\">Cheque Regalo<\/span><\/h4>\n<p>[\/vc_column_text][vc_column_text]Si conoces a alguien que realmente merece un d\u00eda en el spa o necesita un descanso, cons\u00edguele un vale regalo en el Mejor Hotel Spa del Mundo! Masajes, tratamientos faciales, tratamientos corporales, hammam, jacuzzi y mucho m\u00e1s para ser mimado![\/vc_column_text][\/vc_column_inner][\/vc_row_inner][vc_empty_space height=\u00bb20px\u00bb][vc_separator color=\u00bbcustom\u00bb style=\u00bbshadow\u00bb border_width=\u00bb4&#8243; accent_color=\u00bb#00a9ff\u00bb][vc_row_inner][vc_column_inner width=\u00bb1\/4&#8243;][ultimate_icon_list icon_size=\u00bb25&#8243; css_icon_list=\u00bb.vc_custom_1478814169267{margin-bottom: 0px !important;}\u00bb][ultimate_icon_list_item icon_type=\u00bbcustom\u00bb icon_img=\u00bbid^10308|url^http:\/\/therhinoresort.com\/wp-content\/uploads\/picto_open_hours.png|caption^null|alt^null|title^picto_open_hours|description^null\u00bb]<span style=\"color: #333333; font-size: medium;\">HORARIO<\/span>[\/ultimate_icon_list_item][\/ultimate_icon_list][vc_column_text]<span style=\"color: #808080; font-size: medium;\"><strong>10<\/strong>h<strong>00<\/strong> &gt; <strong>22<\/strong>h<strong>00<\/strong><\/span>[\/vc_column_text][\/vc_column_inner][vc_column_inner width=\u00bb1\/4&#8243;][ultimate_icon_list icon_size=\u00bb25&#8243; css_icon_list=\u00bb.vc_custom_1478835974931{margin-bottom: 0px !important;}\u00bb][ultimate_icon_list_item icon_type=\u00bbcustom\u00bb icon_img=\u00bbid^9574|url^http:\/\/therhinoresort.com\/wp-content\/uploads\/picto_size.png|caption^null|alt^null|title^picto_size|description^null\u00bb]<span style=\"color: #333333; font-size: medium;\">DIMENSIONES<\/span>[\/ultimate_icon_list_item][\/ultimate_icon_list][vc_column_text]<span style=\"color: #808080; font-size: medium;\"><strong>298<\/strong> m\u00b2<\/span>[\/vc_column_text][\/vc_column_inner][vc_column_inner width=\u00bb1\/4&#8243;][ultimate_icon_list icon_size=\u00bb25&#8243; css_icon_list=\u00bb.vc_custom_1478814285907{margin-bottom: 0px !important;}\u00bb][ultimate_icon_list_item icon_type=\u00bbcustom\u00bb icon_img=\u00bbid^9485|url^http:\/\/therhinoresort.com\/wp-content\/uploads\/picto_admission.png|caption^null|alt^null|title^picto_admission|description^null\u00bb]<span style=\"color: #333333; font-size: medium;\">ADMISI\u00d3N<\/span>[\/ultimate_icon_list_item][\/ultimate_icon_list][vc_column_text]<span style=\"color: #808080;\">Abierto al p\u00fablico en general<\/span><\/p>\n<p><span style=\"color: #808080;\">Entrada gratuita para los clientes del hotel<\/span>[\/vc_column_text][\/vc_column_inner][vc_column_inner width=\u00bb1\/4&#8243;][ultimate_icon_list icon_size=\u00bb25&#8243; css_icon_list=\u00bb.vc_custom_1478835393600{margin-bottom: 10px !important;}\u00bb][ultimate_icon_list_item icon_type=\u00bbcustom\u00bb icon_img=\u00bbid^10927|url^http:\/\/therhinoresort.com\/wp-content\/uploads\/picto_price.png|caption^null|alt^null|title^picto_price|description^null\u00bb]<span style=\"color: #333333; font-size: medium;\">PRECIOS<\/span>[\/ultimate_icon_list_item][\/ultimate_icon_list][vc_column_text]<span style=\"color: #808080;\"><strong>Adulto<\/strong><\/span><br \/>\n<span style=\"color: #808080;\">20.000 CFA\u00a0(3 horas)<\/span><\/p>\n<p><span style=\"color: #808080;\"><strong>Ni\u00f1o<\/strong><\/span><br \/>\n<span style=\"color: #808080;\">10.000 CFA\u00a0(3 horas)<\/span>[\/vc_column_text][\/vc_column_inner][\/vc_row_inner][\/vc_tta_section][vc_tta_section title=\u00bbTratamientos\u00bb tab_id=\u00bb1478812664409-37a8e35e-688b\u00bb][vc_images_carousel images=\u00bb10953,10954,10955&#8243; img_size=\u00bbfull\u00bb autoplay=\u00bbyes\u00bb hide_pagination_control=\u00bbyes\u00bb wrap=\u00bbyes\u00bb][vc_empty_space height=\u00bb20px\u00bb][vc_column_text]Abarca una superficie de 191 m\u00b2.<br \/>\nDos salas de tratamientos individuales, una suite con ba\u00f1era y una suite para parejas.<br \/>\nEl Rhino Spa le ofrece toda una experiencia profundamente terap\u00e9utica en un entorno que refleja un ex\u00f3tico lujo Afro-Asi\u00e1tico.<\/p>\n<p>Nuestra filosof\u00eda es cuidar todos los aspectos de su bienestar, f\u00edsico y emocional.<br \/>\nGran variedad de tratamientos, cuatro salas privadas y m\u00faltiples experiencias de relajaci\u00f3n ofrecen un ambiente \u00fanico basado en la uni\u00f3n de t\u00e9cnicas modernas y terapias tradicionales orientales.<\/p>\n<p>Descubra un universo recubierto de madera y rodeado de agua, que hemos convertido en un espacio intimo para su confort y su bienestar. Sum\u00e9rjase en este mundo de ensue\u00f1o, de sensaciones y aromas que le transportaran a un estado de paz interior \u00fanico.[\/vc_column_text][vc_separator border_width=\u00bb4&#8243;][vc_empty_space height=\u00bb20px\u00bb][vc_row_inner][vc_column_inner width=\u00bb1\/2&#8243;][vc_single_image image=\u00bb9936&#8243; img_size=\u00bblarge\u00bb][\/vc_column_inner][vc_column_inner width=\u00bb1\/2&#8243;][vc_column_text]<\/p>\n<h3><span style=\"color: #999999;\">ALQVIMIA<\/span><\/h3>\n<p>[\/vc_column_text][vc_column_text]La practica secreta de la alquimia va de\u00a0Oriente a Occidente pasando por Egipto, donde los sabios del mundo entero se pusieron de acuerdo en la forma de transmitir sus conocimientos sagrados: el Respeto de las Leyes de la Naturaleza.<\/p>\n<p>Hoy en d\u00eda Alquimia es la primera empresa de cosm\u00e9tica l\u00edder en el estudio y la implantaci\u00f3n de la Qu\u00edmica Ecol\u00f3gica.<\/p>\n<p>Utilizamos los procedimientos m\u00e1s delicados con la finalidad de obtener la perfecci\u00f3n de la esencia de la Naturaleza, seleccionando los componentes de plantas y flores m\u00e1s nobles &#8211; portadores\u00a0de los principios activos m\u00e1s eficaces.[\/vc_column_text][\/vc_column_inner][\/vc_row_inner][vc_empty_space height=\u00bb20px\u00bb][vc_separator color=\u00bbcustom\u00bb accent_color=\u00bb#b9a051&#8243;][vc_row_inner][vc_column_inner width=\u00bb1\/4&#8243;][vc_single_image image=\u00bb10962&#8243; img_size=\u00bb25&#215;25&#8243;][vc_text_separator title=\u00bbTRATAMIENTOS SPA SUBLIME\u00bb title_align=\u00bbseparator_align_left\u00bb][vc_column_text]\u00b7\u00a0Ritual del C\u00e9sar<\/p>\n<p>\u00b7\u00a0Ritual de la alegr\u00eda<\/p>\n<p>\u00b7\u00a0Ritual de la orqu\u00eddea<\/p>\n<p>\u00b7\u00a0Ritual de la sensualidad femenina<\/p>\n<p>[\/vc_column_text][vc_text_separator title=\u00bbTRATAMIENTOS SPA\u00bb title_align=\u00bbseparator_align_left\u00bb][vc_column_text]\u00b7\u00a0Oasis de serenidad<\/p>\n<p>\u00b7\u00a0Reina de Egipto<\/p>\n<p>\u00b7\u00a0Ritual de la rosa[\/vc_column_text][\/vc_column_inner][vc_column_inner width=\u00bb1\/4&#8243;][vc_single_image image=\u00bb10963&#8243; img_size=\u00bb25&#215;25&#8243;][vc_text_separator title=\u00bbTRATAMIENTOS CORPORALES\u00bb title_align=\u00bbseparator_align_left\u00bb border_width=\u00bb2&#8243;][vc_column_text]\u00b7 Anti-cellulitis localizada<\/p>\n<p>\u00b7\u00a0Piernas cansadas<\/p>\n<p>\u00b7\u00a0Reductor de grasa localizada<\/p>\n<p>\u00b7\u00a0Reductor General<\/p>\n<p>\u00b7\u00a0Tratamientos Terap\u00e9uticos\u00a0para el dolor<\/p>\n<p>\u00b7\u00a0Sal del Mar Muerto[\/vc_column_text][\/vc_column_inner][vc_column_inner width=\u00bb1\/4&#8243;][vc_single_image image=\u00bb10964&#8243; img_size=\u00bb25&#215;25&#8243;][vc_text_separator title=\u00bbRITUALES FACIALES\u00bb title_align=\u00bbseparator_align_left\u00bb][vc_column_text]\u00b7 Piel Acn\u00e9ica<\/p>\n<p>\u00b7 Piel Sensible<\/p>\n<p>\u00b7\u00a0Piel Seca<\/p>\n<p>\u00b7\u00a0Piel Grasa<\/p>\n<p>\u00b7 Despigmentaci\u00f3n Facial<\/p>\n<p>\u00b7\u00a0Tratamiento Anti- Edad<\/p>\n<p>\u00b7\u00a0Tratamiento Regenerativo Hombre[\/vc_column_text][\/vc_column_inner][vc_column_inner width=\u00bb1\/4&#8243;][vc_single_image image=\u00bb10965&#8243; img_size=\u00bb25&#215;25&#8243;][vc_text_separator title=\u00bbMASAJES\u00bb title_align=\u00bbseparator_align_left\u00bb][vc_column_text]\u00b7\u00a0Masaje a 4 manos<\/p>\n<p>\u00b7 Masaje de 30 minutos<\/p>\n<p>\u00b7 Masaje a 4 manos de 30 minutos[\/vc_column_text][vc_column_text]\u00b7 Masaje relajante<\/p>\n<p>\u00b7 Masaje t\u00f3nico<\/p>\n<p>\u00b7 Masaje deportivo[\/vc_column_text][\/vc_column_inner][\/vc_row_inner][vc_empty_space height=\u00bb20px\u00bb][vc_separator color=\u00bbsandy_brown\u00bb style=\u00bbshadow\u00bb border_width=\u00bb4&#8243;][vc_row_inner][vc_column_inner width=\u00bb1\/4&#8243;][ultimate_icon_list icon_size=\u00bb25&#8243; css_icon_list=\u00bb.vc_custom_1478814169267{margin-bottom: 0px !important;}\u00bb][ultimate_icon_list_item icon_type=\u00bbcustom\u00bb icon_img=\u00bbid^10308|url^http:\/\/therhinoresort.com\/wp-content\/uploads\/picto_open_hours.png|caption^null|alt^null|title^picto_open_hours|description^null\u00bb]<span style=\"color: #333333; font-size: medium;\">HORARIO<\/span>[\/ultimate_icon_list_item][\/ultimate_icon_list][vc_column_text]<span style=\"color: #808080; font-size: medium;\"><strong>9h00<\/strong> &gt; <strong>20h00<\/strong><\/span>[\/vc_column_text][\/vc_column_inner][vc_column_inner width=\u00bb1\/4&#8243;][ultimate_icon_list icon_size=\u00bb25&#8243; css_icon_list=\u00bb.vc_custom_1478832559465{margin-bottom: 10px !important;}\u00bb][ultimate_icon_list_item icon_type=\u00bbcustom\u00bb icon_img=\u00bbid^9574|url^http:\/\/therhinoresort.com\/wp-content\/uploads\/picto_size.png|caption^null|alt^null|title^picto_size|description^null\u00bb]<span style=\"color: #333333; font-size: medium;\">DIMESIONES<\/span>[\/ultimate_icon_list_item][\/ultimate_icon_list][vc_column_text]<span style=\"color: #808080; font-size: medium;\"><strong>191<\/strong> m\u00b2<\/span>[\/vc_column_text][\/vc_column_inner][vc_column_inner width=\u00bb1\/4&#8243;][ultimate_icon_list icon_size=\u00bb25&#8243; css_icon_list=\u00bb.vc_custom_1478832893081{margin-bottom: 0px !important;}\u00bb][ultimate_icon_list_item icon_type=\u00bbcustom\u00bb icon_img=\u00bbid^9485|url^http:\/\/therhinoresort.com\/wp-content\/uploads\/picto_admission.png|caption^null|alt^null|title^picto_admission|description^null\u00bb]<span style=\"color: #333333; font-size: medium;\">ADMISI\u00d3N<\/span>[\/ultimate_icon_list_item][\/ultimate_icon_list][vc_column_text]<span style=\"color: #808080;\">Abierto al p\u00fablico en general<\/span>[\/vc_column_text][\/vc_column_inner][vc_column_inner width=\u00bb1\/4&#8243; css=\u00bb.vc_custom_1479163266804{border-radius: 1px !important;}\u00bb][\/vc_column_inner][\/vc_row_inner][\/vc_tta_section][vc_tta_section title=\u00bbSal\u00f3n de Belleza\u00bb tab_id=\u00bb1478813275817-df8343bc-d74e\u00bb][vc_images_carousel images=\u00bb10723,10724,10725&#8243; img_size=\u00bbfull\u00bb autoplay=\u00bbyes\u00bb hide_pagination_control=\u00bbyes\u00bb wrap=\u00bbyes\u00bb][vc_empty_space height=\u00bb20px\u00bb][vc_column_text]En el Rhino Salon se\u00a0ofrecen tratamientos exclusivos y verdaderamente privados para el cabello, maquillaje, belleza y servicio de u\u00f1as.[\/vc_column_text][vc_empty_space height=\u00bb20px\u00bb][vc_row_inner][vc_column_inner width=\u00bb2\/3&#8243;][vc_single_image image=\u00bb9466&#8243; img_size=\u00bb25&#215;25&#8243;][vc_text_separator title=\u00bbPELUQUERIA\u00bb title_align=\u00bbseparator_align_left\u00bb color=\u00bbcustom\u00bb accent_color=\u00bb#c8bdb2&#8243;][\/vc_column_inner][vc_column_inner width=\u00bb1\/3&#8243;][vc_single_image image=\u00bb9470&#8243; img_size=\u00bb25&#215;25&#8243;][vc_text_separator title=\u00bbBELLEZA\u00bb title_align=\u00bbseparator_align_left\u00bb color=\u00bbcustom\u00bb accent_color=\u00bb#c8bdb2&#8243;][\/vc_column_inner][\/vc_row_inner][vc_row_inner][vc_column_inner width=\u00bb1\/3&#8243;][vc_column_text]<strong>MUJER<\/strong><\/p>\n<p>\u2022 Cepillado\u00a0cabello corto<br \/>\n\u2022 Cepillado cabello medio<br \/>\n\u2022 Cepillado cabello largo<br \/>\n\u2022\u00a0Corte +\u00a0Peinado<br \/>\n\u2022\u00a0Corte mujer<br \/>\n\u2022\u00a0Mo\u00f1o<br \/>\n\u2022\u00a0Permanente<br \/>\n\u2022\u00a0Recogido<br \/>\n\u2022\u00a0Mechas cabello corto<br \/>\n\u2022\u00a0Mechas cabello largo<br \/>\n\u2022\u00a0Crema tratante<br \/>\n\u2022\u00a0Cuidados nutritivos<br \/>\n\u2022\u00a0Lavado<br \/>\n\u2022\u00a0Coloraci\u00f3n<br \/>\n\u2022\u00a0Decoloraci\u00f3n<br \/>\n\u2022 Peinado o recogido con \u00abmousse\/gel\u00bb<br \/>\n\u2022\u00a0Alisado<br \/>\n\u2022\u00a0Alisado sin productos<br \/>\n\u2022\u00a0Peinado de ceremonia<br \/>\n\u2022\u00a0Trenzas\u00a0flequillo<br \/>\n\u2022\u00a0Trenzas\u00a0sin extensiones<br \/>\n\u2022\u00a0Trenzas\u00a0con\u00a0extensiones<br \/>\n\u2022\u00a0Matizar<br \/>\n\u2022\u00a0Moldear[\/vc_column_text][\/vc_column_inner][vc_column_inner width=\u00bb1\/3&#8243;][vc_column_text]<strong>HOMBRE<\/strong><\/p>\n<p>\u2022\u00a0Corte hombre<br \/>\n\u2022\u00a0Afeitado barba<br \/>\n\u2022\u00a0Lavado<br \/>\n\u2022 Peinado o recogido con \u00abmousse\/gel\u00bb[\/vc_column_text][vc_empty_space height=\u00bb20px\u00bb][vc_column_text]<strong>NI\u00d1OS<\/strong><\/p>\n<p>\u2022\u00a0Corte ni\u00f1o<br \/>\n\u2022\u00a0Lavado<br \/>\n\u2022\u00a0Coloraci\u00f3n<br \/>\n\u2022\u00a0Decoloraci\u00f3n<br \/>\n\u2022\u00a0Trenzas\u00a0flequillo<br \/>\n\u2022\u00a0Trenzas\u00a0sin extensiones<br \/>\n\u2022\u00a0Trenzas con\u00a0extensiones<br \/>\n\u2022\u00a0Matizar<br \/>\n\u2022\u00a0Moldear[\/vc_column_text][\/vc_column_inner][vc_column_inner width=\u00bb1\/3&#8243;][vc_column_text]<strong>MANICURA + PEDICURA<\/strong><\/p>\n<p>\u00b7\u00a0Manicura<br \/>\n\u00b7\u00a0Manicura con parafina<br \/>\n\u00b7\u00a0Pedicura<br \/>\n\u00b7\u00a0Pedicura con parafina<br \/>\n\u00b7\u00a0Manicura francesa<br \/>\n\u00b7 Esmalte[\/vc_column_text][vc_empty_space height=\u00bb20px\u00bb][vc_column_text]<strong>MAQUILLAJE<\/strong><\/p>\n<p>\u00b7\u00a0Rostro entero<br \/>\n\u00b7\u00a0Ojos y labios<br \/>\n\u00b7 Pesta\u00f1as\u00a0postizas[\/vc_column_text][\/vc_column_inner][\/vc_row_inner][vc_separator style=\u00bbshadow\u00bb border_width=\u00bb4&#8243;][vc_row_inner css=\u00bb.vc_custom_1479061598256{background-color: # !important;}\u00bb][vc_column_inner width=\u00bb1\/3&#8243;][ultimate_icon_list icon_size=\u00bb25&#8243; css_icon_list=\u00bb.vc_custom_1478814169267{margin-bottom: 0px !important;}\u00bb][ultimate_icon_list_item icon_type=\u00bbcustom\u00bb icon_img=\u00bbid^10308|url^http:\/\/therhinoresort.com\/wp-content\/uploads\/picto_open_hours.png|caption^null|alt^null|title^picto_open_hours|description^null\u00bb]<span style=\"color: #808080; font-size: medium;\">HORARIO<\/span>[\/ultimate_icon_list_item][\/ultimate_icon_list][vc_column_text]<span style=\"font-size: medium;\"><strong>8<\/strong>h<strong>00<\/strong> &gt; <strong>20<\/strong>h<strong>00<\/strong><\/span>[\/vc_column_text][\/vc_column_inner][vc_column_inner width=\u00bb1\/3&#8243;][ultimate_icon_list icon_size=\u00bb25&#8243; css_icon_list=\u00bb.vc_custom_1478814204601{margin-bottom: 0px !important;}\u00bb][ultimate_icon_list_item icon_type=\u00bbcustom\u00bb icon_img=\u00bbid^9485|url^http:\/\/therhinoresort.com\/wp-content\/uploads\/picto_admission.png|caption^null|alt^null|title^picto_admission|description^null\u00bb]<span style=\"color: #808080; font-size: medium;\">ADMISI\u00d3N<\/span>[\/ultimate_icon_list_item][\/ultimate_icon_list][vc_column_text]Abierto al p\u00fablico en general[\/vc_column_text][\/vc_column_inner][vc_column_inner width=\u00bb1\/3&#8243; css=\u00bb.vc_custom_1479764560514{border-radius: 1px !important;}\u00bb][\/vc_column_inner][\/vc_row_inner][vc_empty_space height=\u00bb20px\u00bb][\/vc_tta_section][\/vc_tta_tabs][\/vc_column][\/vc_row][vc_row][vc_column][vc_empty_space][rev_slider_vc alias=\u00bbrhino_sections_slider\u00bb][\/vc_column][\/vc_row]<\/p>","protected":false},"excerpt":{"rendered":"<p>[vc_row][vc_column][vc_single_image image=\u00bb10109&#8243; img_size=\u00bbfull\u00bb][vc_empty_space height=\u00bb20px\u00bb][\/vc_column][\/vc_row][vc_row][vc_column][vc_column_text]The Rhino Resort Hotel &amp; Spa alberga uno de los m\u00e1s modernos balnearios de \u00c1frica, con m\u00e1s de 490m\u00b2 repartidos en 2 plantas. The Rhino Spa se inspira del holismo, una filosof\u00eda enfocada en el tratamiento global del ser basada en programas individuales de curas orientales y los mejores tratamientos occidentales. Purificaci\u00f3n y relajaci\u00f3n se unen a la elegancia y el refinamiento del entorno.[\/vc_column_text][vc_column_text]Descubra un mundo de relajaci\u00f3n a trav\u00e9s del agua. Los tratamientos de spa son, sin duda, una sabia herencia de las culturas ancestrales, muy vinculadas a los ciclos de la Naturaleza. As\u00ed, civilizaci\u00f3n tras civilizaci\u00f3n, el ser humano se ha interesado siempre por mejorar su aspecto y su salud mediante procedimientos naturales. Como orgullosos herederos de tan noble y saludable tradici\u00f3n, en nuestro Spa le ofrecemos los mejores tratamientos con los productos exclusivos Alqvimia y las terapias m\u00e1s naturales para el absoluto bienestar de cuerpo y mente.[\/vc_column_text][vc_empty_space height=\u00bb20px\u00bb][vc_tta_tabs style=\u00bbmodern\u00bb active_section=\u00bb1&#8243;][vc_tta_section title=\u00bbZona de Aguas\u00bb tab_id=\u00bb1478812664371-22c3365b-0db4&#8243;][vc_empty_space height=\u00bb20px\u00bb][vc_row_inner][vc_column_inner width=\u00bb1\/5&#8243;][vc_single_image image=\u00bb9499&#8243; img_size=\u00bb50&#215;50&#8243; alignment=\u00bbcenter\u00bb css_animation=\u00bbtop-to-bottom\u00bb][vc_column_text] Cascada + Waterjets [\/vc_column_text][\/vc_column_inner][vc_column_inner width=\u00bb1\/5&#8243;][vc_single_image image=\u00bb9496&#8243; img_size=\u00bb68&#215;50&#8243; alignment=\u00bbcenter\u00bb css_animation=\u00bbtop-to-bottom\u00bb][vc_column_text] Jacuzzis [\/vc_column_text][\/vc_column_inner][vc_column_inner width=\u00bb1\/5&#8243;][vc_single_image image=\u00bb10645&#8243; img_size=\u00bb50&#215;50&#8243; alignment=\u00bbcenter\u00bb css_animation=\u00bbtop-to-bottom\u00bb][vc_column_text] Piscina Fr\u00eda [\/vc_column_text][\/vc_column_inner][vc_column_inner width=\u00bb1\/5&#8243;][vc_single_image image=\u00bb10643&#8243; img_size=\u00bb100&#215;50&#8243; alignment=\u00bbcenter\u00bb css_animation=\u00bbtop-to-bottom\u00bb][vc_column_text] Camas de Agua [\/vc_column_text][\/vc_column_inner][vc_column_inner width=\u00bb1\/5&#8243;][vc_single_image image=\u00bb9497&#8243; img_size=\u00bb60&#215;50&#8243; alignment=\u00bbcenter\u00bb css_animation=\u00bbtop-to-bottom\u00bb][vc_column_text] \u00c1rea de Relax [\/vc_column_text][\/vc_column_inner][\/vc_row_inner][vc_empty_space height=\u00bb20px\u00bb][vc_images_carousel images=\u00bb10628,10629,10949&#8243; img_size=\u00bbfull\u00bb speed=\u00bb4000&#8243; autoplay=\u00bbyes\u00bb hide_pagination_control=\u00bbyes\u00bb wrap=\u00bbyes\u00bb][vc_empty_space height=\u00bb20px\u00bb][vc_column_text]Situado en la planta baja, nuestro Spa cubre una superficie de 298 m\u00b2. El agua se mantiene a una temperatura de 30\u00baC &#8211; 32\u00ba C gracias a un sistema de paneles solares.[\/vc_column_text][vc_column_text]Un mundo de sensaciones a trav\u00e9s del agua le [&hellip;]<\/p>\n","protected":false},"author":1,"featured_media":0,"parent":0,"menu_order":0,"comment_status":"closed","ping_status":"closed","template":"","meta":[],"_links":{"self":[{"href":"https:\/\/therhinoresort.com\/es\/wp-json\/wp\/v2\/pages\/56"}],"collection":[{"href":"https:\/\/therhinoresort.com\/es\/wp-json\/wp\/v2\/pages"}],"about":[{"href":"https:\/\/therhinoresort.com\/es\/wp-json\/wp\/v2\/types\/page"}],"author":[{"embeddable":true,"href":"https:\/\/therhinoresort.com\/es\/wp-json\/wp\/v2\/users\/1"}],"replies":[{"embeddable":true,"href":"https:\/\/therhinoresort.com\/es\/wp-json\/wp\/v2\/comments?post=56"}],"version-history":[{"count":235,"href":"https:\/\/therhinoresort.com\/es\/wp-json\/wp\/v2\/pages\/56\/revisions"}],"predecessor-version":[{"id":11429,"href":"https:\/\/therhinoresort.com\/es\/wp-json\/wp\/v2\/pages\/56\/revisions\/11429"}],"wp:attachment":[{"href":"https:\/\/therhinoresort.com\/es\/wp-json\/wp\/v2\/media?parent=56"}],"curies":[{"name":"wp","href":"https:\/\/api.w.org\/{rel}","templated":true}]}}