{"id":3739,"date":"2015-01-14T18:02:01","date_gmt":"2015-01-14T18:02:01","guid":{"rendered":"http:\/\/therhinoresort.com\/fr\/?page_id=3739"},"modified":"2016-11-23T23:59:54","modified_gmt":"2016-11-23T23:59:54","slug":"cardiac-protected-area-certificate","status":"publish","type":"page","link":"https:\/\/therhinoresort.com\/es\/awards\/certificado-espacio-cardioprotegido\/","title":{"rendered":"Certificado Espacio Cardioprotegido"},"content":{"rendered":"<p>[vc_row][vc_column][vc_single_image image=\u00bb10163&#8243; img_size=\u00bbfull\u00bb][vc_empty_space height=\u00bb20px\u00bb][\/vc_column][\/vc_row][vc_row][vc_column width=\u00bb2\/3&#8243;][vc_column_text]<\/p>\n<h4><span style=\"color: #808080;\">Certificado Espacio Cardioprotegido<\/span><\/h4>\n<p>[\/vc_column_text][vc_separator border_width=\u00bb4&#8243;][vc_column_text]<span style=\"color: #808080;\">Los empleados de The Rhino Resort han recibido durante el mes de Enero de 2013 una formaci\u00f3n sobre las t\u00e9cnicas para atender a cualquier cliente que sufra una parada cardiorrespiratoria. Para ello se ha instalado junto a la recepci\u00f3n del establecimiento un desfibrilador externo semiautom\u00e1tico (DESA) de la empresa EMERFORMA S.L., que tambi\u00e9n ha sido la responsable de realizar toda la formaci\u00f3n te\u00f3rica y pr\u00e1ctica. El curso ha sido financiado por la Fundaci\u00f3n Nacional del Transporte Sanitario.<\/span>[\/vc_column_text][vc_single_image image=\u00bb9562&#8243; img_size=\u00bbmedium\u00bb alignment=\u00bbcenter\u00bb][vc_empty_space height=\u00bb20px\u00bb][\/vc_column][vc_column width=\u00bb1\/3&#8243;][vc_wp_custommenu nav_menu=\u00bb15&#8243;][vc_single_image image=\u00bb9530&#8243; img_size=\u00bb50&#215;50&#8243; onclick=\u00bbcustom_link\u00bb link=\u00bbhttp:\/\/www.therhinoresort.com\/awards\u00bb][\/vc_column][\/vc_row][vc_row][vc_column][vc_empty_space][rev_slider_vc alias=\u00bbrhino_sections_slider\u00bb][\/vc_column][\/vc_row]<\/p>","protected":false},"excerpt":{"rendered":"<p>[vc_row][vc_column][vc_single_image image=\u00bb10163&#8243; img_size=\u00bbfull\u00bb][vc_empty_space height=\u00bb20px\u00bb][\/vc_column][\/vc_row][vc_row][vc_column width=\u00bb2\/3&#8243;][vc_column_text] Certificado Espacio Cardioprotegido [\/vc_column_text][vc_separator border_width=\u00bb4&#8243;][vc_column_text]Los empleados de The Rhino Resort han recibido durante el mes de Enero de 2013 una formaci\u00f3n sobre las t\u00e9cnicas para atender a cualquier cliente que sufra una parada cardiorrespiratoria. Para ello se ha instalado junto a la recepci\u00f3n del establecimiento un desfibrilador externo semiautom\u00e1tico (DESA) de la empresa EMERFORMA S.L., que tambi\u00e9n ha sido la responsable de realizar toda la formaci\u00f3n te\u00f3rica y pr\u00e1ctica. El curso ha sido financiado por la Fundaci\u00f3n Nacional del Transporte Sanitario.[\/vc_column_text][vc_single_image image=\u00bb9562&#8243; img_size=\u00bbmedium\u00bb alignment=\u00bbcenter\u00bb][vc_empty_space height=\u00bb20px\u00bb][\/vc_column][vc_column width=\u00bb1\/3&#8243;][vc_wp_custommenu nav_menu=\u00bb15&#8243;][vc_single_image image=\u00bb9530&#8243; img_size=\u00bb50&#215;50&#8243; onclick=\u00bbcustom_link\u00bb link=\u00bbhttp:\/\/www.therhinoresort.com\/awards\u00bb][\/vc_column][\/vc_row][vc_row][vc_column][vc_empty_space][rev_slider_vc alias=\u00bbrhino_sections_slider\u00bb][\/vc_column][\/vc_row]<\/p>\n","protected":false},"author":1,"featured_media":0,"parent":704,"menu_order":0,"comment_status":"closed","ping_status":"closed","template":"","meta":[],"_links":{"self":[{"href":"https:\/\/therhinoresort.com\/es\/wp-json\/wp\/v2\/pages\/3739"}],"collection":[{"href":"https:\/\/therhinoresort.com\/es\/wp-json\/wp\/v2\/pages"}],"about":[{"href":"https:\/\/therhinoresort.com\/es\/wp-json\/wp\/v2\/types\/page"}],"author":[{"embeddable":true,"href":"https:\/\/therhinoresort.com\/es\/wp-json\/wp\/v2\/users\/1"}],"replies":[{"embeddable":true,"href":"https:\/\/therhinoresort.com\/es\/wp-json\/wp\/v2\/comments?post=3739"}],"version-history":[{"count":9,"href":"https:\/\/therhinoresort.com\/es\/wp-json\/wp\/v2\/pages\/3739\/revisions"}],"predecessor-version":[{"id":11651,"href":"https:\/\/therhinoresort.com\/es\/wp-json\/wp\/v2\/pages\/3739\/revisions\/11651"}],"up":[{"embeddable":true,"href":"https:\/\/therhinoresort.com\/es\/wp-json\/wp\/v2\/pages\/704"}],"wp:attachment":[{"href":"https:\/\/therhinoresort.com\/es\/wp-json\/wp\/v2\/media?parent=3739"}],"curies":[{"name":"wp","href":"https:\/\/api.w.org\/{rel}","templated":true}]}}