{"id":3465,"date":"2014-11-20T15:35:01","date_gmt":"2014-11-20T15:35:01","guid":{"rendered":"http:\/\/therhinoresort.com\/en\/?page_id=3465"},"modified":"2016-11-21T23:21:59","modified_gmt":"2016-11-21T23:21:59","slug":"lounge-bars","status":"publish","type":"page","link":"https:\/\/therhinoresort.com\/es\/instalaciones\/lounge-bars\/","title":{"rendered":"Lounge Bars"},"content":{"rendered":"<p>[vc_row][vc_column][vc_single_image image=\u00bb10111&#8243; img_size=\u00bbfull\u00bb][vc_empty_space height=\u00bb20px\u00bb][\/vc_column][\/vc_row][vc_row][vc_column width=\u00bb2\/3&#8243;][vc_single_image image=\u00bb11095&#8243; img_size=\u00bblarge\u00bb][vc_separator border_width=\u00bb4&#8243;][vc_column_text]<span style=\"color: #808080;\">Dos\u00a0espacios bar-lounge donde los hu\u00e9spedes pueden relajarse y disfrutar de uno de los muchos c\u00f3cteles propuestos o una copa de champ\u00e1n.<\/span><\/p>\n<p><span style=\"color: #808080;\">La m\u00fasica se\u00a0seleccionada en funci\u00f3n de la hora del d\u00eda. Aperitivos como desee, ligeros y afrutados, o algunas \u00abmuestras\u00bb culinarias a su gusto.\u00a0<\/span><span style=\"color: #808080;\">Al caer la noche, las velas y antorchas dan una atm\u00f3sfera a este lugar de una belleza encantadora. Pantalla de plasma, wifi &#8230; y un personal de gentileza y consideraci\u00f3n sin igual, atentos hasta en los menores detalles.<\/span>[\/vc_column_text][vc_empty_space height=\u00bb20px\u00bb][vc_separator style=\u00bbshadow\u00bb border_width=\u00bb4&#8243;][vc_row_inner][vc_column_inner width=\u00bb1\/2&#8243;][ultimate_icon_list css_icon_list=\u00bb.vc_custom_1477846956834{margin-bottom: 0px !important;}\u00bb][ultimate_icon_list_item icon_type=\u00bbcustom\u00bb icon_img=\u00bbid^10308|url^http:\/\/therhinoresort.com\/wp-content\/uploads\/picto_open_hours.png|caption^null|alt^null|title^picto_open_hours|description^null\u00bb]HORARIO[\/ultimate_icon_list_item][\/ultimate_icon_list][vc_column_text]<span style=\"color: #808080; font-size: medium;\"><strong>10<\/strong>h<strong>00<\/strong> &gt; <strong>01<\/strong>h<strong>00<\/strong><\/span>[\/vc_column_text][\/vc_column_inner][vc_column_inner width=\u00bb1\/2&#8243;][ultimate_icon_list css_icon_list=\u00bb.vc_custom_1477846963522{margin-bottom: 0px !important;}\u00bb][ultimate_icon_list_item icon_type=\u00bbcustom\u00bb icon_img=\u00bbid^9485|url^http:\/\/therhinoresort.com\/wp-content\/uploads\/picto_admission.png|caption^null|alt^null|title^picto_admission|description^null\u00bb]ADMISI\u00d3N[\/ultimate_icon_list_item][\/ultimate_icon_list][vc_column_text]<span style=\"color: #808080;\">Abierto al p\u00fablico en general<\/span>[\/vc_column_text][\/vc_column_inner][\/vc_row_inner][vc_empty_space height=\u00bb20px\u00bb][\/vc_column][vc_column width=\u00bb1\/3&#8243;][vc_wp_custommenu nav_menu=\u00bb11&#8243;][vc_single_image image=\u00bb9529&#8243; img_size=\u00bb50&#215;50&#8243; onclick=\u00bbcustom_link\u00bb link=\u00bbhttp:\/\/www.therhinoresort.com\/amenities\u00bb][\/vc_column][\/vc_row][vc_row][vc_column][vc_empty_space][rev_slider_vc alias=\u00bbrhino_sections_slider\u00bb][\/vc_column][\/vc_row]<\/p>","protected":false},"excerpt":{"rendered":"<p>[vc_row][vc_column][vc_single_image image=\u00bb10111&#8243; img_size=\u00bbfull\u00bb][vc_empty_space height=\u00bb20px\u00bb][\/vc_column][\/vc_row][vc_row][vc_column width=\u00bb2\/3&#8243;][vc_single_image image=\u00bb11095&#8243; img_size=\u00bblarge\u00bb][vc_separator border_width=\u00bb4&#8243;][vc_column_text]Dos\u00a0espacios bar-lounge donde los hu\u00e9spedes pueden relajarse y disfrutar de uno de los muchos c\u00f3cteles propuestos o una copa de champ\u00e1n. La m\u00fasica se\u00a0seleccionada en funci\u00f3n de la hora del d\u00eda. Aperitivos como desee, ligeros y afrutados, o algunas \u00abmuestras\u00bb culinarias a su gusto.\u00a0Al caer la noche, las velas y antorchas dan una atm\u00f3sfera a este lugar de una belleza encantadora. Pantalla de plasma, wifi &#8230; y un personal de gentileza y consideraci\u00f3n sin igual, atentos hasta en los menores detalles.[\/vc_column_text][vc_empty_space height=\u00bb20px\u00bb][vc_separator style=\u00bbshadow\u00bb border_width=\u00bb4&#8243;][vc_row_inner][vc_column_inner width=\u00bb1\/2&#8243;][ultimate_icon_list css_icon_list=\u00bb.vc_custom_1477846956834{margin-bottom: 0px !important;}\u00bb][ultimate_icon_list_item icon_type=\u00bbcustom\u00bb icon_img=\u00bbid^10308|url^http:\/\/therhinoresort.com\/wp-content\/uploads\/picto_open_hours.png|caption^null|alt^null|title^picto_open_hours|description^null\u00bb]HORARIO[\/ultimate_icon_list_item][\/ultimate_icon_list][vc_column_text]10h00 &gt; 01h00[\/vc_column_text][\/vc_column_inner][vc_column_inner width=\u00bb1\/2&#8243;][ultimate_icon_list css_icon_list=\u00bb.vc_custom_1477846963522{margin-bottom: 0px !important;}\u00bb][ultimate_icon_list_item icon_type=\u00bbcustom\u00bb icon_img=\u00bbid^9485|url^http:\/\/therhinoresort.com\/wp-content\/uploads\/picto_admission.png|caption^null|alt^null|title^picto_admission|description^null\u00bb]ADMISI\u00d3N[\/ultimate_icon_list_item][\/ultimate_icon_list][vc_column_text]Abierto al p\u00fablico en general[\/vc_column_text][\/vc_column_inner][\/vc_row_inner][vc_empty_space height=\u00bb20px\u00bb][\/vc_column][vc_column width=\u00bb1\/3&#8243;][vc_wp_custommenu nav_menu=\u00bb11&#8243;][vc_single_image image=\u00bb9529&#8243; img_size=\u00bb50&#215;50&#8243; onclick=\u00bbcustom_link\u00bb link=\u00bbhttp:\/\/www.therhinoresort.com\/amenities\u00bb][\/vc_column][\/vc_row][vc_row][vc_column][vc_empty_space][rev_slider_vc alias=\u00bbrhino_sections_slider\u00bb][\/vc_column][\/vc_row]<\/p>\n","protected":false},"author":1,"featured_media":0,"parent":39,"menu_order":0,"comment_status":"closed","ping_status":"closed","template":"","meta":[],"_links":{"self":[{"href":"https:\/\/therhinoresort.com\/es\/wp-json\/wp\/v2\/pages\/3465"}],"collection":[{"href":"https:\/\/therhinoresort.com\/es\/wp-json\/wp\/v2\/pages"}],"about":[{"href":"https:\/\/therhinoresort.com\/es\/wp-json\/wp\/v2\/types\/page"}],"author":[{"embeddable":true,"href":"https:\/\/therhinoresort.com\/es\/wp-json\/wp\/v2\/users\/1"}],"replies":[{"embeddable":true,"href":"https:\/\/therhinoresort.com\/es\/wp-json\/wp\/v2\/comments?post=3465"}],"version-history":[{"count":20,"href":"https:\/\/therhinoresort.com\/es\/wp-json\/wp\/v2\/pages\/3465\/revisions"}],"predecessor-version":[{"id":11460,"href":"https:\/\/therhinoresort.com\/es\/wp-json\/wp\/v2\/pages\/3465\/revisions\/11460"}],"up":[{"embeddable":true,"href":"https:\/\/therhinoresort.com\/es\/wp-json\/wp\/v2\/pages\/39"}],"wp:attachment":[{"href":"https:\/\/therhinoresort.com\/es\/wp-json\/wp\/v2\/media?parent=3465"}],"curies":[{"name":"wp","href":"https:\/\/api.w.org\/{rel}","templated":true}]}}