{"id":3395,"date":"2014-11-10T17:46:08","date_gmt":"2014-11-10T17:46:08","guid":{"rendered":"http:\/\/therhinoresort.com\/en\/?page_id=3395"},"modified":"2016-11-23T23:06:16","modified_gmt":"2016-11-23T23:06:16","slug":"restaurants","status":"publish","type":"page","link":"https:\/\/therhinoresort.com\/es\/instalaciones\/restaurantes\/","title":{"rendered":"Restaurantes"},"content":{"rendered":"<p>[vc_row][vc_column][vc_single_image image=\u00bb10111&#8243; img_size=\u00bbfull\u00bb][vc_empty_space height=\u00bb20px\u00bb][\/vc_column][\/vc_row][vc_row][vc_column width=\u00bb2\/3&#8243;][vc_tta_tabs color=\u00bbwhite\u00bb active_section=\u00bb1&#8243;][vc_tta_section title=\u00bbL\u00b4Orchid\u00e9e\u00bb tab_id=\u00bb1476179729613-fddd5c19-b1e3&#8243;][vc_single_image image=\u00bb10164&#8243; img_size=\u00bblarge\u00bb][vc_separator border_width=\u00bb4&#8243;][vc_column_text]Con una capacidad para 60 personas, nuestro restaurante L\u00b4Orchid\u00e9e bordea la piscina central y los bellos jardines de palmeras y datileras.<\/p>\n<p>La cascada de agua que ambienta el restaurante le sumerge en un ambiente de serenidad y relajaci\u00f3n. Una cocina acristalada permite a los clientes observar la preparaci\u00f3n de cada plato.[\/vc_column_text][vc_empty_space height=\u00bb20px\u00bb][vc_separator style=\u00bbshadow\u00bb border_width=\u00bb4&#8243;][vc_row_inner][vc_column_inner width=\u00bb1\/2&#8243;][ultimate_icon_list icon_size=\u00bb25&#8243; css_icon_list=\u00bb.vc_custom_1479403602565{margin-bottom: 0px !important;}\u00bb][ultimate_icon_list_item icon_type=\u00bbcustom\u00bb icon_img=\u00bbid^10308|url^http:\/\/therhinoresort.com\/wp-content\/uploads\/picto_open_hours.png|caption^null|alt^null|title^picto_open_hours|description^null\u00bb]<span style=\"color: #333333; font-size: medium;\">\u00a0HORARIO<\/span>[\/ultimate_icon_list_item][\/ultimate_icon_list][vc_column_text]\u00b7 <strong>Desayuno<\/strong>: 7h30 &gt;\u00a010h00<br \/>\n\u00b7 <strong>Almuerzo<\/strong>: 12h00 &gt;\u00a015h00<br \/>\n\u00b7 <strong>Cena<\/strong>: 19h30\u00a0&gt; 23h00[\/vc_column_text][\/vc_column_inner][vc_column_inner width=\u00bb1\/2&#8243;][ultimate_icon_list icon_size=\u00bb25&#8243; css_icon_list=\u00bb.vc_custom_1479403611645{margin-bottom: 0px !important;}\u00bb][ultimate_icon_list_item icon_type=\u00bbcustom\u00bb icon_img=\u00bbid^9485|url^http:\/\/therhinoresort.com\/wp-content\/uploads\/picto_admission.png|caption^null|alt^null|title^picto_admission|description^null\u00bb]<span style=\"color: #333333; font-size: medium;\">\u00a0ADMISI\u00d3N<\/span>[\/ultimate_icon_list_item][\/ultimate_icon_list][vc_column_text]\u00b7 Abierto al p\u00fablico en general<br \/>\n\u00b7 Vestimenta correcta exigida[\/vc_column_text][\/vc_column_inner][\/vc_row_inner][\/vc_tta_section][vc_tta_section title=\u00bbLe Bambou\u00bb tab_id=\u00bb1476179729658-16a00431-df4b\u00bb][vc_single_image image=\u00bb11607&#8243; img_size=\u00bblarge\u00bb][vc_separator border_width=\u00bb4&#8243;][vc_column_text]Rom\u00e1ntico por naturaleza. El bamb\u00fa simboliza, entre otras cosas, serenidad, paz y elegancia.<\/p>\n<p>Estos son los pilares en los que se ha inspirado la creaci\u00f3n del restaurante Le Bambou. Dise\u00f1ado para grandes eventos, conferencias, bodas. El lugar perfecto para una velada inolvidable.[\/vc_column_text][vc_empty_space height=\u00bb20px\u00bb][vc_separator style=\u00bbshadow\u00bb border_width=\u00bb4&#8243;][vc_row_inner][vc_column_inner width=\u00bb1\/2&#8243;][ultimate_icon_list icon_size=\u00bb25&#8243; css_icon_list=\u00bb.vc_custom_1479403602565{margin-bottom: 0px !important;}\u00bb][ultimate_icon_list_item icon_type=\u00bbcustom\u00bb icon_img=\u00bbid^10308|url^http:\/\/therhinoresort.com\/wp-content\/uploads\/picto_open_hours.png|caption^null|alt^null|title^picto_open_hours|description^null\u00bb]<span style=\"color: #333333; font-size: medium;\">\u00a0HORARIO<\/span>[\/ultimate_icon_list_item][\/ultimate_icon_list][vc_column_text]\u00b7 <strong>Desayuno<\/strong>: 7h30 &gt;\u00a010h00<br \/>\n\u00b7 <strong>Almuerzo<\/strong>: 12h00 &gt;\u00a015h00<br \/>\n\u00b7 <strong>Cena<\/strong>: 19h30\u00a0&gt; 23h00[\/vc_column_text][\/vc_column_inner][vc_column_inner width=\u00bb1\/2&#8243;][ultimate_icon_list icon_size=\u00bb25&#8243; css_icon_list=\u00bb.vc_custom_1479403611645{margin-bottom: 0px !important;}\u00bb][ultimate_icon_list_item icon_type=\u00bbcustom\u00bb icon_img=\u00bbid^9485|url^http:\/\/therhinoresort.com\/wp-content\/uploads\/picto_admission.png|caption^null|alt^null|title^picto_admission|description^null\u00bb]<span style=\"color: #333333; font-size: medium;\">\u00a0ADMISI\u00d3N<\/span>[\/ultimate_icon_list_item][\/ultimate_icon_list][vc_column_text]\u00b7 Abierto al p\u00fablico en general<br \/>\n\u00b7 Vestimenta correcta exigida[\/vc_column_text][\/vc_column_inner][\/vc_row_inner][\/vc_tta_section][\/vc_tta_tabs][\/vc_column][vc_column width=\u00bb1\/3&#8243;][vc_wp_custommenu nav_menu=\u00bb11&#8243;][vc_single_image image=\u00bb9529&#8243; img_size=\u00bb50&#215;50&#8243; onclick=\u00bbcustom_link\u00bb link=\u00bbhttp:\/\/www.therhinoresort.com\/amenities\u00bb][vc_empty_space][vc_single_image image=\u00bb10168&#8243; img_size=\u00bblarge\u00bb][vc_separator color=\u00bbcustom\u00bb border_width=\u00bb4&#8243; accent_color=\u00bb#b0d66b\u00bb][vc_column_text]Nuestro chef ofrece una cocina gastron\u00f3mica internacional, acompa\u00f1ados de una carta de vinos con unos 200 nombres.[\/vc_column_text][vc_column_text]Las excelentes habilidades de nuestro equipo le transportar\u00e1n a la fascinante alquimia de los mejores ingredientes del mercado. Un verdadero servicio 5 estrellas.[\/vc_column_text][\/vc_column][\/vc_row][vc_row][vc_column][vc_empty_space][rev_slider_vc alias=\u00bbrhino_sections_slider\u00bb][\/vc_column][\/vc_row]<\/p>","protected":false},"excerpt":{"rendered":"<p>[vc_row][vc_column][vc_single_image image=\u00bb10111&#8243; img_size=\u00bbfull\u00bb][vc_empty_space height=\u00bb20px\u00bb][\/vc_column][\/vc_row][vc_row][vc_column width=\u00bb2\/3&#8243;][vc_tta_tabs color=\u00bbwhite\u00bb active_section=\u00bb1&#8243;][vc_tta_section title=\u00bbL\u00b4Orchid\u00e9e\u00bb tab_id=\u00bb1476179729613-fddd5c19-b1e3&#8243;][vc_single_image image=\u00bb10164&#8243; img_size=\u00bblarge\u00bb][vc_separator border_width=\u00bb4&#8243;][vc_column_text]Con una capacidad para 60 personas, nuestro restaurante L\u00b4Orchid\u00e9e bordea la piscina central y los bellos jardines de palmeras y datileras. La cascada de agua que ambienta el restaurante le sumerge en un ambiente de serenidad y relajaci\u00f3n. Una cocina acristalada permite a los clientes observar la preparaci\u00f3n de cada plato.[\/vc_column_text][vc_empty_space height=\u00bb20px\u00bb][vc_separator style=\u00bbshadow\u00bb border_width=\u00bb4&#8243;][vc_row_inner][vc_column_inner width=\u00bb1\/2&#8243;][ultimate_icon_list icon_size=\u00bb25&#8243; css_icon_list=\u00bb.vc_custom_1479403602565{margin-bottom: 0px !important;}\u00bb][ultimate_icon_list_item icon_type=\u00bbcustom\u00bb icon_img=\u00bbid^10308|url^http:\/\/therhinoresort.com\/wp-content\/uploads\/picto_open_hours.png|caption^null|alt^null|title^picto_open_hours|description^null\u00bb]\u00a0HORARIO[\/ultimate_icon_list_item][\/ultimate_icon_list][vc_column_text]\u00b7 Desayuno: 7h30 &gt;\u00a010h00 \u00b7 Almuerzo: 12h00 &gt;\u00a015h00 \u00b7 Cena: 19h30\u00a0&gt; 23h00[\/vc_column_text][\/vc_column_inner][vc_column_inner width=\u00bb1\/2&#8243;][ultimate_icon_list icon_size=\u00bb25&#8243; css_icon_list=\u00bb.vc_custom_1479403611645{margin-bottom: 0px !important;}\u00bb][ultimate_icon_list_item icon_type=\u00bbcustom\u00bb icon_img=\u00bbid^9485|url^http:\/\/therhinoresort.com\/wp-content\/uploads\/picto_admission.png|caption^null|alt^null|title^picto_admission|description^null\u00bb]\u00a0ADMISI\u00d3N[\/ultimate_icon_list_item][\/ultimate_icon_list][vc_column_text]\u00b7 Abierto al p\u00fablico en general \u00b7 Vestimenta correcta exigida[\/vc_column_text][\/vc_column_inner][\/vc_row_inner][\/vc_tta_section][vc_tta_section title=\u00bbLe Bambou\u00bb tab_id=\u00bb1476179729658-16a00431-df4b\u00bb][vc_single_image image=\u00bb11607&#8243; img_size=\u00bblarge\u00bb][vc_separator border_width=\u00bb4&#8243;][vc_column_text]Rom\u00e1ntico por naturaleza. El bamb\u00fa simboliza, entre otras cosas, serenidad, paz y elegancia. Estos son los pilares en los que se ha inspirado la creaci\u00f3n del restaurante Le Bambou. Dise\u00f1ado para grandes eventos, conferencias, bodas. El lugar perfecto para una velada inolvidable.[\/vc_column_text][vc_empty_space height=\u00bb20px\u00bb][vc_separator style=\u00bbshadow\u00bb border_width=\u00bb4&#8243;][vc_row_inner][vc_column_inner width=\u00bb1\/2&#8243;][ultimate_icon_list icon_size=\u00bb25&#8243; css_icon_list=\u00bb.vc_custom_1479403602565{margin-bottom: 0px !important;}\u00bb][ultimate_icon_list_item icon_type=\u00bbcustom\u00bb icon_img=\u00bbid^10308|url^http:\/\/therhinoresort.com\/wp-content\/uploads\/picto_open_hours.png|caption^null|alt^null|title^picto_open_hours|description^null\u00bb]\u00a0HORARIO[\/ultimate_icon_list_item][\/ultimate_icon_list][vc_column_text]\u00b7 Desayuno: 7h30 &gt;\u00a010h00 \u00b7 Almuerzo: 12h00 &gt;\u00a015h00 \u00b7 Cena: 19h30\u00a0&gt; 23h00[\/vc_column_text][\/vc_column_inner][vc_column_inner width=\u00bb1\/2&#8243;][ultimate_icon_list icon_size=\u00bb25&#8243; css_icon_list=\u00bb.vc_custom_1479403611645{margin-bottom: 0px !important;}\u00bb][ultimate_icon_list_item icon_type=\u00bbcustom\u00bb icon_img=\u00bbid^9485|url^http:\/\/therhinoresort.com\/wp-content\/uploads\/picto_admission.png|caption^null|alt^null|title^picto_admission|description^null\u00bb]\u00a0ADMISI\u00d3N[\/ultimate_icon_list_item][\/ultimate_icon_list][vc_column_text]\u00b7 Abierto al p\u00fablico en general \u00b7 Vestimenta correcta exigida[\/vc_column_text][\/vc_column_inner][\/vc_row_inner][\/vc_tta_section][\/vc_tta_tabs][\/vc_column][vc_column width=\u00bb1\/3&#8243;][vc_wp_custommenu nav_menu=\u00bb11&#8243;][vc_single_image image=\u00bb9529&#8243; img_size=\u00bb50&#215;50&#8243; onclick=\u00bbcustom_link\u00bb link=\u00bbhttp:\/\/www.therhinoresort.com\/amenities\u00bb][vc_empty_space][vc_single_image image=\u00bb10168&#8243; img_size=\u00bblarge\u00bb][vc_separator color=\u00bbcustom\u00bb border_width=\u00bb4&#8243; accent_color=\u00bb#b0d66b\u00bb][vc_column_text]Nuestro chef ofrece una cocina gastron\u00f3mica internacional, acompa\u00f1ados de una carta de vinos con unos 200 nombres.[\/vc_column_text][vc_column_text]Las excelentes habilidades de nuestro equipo le transportar\u00e1n a la fascinante alquimia de los mejores ingredientes del mercado. Un verdadero servicio 5 estrellas.[\/vc_column_text][\/vc_column][\/vc_row][vc_row][vc_column][vc_empty_space][rev_slider_vc alias=\u00bbrhino_sections_slider\u00bb][\/vc_column][\/vc_row]<\/p>\n","protected":false},"author":1,"featured_media":0,"parent":39,"menu_order":0,"comment_status":"closed","ping_status":"closed","template":"","meta":[],"_links":{"self":[{"href":"https:\/\/therhinoresort.com\/es\/wp-json\/wp\/v2\/pages\/3395"}],"collection":[{"href":"https:\/\/therhinoresort.com\/es\/wp-json\/wp\/v2\/pages"}],"about":[{"href":"https:\/\/therhinoresort.com\/es\/wp-json\/wp\/v2\/types\/page"}],"author":[{"embeddable":true,"href":"https:\/\/therhinoresort.com\/es\/wp-json\/wp\/v2\/users\/1"}],"replies":[{"embeddable":true,"href":"https:\/\/therhinoresort.com\/es\/wp-json\/wp\/v2\/comments?post=3395"}],"version-history":[{"count":31,"href":"https:\/\/therhinoresort.com\/es\/wp-json\/wp\/v2\/pages\/3395\/revisions"}],"predecessor-version":[{"id":11610,"href":"https:\/\/therhinoresort.com\/es\/wp-json\/wp\/v2\/pages\/3395\/revisions\/11610"}],"up":[{"embeddable":true,"href":"https:\/\/therhinoresort.com\/es\/wp-json\/wp\/v2\/pages\/39"}],"wp:attachment":[{"href":"https:\/\/therhinoresort.com\/es\/wp-json\/wp\/v2\/media?parent=3395"}],"curies":[{"name":"wp","href":"https:\/\/api.w.org\/{rel}","templated":true}]}}