{"id":3373,"date":"2014-11-10T16:23:57","date_gmt":"2014-11-10T16:23:57","guid":{"rendered":"http:\/\/therhinoresort.com\/en\/?page_id=3373"},"modified":"2016-11-23T23:04:25","modified_gmt":"2016-11-23T23:04:25","slug":"meetings-events","status":"publish","type":"page","link":"https:\/\/therhinoresort.com\/es\/instalaciones\/reuniones-y-eventos\/","title":{"rendered":"Reuniones y Eventos"},"content":{"rendered":"<p>[vc_row][vc_column][vc_single_image image=\u00bb11509&#8243; img_size=\u00bbfull\u00bb][vc_empty_space height=\u00bb20px\u00bb][vc_column_text]<\/p>\n<p style=\"text-align: justify;\" align=\"justify\"><span style=\"color: #808080;\">Nuestras salas de conferencia y equipos han sido dise\u00f1ados por profesionales. Nuestros recursos de planificaci\u00f3n permiten optimizar el \u00e9xito de sus reuniones. Un universo de trabajo donde la innovaci\u00f3n y la tecnolog\u00eda est\u00e1n al servicio de la eficiencia.<\/span><\/p>\n<p style=\"text-align: justify;\"><span style=\"color: #808080;\">Las 5\u00a0salas est\u00e1n equipadas para satisfacer sus necesidades. El servicio de catering tambi\u00e9n ofrece coffee breaks seg\u00fan sus demandas, as\u00ed como men\u00fas personalizados que se adaptan a todos los credos y cocinas del mundo.<\/span><\/p>\n<p>[\/vc_column_text][\/vc_column][\/vc_row][vc_row][vc_column width=\u00bb2\/3&#8243;][vc_tta_tabs color=\u00bbwhite\u00bb active_section=\u00bb1&#8243;][vc_tta_section title=\u00bb5 \u00c9lements\u00bb tab_id=\u00bb1475285592320-672053c4-552af5a0-5c10&#8243;][vc_single_image image=\u00bb11505&#8243; img_size=\u00bblarge\u00bb alignment=\u00bbcenter\u00bb][vc_separator border_width=\u00bb4&#8243;][vc_column_text]<span style=\"color: #808080;\">La 5 elementos es el \u00e1rea de negocios m\u00e1s prestigiosa en The Rhino Resort Hotel &amp; Spa. Cada elemento est\u00e1 asociado con un per\u00edodo del d\u00eda y le permite tener una idea m\u00e1s concreta de la energ\u00eda que transmite. Esta situada en el coraz\u00f3n del hotel. Su elegancia, estilo y confort son adecuados para todas las recepciones: conferencias, reuniones internacionales con la posibilidad de tener una cabina de traducci\u00f3n simult\u00e1nea, team building, sesiones de formaci\u00f3n, bodas, teatro, cine &#8230;<\/span>[\/vc_column_text][vc_empty_space height=\u00bb20px\u00bb][vc_separator style=\u00bbshadow\u00bb border_width=\u00bb4&#8243;][vc_row_inner][vc_column_inner width=\u00bb1\/3&#8243;][ultimate_icon_list icon_size=\u00bb25&#8243; css_icon_list=\u00bb.vc_custom_1477846160171{margin-bottom: 0px !important;}\u00bb][ultimate_icon_list_item icon_type=\u00bbcustom\u00bb icon_img=\u00bbid^9574|url^http:\/\/therhinoresort.com\/wp-content\/uploads\/picto_size.png|caption^null|alt^null|title^picto_size|description^null\u00bb]<span style=\"color: #333333; font-size: medium;\">\u00a0DIMENSIONES<\/span>[\/ultimate_icon_list_item][\/ultimate_icon_list][vc_column_text]<span style=\"color: #808080;\"><span style=\"font-size: medium;\"><strong>288<\/strong>\u00a0m\u00b2<\/span><\/span>[\/vc_column_text][\/vc_column_inner][vc_column_inner width=\u00bb1\/3&#8243;][ultimate_icon_list icon_size=\u00bb25&#8243; css_icon_list=\u00bb.vc_custom_1477846238399{margin-bottom: 0px !important;}\u00bb][ultimate_icon_list_item icon_type=\u00bbcustom\u00bb icon_img=\u00bbid^9505|url^http:\/\/therhinoresort.com\/wp-content\/uploads\/picto_capacity.png|caption^null|alt^null|title^picto_capacity|description^null\u00bb]<span style=\"color: #333333; font-size: medium;\">CAPACIDAD<\/span>[\/ultimate_icon_list_item][\/ultimate_icon_list][vc_column_text]<span style=\"color: #808080; font-size: medium;\"><strong>200<\/strong>\u00a0personas<\/span>[\/vc_column_text][\/vc_column_inner][vc_column_inner width=\u00bb1\/3&#8243;][ultimate_icon_list icon_size=\u00bb25&#8243; css_icon_list=\u00bb.vc_custom_1477846244558{margin-bottom: 0px !important;}\u00bb][ultimate_icon_list_item icon_type=\u00bbcustom\u00bb icon_img=\u00bbid^10308|url^http:\/\/therhinoresort.com\/wp-content\/uploads\/picto_open_hours.png|caption^null|alt^null|title^picto_open_hours|description^null\u00bb]<span style=\"color: #333333; font-size: medium;\">HORARIO<\/span>[\/ultimate_icon_list_item][\/ultimate_icon_list][vc_column_text]<span style=\"color: #808080; font-size: medium;\"><strong>24\u00a0<\/strong>h<\/span>[\/vc_column_text][\/vc_column_inner][\/vc_row_inner][\/vc_tta_section][vc_tta_section title=\u00bbRhino 1&#8243; tab_id=\u00bb1475286438786-36b9e55a-63aef5a0-5c10&#8243;][vc_single_image image=\u00bb11506&#8243; img_size=\u00bblarge\u00bb alignment=\u00bbcenter\u00bb][vc_separator border_width=\u00bb4&#8243;][vc_column_text]Nuestras salas de conferencias y equipamientos han sido dise\u00f1ados por profesionales y est\u00e1n dotados de las ultimas tecnolog\u00edas. Nuestros recursos permiten a los clientes planificar su estancia y gesti\u00f3n de sus invitados. Con una superficie de m\u00e1s de 90 m\u00b2, capacidad para 40 personas, climatizaci\u00f3n y un alto nivel de funcionalidad, dise\u00f1o y tecnolog\u00eda, nuestra sala de conferencias Rhino es la opci\u00f3n ideal para los viajes de negocios.[\/vc_column_text][vc_empty_space height=\u00bb20px\u00bb][vc_separator style=\u00bbshadow\u00bb border_width=\u00bb4&#8243;][vc_row_inner][vc_column_inner width=\u00bb1\/3&#8243;][ultimate_icon_list icon_size=\u00bb25&#8243; css_icon_list=\u00bb.vc_custom_1477846160171{margin-bottom: 0px !important;}\u00bb][ultimate_icon_list_item icon_type=\u00bbcustom\u00bb icon_img=\u00bbid^9574|url^http:\/\/therhinoresort.com\/wp-content\/uploads\/picto_size.png|caption^null|alt^null|title^picto_size|description^null\u00bb]<span style=\"color: #333333; font-size: medium;\">\u00a0DIMENSIONES<\/span>[\/ultimate_icon_list_item][\/ultimate_icon_list][vc_column_text]<span style=\"color: #808080; font-size: medium;\"><strong>90<\/strong>\u00a0m\u00b2<\/span>[\/vc_column_text][\/vc_column_inner][vc_column_inner width=\u00bb1\/3&#8243;][ultimate_icon_list icon_size=\u00bb25&#8243; css_icon_list=\u00bb.vc_custom_1477846238399{margin-bottom: 0px !important;}\u00bb][ultimate_icon_list_item icon_type=\u00bbcustom\u00bb icon_img=\u00bbid^9505|url^http:\/\/therhinoresort.com\/wp-content\/uploads\/picto_capacity.png|caption^null|alt^null|title^picto_capacity|description^null\u00bb]<span style=\"color: #333333; font-size: medium;\">CAPACIDAD<\/span>[\/ultimate_icon_list_item][\/ultimate_icon_list][vc_column_text]<span style=\"color: #808080; font-size: medium;\"><strong>40<\/strong> personas<\/span>[\/vc_column_text][\/vc_column_inner][vc_column_inner width=\u00bb1\/3&#8243;][ultimate_icon_list icon_size=\u00bb25&#8243; css_icon_list=\u00bb.vc_custom_1477846244558{margin-bottom: 0px !important;}\u00bb][ultimate_icon_list_item icon_type=\u00bbcustom\u00bb icon_img=\u00bbid^10308|url^http:\/\/therhinoresort.com\/wp-content\/uploads\/picto_open_hours.png|caption^null|alt^null|title^picto_open_hours|description^null\u00bb]<span style=\"color: #333333; font-size: medium;\">HORARIO<\/span>[\/ultimate_icon_list_item][\/ultimate_icon_list][vc_column_text]<span style=\"color: #808080; font-size: medium;\"><strong>24\u00a0<\/strong>h<\/span>[\/vc_column_text][\/vc_column_inner][\/vc_row_inner][\/vc_tta_section][vc_tta_section title=\u00bbRhino 2&#8243; tab_id=\u00bb1479402082676-868811ad-1edd\u00bb][vc_single_image image=\u00bb11520&#8243; img_size=\u00bblarge\u00bb alignment=\u00bbcenter\u00bb][vc_separator border_width=\u00bb4&#8243;][vc_column_text]Nuestras salas de conferencias y equipamientos han sido dise\u00f1ados por profesionales y est\u00e1n dotados de las ultimas tecnolog\u00edas. Nuestros recursos permiten a los clientes planificar su estancia y gesti\u00f3n de sus invitados. Con una superficie de m\u00e1s de 90 m\u00b2, capacidad para 40 personas, climatizaci\u00f3n y un alto nivel de funcionalidad, dise\u00f1o y tecnolog\u00eda, nuestra sala de conferencias Rhino es la opci\u00f3n ideal para los viajes de negocios.[\/vc_column_text][vc_empty_space height=\u00bb20px\u00bb][vc_separator style=\u00bbshadow\u00bb border_width=\u00bb4&#8243;][vc_row_inner][vc_column_inner width=\u00bb1\/3&#8243;][ultimate_icon_list icon_size=\u00bb25&#8243; css_icon_list=\u00bb.vc_custom_1477846160171{margin-bottom: 0px !important;}\u00bb][ultimate_icon_list_item icon_type=\u00bbcustom\u00bb icon_img=\u00bbid^9574|url^http:\/\/therhinoresort.com\/wp-content\/uploads\/picto_size.png|caption^null|alt^null|title^picto_size|description^null\u00bb]<span style=\"color: #333333; font-size: medium;\">\u00a0DIMENSIONES<\/span>[\/ultimate_icon_list_item][\/ultimate_icon_list][vc_column_text]<span style=\"color: #808080; font-size: medium;\"><strong>90<\/strong>\u00a0m\u00b2<\/span>[\/vc_column_text][\/vc_column_inner][vc_column_inner width=\u00bb1\/3&#8243;][ultimate_icon_list icon_size=\u00bb25&#8243; css_icon_list=\u00bb.vc_custom_1477846238399{margin-bottom: 0px !important;}\u00bb][ultimate_icon_list_item icon_type=\u00bbcustom\u00bb icon_img=\u00bbid^9505|url^http:\/\/therhinoresort.com\/wp-content\/uploads\/picto_capacity.png|caption^null|alt^null|title^picto_capacity|description^null\u00bb]<span style=\"color: #333333; font-size: medium;\">CAPACIDAD<\/span>[\/ultimate_icon_list_item][\/ultimate_icon_list][vc_column_text]<span style=\"color: #808080; font-size: medium;\"><strong>40<\/strong> personas<\/span>[\/vc_column_text][\/vc_column_inner][vc_column_inner width=\u00bb1\/3&#8243;][ultimate_icon_list icon_size=\u00bb25&#8243; css_icon_list=\u00bb.vc_custom_1477846244558{margin-bottom: 0px !important;}\u00bb][ultimate_icon_list_item icon_type=\u00bbcustom\u00bb icon_img=\u00bbid^10308|url^http:\/\/therhinoresort.com\/wp-content\/uploads\/picto_open_hours.png|caption^null|alt^null|title^picto_open_hours|description^null\u00bb]<span style=\"color: #333333; font-size: medium;\">HORARIO<\/span>[\/ultimate_icon_list_item][\/ultimate_icon_list][vc_column_text]<span style=\"color: #808080; font-size: medium;\"><strong>24\u00a0<\/strong>h<\/span>[\/vc_column_text][\/vc_column_inner][\/vc_row_inner][\/vc_tta_section][vc_tta_section title=\u00bbEnfants d&#8217;Afrique\u00bb tab_id=\u00bb1475286797873-63448128-6261f5a0-5c10&#8243;][vc_single_image image=\u00bb11507&#8243; img_size=\u00bblarge\u00bb alignment=\u00bbcenter\u00bb][vc_separator border_width=\u00bb4&#8243;][vc_column_text]<span style=\"color: #808080;\">Puede ser reservada, o no, con la Suite Presidencial. Goza de una entrada privada. Refinada, c\u00f3moda y funcional, es ideal para peque\u00f1as reuniones o conferencias que promueven el di\u00e1logo\u00a0de los participantes.<\/span>[\/vc_column_text][vc_empty_space height=\u00bb20px\u00bb][vc_separator style=\u00bbshadow\u00bb border_width=\u00bb4&#8243;][vc_row_inner][vc_column_inner width=\u00bb1\/3&#8243;][ultimate_icon_list icon_size=\u00bb25&#8243; css_icon_list=\u00bb.vc_custom_1477846160171{margin-bottom: 0px !important;}\u00bb][ultimate_icon_list_item icon_type=\u00bbcustom\u00bb icon_img=\u00bbid^9574|url^http:\/\/therhinoresort.com\/wp-content\/uploads\/picto_size.png|caption^null|alt^null|title^picto_size|description^null\u00bb]<span style=\"color: #333333; font-size: medium;\">\u00a0DIMENSIONES<\/span>[\/ultimate_icon_list_item][\/ultimate_icon_list][vc_column_text]<span style=\"color: #808080;\"><span style=\"font-size: medium;\"><strong>24<\/strong> m\u00b2<\/span><\/span>[\/vc_column_text][\/vc_column_inner][vc_column_inner width=\u00bb1\/3&#8243;][ultimate_icon_list icon_size=\u00bb25&#8243; css_icon_list=\u00bb.vc_custom_1477846238399{margin-bottom: 0px !important;}\u00bb][ultimate_icon_list_item icon_type=\u00bbcustom\u00bb icon_img=\u00bbid^9505|url^http:\/\/therhinoresort.com\/wp-content\/uploads\/picto_capacity.png|caption^null|alt^null|title^picto_capacity|description^null\u00bb]<span style=\"color: #333333; font-size: medium;\">CAPACIDAD<\/span>[\/ultimate_icon_list_item][\/ultimate_icon_list][vc_column_text]<span style=\"color: #808080; font-size: medium;\"><strong>10<\/strong> personas<\/span>[\/vc_column_text][\/vc_column_inner][vc_column_inner width=\u00bb1\/3&#8243;][ultimate_icon_list icon_size=\u00bb25&#8243; css_icon_list=\u00bb.vc_custom_1477846244558{margin-bottom: 0px !important;}\u00bb][ultimate_icon_list_item icon_type=\u00bbcustom\u00bb icon_img=\u00bbid^10308|url^http:\/\/therhinoresort.com\/wp-content\/uploads\/picto_open_hours.png|caption^null|alt^null|title^picto_open_hours|description^null\u00bb]<span style=\"color: #333333; font-size: medium;\">HORARIO<\/span>[\/ultimate_icon_list_item][\/ultimate_icon_list][vc_column_text]<span style=\"color: #808080; font-size: medium;\"><strong>24\u00a0<\/strong>h<\/span>[\/vc_column_text][\/vc_column_inner][\/vc_row_inner][\/vc_tta_section][vc_tta_section title=\u00bbMasa\u00ef\u00bb tab_id=\u00bb1475287939757-0d21e792-6cf2f5a0-5c10&#8243;][vc_single_image image=\u00bb11508&#8243; img_size=\u00bblarge\u00bb alignment=\u00bbcenter\u00bb][vc_separator border_width=\u00bb4&#8243;][vc_column_text]<span style=\"color: #808080;\">Puede ser reservada, o no, con la Suite Presidencial. Goza de una entrada privada. Ideal para peque\u00f1as reuniones \u00edntimas o un Consejo de Administraci\u00f3n. Ofrece una decoraci\u00f3n sobria y elegante.<\/span>[\/vc_column_text][vc_empty_space height=\u00bb20px\u00bb][vc_separator style=\u00bbshadow\u00bb border_width=\u00bb4&#8243;][vc_row_inner][vc_column_inner width=\u00bb1\/3&#8243;][ultimate_icon_list icon_size=\u00bb25&#8243; css_icon_list=\u00bb.vc_custom_1477846160171{margin-bottom: 0px !important;}\u00bb][ultimate_icon_list_item icon_type=\u00bbcustom\u00bb icon_img=\u00bbid^9574|url^http:\/\/therhinoresort.com\/wp-content\/uploads\/picto_size.png|caption^null|alt^null|title^picto_size|description^null\u00bb]<span style=\"color: #333333; font-size: medium;\">\u00a0DIMENSIONES<\/span>[\/ultimate_icon_list_item][\/ultimate_icon_list][vc_column_text]<span style=\"color: #808080;\"><span style=\"font-size: medium;\"><strong>12<\/strong>\u00a0m\u00b2<\/span><\/span>[\/vc_column_text][\/vc_column_inner][vc_column_inner width=\u00bb1\/3&#8243;][ultimate_icon_list icon_size=\u00bb25&#8243; css_icon_list=\u00bb.vc_custom_1477846238399{margin-bottom: 0px !important;}\u00bb][ultimate_icon_list_item icon_type=\u00bbcustom\u00bb icon_img=\u00bbid^9505|url^http:\/\/therhinoresort.com\/wp-content\/uploads\/picto_capacity.png|caption^null|alt^null|title^picto_capacity|description^null\u00bb]<span style=\"color: #333333; font-size: medium;\">CAPACIDAD<\/span>[\/ultimate_icon_list_item][\/ultimate_icon_list][vc_column_text]<span style=\"color: #808080; font-size: medium;\"><strong>6<\/strong>\u00a0personas<\/span>[\/vc_column_text][\/vc_column_inner][vc_column_inner width=\u00bb1\/3&#8243;][ultimate_icon_list icon_size=\u00bb25&#8243; css_icon_list=\u00bb.vc_custom_1477846244558{margin-bottom: 0px !important;}\u00bb][ultimate_icon_list_item icon_type=\u00bbcustom\u00bb icon_img=\u00bbid^10308|url^http:\/\/therhinoresort.com\/wp-content\/uploads\/picto_open_hours.png|caption^null|alt^null|title^picto_open_hours|description^null\u00bb]<span style=\"color: #333333; font-size: medium;\">HORARIO<\/span>[\/ultimate_icon_list_item][\/ultimate_icon_list][vc_column_text]<span style=\"color: #808080; font-size: medium;\"><strong>24\u00a0<\/strong>h<\/span>[\/vc_column_text][\/vc_column_inner][\/vc_row_inner][\/vc_tta_section][\/vc_tta_tabs][vc_empty_space height=\u00bb20px\u00bb][\/vc_column][vc_column width=\u00bb1\/3&#8243;][vc_wp_custommenu nav_menu=\u00bb11&#8243;][vc_single_image image=\u00bb9529&#8243; img_size=\u00bb50&#215;50&#8243; onclick=\u00bbcustom_link\u00bb link=\u00bbhttp:\/\/www.therhinoresort.com\/amenities\u00bb][vc_empty_space height=\u00bb20px\u00bb][vc_column_text]<\/p>\n<p align=\"justify\">El hotel se compromete a proporcionar un servicio excelente para garantizar el \u00e9xito de sus eventos. Varias salas de conferencias est\u00e1n disponibles para sus reuniones y presentaciones con capacidad de 6\u00a0a 200 participantes.<\/p>\n<p>[\/vc_column_text][\/vc_column][\/vc_row][vc_row][vc_column][vc_text_separator title=\u00bbCaracter\u00edsticas Comunes\u00bb border_width=\u00bb2&#8243;][vc_row_inner][vc_column_inner width=\u00bb1\/6&#8243;][vc_single_image image=\u00bb9478&#8243; img_size=\u00bb54&#215;40&#8243; alignment=\u00bbcenter\u00bb css_animation=\u00bbtop-to-bottom\u00bb][vc_column_text]<\/p>\n<p style=\"text-align: center;\"><span style=\"color: #808080;\">TV Pantalla Plana<\/span><\/p>\n<p>[\/vc_column_text][\/vc_column_inner][vc_column_inner width=\u00bb1\/6&#8243;][vc_single_image image=\u00bb9481&#8243; img_size=\u00bb40&#215;40&#8243; alignment=\u00bbcenter\u00bb css_animation=\u00bbtop-to-bottom\u00bb][vc_column_text]<\/p>\n<p style=\"text-align: center;\">Proyector<\/p>\n<p>[\/vc_column_text][\/vc_column_inner][vc_column_inner width=\u00bb1\/6&#8243;][vc_single_image image=\u00bb9480&#8243; img_size=\u00bb40&#215;40&#8243; alignment=\u00bbcenter\u00bb css_animation=\u00bbtop-to-bottom\u00bb][vc_column_text]<\/p>\n<p style=\"text-align: center;\">Pizarra Blanca<br \/>\nPaperboard<\/p>\n<p>[\/vc_column_text][\/vc_column_inner][vc_column_inner width=\u00bb1\/6&#8243;][vc_single_image image=\u00bb11008&#8243; img_size=\u00bb40&#215;40&#8243; alignment=\u00bbcenter\u00bb css_animation=\u00bbtop-to-bottom\u00bb][vc_column_text]<\/p>\n<p style=\"text-align: center;\">Aire Acondicionado<\/p>\n<p>[\/vc_column_text][\/vc_column_inner][vc_column_inner width=\u00bb1\/6&#8243;][vc_single_image image=\u00bb9484&#8243; img_size=\u00bb40&#215;40&#8243; alignment=\u00bbcenter\u00bb css_animation=\u00bbtop-to-bottom\u00bb][vc_column_text]<\/p>\n<p style=\"text-align: center;\"><span style=\"color: #808080;\">Wi-Fi de Alta Velocidad gratuito<\/span><\/p>\n<p>[\/vc_column_text][\/vc_column_inner][vc_column_inner width=\u00bb1\/6&#8243;][vc_single_image image=\u00bb9479&#8243; img_size=\u00bb40&#215;40&#8243; alignment=\u00bbcenter\u00bb css_animation=\u00bbtop-to-bottom\u00bb][vc_column_text]<\/p>\n<p style=\"text-align: center;\"><span style=\"color: #808080;\">Micr\u00f3fonos y\u00a0Altavoces<\/span><\/p>\n<p>[\/vc_column_text][\/vc_column_inner][\/vc_row_inner][vc_text_separator title=\u00bbServicios Opcionales\u00bb border_width=\u00bb2&#8243;][vc_row_inner][vc_column_inner width=\u00bb1\/6&#8243;][vc_single_image image=\u00bb9477&#8243; img_size=\u00bb40&#215;40&#8243; alignment=\u00bbcenter\u00bb css_animation=\u00bbtop-to-bottom\u00bb][vc_column_text]<\/p>\n<p style=\"text-align: center;\"><span style=\"color: #808080;\">Fax, impresoras, fotocopiadoras y esc\u00e1ners<\/span><\/p>\n<p>[\/vc_column_text][\/vc_column_inner][vc_column_inner width=\u00bb1\/6&#8243;][vc_single_image image=\u00bb9568&#8243; img_size=\u00bb40&#215;40&#8243; alignment=\u00bbcenter\u00bb css_animation=\u00bbtop-to-bottom\u00bb][vc_column_text]<\/p>\n<p style=\"text-align: center;\"><span style=\"color: #808080;\">Reproductores de VCD, DVD y CD<\/span><\/p>\n<p>[\/vc_column_text][\/vc_column_inner][vc_column_inner width=\u00bb1\/6&#8243;][vc_single_image image=\u00bb9482&#8243; img_size=\u00bb40&#215;40&#8243; alignment=\u00bbcenter\u00bb css_animation=\u00bbtop-to-bottom\u00bb][vc_column_text]<\/p>\n<p style=\"text-align: center;\"><span style=\"color: #808080;\">Sercicio de Secretaria<\/span><\/p>\n<p>[\/vc_column_text][\/vc_column_inner][vc_column_inner width=\u00bb1\/6&#8243;][vc_single_image image=\u00bb9591&#8243; img_size=\u00bb40&#215;40&#8243; alignment=\u00bbcenter\u00bb css_animation=\u00bbtop-to-bottom\u00bb][vc_column_text]<\/p>\n<p style=\"text-align: center;\"><span style=\"color: #808080;\">Servicio de traducci\u00f3n<\/span><\/p>\n<p>[\/vc_column_text][\/vc_column_inner][vc_column_inner width=\u00bb1\/6&#8243;][vc_single_image image=\u00bb11409&#8243; img_size=\u00bb40&#215;40&#8243; alignment=\u00bbcenter\u00bb css_animation=\u00bbtop-to-bottom\u00bb][vc_column_text]<\/p>\n<p style=\"text-align: center;\">Decoraci\u00f3n<\/p>\n<p>[\/vc_column_text][\/vc_column_inner][vc_column_inner width=\u00bb1\/6&#8243;][vc_single_image image=\u00bb9472&#8243; img_size=\u00bb40&#215;40&#8243; alignment=\u00bbcenter\u00bb css_animation=\u00bbtop-to-bottom\u00bb][vc_column_text]<\/p>\n<p style=\"text-align: center;\"><span style=\"color: #808080;\">Servicio completo de catering<\/span><\/p>\n<p>[\/vc_column_text][\/vc_column_inner][\/vc_row_inner][\/vc_column][\/vc_row][vc_row][vc_column][vc_empty_space][rev_slider_vc alias=\u00bbrhino_sections_slider\u00bb][\/vc_column][\/vc_row]<\/p>","protected":false},"excerpt":{"rendered":"<p>[vc_row][vc_column][vc_single_image image=\u00bb11509&#8243; img_size=\u00bbfull\u00bb][vc_empty_space height=\u00bb20px\u00bb][vc_column_text] Nuestras salas de conferencia y equipos han sido dise\u00f1ados por profesionales. Nuestros recursos de planificaci\u00f3n permiten optimizar el \u00e9xito de sus reuniones. Un universo de trabajo donde la innovaci\u00f3n y la tecnolog\u00eda est\u00e1n al servicio de la eficiencia. Las 5\u00a0salas est\u00e1n equipadas para satisfacer sus necesidades. El servicio de catering tambi\u00e9n ofrece coffee breaks seg\u00fan sus demandas, as\u00ed como men\u00fas personalizados que se adaptan a todos los credos y cocinas del mundo. [\/vc_column_text][\/vc_column][\/vc_row][vc_row][vc_column width=\u00bb2\/3&#8243;][vc_tta_tabs color=\u00bbwhite\u00bb active_section=\u00bb1&#8243;][vc_tta_section title=\u00bb5 \u00c9lements\u00bb tab_id=\u00bb1475285592320-672053c4-552af5a0-5c10&#8243;][vc_single_image image=\u00bb11505&#8243; img_size=\u00bblarge\u00bb alignment=\u00bbcenter\u00bb][vc_separator border_width=\u00bb4&#8243;][vc_column_text]La 5 elementos es el \u00e1rea de negocios m\u00e1s prestigiosa en The Rhino Resort Hotel &amp; Spa. Cada elemento est\u00e1 asociado con un per\u00edodo del d\u00eda y le permite tener una idea m\u00e1s concreta de la energ\u00eda que transmite. Esta situada en el coraz\u00f3n del hotel. Su elegancia, estilo y confort son adecuados para todas las recepciones: conferencias, reuniones internacionales con la posibilidad de tener una cabina de traducci\u00f3n simult\u00e1nea, team building, sesiones de formaci\u00f3n, bodas, teatro, cine &#8230;[\/vc_column_text][vc_empty_space height=\u00bb20px\u00bb][vc_separator style=\u00bbshadow\u00bb border_width=\u00bb4&#8243;][vc_row_inner][vc_column_inner width=\u00bb1\/3&#8243;][ultimate_icon_list icon_size=\u00bb25&#8243; css_icon_list=\u00bb.vc_custom_1477846160171{margin-bottom: 0px !important;}\u00bb][ultimate_icon_list_item icon_type=\u00bbcustom\u00bb icon_img=\u00bbid^9574|url^http:\/\/therhinoresort.com\/wp-content\/uploads\/picto_size.png|caption^null|alt^null|title^picto_size|description^null\u00bb]\u00a0DIMENSIONES[\/ultimate_icon_list_item][\/ultimate_icon_list][vc_column_text]288\u00a0m\u00b2[\/vc_column_text][\/vc_column_inner][vc_column_inner width=\u00bb1\/3&#8243;][ultimate_icon_list icon_size=\u00bb25&#8243; css_icon_list=\u00bb.vc_custom_1477846238399{margin-bottom: 0px !important;}\u00bb][ultimate_icon_list_item icon_type=\u00bbcustom\u00bb icon_img=\u00bbid^9505|url^http:\/\/therhinoresort.com\/wp-content\/uploads\/picto_capacity.png|caption^null|alt^null|title^picto_capacity|description^null\u00bb]CAPACIDAD[\/ultimate_icon_list_item][\/ultimate_icon_list][vc_column_text]200\u00a0personas[\/vc_column_text][\/vc_column_inner][vc_column_inner width=\u00bb1\/3&#8243;][ultimate_icon_list icon_size=\u00bb25&#8243; css_icon_list=\u00bb.vc_custom_1477846244558{margin-bottom: 0px !important;}\u00bb][ultimate_icon_list_item icon_type=\u00bbcustom\u00bb icon_img=\u00bbid^10308|url^http:\/\/therhinoresort.com\/wp-content\/uploads\/picto_open_hours.png|caption^null|alt^null|title^picto_open_hours|description^null\u00bb]HORARIO[\/ultimate_icon_list_item][\/ultimate_icon_list][vc_column_text]24\u00a0h[\/vc_column_text][\/vc_column_inner][\/vc_row_inner][\/vc_tta_section][vc_tta_section title=\u00bbRhino 1&#8243; tab_id=\u00bb1475286438786-36b9e55a-63aef5a0-5c10&#8243;][vc_single_image image=\u00bb11506&#8243; img_size=\u00bblarge\u00bb alignment=\u00bbcenter\u00bb][vc_separator border_width=\u00bb4&#8243;][vc_column_text]Nuestras salas de conferencias y equipamientos han sido dise\u00f1ados por profesionales y est\u00e1n dotados de las ultimas tecnolog\u00edas. Nuestros recursos permiten a los clientes planificar su estancia y gesti\u00f3n de sus invitados. Con una superficie de m\u00e1s de 90 m\u00b2, capacidad para 40 personas, climatizaci\u00f3n y un alto nivel de funcionalidad, dise\u00f1o y tecnolog\u00eda, nuestra [&hellip;]<\/p>\n","protected":false},"author":1,"featured_media":0,"parent":39,"menu_order":0,"comment_status":"closed","ping_status":"closed","template":"","meta":[],"_links":{"self":[{"href":"https:\/\/therhinoresort.com\/es\/wp-json\/wp\/v2\/pages\/3373"}],"collection":[{"href":"https:\/\/therhinoresort.com\/es\/wp-json\/wp\/v2\/pages"}],"about":[{"href":"https:\/\/therhinoresort.com\/es\/wp-json\/wp\/v2\/types\/page"}],"author":[{"embeddable":true,"href":"https:\/\/therhinoresort.com\/es\/wp-json\/wp\/v2\/users\/1"}],"replies":[{"embeddable":true,"href":"https:\/\/therhinoresort.com\/es\/wp-json\/wp\/v2\/comments?post=3373"}],"version-history":[{"count":101,"href":"https:\/\/therhinoresort.com\/es\/wp-json\/wp\/v2\/pages\/3373\/revisions"}],"predecessor-version":[{"id":11606,"href":"https:\/\/therhinoresort.com\/es\/wp-json\/wp\/v2\/pages\/3373\/revisions\/11606"}],"up":[{"embeddable":true,"href":"https:\/\/therhinoresort.com\/es\/wp-json\/wp\/v2\/pages\/39"}],"wp:attachment":[{"href":"https:\/\/therhinoresort.com\/es\/wp-json\/wp\/v2\/media?parent=3373"}],"curies":[{"name":"wp","href":"https:\/\/api.w.org\/{rel}","templated":true}]}}