{"id":3336,"date":"2014-11-07T13:06:07","date_gmt":"2014-11-07T13:06:07","guid":{"rendered":"http:\/\/therhinoresort.com\/en\/?page_id=3336"},"modified":"2016-11-23T22:19:11","modified_gmt":"2016-11-23T22:19:11","slug":"swimming-pools","status":"publish","type":"page","link":"https:\/\/therhinoresort.com\/es\/instalaciones\/piscinas\/","title":{"rendered":"Piscinas"},"content":{"rendered":"<p>[vc_row][vc_column][vc_single_image image=\u00bb10117&#8243; img_size=\u00bbfull\u00bb][vc_empty_space height=\u00bb20px\u00bb][\/vc_column][\/vc_row][vc_row][vc_column width=\u00bb2\/3&#8243;][vc_tta_tabs][vc_tta_section title=\u00bbBlue Lagoon\u00bb tab_id=\u00bb1475854113045-dfed5ec7-0c41&#8243;][vc_single_image image=\u00bb9672&#8243; img_size=\u00bblarge\u00bb][vc_separator border_width=\u00bb4&#8243;][vc_empty_space height=\u00bb20px\u00bb][vc_row_inner][vc_column_inner width=\u00bb1\/2&#8243;][vc_gallery interval=\u00bb3&#8243; images=\u00bb9680,9681&#8243; img_size=\u00bblarge\u00bb onclick=\u00bbcustom_link\u00bb][\/vc_column_inner][vc_column_inner width=\u00bb1\/2&#8243;][vc_column_text]So\u00f1amos con ella\u2026<\/p>\n<p>Ideal para escaparse, se funde con el paisaje. De lineas limpias y curvas sensuales, en su fondo se dibujan las sombras.<\/p>\n<p>La hemos querido serena para que encuentres el reposo. Unas camas balinesas esta instaladas como en el puente de un barco vagando hacia la inmensidad\u2026<\/p>\n<p>Sin vigilancia para disfrutar de la libertad.[\/vc_column_text][\/vc_column_inner][\/vc_row_inner][vc_empty_space height=\u00bb20px\u00bb][vc_separator color=\u00bbcustom\u00bb style=\u00bbshadow\u00bb border_width=\u00bb4&#8243; accent_color=\u00bb#b2b2b2&#8243;][vc_row_inner][vc_column_inner width=\u00bb1\/3&#8243;][ultimate_icon_list icon_size=\u00bb25&#8243; css_icon_list=\u00bb.vc_custom_1479403118638{margin-bottom: 0px !important;}\u00bb][ultimate_icon_list_item icon_type=\u00bbcustom\u00bb icon_img=\u00bbid^10308|url^http:\/\/therhinoresort.com\/wp-content\/uploads\/picto_open_hours.png|caption^null|alt^null|title^picto_open_hours|description^null\u00bb]<span style=\"color: #333333; font-size: medium;\">\u00a0<\/span><span style=\"color: #333333; font-size: medium;\">HORARIO<\/span>[\/ultimate_icon_list_item][\/ultimate_icon_list][vc_column_text]<span style=\"color: #808080; font-size: medium;\"><strong>09<\/strong>h<strong>00<\/strong> &gt; <strong>20<\/strong>h<strong>00<\/strong><\/span>[\/vc_column_text][\/vc_column_inner][vc_column_inner width=\u00bb1\/3&#8243;][ultimate_icon_list icon_size=\u00bb25&#8243; css_icon_list=\u00bb.vc_custom_1479403127165{margin-bottom: 0px !important;}\u00bb][ultimate_icon_list_item icon_type=\u00bbcustom\u00bb icon_img=\u00bbid^9574|url^http:\/\/therhinoresort.com\/wp-content\/uploads\/picto_size.png|caption^null|alt^null|title^picto_size|description^null\u00bb]<span style=\"color: #333333; font-size: medium;\">\u00a0DIMENSIONES<\/span>[\/ultimate_icon_list_item][\/ultimate_icon_list][vc_column_text]<span style=\"color: #808080;\">\u00b7 <strong>Superficie\u00a0<\/strong>: 375\u00a0m\u00b2<\/span><br \/>\n<span style=\"color: #808080;\">\u00b7 <strong>Profundidad<\/strong>\u00a0: 1,00 m<\/span>[\/vc_column_text][\/vc_column_inner][vc_column_inner width=\u00bb1\/3&#8243;][ultimate_icon_list icon_size=\u00bb25&#8243; css_icon_list=\u00bb.vc_custom_1479403135533{margin-bottom: 0px !important;}\u00bb][ultimate_icon_list_item icon_type=\u00bbcustom\u00bb icon_img=\u00bbid^9516|url^http:\/\/therhinoresort.com\/wp-content\/uploads\/picto_temperature.png|caption^null|alt^null|title^picto_temperature|description^null\u00bb]<span style=\"color: #333333; font-size: medium;\">\u00a0CARACTERISTICAS<\/span>[\/ultimate_icon_list_item][\/ultimate_icon_list][vc_column_text]\u00b7 Sistema de electr\u00f3lisis<br \/>\n\u00b7 <strong>Climatizada<\/strong>: No[\/vc_column_text][\/vc_column_inner][\/vc_row_inner][\/vc_tta_section][vc_tta_section title=\u00bbBeach Pool\u00bb tab_id=\u00bb1475854113079-76c33306-ecf7&#8243;][vc_single_image image=\u00bb9671&#8243; img_size=\u00bblarge\u00bb][vc_separator border_width=\u00bb4&#8243;][vc_row_inner][vc_column_inner width=\u00bb1\/2&#8243;][vc_gallery interval=\u00bb3&#8243; images=\u00bb9674,9676,9675&#8243; img_size=\u00bblarge\u00bb onclick=\u00bbimg_link_large\u00bb][\/vc_column_inner][vc_column_inner width=\u00bb1\/2&#8243;][vc_column_text]Ya que The Rhino Resort est\u00e1 situado en una zona de playa y no esta en primera linea de mar, hemos decidido finalmente traer la playa a nosotros. La playa artificial cuenta con 59 toneladas de arena blanco real, una piscina al aire libre 70 m\u00b2 y varias palmeras y tumbonas.<\/p>\n<p>Siguiendo con nuestra filosof\u00eda, la piscina playa de The Rhino Resort ofrecer\u00e1 tumbonas, sombrillas y un bar de servicio completo. Esta piscina es ideal para ni\u00f1os debido a su poca profundidad.<\/p>\n<div><\/div>\n<p>[\/vc_column_text][\/vc_column_inner][\/vc_row_inner][vc_empty_space height=\u00bb20px\u00bb][vc_separator color=\u00bbsky\u00bb style=\u00bbshadow\u00bb border_width=\u00bb4&#8243;][vc_row_inner][vc_column_inner width=\u00bb1\/3&#8243;][ultimate_icon_list icon_size=\u00bb25&#8243; css_icon_list=\u00bb.vc_custom_1479403118638{margin-bottom: 0px !important;}\u00bb][ultimate_icon_list_item icon_type=\u00bbcustom\u00bb icon_img=\u00bbid^10308|url^http:\/\/therhinoresort.com\/wp-content\/uploads\/picto_open_hours.png|caption^null|alt^null|title^picto_open_hours|description^null\u00bb]<span style=\"color: #333333; font-size: medium;\">\u00a0<\/span><span style=\"color: #333333; font-size: medium;\">HORARIO<\/span>[\/ultimate_icon_list_item][\/ultimate_icon_list][vc_column_text]<span style=\"color: #808080; font-size: medium;\"><strong>09<\/strong>h<strong>00<\/strong> &gt; <strong>20<\/strong>h<strong>00<\/strong><\/span>[\/vc_column_text][\/vc_column_inner][vc_column_inner width=\u00bb1\/3&#8243;][ultimate_icon_list icon_size=\u00bb25&#8243; css_icon_list=\u00bb.vc_custom_1479403127165{margin-bottom: 0px !important;}\u00bb][ultimate_icon_list_item icon_type=\u00bbcustom\u00bb icon_img=\u00bbid^9574|url^http:\/\/therhinoresort.com\/wp-content\/uploads\/picto_size.png|caption^null|alt^null|title^picto_size|description^null\u00bb]<span style=\"color: #333333; font-size: medium;\">\u00a0DIMENSIONES<\/span>[\/ultimate_icon_list_item][\/ultimate_icon_list][vc_column_text]<span style=\"color: #808080;\">\u00b7 <strong>Superficie<\/strong>: 70 m\u00b2<\/span><br \/>\n<span style=\"color: #808080;\">\u00b7 <strong>Profundidad max.<\/strong> 1,00 m<\/span><br \/>\n<span style=\"color: #808080;\">\u00b7 <strong>Profundidad min<\/strong>. 0,10 m<\/span>[\/vc_column_text][\/vc_column_inner][vc_column_inner width=\u00bb1\/3&#8243;][ultimate_icon_list icon_size=\u00bb25&#8243; css_icon_list=\u00bb.vc_custom_1479403135533{margin-bottom: 0px !important;}\u00bb][ultimate_icon_list_item icon_type=\u00bbcustom\u00bb icon_img=\u00bbid^9516|url^http:\/\/therhinoresort.com\/wp-content\/uploads\/picto_temperature.png|caption^null|alt^null|title^picto_temperature|description^null\u00bb]<span style=\"color: #333333; font-size: medium;\">\u00a0CARACTERISTICAS<\/span>[\/ultimate_icon_list_item][\/ultimate_icon_list][vc_column_text]\u00b7 Sistema de electr\u00f3lisis<br \/>\n\u00b7 <strong>Climatizada<\/strong>: No[\/vc_column_text][\/vc_column_inner][\/vc_row_inner][\/vc_tta_section][vc_tta_section title=\u00bbSquare Pool\u00bb tab_id=\u00bb1475855471565-81edacea-364e\u00bb][vc_single_image image=\u00bb9673&#8243; img_size=\u00bblarge\u00bb][vc_separator border_width=\u00bb4&#8243;][vc_row_inner][vc_column_inner width=\u00bb1\/2&#8243;][vc_gallery type=\u00bbnivo\u00bb interval=\u00bb3&#8243; images=\u00bb9677,9678,9679&#8243; img_size=\u00bblarge\u00bb onclick=\u00bbcustom_link\u00bb][\/vc_column_inner][vc_column_inner width=\u00bb1\/2&#8243;][vc_column_text]La Square Pool est\u00e1 a disposici\u00f3n para los clientes del hotel de todas las edades. Nuestro hotel cuenta con una incre\u00edble piscina de 112 m\u00b2 situado en el centro del resort y cuenta con un innovador dise\u00f1o contempor\u00e1neo. Esta relajada zona de la piscina le da un agradable refugio para escapar del ajetreado mundo. El jard\u00edn ofrece una refrescante piscina rodeada por un jard\u00edn de palmeras y datileras, junto con una mezcla de decoraci\u00f3n natural. La piscina cuenta con tumbonas, sombrillas y un bar de servicio completo. Nuestro personal de la piscina est\u00e1 presente en todo momento y las toallas son prove\u00eddas en la piscina.[\/vc_column_text][\/vc_column_inner][\/vc_row_inner][vc_empty_space height=\u00bb20px\u00bb][vc_separator color=\u00bbsky\u00bb style=\u00bbshadow\u00bb border_width=\u00bb4&#8243;][vc_row_inner][vc_column_inner width=\u00bb1\/3&#8243;][ultimate_icon_list icon_size=\u00bb25&#8243; css_icon_list=\u00bb.vc_custom_1479403118638{margin-bottom: 0px !important;}\u00bb][ultimate_icon_list_item icon_type=\u00bbcustom\u00bb icon_img=\u00bbid^10308|url^http:\/\/therhinoresort.com\/wp-content\/uploads\/picto_open_hours.png|caption^null|alt^null|title^picto_open_hours|description^null\u00bb]<span style=\"color: #333333; font-size: medium;\">\u00a0<\/span><span style=\"color: #333333; font-size: medium;\">HORARIO<\/span>[\/ultimate_icon_list_item][\/ultimate_icon_list][vc_column_text]<span style=\"color: #808080; font-size: medium;\"><strong>09<\/strong>h<strong>00<\/strong> &gt; <strong>20<\/strong>h<strong>00<\/strong><\/span>[\/vc_column_text][\/vc_column_inner][vc_column_inner width=\u00bb1\/3&#8243;][ultimate_icon_list icon_size=\u00bb25&#8243; css_icon_list=\u00bb.vc_custom_1479403127165{margin-bottom: 0px !important;}\u00bb][ultimate_icon_list_item icon_type=\u00bbcustom\u00bb icon_img=\u00bbid^9574|url^http:\/\/therhinoresort.com\/wp-content\/uploads\/picto_size.png|caption^null|alt^null|title^picto_size|description^null\u00bb]<span style=\"color: #333333; font-size: medium;\">\u00a0DIMENSIONES<\/span>[\/ultimate_icon_list_item][\/ultimate_icon_list][vc_column_text]<span style=\"color: #808080;\">\u00b7 <strong>Superficie<\/strong>: 112 m\u00b2<\/span><br \/>\n<span style=\"color: #808080;\">\u00b7 <strong>Profundidad max.<\/strong> 1,60 m<\/span><br \/>\n<span style=\"color: #808080;\">\u00b7 <strong>Profundidad min<\/strong>. 0,60 m<\/span>[\/vc_column_text][\/vc_column_inner][vc_column_inner width=\u00bb1\/3&#8243;][ultimate_icon_list icon_size=\u00bb25&#8243; css_icon_list=\u00bb.vc_custom_1479403135533{margin-bottom: 0px !important;}\u00bb][ultimate_icon_list_item icon_type=\u00bbcustom\u00bb icon_img=\u00bbid^9516|url^http:\/\/therhinoresort.com\/wp-content\/uploads\/picto_temperature.png|caption^null|alt^null|title^picto_temperature|description^null\u00bb]<span style=\"color: #333333; font-size: medium;\">\u00a0CARACTERISTICAS<\/span>[\/ultimate_icon_list_item][\/ultimate_icon_list][vc_column_text]\u00b7 Sistema de electr\u00f3lisis<br \/>\n\u00b7 <strong>Climatizada<\/strong>: No[\/vc_column_text][\/vc_column_inner][\/vc_row_inner][\/vc_tta_section][\/vc_tta_tabs][vc_empty_space height=\u00bb20px\u00bb][\/vc_column][vc_column width=\u00bb1\/3&#8243;][vc_wp_custommenu nav_menu=\u00bb11&#8243;][vc_single_image image=\u00bb9529&#8243; img_size=\u00bb50&#215;50&#8243; onclick=\u00bbcustom_link\u00bb link=\u00bbhttp:\/\/www.therhinoresort.com\/amenities\u00bb][vc_empty_space height=\u00bb20px\u00bb][vc_column_text]Lugares de tranquilidad creados para ofrecerle una comodidad l\u00e1nguida.[\/vc_column_text][\/vc_column][\/vc_row][vc_row][vc_column][vc_empty_space][rev_slider_vc alias=\u00bbrhino_sections_slider\u00bb][\/vc_column][\/vc_row]<\/p>","protected":false},"excerpt":{"rendered":"<p>[vc_row][vc_column][vc_single_image image=\u00bb10117&#8243; img_size=\u00bbfull\u00bb][vc_empty_space height=\u00bb20px\u00bb][\/vc_column][\/vc_row][vc_row][vc_column width=\u00bb2\/3&#8243;][vc_tta_tabs][vc_tta_section title=\u00bbBlue Lagoon\u00bb tab_id=\u00bb1475854113045-dfed5ec7-0c41&#8243;][vc_single_image image=\u00bb9672&#8243; img_size=\u00bblarge\u00bb][vc_separator border_width=\u00bb4&#8243;][vc_empty_space height=\u00bb20px\u00bb][vc_row_inner][vc_column_inner width=\u00bb1\/2&#8243;][vc_gallery interval=\u00bb3&#8243; images=\u00bb9680,9681&#8243; img_size=\u00bblarge\u00bb onclick=\u00bbcustom_link\u00bb][\/vc_column_inner][vc_column_inner width=\u00bb1\/2&#8243;][vc_column_text]So\u00f1amos con ella\u2026 Ideal para escaparse, se funde con el paisaje. De lineas limpias y curvas sensuales, en su fondo se dibujan las sombras. La hemos querido serena para que encuentres el reposo. Unas camas balinesas esta instaladas como en el puente de un barco vagando hacia la inmensidad\u2026 Sin vigilancia para disfrutar de la libertad.[\/vc_column_text][\/vc_column_inner][\/vc_row_inner][vc_empty_space height=\u00bb20px\u00bb][vc_separator color=\u00bbcustom\u00bb style=\u00bbshadow\u00bb border_width=\u00bb4&#8243; accent_color=\u00bb#b2b2b2&#8243;][vc_row_inner][vc_column_inner width=\u00bb1\/3&#8243;][ultimate_icon_list icon_size=\u00bb25&#8243; css_icon_list=\u00bb.vc_custom_1479403118638{margin-bottom: 0px !important;}\u00bb][ultimate_icon_list_item icon_type=\u00bbcustom\u00bb icon_img=\u00bbid^10308|url^http:\/\/therhinoresort.com\/wp-content\/uploads\/picto_open_hours.png|caption^null|alt^null|title^picto_open_hours|description^null\u00bb]\u00a0HORARIO[\/ultimate_icon_list_item][\/ultimate_icon_list][vc_column_text]09h00 &gt; 20h00[\/vc_column_text][\/vc_column_inner][vc_column_inner width=\u00bb1\/3&#8243;][ultimate_icon_list icon_size=\u00bb25&#8243; css_icon_list=\u00bb.vc_custom_1479403127165{margin-bottom: 0px !important;}\u00bb][ultimate_icon_list_item icon_type=\u00bbcustom\u00bb icon_img=\u00bbid^9574|url^http:\/\/therhinoresort.com\/wp-content\/uploads\/picto_size.png|caption^null|alt^null|title^picto_size|description^null\u00bb]\u00a0DIMENSIONES[\/ultimate_icon_list_item][\/ultimate_icon_list][vc_column_text]\u00b7 Superficie\u00a0: 375\u00a0m\u00b2 \u00b7 Profundidad\u00a0: 1,00 m[\/vc_column_text][\/vc_column_inner][vc_column_inner width=\u00bb1\/3&#8243;][ultimate_icon_list icon_size=\u00bb25&#8243; css_icon_list=\u00bb.vc_custom_1479403135533{margin-bottom: 0px !important;}\u00bb][ultimate_icon_list_item icon_type=\u00bbcustom\u00bb icon_img=\u00bbid^9516|url^http:\/\/therhinoresort.com\/wp-content\/uploads\/picto_temperature.png|caption^null|alt^null|title^picto_temperature|description^null\u00bb]\u00a0CARACTERISTICAS[\/ultimate_icon_list_item][\/ultimate_icon_list][vc_column_text]\u00b7 Sistema de electr\u00f3lisis \u00b7 Climatizada: No[\/vc_column_text][\/vc_column_inner][\/vc_row_inner][\/vc_tta_section][vc_tta_section title=\u00bbBeach Pool\u00bb tab_id=\u00bb1475854113079-76c33306-ecf7&#8243;][vc_single_image image=\u00bb9671&#8243; img_size=\u00bblarge\u00bb][vc_separator border_width=\u00bb4&#8243;][vc_row_inner][vc_column_inner width=\u00bb1\/2&#8243;][vc_gallery interval=\u00bb3&#8243; images=\u00bb9674,9676,9675&#8243; img_size=\u00bblarge\u00bb onclick=\u00bbimg_link_large\u00bb][\/vc_column_inner][vc_column_inner width=\u00bb1\/2&#8243;][vc_column_text]Ya que The Rhino Resort est\u00e1 situado en una zona de playa y no esta en primera linea de mar, hemos decidido finalmente traer la playa a nosotros. La playa artificial cuenta con 59 toneladas de arena blanco real, una piscina al aire libre 70 m\u00b2 y varias palmeras y tumbonas. Siguiendo con nuestra filosof\u00eda, la piscina playa de The Rhino Resort ofrecer\u00e1 tumbonas, sombrillas y un bar de servicio completo. Esta piscina es ideal para ni\u00f1os debido a su poca profundidad. [\/vc_column_text][\/vc_column_inner][\/vc_row_inner][vc_empty_space height=\u00bb20px\u00bb][vc_separator color=\u00bbsky\u00bb style=\u00bbshadow\u00bb border_width=\u00bb4&#8243;][vc_row_inner][vc_column_inner width=\u00bb1\/3&#8243;][ultimate_icon_list icon_size=\u00bb25&#8243; css_icon_list=\u00bb.vc_custom_1479403118638{margin-bottom: 0px !important;}\u00bb][ultimate_icon_list_item icon_type=\u00bbcustom\u00bb icon_img=\u00bbid^10308|url^http:\/\/therhinoresort.com\/wp-content\/uploads\/picto_open_hours.png|caption^null|alt^null|title^picto_open_hours|description^null\u00bb]\u00a0HORARIO[\/ultimate_icon_list_item][\/ultimate_icon_list][vc_column_text]09h00 &gt; 20h00[\/vc_column_text][\/vc_column_inner][vc_column_inner width=\u00bb1\/3&#8243;][ultimate_icon_list icon_size=\u00bb25&#8243; css_icon_list=\u00bb.vc_custom_1479403127165{margin-bottom: 0px !important;}\u00bb][ultimate_icon_list_item icon_type=\u00bbcustom\u00bb icon_img=\u00bbid^9574|url^http:\/\/therhinoresort.com\/wp-content\/uploads\/picto_size.png|caption^null|alt^null|title^picto_size|description^null\u00bb]\u00a0DIMENSIONES[\/ultimate_icon_list_item][\/ultimate_icon_list][vc_column_text]\u00b7 Superficie: 70 m\u00b2 \u00b7 Profundidad max. 1,00 m \u00b7 Profundidad min. 0,10 m[\/vc_column_text][\/vc_column_inner][vc_column_inner width=\u00bb1\/3&#8243;][ultimate_icon_list icon_size=\u00bb25&#8243; css_icon_list=\u00bb.vc_custom_1479403135533{margin-bottom: 0px !important;}\u00bb][ultimate_icon_list_item icon_type=\u00bbcustom\u00bb icon_img=\u00bbid^9516|url^http:\/\/therhinoresort.com\/wp-content\/uploads\/picto_temperature.png|caption^null|alt^null|title^picto_temperature|description^null\u00bb]\u00a0CARACTERISTICAS[\/ultimate_icon_list_item][\/ultimate_icon_list][vc_column_text]\u00b7 Sistema de electr\u00f3lisis [&hellip;]<\/p>\n","protected":false},"author":1,"featured_media":0,"parent":39,"menu_order":0,"comment_status":"closed","ping_status":"closed","template":"","meta":[],"_links":{"self":[{"href":"https:\/\/therhinoresort.com\/es\/wp-json\/wp\/v2\/pages\/3336"}],"collection":[{"href":"https:\/\/therhinoresort.com\/es\/wp-json\/wp\/v2\/pages"}],"about":[{"href":"https:\/\/therhinoresort.com\/es\/wp-json\/wp\/v2\/types\/page"}],"author":[{"embeddable":true,"href":"https:\/\/therhinoresort.com\/es\/wp-json\/wp\/v2\/users\/1"}],"replies":[{"embeddable":true,"href":"https:\/\/therhinoresort.com\/es\/wp-json\/wp\/v2\/comments?post=3336"}],"version-history":[{"count":46,"href":"https:\/\/therhinoresort.com\/es\/wp-json\/wp\/v2\/pages\/3336\/revisions"}],"predecessor-version":[{"id":11587,"href":"https:\/\/therhinoresort.com\/es\/wp-json\/wp\/v2\/pages\/3336\/revisions\/11587"}],"up":[{"embeddable":true,"href":"https:\/\/therhinoresort.com\/es\/wp-json\/wp\/v2\/pages\/39"}],"wp:attachment":[{"href":"https:\/\/therhinoresort.com\/es\/wp-json\/wp\/v2\/media?parent=3336"}],"curies":[{"name":"wp","href":"https:\/\/api.w.org\/{rel}","templated":true}]}}