{"id":215,"date":"2012-12-21T16:43:36","date_gmt":"2012-12-21T16:43:36","guid":{"rendered":"http:\/\/therhinoresort.com\/new\/?page_id=215&#038;lang=es"},"modified":"2016-11-24T01:41:29","modified_gmt":"2016-11-24T01:41:29","slug":"data-of-interest","status":"publish","type":"page","link":"https:\/\/therhinoresort.com\/es\/info\/datos-de-interes\/","title":{"rendered":"Datos de Inter\u00e9s"},"content":{"rendered":"<p>[vc_row][vc_column][vc_single_image image=\u00bb10109&#8243; img_size=\u00bbfull\u00bb][vc_empty_space height=\u00bb20px\u00bb][\/vc_column][\/vc_row][vc_row][vc_column width=\u00bb2\/3&#8243;][vc_row_inner][vc_column_inner width=\u00bb1\/2&#8243;][vc_single_image image=\u00bb9511&#8243; img_size=\u00bb25&#215;25&#8243;][vc_column_text]<\/p>\n<h4>VISADOS<\/h4>\n<p>[\/vc_column_text][vc_separator border_width=\u00bb2&#8243;][vc_column_text]Para los residentes de otros pa\u00edses deben presentar un pasaporte v\u00e1lido o documento nacional de identidad v\u00e1lido para los ciudadanos de la CEDEAO.<\/p>\n<p>Todos los pasajeros sujetos al visado de entrada senegal\u00e9s, que por diversas razones no es preinscribirse o inscribirse en una embajada o consulado de Senegal o por internet (www.visasenegal.sn), pueden embarcar sin pre-visa y ser expedido un visado biom\u00e9trico en el aeropuerto (Leopold Sedar Senghor, Cap Skirring) o en la zona de control terrestre.[\/vc_column_text][\/vc_column_inner][vc_column_inner width=\u00bb1\/2&#8243;][vc_single_image image=\u00bb9511&#8243; img_size=\u00bb25&#215;25&#8243;][vc_column_text]<\/p>\n<h4>VACUNAS<\/h4>\n<p>[\/vc_column_text][vc_separator border_width=\u00bb2&#8243;][vc_column_text]<strong>La OMS ha declarado oficialmente la epidemia del virus \u00c9bola como terminado el 17 de octubre de 2014. En total, s\u00f3lo 1 caso confirmado fue reportado en nuestro pa\u00eds.<\/strong><\/p>\n<p><strong>Vacunaci\u00f3n contra la fiebre amarilla:<\/strong><br \/>\nNo es obligatorio si usted viene de Europa, Am\u00e9rica del Norte, Ocean\u00eda y Asia[\/vc_column_text][\/vc_column_inner][\/vc_row_inner][vc_separator border_width=\u00bb2&#8243;][vc_empty_space height=\u00bb20px\u00bb][vc_row_inner][vc_column_inner width=\u00bb1\/4&#8243;][vc_single_image image=\u00bb10927&#8243; img_size=\u00bb25&#215;25&#8243; alignment=\u00bbcenter\u00bb][vc_text_separator title=\u00bbMoneda\u00bb][vc_column_text]<strong><span style=\"color: #808080;\">Franco CFA<\/span><\/strong><\/p>\n<p><span style=\"color: #808080;\">1 \u20ac = 655,8 francos CFA<\/span><br \/>\n<span style=\"color: #808080;\">1 $ = valor variable<\/span>[\/vc_column_text][\/vc_column_inner][vc_column_inner width=\u00bb1\/4&#8243;][vc_single_image image=\u00bb10308&#8243; img_size=\u00bb25&#215;25&#8243; alignment=\u00bbcenter\u00bb][vc_text_separator title=\u00bbZona Horaria\u00bb][vc_column_text]<span style=\"color: #808080;\">UTC\/GMT +0<\/span><\/p>\n<h1><\/h1>\n<p>[\/vc_column_text][\/vc_column_inner][vc_column_inner width=\u00bb1\/4&#8243;][vc_single_image image=\u00bb9516&#8243; img_size=\u00bb25&#215;25&#8243; alignment=\u00bbcenter\u00bb][vc_text_separator title=\u00bbTemperatura\u00bb][vc_column_text]<span style=\"color: #808080;\">El clima es tropical, caluroso y h\u00famedo.<\/span><\/p>\n<p><span style=\"color: #808080;\">Temperaturas comprendidas entre los 18 \u00ba C y 32 \u00b0 C.<\/span>[\/vc_column_text][\/vc_column_inner][vc_column_inner width=\u00bb1\/4&#8243;][vc_single_image image=\u00bb9506&#8243; img_size=\u00bb25&#215;25&#8243; alignment=\u00bbcenter\u00bb][vc_text_separator title=\u00bbIdiomas\u00bb][vc_column_text]<span style=\"color: #808080;\">Los idiomas oficiales son el franc\u00e9s y el wolof.<\/span><\/p>\n<h1><\/h1>\n<p>[\/vc_column_text][\/vc_column_inner][\/vc_row_inner][vc_empty_space height=\u00bb20px\u00bb][vc_text_separator title=\u00bbDias Festivos\u00bb][vc_row_inner][vc_column_inner width=\u00bb1\/3&#8243;][vc_column_text]<\/p>\n<p style=\"text-align: center;\"><strong><span style=\"color: #808080;\">1 de enero<\/span><\/strong><\/p>\n<p style=\"text-align: center;\"><span style=\"color: #808080;\">A\u00f1o Nuevo<\/span><\/p>\n<p>[\/vc_column_text][\/vc_column_inner][vc_column_inner width=\u00bb1\/3&#8243;][vc_column_text]<\/p>\n<p style=\"text-align: center;\"><strong><span style=\"color: #808080;\">4 de abril<\/span><\/strong><\/p>\n<p style=\"text-align: center;\"><span style=\"color: #808080;\">D\u00eda de la Independencia<\/span><\/p>\n<p>[\/vc_column_text][\/vc_column_inner][vc_column_inner width=\u00bb1\/3&#8243;][vc_column_text]<\/p>\n<p style=\"text-align: center;\"><strong><span style=\"color: #808080;\">1\u00ba de mayo<\/span><\/strong><\/p>\n<p style=\"text-align: center;\"><span style=\"color: #808080;\">Fiesta del Trabajo<\/span><\/p>\n<p>[\/vc_column_text][\/vc_column_inner][\/vc_row_inner][vc_empty_space height=\u00bb20px\u00bb][\/vc_column][vc_column width=\u00bb1\/3&#8243;][vc_wp_custommenu nav_menu=\u00bb18&#8243;][vc_single_image image=\u00bb9533&#8243; img_size=\u00bb50&#215;50&#8243; onclick=\u00bbcustom_link\u00bb link=\u00bbhttp:\/\/www.therhinoresort.com\/info\u00bb][\/vc_column][\/vc_row][vc_row][vc_column][vc_empty_space][rev_slider_vc alias=\u00bbrhino_sections_slider\u00bb][\/vc_column][\/vc_row]<\/p>","protected":false},"excerpt":{"rendered":"<p>[vc_row][vc_column][vc_single_image image=\u00bb10109&#8243; img_size=\u00bbfull\u00bb][vc_empty_space height=\u00bb20px\u00bb][\/vc_column][\/vc_row][vc_row][vc_column width=\u00bb2\/3&#8243;][vc_row_inner][vc_column_inner width=\u00bb1\/2&#8243;][vc_single_image image=\u00bb9511&#8243; img_size=\u00bb25&#215;25&#8243;][vc_column_text] VISADOS [\/vc_column_text][vc_separator border_width=\u00bb2&#8243;][vc_column_text]Para los residentes de otros pa\u00edses deben presentar un pasaporte v\u00e1lido o documento nacional de identidad v\u00e1lido para los ciudadanos de la CEDEAO. Todos los pasajeros sujetos al visado de entrada senegal\u00e9s, que por diversas razones no es preinscribirse o inscribirse en una embajada o consulado de Senegal o por internet (www.visasenegal.sn), pueden embarcar sin pre-visa y ser expedido un visado biom\u00e9trico en el aeropuerto (Leopold Sedar Senghor, Cap Skirring) o en la zona de control terrestre.[\/vc_column_text][\/vc_column_inner][vc_column_inner width=\u00bb1\/2&#8243;][vc_single_image image=\u00bb9511&#8243; img_size=\u00bb25&#215;25&#8243;][vc_column_text] VACUNAS [\/vc_column_text][vc_separator border_width=\u00bb2&#8243;][vc_column_text]La OMS ha declarado oficialmente la epidemia del virus \u00c9bola como terminado el 17 de octubre de 2014. En total, s\u00f3lo 1 caso confirmado fue reportado en nuestro pa\u00eds. Vacunaci\u00f3n contra la fiebre amarilla: No es obligatorio si usted viene de Europa, Am\u00e9rica del Norte, Ocean\u00eda y Asia[\/vc_column_text][\/vc_column_inner][\/vc_row_inner][vc_separator border_width=\u00bb2&#8243;][vc_empty_space height=\u00bb20px\u00bb][vc_row_inner][vc_column_inner width=\u00bb1\/4&#8243;][vc_single_image image=\u00bb10927&#8243; img_size=\u00bb25&#215;25&#8243; alignment=\u00bbcenter\u00bb][vc_text_separator title=\u00bbMoneda\u00bb][vc_column_text]Franco CFA 1 \u20ac = 655,8 francos CFA 1 $ = valor variable[\/vc_column_text][\/vc_column_inner][vc_column_inner width=\u00bb1\/4&#8243;][vc_single_image image=\u00bb10308&#8243; img_size=\u00bb25&#215;25&#8243; alignment=\u00bbcenter\u00bb][vc_text_separator title=\u00bbZona Horaria\u00bb][vc_column_text]UTC\/GMT +0 [\/vc_column_text][\/vc_column_inner][vc_column_inner width=\u00bb1\/4&#8243;][vc_single_image image=\u00bb9516&#8243; img_size=\u00bb25&#215;25&#8243; alignment=\u00bbcenter\u00bb][vc_text_separator title=\u00bbTemperatura\u00bb][vc_column_text]El clima es tropical, caluroso y h\u00famedo. Temperaturas comprendidas entre los 18 \u00ba C y 32 \u00b0 C.[\/vc_column_text][\/vc_column_inner][vc_column_inner width=\u00bb1\/4&#8243;][vc_single_image image=\u00bb9506&#8243; img_size=\u00bb25&#215;25&#8243; alignment=\u00bbcenter\u00bb][vc_text_separator title=\u00bbIdiomas\u00bb][vc_column_text]Los idiomas oficiales son el franc\u00e9s y el wolof. [\/vc_column_text][\/vc_column_inner][\/vc_row_inner][vc_empty_space height=\u00bb20px\u00bb][vc_text_separator title=\u00bbDias Festivos\u00bb][vc_row_inner][vc_column_inner width=\u00bb1\/3&#8243;][vc_column_text] 1 de enero A\u00f1o Nuevo [\/vc_column_text][\/vc_column_inner][vc_column_inner width=\u00bb1\/3&#8243;][vc_column_text] 4 de abril D\u00eda de la Independencia [\/vc_column_text][\/vc_column_inner][vc_column_inner width=\u00bb1\/3&#8243;][vc_column_text] 1\u00ba de mayo Fiesta del Trabajo [\/vc_column_text][\/vc_column_inner][\/vc_row_inner][vc_empty_space height=\u00bb20px\u00bb][\/vc_column][vc_column width=\u00bb1\/3&#8243;][vc_wp_custommenu nav_menu=\u00bb18&#8243;][vc_single_image image=\u00bb9533&#8243; img_size=\u00bb50&#215;50&#8243; onclick=\u00bbcustom_link\u00bb link=\u00bbhttp:\/\/www.therhinoresort.com\/info\u00bb][\/vc_column][\/vc_row][vc_row][vc_column][vc_empty_space][rev_slider_vc alias=\u00bbrhino_sections_slider\u00bb][\/vc_column][\/vc_row]<\/p>\n","protected":false},"author":1,"featured_media":0,"parent":3258,"menu_order":2,"comment_status":"closed","ping_status":"closed","template":"","meta":[],"_links":{"self":[{"href":"https:\/\/therhinoresort.com\/es\/wp-json\/wp\/v2\/pages\/215"}],"collection":[{"href":"https:\/\/therhinoresort.com\/es\/wp-json\/wp\/v2\/pages"}],"about":[{"href":"https:\/\/therhinoresort.com\/es\/wp-json\/wp\/v2\/types\/page"}],"author":[{"embeddable":true,"href":"https:\/\/therhinoresort.com\/es\/wp-json\/wp\/v2\/users\/1"}],"replies":[{"embeddable":true,"href":"https:\/\/therhinoresort.com\/es\/wp-json\/wp\/v2\/comments?post=215"}],"version-history":[{"count":10,"href":"https:\/\/therhinoresort.com\/es\/wp-json\/wp\/v2\/pages\/215\/revisions"}],"predecessor-version":[{"id":11697,"href":"https:\/\/therhinoresort.com\/es\/wp-json\/wp\/v2\/pages\/215\/revisions\/11697"}],"up":[{"embeddable":true,"href":"https:\/\/therhinoresort.com\/es\/wp-json\/wp\/v2\/pages\/3258"}],"wp:attachment":[{"href":"https:\/\/therhinoresort.com\/es\/wp-json\/wp\/v2\/media?parent=215"}],"curies":[{"name":"wp","href":"https:\/\/api.w.org\/{rel}","templated":true}]}}