{"id":213,"date":"2012-12-21T16:42:41","date_gmt":"2012-12-21T16:42:41","guid":{"rendered":"http:\/\/therhinoresort.com\/new\/?page_id=213&#038;lang=es"},"modified":"2019-03-18T14:03:44","modified_gmt":"2019-03-18T14:03:44","slug":"activities","status":"publish","type":"page","link":"https:\/\/therhinoresort.com\/es\/actividades\/","title":{"rendered":"Actividades"},"content":{"rendered":"<p>[vc_row][vc_column][vc_single_image image=\u00bb10114&#8243; img_size=\u00bbfull\u00bb alignment=\u00bbcenter\u00bb][vc_empty_space height=\u00bb20px\u00bb][\/vc_column][\/vc_row][vc_row][vc_column][vc_column_text]Estas son algunas de las actividades que puede encontrar alrededor de nuestro resort.<\/p>\n<p>Consulte la recepci\u00f3n para una informaci\u00f3n m\u00e1s detallada.[\/vc_column_text][vc_empty_space height=\u00bb30px\u00bb][\/vc_column][\/vc_row][vc_row][vc_column][vc_row_inner][vc_column_inner width=\u00bb1\/4&#8243;][vc_custom_heading text=\u00bbGolf\u00bb font_container=\u00bbtag:h4|text_align:center|color:%23808080&#8243; use_theme_fonts=\u00bbyes\u00bb css_animation=\u00bbbounceInDown\u00bb][vc_single_image image=\u00bb9524&#8243; img_size=\u00bb50x50px\u00bb alignment=\u00bbcenter\u00bb css_animation=\u00bbbounceInDown\u00bb][\/vc_column_inner][vc_column_inner width=\u00bb1\/4&#8243;][vc_custom_heading text=\u00bbMotor\u00bb font_container=\u00bbtag:h4|text_align:center|color:%23808080&#8243; use_theme_fonts=\u00bbyes\u00bb css_animation=\u00bbbounceInDown\u00bb][vc_single_image image=\u00bb9521&#8243; img_size=\u00bb50x50px\u00bb alignment=\u00bbcenter\u00bb css_animation=\u00bbbounceInDown\u00bb][\/vc_column_inner][vc_column_inner width=\u00bb1\/4&#8243;][vc_custom_heading text=\u00bbPlaya\u00bb font_container=\u00bbtag:h4|text_align:center|color:%23808080&#8243; use_theme_fonts=\u00bbyes\u00bb css_animation=\u00bbbounceInDown\u00bb][vc_single_image image=\u00bb9520&#8243; img_size=\u00bb50x50px\u00bb alignment=\u00bbcenter\u00bb css_animation=\u00bbbounceInDown\u00bb][\/vc_column_inner][vc_column_inner width=\u00bb1\/4&#8243;][vc_custom_heading text=\u00bbParques Naturales\u00bb font_container=\u00bbtag:h4|text_align:center|color:%23808080&#8243; use_theme_fonts=\u00bbyes\u00bb css_animation=\u00bbbounceInDown\u00bb][vc_single_image image=\u00bb11722&#8243; img_size=\u00bb50x50px\u00bb alignment=\u00bbcenter\u00bb css_animation=\u00bbbounceInDown\u00bb][\/vc_column_inner][\/vc_row_inner][vc_empty_space height=\u00bb50px\u00bb][\/vc_column][\/vc_row][vc_row][vc_column][vc_row_inner][vc_column_inner width=\u00bb1\/4&#8243;][vc_custom_heading text=\u00bbShopping\u00bb font_container=\u00bbtag:h4|text_align:center|color:%23808080&#8243; use_theme_fonts=\u00bbyes\u00bb css_animation=\u00bbbounceInDown\u00bb][vc_single_image image=\u00bb11724&#8243; img_size=\u00bb50x50px\u00bb alignment=\u00bbcenter\u00bb css_animation=\u00bbbounceInDown\u00bb][\/vc_column_inner][vc_column_inner width=\u00bb1\/4&#8243;][vc_custom_heading text=\u00bbMuseos\u00bb font_container=\u00bbtag:h4|text_align:center|color:%23808080&#8243; use_theme_fonts=\u00bbyes\u00bb css_animation=\u00bbbounceInDown\u00bb][vc_single_image image=\u00bb11721&#8243; img_size=\u00bb50x50px\u00bb alignment=\u00bbcenter\u00bb css_animation=\u00bbbounceInDown\u00bb][\/vc_column_inner][vc_column_inner width=\u00bb1\/4&#8243;][vc_custom_heading text=\u00bbAerodromo\u00bb font_container=\u00bbtag:h4|text_align:center|color:%23808080&#8243; use_theme_fonts=\u00bbyes\u00bb css_animation=\u00bbbounceInDown\u00bb][vc_single_image image=\u00bb11723&#8243; img_size=\u00bb50x50px\u00bb alignment=\u00bbcenter\u00bb css_animation=\u00bbbounceInDown\u00bb][\/vc_column_inner][vc_column_inner width=\u00bb1\/4&#8243;][vc_custom_heading text=\u00bbCasino\u00bb font_container=\u00bbtag:h4|text_align:center|color:%23808080&#8243; use_theme_fonts=\u00bbyes\u00bb css_animation=\u00bbbounceInDown\u00bb][vc_single_image image=\u00bb9522&#8243; img_size=\u00bb50x50px\u00bb alignment=\u00bbcenter\u00bb css_animation=\u00bbbounceInDown\u00bb][\/vc_column_inner][\/vc_row_inner][vc_empty_space height=\u00bb50px\u00bb][\/vc_column][\/vc_row][vc_row][vc_column][vc_row_inner][vc_column_inner width=\u00bb1\/4&#8243;][vc_custom_heading text=\u00bbPesca\u00bb font_container=\u00bbtag:h4|text_align:center|color:%23808080&#8243; use_theme_fonts=\u00bbyes\u00bb css_animation=\u00bbbounceInDown\u00bb][vc_single_image image=\u00bb9523&#8243; img_size=\u00bb50x50px\u00bb alignment=\u00bbcenter\u00bb css_animation=\u00bbbounceInDown\u00bb][\/vc_column_inner][vc_column_inner width=\u00bb1\/4&#8243;][vc_custom_heading text=\u00bbMontar a Caballo\u00bb font_container=\u00bbtag:h4|text_align:center|color:%23808080&#8243; use_theme_fonts=\u00bbyes\u00bb css_animation=\u00bbbounceInDown\u00bb][vc_single_image image=\u00bb9525&#8243; img_size=\u00bb50x50px\u00bb alignment=\u00bbcenter\u00bb css_animation=\u00bbbounceInDown\u00bb][\/vc_column_inner][vc_column_inner width=\u00bb1\/4&#8243;][vc_custom_heading text=\u00bbActividades Acu\u00e1ticas\u00bb font_container=\u00bbtag:h4|text_align:center|color:%23808080&#8243; use_theme_fonts=\u00bbyes\u00bb css_animation=\u00bbbounceInDown\u00bb][vc_single_image image=\u00bb11728&#8243; img_size=\u00bb50x50px\u00bb alignment=\u00bbcenter\u00bb css_animation=\u00bbbounceInDown\u00bb][\/vc_column_inner][vc_column_inner width=\u00bb1\/4&#8243;][vc_custom_heading text=\u00bbVisita Poblados\u00bb font_container=\u00bbtag:h4|text_align:center|color:%23808080&#8243; use_theme_fonts=\u00bbyes\u00bb css_animation=\u00bbbounceInDown\u00bb][vc_single_image image=\u00bb11735&#8243; img_size=\u00bb50x50px\u00bb alignment=\u00bbcenter\u00bb css_animation=\u00bbbounceInDown\u00bb][\/vc_column_inner][\/vc_row_inner][vc_empty_space height=\u00bb50px\u00bb][\/vc_column][\/vc_row][vc_row][vc_column][vc_separator border_width=\u00bb4&#8243;][vc_custom_heading text=\u00bbAventura\u00bb font_container=\u00bbtag:h2|text_align:left|color:%23fcb040&#8243;][vc_empty_space][rev_slider_vc alias=\u00bbrhino_sections_slider\u00bb][\/vc_column][\/vc_row]<\/p>","protected":false},"excerpt":{"rendered":"<p>[vc_row][vc_column][vc_single_image image=\u00bb10114&#8243; img_size=\u00bbfull\u00bb alignment=\u00bbcenter\u00bb][vc_empty_space height=\u00bb20px\u00bb][\/vc_column][\/vc_row][vc_row][vc_column][vc_column_text]Estas son algunas de las actividades que puede encontrar alrededor de nuestro resort. Consulte la recepci\u00f3n para una informaci\u00f3n m\u00e1s detallada.[\/vc_column_text][vc_empty_space height=\u00bb30px\u00bb][\/vc_column][\/vc_row][vc_row][vc_column][vc_row_inner][vc_column_inner width=\u00bb1\/4&#8243;][vc_custom_heading text=\u00bbGolf\u00bb font_container=\u00bbtag:h4|text_align:center|color:%23808080&#8243; use_theme_fonts=\u00bbyes\u00bb css_animation=\u00bbbounceInDown\u00bb][vc_single_image image=\u00bb9524&#8243; img_size=\u00bb50x50px\u00bb alignment=\u00bbcenter\u00bb css_animation=\u00bbbounceInDown\u00bb][\/vc_column_inner][vc_column_inner width=\u00bb1\/4&#8243;][vc_custom_heading text=\u00bbMotor\u00bb font_container=\u00bbtag:h4|text_align:center|color:%23808080&#8243; use_theme_fonts=\u00bbyes\u00bb css_animation=\u00bbbounceInDown\u00bb][vc_single_image image=\u00bb9521&#8243; img_size=\u00bb50x50px\u00bb alignment=\u00bbcenter\u00bb css_animation=\u00bbbounceInDown\u00bb][\/vc_column_inner][vc_column_inner width=\u00bb1\/4&#8243;][vc_custom_heading text=\u00bbPlaya\u00bb font_container=\u00bbtag:h4|text_align:center|color:%23808080&#8243; use_theme_fonts=\u00bbyes\u00bb css_animation=\u00bbbounceInDown\u00bb][vc_single_image image=\u00bb9520&#8243; img_size=\u00bb50x50px\u00bb alignment=\u00bbcenter\u00bb css_animation=\u00bbbounceInDown\u00bb][\/vc_column_inner][vc_column_inner width=\u00bb1\/4&#8243;][vc_custom_heading text=\u00bbParques Naturales\u00bb font_container=\u00bbtag:h4|text_align:center|color:%23808080&#8243; use_theme_fonts=\u00bbyes\u00bb css_animation=\u00bbbounceInDown\u00bb][vc_single_image image=\u00bb11722&#8243; img_size=\u00bb50x50px\u00bb alignment=\u00bbcenter\u00bb css_animation=\u00bbbounceInDown\u00bb][\/vc_column_inner][\/vc_row_inner][vc_empty_space height=\u00bb50px\u00bb][\/vc_column][\/vc_row][vc_row][vc_column][vc_row_inner][vc_column_inner width=\u00bb1\/4&#8243;][vc_custom_heading text=\u00bbShopping\u00bb font_container=\u00bbtag:h4|text_align:center|color:%23808080&#8243; use_theme_fonts=\u00bbyes\u00bb css_animation=\u00bbbounceInDown\u00bb][vc_single_image image=\u00bb11724&#8243; img_size=\u00bb50x50px\u00bb alignment=\u00bbcenter\u00bb css_animation=\u00bbbounceInDown\u00bb][\/vc_column_inner][vc_column_inner width=\u00bb1\/4&#8243;][vc_custom_heading text=\u00bbMuseos\u00bb font_container=\u00bbtag:h4|text_align:center|color:%23808080&#8243; use_theme_fonts=\u00bbyes\u00bb css_animation=\u00bbbounceInDown\u00bb][vc_single_image image=\u00bb11721&#8243; img_size=\u00bb50x50px\u00bb alignment=\u00bbcenter\u00bb css_animation=\u00bbbounceInDown\u00bb][\/vc_column_inner][vc_column_inner width=\u00bb1\/4&#8243;][vc_custom_heading text=\u00bbAerodromo\u00bb font_container=\u00bbtag:h4|text_align:center|color:%23808080&#8243; use_theme_fonts=\u00bbyes\u00bb css_animation=\u00bbbounceInDown\u00bb][vc_single_image image=\u00bb11723&#8243; img_size=\u00bb50x50px\u00bb alignment=\u00bbcenter\u00bb css_animation=\u00bbbounceInDown\u00bb][\/vc_column_inner][vc_column_inner width=\u00bb1\/4&#8243;][vc_custom_heading text=\u00bbCasino\u00bb font_container=\u00bbtag:h4|text_align:center|color:%23808080&#8243; use_theme_fonts=\u00bbyes\u00bb css_animation=\u00bbbounceInDown\u00bb][vc_single_image image=\u00bb9522&#8243; img_size=\u00bb50x50px\u00bb alignment=\u00bbcenter\u00bb css_animation=\u00bbbounceInDown\u00bb][\/vc_column_inner][\/vc_row_inner][vc_empty_space height=\u00bb50px\u00bb][\/vc_column][\/vc_row][vc_row][vc_column][vc_row_inner][vc_column_inner width=\u00bb1\/4&#8243;][vc_custom_heading text=\u00bbPesca\u00bb font_container=\u00bbtag:h4|text_align:center|color:%23808080&#8243; use_theme_fonts=\u00bbyes\u00bb css_animation=\u00bbbounceInDown\u00bb][vc_single_image image=\u00bb9523&#8243; img_size=\u00bb50x50px\u00bb alignment=\u00bbcenter\u00bb css_animation=\u00bbbounceInDown\u00bb][\/vc_column_inner][vc_column_inner width=\u00bb1\/4&#8243;][vc_custom_heading text=\u00bbMontar a Caballo\u00bb font_container=\u00bbtag:h4|text_align:center|color:%23808080&#8243; use_theme_fonts=\u00bbyes\u00bb css_animation=\u00bbbounceInDown\u00bb][vc_single_image image=\u00bb9525&#8243; img_size=\u00bb50x50px\u00bb alignment=\u00bbcenter\u00bb css_animation=\u00bbbounceInDown\u00bb][\/vc_column_inner][vc_column_inner width=\u00bb1\/4&#8243;][vc_custom_heading text=\u00bbActividades Acu\u00e1ticas\u00bb font_container=\u00bbtag:h4|text_align:center|color:%23808080&#8243; use_theme_fonts=\u00bbyes\u00bb css_animation=\u00bbbounceInDown\u00bb][vc_single_image image=\u00bb11728&#8243; img_size=\u00bb50x50px\u00bb alignment=\u00bbcenter\u00bb css_animation=\u00bbbounceInDown\u00bb][\/vc_column_inner][vc_column_inner width=\u00bb1\/4&#8243;][vc_custom_heading text=\u00bbVisita Poblados\u00bb font_container=\u00bbtag:h4|text_align:center|color:%23808080&#8243; use_theme_fonts=\u00bbyes\u00bb css_animation=\u00bbbounceInDown\u00bb][vc_single_image image=\u00bb11735&#8243; img_size=\u00bb50x50px\u00bb alignment=\u00bbcenter\u00bb css_animation=\u00bbbounceInDown\u00bb][\/vc_column_inner][\/vc_row_inner][vc_empty_space height=\u00bb50px\u00bb][\/vc_column][\/vc_row][vc_row][vc_column][vc_separator border_width=\u00bb4&#8243;][vc_custom_heading text=\u00bbAventura\u00bb font_container=\u00bbtag:h2|text_align:left|color:%23fcb040&#8243;][vc_empty_space][rev_slider_vc alias=\u00bbrhino_sections_slider\u00bb][\/vc_column][\/vc_row]<\/p>\n","protected":false},"author":1,"featured_media":0,"parent":0,"menu_order":0,"comment_status":"closed","ping_status":"closed","template":"","meta":[],"_links":{"self":[{"href":"https:\/\/therhinoresort.com\/es\/wp-json\/wp\/v2\/pages\/213"}],"collection":[{"href":"https:\/\/therhinoresort.com\/es\/wp-json\/wp\/v2\/pages"}],"about":[{"href":"https:\/\/therhinoresort.com\/es\/wp-json\/wp\/v2\/types\/page"}],"author":[{"embeddable":true,"href":"https:\/\/therhinoresort.com\/es\/wp-json\/wp\/v2\/users\/1"}],"replies":[{"embeddable":true,"href":"https:\/\/therhinoresort.com\/es\/wp-json\/wp\/v2\/comments?post=213"}],"version-history":[{"count":17,"href":"https:\/\/therhinoresort.com\/es\/wp-json\/wp\/v2\/pages\/213\/revisions"}],"predecessor-version":[{"id":11839,"href":"https:\/\/therhinoresort.com\/es\/wp-json\/wp\/v2\/pages\/213\/revisions\/11839"}],"wp:attachment":[{"href":"https:\/\/therhinoresort.com\/es\/wp-json\/wp\/v2\/media?parent=213"}],"curies":[{"name":"wp","href":"https:\/\/api.w.org\/{rel}","templated":true}]}}