{"id":189,"date":"2012-12-21T16:31:17","date_gmt":"2012-12-21T16:31:17","guid":{"rendered":"http:\/\/therhinoresort.com\/new\/?page_id=189&#038;lang=es"},"modified":"2016-11-22T00:02:33","modified_gmt":"2016-11-22T00:02:33","slug":"egyptian-cotton","status":"publish","type":"page","link":"https:\/\/therhinoresort.com\/es\/particularidades\/algodon-egipcio\/","title":{"rendered":"El Algod\u00f3n Egipcio"},"content":{"rendered":"<p>[vc_row][vc_column][vc_single_image image=\u00bb11322&#8243; img_size=\u00bbfull\u00bb][vc_empty_space height=\u00bb20px\u00bb][\/vc_column][\/vc_row][vc_row][vc_column width=\u00bb2\/3&#8243;][vc_single_image image=\u00bb9404&#8243; img_size=\u00bblarge\u00bb][vc_row_inner][vc_column_inner width=\u00bb1\/4&#8243;][\/vc_column_inner][vc_column_inner width=\u00bb3\/4&#8243;][vc_separator border_width=\u00bb4&#8243;][vc_column_text]Las s\u00e1banas\u00a0y fundas de almohada son de puro algod\u00f3n de Egipto. La suavidad al tacto depende de la concentraci\u00f3n de fibras por cm\u00b2.<br \/>\nEl \u00fanico hotel donde usted podr\u00eda encontrar algod\u00f3n de estas caracter\u00edsticas es el Burj Al Arab de Dubai, el \u00fanico 7 estrellas del mundo.[\/vc_column_text][\/vc_column_inner][\/vc_row_inner][vc_empty_space][\/vc_column][vc_column width=\u00bb1\/3&#8243;][vc_wp_custommenu nav_menu=\u00bb12&#8243;][vc_single_image image=\u00bb9438&#8243; img_size=\u00bb50&#215;50&#8243; onclick=\u00bbcustom_link\u00bb link=\u00bbhttp:\/\/www.therhinoresort.com\/special-features\u00bb][\/vc_column][\/vc_row][vc_row][vc_column][vc_empty_space][rev_slider_vc alias=\u00bbrhino_sections_slider\u00bb][\/vc_column][\/vc_row]<\/p>","protected":false},"excerpt":{"rendered":"<p>[vc_row][vc_column][vc_single_image image=\u00bb11322&#8243; img_size=\u00bbfull\u00bb][vc_empty_space height=\u00bb20px\u00bb][\/vc_column][\/vc_row][vc_row][vc_column width=\u00bb2\/3&#8243;][vc_single_image image=\u00bb9404&#8243; img_size=\u00bblarge\u00bb][vc_row_inner][vc_column_inner width=\u00bb1\/4&#8243;][\/vc_column_inner][vc_column_inner width=\u00bb3\/4&#8243;][vc_separator border_width=\u00bb4&#8243;][vc_column_text]Las s\u00e1banas\u00a0y fundas de almohada son de puro algod\u00f3n de Egipto. La suavidad al tacto depende de la concentraci\u00f3n de fibras por cm\u00b2. El \u00fanico hotel donde usted podr\u00eda encontrar algod\u00f3n de estas caracter\u00edsticas es el Burj Al Arab de Dubai, el \u00fanico 7 estrellas del mundo.[\/vc_column_text][\/vc_column_inner][\/vc_row_inner][vc_empty_space][\/vc_column][vc_column width=\u00bb1\/3&#8243;][vc_wp_custommenu nav_menu=\u00bb12&#8243;][vc_single_image image=\u00bb9438&#8243; img_size=\u00bb50&#215;50&#8243; onclick=\u00bbcustom_link\u00bb link=\u00bbhttp:\/\/www.therhinoresort.com\/special-features\u00bb][\/vc_column][\/vc_row][vc_row][vc_column][vc_empty_space][rev_slider_vc alias=\u00bbrhino_sections_slider\u00bb][\/vc_column][\/vc_row]<\/p>\n","protected":false},"author":1,"featured_media":0,"parent":48,"menu_order":6,"comment_status":"closed","ping_status":"closed","template":"","meta":[],"_links":{"self":[{"href":"https:\/\/therhinoresort.com\/es\/wp-json\/wp\/v2\/pages\/189"}],"collection":[{"href":"https:\/\/therhinoresort.com\/es\/wp-json\/wp\/v2\/pages"}],"about":[{"href":"https:\/\/therhinoresort.com\/es\/wp-json\/wp\/v2\/types\/page"}],"author":[{"embeddable":true,"href":"https:\/\/therhinoresort.com\/es\/wp-json\/wp\/v2\/users\/1"}],"replies":[{"embeddable":true,"href":"https:\/\/therhinoresort.com\/es\/wp-json\/wp\/v2\/comments?post=189"}],"version-history":[{"count":11,"href":"https:\/\/therhinoresort.com\/es\/wp-json\/wp\/v2\/pages\/189\/revisions"}],"predecessor-version":[{"id":11482,"href":"https:\/\/therhinoresort.com\/es\/wp-json\/wp\/v2\/pages\/189\/revisions\/11482"}],"up":[{"embeddable":true,"href":"https:\/\/therhinoresort.com\/es\/wp-json\/wp\/v2\/pages\/48"}],"wp:attachment":[{"href":"https:\/\/therhinoresort.com\/es\/wp-json\/wp\/v2\/media?parent=189"}],"curies":[{"name":"wp","href":"https:\/\/api.w.org\/{rel}","templated":true}]}}