{"id":183,"date":"2012-12-21T16:29:09","date_gmt":"2012-12-21T16:29:09","guid":{"rendered":"http:\/\/therhinoresort.com\/new\/?page_id=183&#038;lang=es"},"modified":"2016-11-24T00:10:58","modified_gmt":"2016-11-24T00:10:58","slug":"photo","status":"publish","type":"page","link":"https:\/\/therhinoresort.com\/es\/particularidades\/photo-o-dibujo\/","title":{"rendered":"Dibujos"},"content":{"rendered":"<p>[vc_row][vc_column][vc_single_image image=\u00bb11322&#8243; img_size=\u00bbfull\u00bb][vc_empty_space height=\u00bb20px\u00bb][\/vc_column][\/vc_row][vc_row][vc_column width=\u00bb2\/3&#8243;][vc_single_image image=\u00bb9406&#8243; img_size=\u00bblarge\u00bb][vc_row_inner][vc_column_inner width=\u00bb1\/4&#8243;][\/vc_column_inner][vc_column_inner width=\u00bb3\/4&#8243;][vc_separator border_width=\u00bb4&#8243;][vc_column_text]<span style=\"color: #808080;\">\u00bfFoto o dibujo? Ac\u00e9rquese y estudie los detalles. Las 61 habitaciones del Rhino Resort est\u00e1n decoradas con una obra excepcional que representa una tribu africana.<\/span><br \/>\n<span style=\"color: #808080;\"> El artista tailand\u00e9s Yuttana Yutain es el autor de estos dibujos, realizados con pincel de bamb\u00fa y carboncillo.<\/span>[\/vc_column_text][\/vc_column_inner][\/vc_row_inner][\/vc_column][vc_column width=\u00bb1\/3&#8243;][vc_wp_custommenu nav_menu=\u00bb12&#8243;][vc_single_image image=\u00bb9438&#8243; img_size=\u00bb50&#215;50&#8243; onclick=\u00bbcustom_link\u00bb link=\u00bbhttp:\/\/www.therhinoresort.com\/special-features\u00bb][\/vc_column][\/vc_row][vc_row][vc_column][vc_empty_space][rev_slider_vc alias=\u00bbrhino_sections_slider\u00bb][\/vc_column][\/vc_row]<\/p>","protected":false},"excerpt":{"rendered":"<p>[vc_row][vc_column][vc_single_image image=\u00bb11322&#8243; img_size=\u00bbfull\u00bb][vc_empty_space height=\u00bb20px\u00bb][\/vc_column][\/vc_row][vc_row][vc_column width=\u00bb2\/3&#8243;][vc_single_image image=\u00bb9406&#8243; img_size=\u00bblarge\u00bb][vc_row_inner][vc_column_inner width=\u00bb1\/4&#8243;][\/vc_column_inner][vc_column_inner width=\u00bb3\/4&#8243;][vc_separator border_width=\u00bb4&#8243;][vc_column_text]\u00bfFoto o dibujo? Ac\u00e9rquese y estudie los detalles. Las 61 habitaciones del Rhino Resort est\u00e1n decoradas con una obra excepcional que representa una tribu africana. El artista tailand\u00e9s Yuttana Yutain es el autor de estos dibujos, realizados con pincel de bamb\u00fa y carboncillo.[\/vc_column_text][\/vc_column_inner][\/vc_row_inner][\/vc_column][vc_column width=\u00bb1\/3&#8243;][vc_wp_custommenu nav_menu=\u00bb12&#8243;][vc_single_image image=\u00bb9438&#8243; img_size=\u00bb50&#215;50&#8243; onclick=\u00bbcustom_link\u00bb link=\u00bbhttp:\/\/www.therhinoresort.com\/special-features\u00bb][\/vc_column][\/vc_row][vc_row][vc_column][vc_empty_space][rev_slider_vc alias=\u00bbrhino_sections_slider\u00bb][\/vc_column][\/vc_row]<\/p>\n","protected":false},"author":1,"featured_media":0,"parent":48,"menu_order":2,"comment_status":"closed","ping_status":"closed","template":"","meta":[],"_links":{"self":[{"href":"https:\/\/therhinoresort.com\/es\/wp-json\/wp\/v2\/pages\/183"}],"collection":[{"href":"https:\/\/therhinoresort.com\/es\/wp-json\/wp\/v2\/pages"}],"about":[{"href":"https:\/\/therhinoresort.com\/es\/wp-json\/wp\/v2\/types\/page"}],"author":[{"embeddable":true,"href":"https:\/\/therhinoresort.com\/es\/wp-json\/wp\/v2\/users\/1"}],"replies":[{"embeddable":true,"href":"https:\/\/therhinoresort.com\/es\/wp-json\/wp\/v2\/comments?post=183"}],"version-history":[{"count":7,"href":"https:\/\/therhinoresort.com\/es\/wp-json\/wp\/v2\/pages\/183\/revisions"}],"predecessor-version":[{"id":11660,"href":"https:\/\/therhinoresort.com\/es\/wp-json\/wp\/v2\/pages\/183\/revisions\/11660"}],"up":[{"embeddable":true,"href":"https:\/\/therhinoresort.com\/es\/wp-json\/wp\/v2\/pages\/48"}],"wp:attachment":[{"href":"https:\/\/therhinoresort.com\/es\/wp-json\/wp\/v2\/media?parent=183"}],"curies":[{"name":"wp","href":"https:\/\/api.w.org\/{rel}","templated":true}]}}