{"id":177,"date":"2012-12-21T16:27:16","date_gmt":"2012-12-21T16:27:16","guid":{"rendered":"http:\/\/therhinoresort.com\/new\/?page_id=177&#038;lang=es"},"modified":"2016-11-21T23:35:34","modified_gmt":"2016-11-21T23:35:34","slug":"rhino-kids","status":"publish","type":"page","link":"https:\/\/therhinoresort.com\/es\/instalaciones\/rhino-kids\/","title":{"rendered":"Rhino Kids"},"content":{"rendered":"<p>[vc_row][vc_column][vc_single_image image=\u00bb10119&#8243; img_size=\u00bbfull\u00bb][vc_empty_space height=\u00bb20px\u00bb][\/vc_column][\/vc_row][vc_row][vc_column width=\u00bb2\/3&#8243;][vc_single_image image=\u00bb9427&#8243; img_size=\u00bblarge\u00bb][vc_separator border_width=\u00bb4&#8243;][vc_column_text]Nuestro objetivo es agregar valor real a cualquier d\u00eda de fiesta y asegurar que tanto los adultos como\u00a0los ni\u00f1os se diviertan. Queremos ayudar a cada ni\u00f1o a aprovechar al m\u00e1ximo su viaje y los recuerdos que llevan a casa.[\/vc_column_text][vc_empty_space height=\u00bb20px\u00bb][vc_separator style=\u00bbshadow\u00bb border_width=\u00bb4&#8243;][vc_row_inner][vc_column_inner width=\u00bb1\/3&#8243;][ultimate_icon_list icon_size=\u00bb25&#8243; css_icon_list=\u00bb.vc_custom_1479401160572{margin-bottom: 0px !important;}\u00bb][ultimate_icon_list_item icon_type=\u00bbcustom\u00bb icon_img=\u00bbid^9574|url^http:\/\/therhinoresort.com\/wp-content\/uploads\/picto_size.png|caption^null|alt^null|title^picto_size|description^null\u00bb]<span style=\"color: #333333; font-size: medium;\">DIMENSIONES<\/span>[\/ultimate_icon_list_item][\/ultimate_icon_list][vc_column_text]<span style=\"font-size: medium;\"><strong>40<\/strong> m\u00b2<\/span>[\/vc_column_text][\/vc_column_inner][vc_column_inner width=\u00bb1\/3&#8243;][ultimate_icon_list icon_size=\u00bb25&#8243; css_icon_list=\u00bb.vc_custom_1479401225186{margin-bottom: 0px !important;}\u00bb][ultimate_icon_list_item icon_type=\u00bbcustom\u00bb icon_img=\u00bbid^10308|url^http:\/\/therhinoresort.com\/wp-content\/uploads\/picto_open_hours.png|caption^null|alt^null|title^picto_open_hours|description^null\u00bb]<span style=\"color: #333333; font-size: medium;\">HORARIO<\/span>[\/ultimate_icon_list_item][\/ultimate_icon_list][vc_column_text]<span style=\"color: #808080; font-size: medium;\"><strong>11<\/strong>h<strong>00<\/strong> &gt; <strong>19<\/strong>h<strong>00<\/strong><\/span>[\/vc_column_text][\/vc_column_inner][vc_column_inner width=\u00bb1\/3&#8243;][ultimate_icon_list icon_size=\u00bb25&#8243; css_icon_list=\u00bb.vc_custom_1479401357190{margin-bottom: 0px !important;}\u00bb][ultimate_icon_list_item icon_type=\u00bbcustom\u00bb icon_img=\u00bbid^10927|url^http:\/\/therhinoresort.com\/wp-content\/uploads\/picto_price.png|caption^null|alt^null|title^picto_price|description^null\u00bb]<span style=\"color: #333333; font-size: medium;\">PRECIOS<\/span>[\/ultimate_icon_list_item][\/ultimate_icon_list][vc_column_text]Acceso gratuito para los clientes del hotel[\/vc_column_text][\/vc_column_inner][\/vc_row_inner][vc_row_inner][vc_column_inner][vc_text_separator title=\u00bbADMISI\u00d3N\u00bb title_align=\u00bbseparator_align_left\u00bb color=\u00bbviolet\u00bb][vc_column_text]<span style=\"color: #808080;\"><strong>\u00b7 Limite de edad\u00a0: 12 a\u00f1os<\/strong><\/span><br \/>\n<span style=\"color: #808080;\"><strong>\u00b7\u00a0Personal<\/strong>: Nuestras ni\u00f1eras estar\u00e1n presentes en todo momento.<\/span><br \/>\n<span style=\"color: #808080;\"><strong>\u00b7\u00a0Ni\u00f1era personal<\/strong> disponible bajo demanda (3 horas de tiempo con un coste extra).<\/span><br \/>\n<span style=\"color: #808080;\"><strong>\u00b7\u00a0Padres permitidos<\/strong>: No<\/span>[\/vc_column_text][\/vc_column_inner][\/vc_row_inner][vc_empty_space height=\u00bb20px\u00bb][\/vc_column][vc_column width=\u00bb1\/3&#8243;][vc_wp_custommenu nav_menu=\u00bb11&#8243;][vc_single_image image=\u00bb9529&#8243; img_size=\u00bb50&#215;50&#8243; onclick=\u00bbcustom_link\u00bb link=\u00bbhttp:\/\/www.therhinoresort.com\/amenities\u00bb][\/vc_column][\/vc_row][vc_row][vc_column][vc_empty_space][rev_slider_vc alias=\u00bbrhino_sections_slider\u00bb][\/vc_column][\/vc_row]<\/p>","protected":false},"excerpt":{"rendered":"<p>[vc_row][vc_column][vc_single_image image=\u00bb10119&#8243; img_size=\u00bbfull\u00bb][vc_empty_space height=\u00bb20px\u00bb][\/vc_column][\/vc_row][vc_row][vc_column width=\u00bb2\/3&#8243;][vc_single_image image=\u00bb9427&#8243; img_size=\u00bblarge\u00bb][vc_separator border_width=\u00bb4&#8243;][vc_column_text]Nuestro objetivo es agregar valor real a cualquier d\u00eda de fiesta y asegurar que tanto los adultos como\u00a0los ni\u00f1os se diviertan. Queremos ayudar a cada ni\u00f1o a aprovechar al m\u00e1ximo su viaje y los recuerdos que llevan a casa.[\/vc_column_text][vc_empty_space height=\u00bb20px\u00bb][vc_separator style=\u00bbshadow\u00bb border_width=\u00bb4&#8243;][vc_row_inner][vc_column_inner width=\u00bb1\/3&#8243;][ultimate_icon_list icon_size=\u00bb25&#8243; css_icon_list=\u00bb.vc_custom_1479401160572{margin-bottom: 0px !important;}\u00bb][ultimate_icon_list_item icon_type=\u00bbcustom\u00bb icon_img=\u00bbid^9574|url^http:\/\/therhinoresort.com\/wp-content\/uploads\/picto_size.png|caption^null|alt^null|title^picto_size|description^null\u00bb]DIMENSIONES[\/ultimate_icon_list_item][\/ultimate_icon_list][vc_column_text]40 m\u00b2[\/vc_column_text][\/vc_column_inner][vc_column_inner width=\u00bb1\/3&#8243;][ultimate_icon_list icon_size=\u00bb25&#8243; css_icon_list=\u00bb.vc_custom_1479401225186{margin-bottom: 0px !important;}\u00bb][ultimate_icon_list_item icon_type=\u00bbcustom\u00bb icon_img=\u00bbid^10308|url^http:\/\/therhinoresort.com\/wp-content\/uploads\/picto_open_hours.png|caption^null|alt^null|title^picto_open_hours|description^null\u00bb]HORARIO[\/ultimate_icon_list_item][\/ultimate_icon_list][vc_column_text]11h00 &gt; 19h00[\/vc_column_text][\/vc_column_inner][vc_column_inner width=\u00bb1\/3&#8243;][ultimate_icon_list icon_size=\u00bb25&#8243; css_icon_list=\u00bb.vc_custom_1479401357190{margin-bottom: 0px !important;}\u00bb][ultimate_icon_list_item icon_type=\u00bbcustom\u00bb icon_img=\u00bbid^10927|url^http:\/\/therhinoresort.com\/wp-content\/uploads\/picto_price.png|caption^null|alt^null|title^picto_price|description^null\u00bb]PRECIOS[\/ultimate_icon_list_item][\/ultimate_icon_list][vc_column_text]Acceso gratuito para los clientes del hotel[\/vc_column_text][\/vc_column_inner][\/vc_row_inner][vc_row_inner][vc_column_inner][vc_text_separator title=\u00bbADMISI\u00d3N\u00bb title_align=\u00bbseparator_align_left\u00bb color=\u00bbviolet\u00bb][vc_column_text]\u00b7 Limite de edad\u00a0: 12 a\u00f1os \u00b7\u00a0Personal: Nuestras ni\u00f1eras estar\u00e1n presentes en todo momento. \u00b7\u00a0Ni\u00f1era personal disponible bajo demanda (3 horas de tiempo con un coste extra). \u00b7\u00a0Padres permitidos: No[\/vc_column_text][\/vc_column_inner][\/vc_row_inner][vc_empty_space height=\u00bb20px\u00bb][\/vc_column][vc_column width=\u00bb1\/3&#8243;][vc_wp_custommenu nav_menu=\u00bb11&#8243;][vc_single_image image=\u00bb9529&#8243; img_size=\u00bb50&#215;50&#8243; onclick=\u00bbcustom_link\u00bb link=\u00bbhttp:\/\/www.therhinoresort.com\/amenities\u00bb][\/vc_column][\/vc_row][vc_row][vc_column][vc_empty_space][rev_slider_vc alias=\u00bbrhino_sections_slider\u00bb][\/vc_column][\/vc_row]<\/p>\n","protected":false},"author":1,"featured_media":0,"parent":39,"menu_order":8,"comment_status":"closed","ping_status":"closed","template":"","meta":[],"_links":{"self":[{"href":"https:\/\/therhinoresort.com\/es\/wp-json\/wp\/v2\/pages\/177"}],"collection":[{"href":"https:\/\/therhinoresort.com\/es\/wp-json\/wp\/v2\/pages"}],"about":[{"href":"https:\/\/therhinoresort.com\/es\/wp-json\/wp\/v2\/types\/page"}],"author":[{"embeddable":true,"href":"https:\/\/therhinoresort.com\/es\/wp-json\/wp\/v2\/users\/1"}],"replies":[{"embeddable":true,"href":"https:\/\/therhinoresort.com\/es\/wp-json\/wp\/v2\/comments?post=177"}],"version-history":[{"count":28,"href":"https:\/\/therhinoresort.com\/es\/wp-json\/wp\/v2\/pages\/177\/revisions"}],"predecessor-version":[{"id":11475,"href":"https:\/\/therhinoresort.com\/es\/wp-json\/wp\/v2\/pages\/177\/revisions\/11475"}],"up":[{"embeddable":true,"href":"https:\/\/therhinoresort.com\/es\/wp-json\/wp\/v2\/pages\/39"}],"wp:attachment":[{"href":"https:\/\/therhinoresort.com\/es\/wp-json\/wp\/v2\/media?parent=177"}],"curies":[{"name":"wp","href":"https:\/\/api.w.org\/{rel}","templated":true}]}}