{"id":1763,"date":"2013-01-21T08:37:45","date_gmt":"2013-01-21T08:37:45","guid":{"rendered":"http:\/\/therhinoresort.com\/new\/fr\/?page_id=1763"},"modified":"2016-11-23T23:57:03","modified_gmt":"2016-11-23T23:57:03","slug":"awards-7","status":"publish","type":"page","link":"https:\/\/therhinoresort.com\/es\/awards\/awards-7\/","title":{"rendered":"ISO"},"content":{"rendered":"<p>[vc_row][vc_column][vc_single_image image=\u00bb10163&#8243; img_size=\u00bbfull\u00bb][vc_empty_space height=\u00bb20px\u00bb][\/vc_column][\/vc_row][vc_row][vc_column width=\u00bb2\/3&#8243;][vc_row_inner][vc_column_inner][vc_column_text]<\/p>\n<h4><span style=\"color: #808080;\">CERTIFICACI\u00d3N ISO 9001:2008<\/span><\/h4>\n<p>[\/vc_column_text][vc_separator border_width=\u00bb2&#8243;][vc_column_text]<span style=\"color: #808080;\">Tras un periodo de 14 meses de formaci\u00f3n semanal, The Rhino Resort Hotel &amp; Spa obtuvo el 18 de Diciembre de 2012 la certificaci\u00f3n de su Sistema de Gesti\u00f3n de Calidad (SGC) bajo la Norma ISO 9001:2008.<\/span><br \/>\n<span style=\"color: #808080;\">La certificaci\u00f3n ha sido emitida por ProCert SA, certificando que el Sistema de Gesti\u00f3n del hotel The Rhino Resort ha sido auditado y encontrado conforme con las exigencias de dicha norma.<\/span><br \/>\n<span style=\"color: #808080;\">Esto demuestra la constante preocupaci\u00f3n de nuestro equipo por satisfacer las necesidades de nuestros clientes, buscando agregar valor a\u00f1adido y asegurar la calidad en el servicio que ofrecemos.<\/span>[\/vc_column_text][vc_single_image image=\u00bb9553&#8243; img_size=\u00bb300&#215;300&#8243; alignment=\u00bbcenter\u00bb][vc_empty_space height=\u00bb20px\u00bb][\/vc_column_inner][\/vc_row_inner][\/vc_column][vc_column width=\u00bb1\/3&#8243;][vc_wp_custommenu nav_menu=\u00bb15&#8243;][vc_single_image image=\u00bb9530&#8243; img_size=\u00bb50&#215;50&#8243; onclick=\u00bbcustom_link\u00bb link=\u00bbhttp:\/\/www.therhinoresort.com\/awards\u00bb][\/vc_column][\/vc_row][vc_row][vc_column][vc_empty_space][rev_slider_vc alias=\u00bbrhino_sections_slider\u00bb][\/vc_column][\/vc_row]<\/p>","protected":false},"excerpt":{"rendered":"<p>[vc_row][vc_column][vc_single_image image=\u00bb10163&#8243; img_size=\u00bbfull\u00bb][vc_empty_space height=\u00bb20px\u00bb][\/vc_column][\/vc_row][vc_row][vc_column width=\u00bb2\/3&#8243;][vc_row_inner][vc_column_inner][vc_column_text] CERTIFICACI\u00d3N ISO 9001:2008 [\/vc_column_text][vc_separator border_width=\u00bb2&#8243;][vc_column_text]Tras un periodo de 14 meses de formaci\u00f3n semanal, The Rhino Resort Hotel &amp; Spa obtuvo el 18 de Diciembre de 2012 la certificaci\u00f3n de su Sistema de Gesti\u00f3n de Calidad (SGC) bajo la Norma ISO 9001:2008. La certificaci\u00f3n ha sido emitida por ProCert SA, certificando que el Sistema de Gesti\u00f3n del hotel The Rhino Resort ha sido auditado y encontrado conforme con las exigencias de dicha norma. Esto demuestra la constante preocupaci\u00f3n de nuestro equipo por satisfacer las necesidades de nuestros clientes, buscando agregar valor a\u00f1adido y asegurar la calidad en el servicio que ofrecemos.[\/vc_column_text][vc_single_image image=\u00bb9553&#8243; img_size=\u00bb300&#215;300&#8243; alignment=\u00bbcenter\u00bb][vc_empty_space height=\u00bb20px\u00bb][\/vc_column_inner][\/vc_row_inner][\/vc_column][vc_column width=\u00bb1\/3&#8243;][vc_wp_custommenu nav_menu=\u00bb15&#8243;][vc_single_image image=\u00bb9530&#8243; img_size=\u00bb50&#215;50&#8243; onclick=\u00bbcustom_link\u00bb link=\u00bbhttp:\/\/www.therhinoresort.com\/awards\u00bb][\/vc_column][\/vc_row][vc_row][vc_column][vc_empty_space][rev_slider_vc alias=\u00bbrhino_sections_slider\u00bb][\/vc_column][\/vc_row]<\/p>\n","protected":false},"author":1,"featured_media":0,"parent":704,"menu_order":0,"comment_status":"closed","ping_status":"closed","template":"","meta":[],"_links":{"self":[{"href":"https:\/\/therhinoresort.com\/es\/wp-json\/wp\/v2\/pages\/1763"}],"collection":[{"href":"https:\/\/therhinoresort.com\/es\/wp-json\/wp\/v2\/pages"}],"about":[{"href":"https:\/\/therhinoresort.com\/es\/wp-json\/wp\/v2\/types\/page"}],"author":[{"embeddable":true,"href":"https:\/\/therhinoresort.com\/es\/wp-json\/wp\/v2\/users\/1"}],"replies":[{"embeddable":true,"href":"https:\/\/therhinoresort.com\/es\/wp-json\/wp\/v2\/comments?post=1763"}],"version-history":[{"count":13,"href":"https:\/\/therhinoresort.com\/es\/wp-json\/wp\/v2\/pages\/1763\/revisions"}],"predecessor-version":[{"id":11648,"href":"https:\/\/therhinoresort.com\/es\/wp-json\/wp\/v2\/pages\/1763\/revisions\/11648"}],"up":[{"embeddable":true,"href":"https:\/\/therhinoresort.com\/es\/wp-json\/wp\/v2\/pages\/704"}],"wp:attachment":[{"href":"https:\/\/therhinoresort.com\/es\/wp-json\/wp\/v2\/media?parent=1763"}],"curies":[{"name":"wp","href":"https:\/\/api.w.org\/{rel}","templated":true}]}}