{"id":1761,"date":"2013-01-21T08:37:21","date_gmt":"2013-01-21T08:37:21","guid":{"rendered":"http:\/\/therhinoresort.com\/new\/fr\/?page_id=1761"},"modified":"2016-11-23T23:51:11","modified_gmt":"2016-11-23T23:51:11","slug":"awards-6","status":"publish","type":"page","link":"https:\/\/therhinoresort.com\/es\/awards\/awards-6\/","title":{"rendered":"TripAdvisor"},"content":{"rendered":"<p>[vc_row][vc_column][vc_single_image image=\u00bb10163&#8243; img_size=\u00bbfull\u00bb][vc_empty_space height=\u00bb20px\u00bb][\/vc_column][\/vc_row][vc_row][vc_column width=\u00bb2\/3&#8243;][vc_tta_tabs][vc_tta_section title=\u00bbTraveller&#8217;s Choice 2016&#8243; tab_id=\u00bb1475383624836-901627f0-09f5d9a8-187a\u00bb][vc_empty_space height=\u00bb20px\u00bb][vc_column_text]<\/p>\n<h4><span style=\"color: #808080;\">TripAdvisor Traveller&#8217;s Choice 2016<\/span><\/h4>\n<p>[\/vc_column_text][vc_separator border_width=\u00bb2&#8243;][vc_column_text]<span style=\"color: #808080;\">The Rhino Resort Hotel &amp; Spa gan\u00f3 el\u00a0premio Travellers &#8216;Choice 2016 en las siguientes categor\u00edas:<\/span><br \/>\n<span style=\"color: #808080;\">\u00b7 Mejor Hotel \u2013 Africa<\/span><br \/>\n<span style=\"color: #808080;\">\u00b7\u00a0Hotel M\u00e1s lujoso \u2013 \u00c1frica<\/span><br \/>\n<span style=\"color: #808080;\">\u00b7 Mejor Hotel por la Calidad de Servicio\u00a0\u2013 \u00c1frica<\/span><br \/>\n<span style=\"color: #808080;\">Los premios Travellers &#8216; Choice son la m\u00e1xima distinci\u00f3n que otorga TripAdvisor . Se otorgan en base a los consejos y opiniones de viajeros de todo el mundo .<\/span>[\/vc_column_text][vc_single_image image=\u00bb9563&#8243; img_size=\u00bb300&#215;300&#8243;][\/vc_tta_section][vc_tta_section title=\u00bbExcelencia 2014&#8243; tab_id=\u00bb1475383624865-05be90b3-a9ddd9a8-187a\u00bb][vc_empty_space height=\u00bb20px\u00bb][vc_column_text]<\/p>\n<h4><span style=\"color: #808080;\">TripAdvisor Certificado de\u00a0Excelencia 2014<\/span><\/h4>\n<p>[\/vc_column_text][vc_separator border_width=\u00bb2&#8243;][vc_column_text]<\/p>\n<p id=\"dreta\"><span style=\"color: #808080;\">En mayo de 2014 The Rhino Resort Hotel &amp; Spa ha sido galardonado con el prestigioso Certificado de Excelencia Tripadvisor.<\/span><br \/>\n<span style=\"color: #808080;\">Los viajeros han recomendado nuestro establecimiento a lo largo de todo el a\u00f1o y la puntuaci\u00f3n de 5 que hemos alcanzado en consecuencia constituye un logro excepcional.<\/span><\/p>\n<p>[\/vc_column_text][vc_single_image image=\u00bb9566&#8243; img_size=\u00bb300&#215;300&#8243;][\/vc_tta_section][vc_tta_section title=\u00bbExcelencia 2013&#8243; tab_id=\u00bb1475383744970-1f33f8af-7b56d9a8-187a\u00bb][vc_empty_space height=\u00bb20px\u00bb][vc_column_text]<\/p>\n<h4><span style=\"color: #808080;\">TripAdvisor Certificado de\u00a0Excelencia 2013<\/span><\/h4>\n<p>[\/vc_column_text][vc_separator border_width=\u00bb2&#8243;][vc_column_text]<\/p>\n<p id=\"dreta\"><span style=\"color: #808080;\">En mayo de 2013 The Rhino Resort Hotel &amp; Spa ha sido galardonado con el prestigioso Certificado de Excelencia Tripadvisor.<\/span><br \/>\n<span style=\"color: #808080;\">Los viajeros han recomendado nuestro establecimiento a lo largo de todo el a\u00f1o y la puntuaci\u00f3n de 5 que hemos alcanzado en consecuencia constituye un logro excepcional.<\/span><\/p>\n<p>[\/vc_column_text][vc_single_image image=\u00bb9565&#8243; img_size=\u00bb300&#215;300&#8243;][\/vc_tta_section][vc_tta_section title=\u00bbExcelencia 2012&#8243; tab_id=\u00bb1475384103909-af29a67f-096cd9a8-187a\u00bb][vc_empty_space height=\u00bb20px\u00bb][vc_column_text]<\/p>\n<h4><span style=\"color: #808080;\">TripAdvisor Certificado de\u00a0Excelencia 2012<\/span><\/h4>\n<p>[\/vc_column_text][vc_separator border_width=\u00bb2&#8243;][vc_column_text]<span style=\"color: #808080;\">En\u00a0mayo de 2012 The Rhino Resort Hotel &amp; Spa ha sido galardonado con el prestigioso Certificado de Excelencia Tripadvisor.<\/span><br \/>\n<span style=\"color: #808080;\"> Los viajeros han recomendado nuestro establecimiento a lo largo de todo el a\u00f1o y la puntuaci\u00f3n de 5 que hemos alcanzado en consecuencia constituye un logro excepcional.<\/span>[\/vc_column_text][vc_single_image image=\u00bb9564&#8243; img_size=\u00bb300&#215;300&#8243;][\/vc_tta_section][\/vc_tta_tabs][vc_empty_space height=\u00bb20px\u00bb][\/vc_column][vc_column width=\u00bb1\/3&#8243;][vc_wp_custommenu nav_menu=\u00bb15&#8243;][vc_single_image image=\u00bb9530&#8243; img_size=\u00bb50&#215;50&#8243; onclick=\u00bbcustom_link\u00bb link=\u00bbhttp:\/\/www.therhinoresort.com\/awards\u00bb][\/vc_column][\/vc_row][vc_row][vc_column][vc_empty_space][rev_slider_vc alias=\u00bbrhino_sections_slider\u00bb][\/vc_column][\/vc_row]<\/p>","protected":false},"excerpt":{"rendered":"<p>[vc_row][vc_column][vc_single_image image=\u00bb10163&#8243; img_size=\u00bbfull\u00bb][vc_empty_space height=\u00bb20px\u00bb][\/vc_column][\/vc_row][vc_row][vc_column width=\u00bb2\/3&#8243;][vc_tta_tabs][vc_tta_section title=\u00bbTraveller&#8217;s Choice 2016&#8243; tab_id=\u00bb1475383624836-901627f0-09f5d9a8-187a\u00bb][vc_empty_space height=\u00bb20px\u00bb][vc_column_text] TripAdvisor Traveller&#8217;s Choice 2016 [\/vc_column_text][vc_separator border_width=\u00bb2&#8243;][vc_column_text]The Rhino Resort Hotel &amp; Spa gan\u00f3 el\u00a0premio Travellers &#8216;Choice 2016 en las siguientes categor\u00edas: \u00b7 Mejor Hotel \u2013 Africa \u00b7\u00a0Hotel M\u00e1s lujoso \u2013 \u00c1frica \u00b7 Mejor Hotel por la Calidad de Servicio\u00a0\u2013 \u00c1frica Los premios Travellers &#8216; Choice son la m\u00e1xima distinci\u00f3n que otorga TripAdvisor . Se otorgan en base a los consejos y opiniones de viajeros de todo el mundo .[\/vc_column_text][vc_single_image image=\u00bb9563&#8243; img_size=\u00bb300&#215;300&#8243;][\/vc_tta_section][vc_tta_section title=\u00bbExcelencia 2014&#8243; tab_id=\u00bb1475383624865-05be90b3-a9ddd9a8-187a\u00bb][vc_empty_space height=\u00bb20px\u00bb][vc_column_text] TripAdvisor Certificado de\u00a0Excelencia 2014 [\/vc_column_text][vc_separator border_width=\u00bb2&#8243;][vc_column_text] En mayo de 2014 The Rhino Resort Hotel &amp; Spa ha sido galardonado con el prestigioso Certificado de Excelencia Tripadvisor. Los viajeros han recomendado nuestro establecimiento a lo largo de todo el a\u00f1o y la puntuaci\u00f3n de 5 que hemos alcanzado en consecuencia constituye un logro excepcional. [\/vc_column_text][vc_single_image image=\u00bb9566&#8243; img_size=\u00bb300&#215;300&#8243;][\/vc_tta_section][vc_tta_section title=\u00bbExcelencia 2013&#8243; tab_id=\u00bb1475383744970-1f33f8af-7b56d9a8-187a\u00bb][vc_empty_space height=\u00bb20px\u00bb][vc_column_text] TripAdvisor Certificado de\u00a0Excelencia 2013 [\/vc_column_text][vc_separator border_width=\u00bb2&#8243;][vc_column_text] En mayo de 2013 The Rhino Resort Hotel &amp; Spa ha sido galardonado con el prestigioso Certificado de Excelencia Tripadvisor. Los viajeros han recomendado nuestro establecimiento a lo largo de todo el a\u00f1o y la puntuaci\u00f3n de 5 que hemos alcanzado en consecuencia constituye un logro excepcional. [\/vc_column_text][vc_single_image image=\u00bb9565&#8243; img_size=\u00bb300&#215;300&#8243;][\/vc_tta_section][vc_tta_section title=\u00bbExcelencia 2012&#8243; tab_id=\u00bb1475384103909-af29a67f-096cd9a8-187a\u00bb][vc_empty_space height=\u00bb20px\u00bb][vc_column_text] TripAdvisor Certificado de\u00a0Excelencia 2012 [\/vc_column_text][vc_separator border_width=\u00bb2&#8243;][vc_column_text]En\u00a0mayo de 2012 The Rhino Resort Hotel &amp; Spa ha sido galardonado con el prestigioso Certificado de Excelencia Tripadvisor. Los viajeros han recomendado nuestro establecimiento a lo largo de todo el a\u00f1o y la puntuaci\u00f3n de 5 que hemos alcanzado en [&hellip;]<\/p>\n","protected":false},"author":1,"featured_media":0,"parent":704,"menu_order":0,"comment_status":"closed","ping_status":"closed","template":"","meta":[],"_links":{"self":[{"href":"https:\/\/therhinoresort.com\/es\/wp-json\/wp\/v2\/pages\/1761"}],"collection":[{"href":"https:\/\/therhinoresort.com\/es\/wp-json\/wp\/v2\/pages"}],"about":[{"href":"https:\/\/therhinoresort.com\/es\/wp-json\/wp\/v2\/types\/page"}],"author":[{"embeddable":true,"href":"https:\/\/therhinoresort.com\/es\/wp-json\/wp\/v2\/users\/1"}],"replies":[{"embeddable":true,"href":"https:\/\/therhinoresort.com\/es\/wp-json\/wp\/v2\/comments?post=1761"}],"version-history":[{"count":18,"href":"https:\/\/therhinoresort.com\/es\/wp-json\/wp\/v2\/pages\/1761\/revisions"}],"predecessor-version":[{"id":11640,"href":"https:\/\/therhinoresort.com\/es\/wp-json\/wp\/v2\/pages\/1761\/revisions\/11640"}],"up":[{"embeddable":true,"href":"https:\/\/therhinoresort.com\/es\/wp-json\/wp\/v2\/pages\/704"}],"wp:attachment":[{"href":"https:\/\/therhinoresort.com\/es\/wp-json\/wp\/v2\/media?parent=1761"}],"curies":[{"name":"wp","href":"https:\/\/api.w.org\/{rel}","templated":true}]}}