{"id":175,"date":"2012-12-21T16:26:48","date_gmt":"2012-12-21T16:26:48","guid":{"rendered":"http:\/\/therhinoresort.com\/new\/?page_id=175&#038;lang=es"},"modified":"2016-11-21T23:27:25","modified_gmt":"2016-11-21T23:27:25","slug":"gym","status":"publish","type":"page","link":"https:\/\/therhinoresort.com\/es\/instalaciones\/gimnasio\/","title":{"rendered":"Sala de Fitness"},"content":{"rendered":"<p>[vc_row][vc_column][vc_single_image image=\u00bb10116&#8243; img_size=\u00bbfull\u00bb][vc_empty_space height=\u00bb20px\u00bb][\/vc_column][\/vc_row][vc_row][vc_column width=\u00bb2\/3&#8243;][vc_single_image image=\u00bb11344&#8243; img_size=\u00bblarge\u00bb][vc_separator border_width=\u00bb4&#8243;][vc_column_text]El gimnasio del hotel esta abierto las 24 horas del d\u00eda, garantizando la continuidad de las rutinas y compromisos de los clientes. Va a encontrar la motivaci\u00f3n en una imponente vista panor\u00e1mica del hotel.[\/vc_column_text][vc_empty_space height=\u00bb20px\u00bb][vc_row_inner][vc_column_inner width=\u00bb1\/4&#8243;][vc_single_image image=\u00bb11022&#8243; img_size=\u00bb150&#215;39&#8243;][\/vc_column_inner][vc_column_inner width=\u00bb3\/4&#8243;][vc_column_text]El\u00a0proceso de producci\u00f3n de Technogym combina la velocidad, la agilidad, la eficacia, la seguridad y la higiene. Se\u00a0encargan de realizar pruebas de producto rigurosas y precisas y han obtenido los certificados internacionales de calidad de mayor nivel.[\/vc_column_text][\/vc_column_inner][\/vc_row_inner][vc_empty_space height=\u00bb20px\u00bb][vc_separator style=\u00bbshadow\u00bb border_width=\u00bb4&#8243;][vc_row_inner][vc_column_inner width=\u00bb1\/2&#8243;][ultimate_icon_list icon_size=\u00bb25&#8243; css_icon_list=\u00bb.vc_custom_1479405376803{margin-bottom: 0px !important;}\u00bb][ultimate_icon_list_item icon_type=\u00bbcustom\u00bb icon_img=\u00bbid^10308|url^http:\/\/therhinoresort.com\/wp-content\/uploads\/picto_open_hours.png|caption^null|alt^null|title^picto_open_hours|description^null\u00bb]<span style=\"color: #333333; font-size: medium;\">HORARIO<\/span>[\/ultimate_icon_list_item][\/ultimate_icon_list][vc_column_text]<\/p>\n<p align=\"justify\"><span style=\"font-size: medium;\"><strong>24<\/strong>h<\/span><\/p>\n<p>[\/vc_column_text][\/vc_column_inner][vc_column_inner width=\u00bb1\/2&#8243;][ultimate_icon_list icon_size=\u00bb25&#8243; css_icon_list=\u00bb.vc_custom_1479405384306{margin-bottom: 0px !important;}\u00bb][ultimate_icon_list_item icon_type=\u00bbcustom\u00bb icon_img=\u00bbid^9485|url^http:\/\/therhinoresort.com\/wp-content\/uploads\/picto_admission.png|caption^null|alt^null|title^picto_admission|description^null\u00bb]<span style=\"color: #333333; font-size: medium;\">ADMISI\u00d3N<\/span>[\/ultimate_icon_list_item][\/ultimate_icon_list][vc_column_text]\u00b7 Gratuito\u00a0para los clientes del Hotel<\/p>\n<p>\u00b7 Los menores de 15 a\u00f1os deben ir acompa\u00f1ados de un adulto[\/vc_column_text][\/vc_column_inner][\/vc_row_inner][vc_empty_space height=\u00bb20px\u00bb][\/vc_column][vc_column width=\u00bb1\/3&#8243;][vc_wp_custommenu nav_menu=\u00bb11&#8243;][vc_single_image image=\u00bb9529&#8243; img_size=\u00bb50&#215;50&#8243; onclick=\u00bbcustom_link\u00bb link=\u00bbhttp:\/\/www.therhinoresort.com\/amenities\u00bb][\/vc_column][\/vc_row][vc_row][vc_column][vc_empty_space][rev_slider_vc alias=\u00bbrhino_sections_slider\u00bb][\/vc_column][\/vc_row]<\/p>","protected":false},"excerpt":{"rendered":"<p>[vc_row][vc_column][vc_single_image image=\u00bb10116&#8243; img_size=\u00bbfull\u00bb][vc_empty_space height=\u00bb20px\u00bb][\/vc_column][\/vc_row][vc_row][vc_column width=\u00bb2\/3&#8243;][vc_single_image image=\u00bb11344&#8243; img_size=\u00bblarge\u00bb][vc_separator border_width=\u00bb4&#8243;][vc_column_text]El gimnasio del hotel esta abierto las 24 horas del d\u00eda, garantizando la continuidad de las rutinas y compromisos de los clientes. Va a encontrar la motivaci\u00f3n en una imponente vista panor\u00e1mica del hotel.[\/vc_column_text][vc_empty_space height=\u00bb20px\u00bb][vc_row_inner][vc_column_inner width=\u00bb1\/4&#8243;][vc_single_image image=\u00bb11022&#8243; img_size=\u00bb150&#215;39&#8243;][\/vc_column_inner][vc_column_inner width=\u00bb3\/4&#8243;][vc_column_text]El\u00a0proceso de producci\u00f3n de Technogym combina la velocidad, la agilidad, la eficacia, la seguridad y la higiene. Se\u00a0encargan de realizar pruebas de producto rigurosas y precisas y han obtenido los certificados internacionales de calidad de mayor nivel.[\/vc_column_text][\/vc_column_inner][\/vc_row_inner][vc_empty_space height=\u00bb20px\u00bb][vc_separator style=\u00bbshadow\u00bb border_width=\u00bb4&#8243;][vc_row_inner][vc_column_inner width=\u00bb1\/2&#8243;][ultimate_icon_list icon_size=\u00bb25&#8243; css_icon_list=\u00bb.vc_custom_1479405376803{margin-bottom: 0px !important;}\u00bb][ultimate_icon_list_item icon_type=\u00bbcustom\u00bb icon_img=\u00bbid^10308|url^http:\/\/therhinoresort.com\/wp-content\/uploads\/picto_open_hours.png|caption^null|alt^null|title^picto_open_hours|description^null\u00bb]HORARIO[\/ultimate_icon_list_item][\/ultimate_icon_list][vc_column_text] 24h [\/vc_column_text][\/vc_column_inner][vc_column_inner width=\u00bb1\/2&#8243;][ultimate_icon_list icon_size=\u00bb25&#8243; css_icon_list=\u00bb.vc_custom_1479405384306{margin-bottom: 0px !important;}\u00bb][ultimate_icon_list_item icon_type=\u00bbcustom\u00bb icon_img=\u00bbid^9485|url^http:\/\/therhinoresort.com\/wp-content\/uploads\/picto_admission.png|caption^null|alt^null|title^picto_admission|description^null\u00bb]ADMISI\u00d3N[\/ultimate_icon_list_item][\/ultimate_icon_list][vc_column_text]\u00b7 Gratuito\u00a0para los clientes del Hotel \u00b7 Los menores de 15 a\u00f1os deben ir acompa\u00f1ados de un adulto[\/vc_column_text][\/vc_column_inner][\/vc_row_inner][vc_empty_space height=\u00bb20px\u00bb][\/vc_column][vc_column width=\u00bb1\/3&#8243;][vc_wp_custommenu nav_menu=\u00bb11&#8243;][vc_single_image image=\u00bb9529&#8243; img_size=\u00bb50&#215;50&#8243; onclick=\u00bbcustom_link\u00bb link=\u00bbhttp:\/\/www.therhinoresort.com\/amenities\u00bb][\/vc_column][\/vc_row][vc_row][vc_column][vc_empty_space][rev_slider_vc alias=\u00bbrhino_sections_slider\u00bb][\/vc_column][\/vc_row]<\/p>\n","protected":false},"author":1,"featured_media":0,"parent":39,"menu_order":8,"comment_status":"closed","ping_status":"closed","template":"","meta":[],"_links":{"self":[{"href":"https:\/\/therhinoresort.com\/es\/wp-json\/wp\/v2\/pages\/175"}],"collection":[{"href":"https:\/\/therhinoresort.com\/es\/wp-json\/wp\/v2\/pages"}],"about":[{"href":"https:\/\/therhinoresort.com\/es\/wp-json\/wp\/v2\/types\/page"}],"author":[{"embeddable":true,"href":"https:\/\/therhinoresort.com\/es\/wp-json\/wp\/v2\/users\/1"}],"replies":[{"embeddable":true,"href":"https:\/\/therhinoresort.com\/es\/wp-json\/wp\/v2\/comments?post=175"}],"version-history":[{"count":43,"href":"https:\/\/therhinoresort.com\/es\/wp-json\/wp\/v2\/pages\/175\/revisions"}],"predecessor-version":[{"id":11468,"href":"https:\/\/therhinoresort.com\/es\/wp-json\/wp\/v2\/pages\/175\/revisions\/11468"}],"up":[{"embeddable":true,"href":"https:\/\/therhinoresort.com\/es\/wp-json\/wp\/v2\/pages\/39"}],"wp:attachment":[{"href":"https:\/\/therhinoresort.com\/es\/wp-json\/wp\/v2\/media?parent=175"}],"curies":[{"name":"wp","href":"https:\/\/api.w.org\/{rel}","templated":true}]}}