{"id":132,"date":"2012-12-21T15:59:00","date_gmt":"2012-12-21T15:59:00","guid":{"rendered":"http:\/\/therhinoresort.com\/new\/?page_id=132&#038;lang=es"},"modified":"2016-11-20T21:25:21","modified_gmt":"2016-11-20T21:25:21","slug":"treatments","status":"publish","type":"page","link":"https:\/\/therhinoresort.com\/es\/spa\/tratamientos\/","title":{"rendered":"Tratamientos"},"content":{"rendered":"<p>[vc_row][vc_column][vc_row_inner][vc_column_inner width=\u00bb1\/4&#8243;][vc_single_image image=\u00bb10962&#8243; img_size=\u00bb40&#215;40&#8243; alignment=\u00bbcenter\u00bb][\/vc_column_inner][vc_column_inner width=\u00bb1\/4&#8243;][vc_single_image image=\u00bb10963&#8243; img_size=\u00bb40&#215;40&#8243; alignment=\u00bbcenter\u00bb][\/vc_column_inner][vc_column_inner width=\u00bb1\/4&#8243;][vc_single_image image=\u00bb10964&#8243; img_size=\u00bb40&#215;40&#8243; alignment=\u00bbcenter\u00bb][\/vc_column_inner][vc_column_inner width=\u00bb1\/4&#8243;][vc_single_image image=\u00bb10965&#8243; img_size=\u00bb40&#215;40&#8243; alignment=\u00bbcenter\u00bb][\/vc_column_inner][\/vc_row_inner][vc_empty_space height=\u00bb20px\u00bb][vc_single_image image=\u00bb11156&#8243; img_size=\u00bbfull\u00bb][vc_empty_space height=\u00bb20px\u00bb][\/vc_column][\/vc_row][vc_row][vc_column width=\u00bb2\/3&#8243;][vc_gallery interval=\u00bb3&#8243; images=\u00bb10953,10954,10955&#8243; img_size=\u00bblarge\u00bb onclick=\u00bbimg_link_large\u00bb][vc_separator border_width=\u00bb4&#8243;][vc_column_text]Abarca una superficie de 191 m2.<br \/>\nDos salas de tratamientos individuales, una suite con ba\u00f1era y una suite para parejas.<\/p>\n<p>El Rhino Spa le ofrece con sus tratamientos, toda una experiencia profundamente terap\u00e9utica en un entorno que refleja un ex\u00f3tico lujo Afro-Asi\u00e1tico.[\/vc_column_text][vc_column_text]Nuestra filosof\u00eda es cuidar todos los aspectos de su bienestar, f\u00edsico y emocional.<\/p>\n<p>Gran variedad de tratamientos, cuatro salas privadas y m\u00faltiples experiencias de relajaci\u00f3n ofrecen un ambiente \u00fanico basado en la uni\u00f3n de t\u00e9cnicas modernas y terapias tradicionales orientales.<\/p>\n<p>Descubra un universo recubierto de madera y rodeado de agua, que hemos convertido en un espacio intimo para su confort y su bienestar. Sum\u00e9rjase en este mundo de ensue\u00f1o, de sensaciones y aromas que le transportaran a un estado de paz interior \u00fanico.[\/vc_column_text][vc_empty_space height=\u00bb20px\u00bb][vc_tta_accordion spacing=\u00bb5&#8243; active_section=\u00bb0&#8243;][vc_tta_section title=\u00bbProductos Alqvimia\u00bb tab_id=\u00bb1475988200397-06d27d7d-8119&#8243;][vc_single_image image=\u00bb9936&#8243; img_size=\u00bblarge\u00bb][vc_separator border_width=\u00bb2&#8243;][vc_column_text]<\/p>\n<h3><span style=\"color: #999999;\">ALQVIMIA<\/span><\/h3>\n<p>[\/vc_column_text][vc_column_text]La practica secreta de la alquimia llega a Occidente desde Oriente v\u00eda Egipto, donde los sabios del mundo entero se pusieron de acuerdo en la forma de transmitir sus conocimientos sagrados: el Respeto de las Leyes de la Naturaleza.<\/p>\n<p>Hoy en d\u00eda Alquimia es la primera empresa de cosm\u00e9tica l\u00edder en el estudio y la implantaci\u00f3n de la Qu\u00edmica Ecol\u00f3gica.<\/p>\n<p>Utilizamos los procedimientos m\u00e1s delicados con la finalidad de obtener la perfecci\u00f3n de la esencia de la Naturaleza, seleccionando los componentes de plantas y flores m\u00e1s nobles &#8211; cargados de los principios activos m\u00e1s eficaces.[\/vc_column_text][\/vc_tta_section][vc_tta_section title=\u00bbTratamientos Spa\u00bb tab_id=\u00bb1475381735680-4f925951-aa68d9f4-5899&#8243;][vc_single_image image=\u00bb10962&#8243; img_size=\u00bb25&#215;25&#8243;][vc_row_inner][vc_column_inner width=\u00bb1\/2&#8243;][vc_text_separator title=\u00bbTRATAMIENTOS SPA\u00bb][vc_column_text]<\/p>\n<p><span style=\"color: #808080;\">\u00b7\u00a0Oasis de serenidad<\/span><\/p>\n<p><span style=\"color: #808080;\">\u00b7\u00a0Reina de Egipto<\/span><\/p>\n<p><span style=\"color: #808080;\">\u00b7\u00a0Ritual de la rosa\u00a0<\/span><\/p>\n<p>[\/vc_column_text][\/vc_column_inner][vc_column_inner width=\u00bb1\/2&#8243;][vc_text_separator title=\u00bbSPA SUBLIME\u00bb][vc_column_text]<\/p>\n<p><span style=\"color: #808080;\">\u00b7\u00a0Ritual del C\u00e9sar<\/span><\/p>\n<p><span style=\"color: #808080;\">\u00b7\u00a0Ritual de la alegr\u00eda<\/span><\/p>\n<p><span style=\"color: #808080;\">\u00b7\u00a0Ritual de la orqu\u00eddea<\/span><\/p>\n<p><span style=\"color: #808080;\">\u00b7\u00a0Ritual de la sensualidad femenina<\/span><\/p>\n<p>[\/vc_column_text][\/vc_column_inner][\/vc_row_inner][\/vc_tta_section][vc_tta_section title=\u00bbTratamientos Faciales y Corporales\u00bb tab_id=\u00bb1479673269129-01bb4fca-c4b4&#8243;][vc_row_inner][vc_column_inner width=\u00bb1\/2&#8243;][vc_single_image image=\u00bb10962&#8243; img_size=\u00bb25&#215;25&#8243;][vc_text_separator title=\u00bbTRATAMIENTOS CORPORALES\u00bb title_align=\u00bbseparator_align_left\u00bb][vc_column_text]<span style=\"color: #808080;\">\u00b7 Anti-cellulitis localizada<\/span><\/p>\n<p><span style=\"color: #808080;\">\u00b7\u00a0Piernas cansadas<\/span><\/p>\n<p><span style=\"color: #808080;\">\u00b7\u00a0Reductor de grasa localizada<\/span><\/p>\n<p><span style=\"color: #808080;\">\u00b7\u00a0Reductor General<\/span><\/p>\n<p><span style=\"color: #808080;\">\u00b7\u00a0Tratamientos Terap\u00e9uticos\u00a0<\/span><span style=\"color: #808080;\">para el dolor<\/span><\/p>\n<p><span style=\"color: #808080;\">\u00b7\u00a0Sal del Mar Muerto<\/span>[\/vc_column_text][\/vc_column_inner][vc_column_inner width=\u00bb1\/2&#8243;][vc_single_image image=\u00bb10964&#8243; img_size=\u00bb25&#215;25&#8243;][vc_text_separator title=\u00bbRITUALES FACIALES\u00bb title_align=\u00bbseparator_align_left\u00bb][vc_column_text]<span style=\"color: #808080;\">\u00b7 Piel Acn\u00e9ica<\/span><\/p>\n<p><span style=\"color: #808080;\">\u00b7 Piel Sensible<\/span><\/p>\n<p><span style=\"color: #808080;\">\u00b7\u00a0Piel Seca<\/span><\/p>\n<p><span style=\"color: #808080;\">\u00b7\u00a0Piel Grasa<\/span><\/p>\n<p><span style=\"color: #808080;\">\u00b7 Despigmentaci\u00f3n Facial<\/span><\/p>\n<p><span style=\"color: #808080;\">\u00b7\u00a0Tratamiento Anti- Edad<\/span><\/p>\n<p><span style=\"color: #808080;\">\u00b7\u00a0Tratamiento Regenerativo Hombre<\/span>[\/vc_column_text][\/vc_column_inner][\/vc_row_inner][\/vc_tta_section][vc_tta_section title=\u00bbMasajes\u00bb tab_id=\u00bb1475381735726-f3b0546a-aee1d9f4-5899&#8243;][vc_single_image image=\u00bb10965&#8243; img_size=\u00bb25&#215;25&#8243;][vc_row_inner][vc_column_inner width=\u00bb1\/2&#8243;][vc_column_text]<span style=\"color: #808080;\">\u00b7\u00a0Mas<\/span><span style=\"color: #808080;\">aje a 4 manos<\/span><\/p>\n<p><span style=\"color: #808080;\">\u00b7 Masaje de 30 minutos<\/span><\/p>\n<p><span style=\"color: #808080;\">\u00b7 Masaje a 4 manos de 30 minutos<\/span>[\/vc_column_text][\/vc_column_inner][vc_column_inner width=\u00bb1\/2&#8243;][vc_column_text]<span style=\"color: #808080;\">\u00b7 Masaje relajante<\/span><\/p>\n<p><span style=\"color: #808080;\">\u00b7 Masaje t\u00f3nico<\/span><\/p>\n<p><span style=\"color: #808080;\">\u00b7 Masaje deportivo<\/span>[\/vc_column_text][\/vc_column_inner][\/vc_row_inner][\/vc_tta_section][\/vc_tta_accordion][vc_empty_space height=\u00bb20px\u00bb][vc_separator style=\u00bbshadow\u00bb border_width=\u00bb4&#8243;][vc_row_inner][vc_column_inner width=\u00bb1\/3&#8243;][ultimate_icon_list icon_size=\u00bb25&#8243; css_icon_list=\u00bb.vc_custom_1478814169267{margin-bottom: 0px !important;}\u00bb][ultimate_icon_list_item icon_type=\u00bbcustom\u00bb icon_img=\u00bbid^10308|url^http:\/\/therhinoresort.com\/wp-content\/uploads\/picto_open_hours.png|caption^null|alt^null|title^picto_open_hours|description^null\u00bb]<span style=\"color: #333333; font-size: medium;\">HORAIRE<\/span>[\/ultimate_icon_list_item][\/ultimate_icon_list][vc_column_text]<span style=\"font-size: medium;\"><strong>9h00<\/strong> &gt; <strong>20h00<\/strong><\/span>[\/vc_column_text][\/vc_column_inner][vc_column_inner width=\u00bb1\/3&#8243;][ultimate_icon_list icon_size=\u00bb25&#8243; css_icon_list=\u00bb.vc_custom_1478832559465{margin-bottom: 10px !important;}\u00bb][ultimate_icon_list_item icon_type=\u00bbcustom\u00bb icon_img=\u00bbid^9574|url^http:\/\/therhinoresort.com\/wp-content\/uploads\/picto_size.png|caption^null|alt^null|title^picto_size|description^null\u00bb]<span style=\"color: #333333; font-size: medium;\">DIMESIONS<\/span>[\/ultimate_icon_list_item][\/ultimate_icon_list][vc_column_text]<span style=\"color: #808080; font-size: medium;\"><strong>191<\/strong> m\u00b2<\/span>[\/vc_column_text][\/vc_column_inner][vc_column_inner width=\u00bb1\/3&#8243;][ultimate_icon_list icon_size=\u00bb25&#8243; css_icon_list=\u00bb.vc_custom_1478832893081{margin-bottom: 0px !important;}\u00bb][ultimate_icon_list_item icon_type=\u00bbcustom\u00bb icon_img=\u00bbid^9485|url^http:\/\/therhinoresort.com\/wp-content\/uploads\/picto_admission.png|caption^null|alt^null|title^picto_admission|description^null\u00bb]<span style=\"color: #333333; font-size: medium;\">ADMISSION<\/span>[\/ultimate_icon_list_item][\/ultimate_icon_list][vc_column_text]<span style=\"color: #808080;\">Abierto al publico en general<\/span>[\/vc_column_text][\/vc_column_inner][\/vc_row_inner][vc_empty_space height=\u00bb20px\u00bb][\/vc_column][vc_column width=\u00bb1\/3&#8243;][vc_wp_custommenu nav_menu=\u00bb10&#8243;][vc_single_image image=\u00bb9535&#8243; img_size=\u00bb50&#215;50&#8243; onclick=\u00bbcustom_link\u00bb link=\u00bbhttp:\/\/www.therhinoresort.com\/spa\u00bb][vc_empty_space][vc_column_text css=\u00bb.vc_custom_1479040774549{background-color: #f4dcdc !important;}\u00bb]<\/p>\n<h4 style=\"text-align: center;\"><span style=\"color: #808080;\">Cheque Regalo<\/span><\/h4>\n<p>[\/vc_column_text][vc_single_image image=\u00bb9447&#8243; img_size=\u00bb250&#215;154&#8243; alignment=\u00bbcenter\u00bb][\/vc_column][\/vc_row][vc_row][vc_column][vc_empty_space][rev_slider_vc alias=\u00bbrhino_sections_slider\u00bb][\/vc_column][\/vc_row]<\/p>","protected":false},"excerpt":{"rendered":"<p>[vc_row][vc_column][vc_row_inner][vc_column_inner width=\u00bb1\/4&#8243;][vc_single_image image=\u00bb10962&#8243; img_size=\u00bb40&#215;40&#8243; alignment=\u00bbcenter\u00bb][\/vc_column_inner][vc_column_inner width=\u00bb1\/4&#8243;][vc_single_image image=\u00bb10963&#8243; img_size=\u00bb40&#215;40&#8243; alignment=\u00bbcenter\u00bb][\/vc_column_inner][vc_column_inner width=\u00bb1\/4&#8243;][vc_single_image image=\u00bb10964&#8243; img_size=\u00bb40&#215;40&#8243; alignment=\u00bbcenter\u00bb][\/vc_column_inner][vc_column_inner width=\u00bb1\/4&#8243;][vc_single_image image=\u00bb10965&#8243; img_size=\u00bb40&#215;40&#8243; alignment=\u00bbcenter\u00bb][\/vc_column_inner][\/vc_row_inner][vc_empty_space height=\u00bb20px\u00bb][vc_single_image image=\u00bb11156&#8243; img_size=\u00bbfull\u00bb][vc_empty_space height=\u00bb20px\u00bb][\/vc_column][\/vc_row][vc_row][vc_column width=\u00bb2\/3&#8243;][vc_gallery interval=\u00bb3&#8243; images=\u00bb10953,10954,10955&#8243; img_size=\u00bblarge\u00bb onclick=\u00bbimg_link_large\u00bb][vc_separator border_width=\u00bb4&#8243;][vc_column_text]Abarca una superficie de 191 m2. Dos salas de tratamientos individuales, una suite con ba\u00f1era y una suite para parejas. El Rhino Spa le ofrece con sus tratamientos, toda una experiencia profundamente terap\u00e9utica en un entorno que refleja un ex\u00f3tico lujo Afro-Asi\u00e1tico.[\/vc_column_text][vc_column_text]Nuestra filosof\u00eda es cuidar todos los aspectos de su bienestar, f\u00edsico y emocional. Gran variedad de tratamientos, cuatro salas privadas y m\u00faltiples experiencias de relajaci\u00f3n ofrecen un ambiente \u00fanico basado en la uni\u00f3n de t\u00e9cnicas modernas y terapias tradicionales orientales. Descubra un universo recubierto de madera y rodeado de agua, que hemos convertido en un espacio intimo para su confort y su bienestar. Sum\u00e9rjase en este mundo de ensue\u00f1o, de sensaciones y aromas que le transportaran a un estado de paz interior \u00fanico.[\/vc_column_text][vc_empty_space height=\u00bb20px\u00bb][vc_tta_accordion spacing=\u00bb5&#8243; active_section=\u00bb0&#8243;][vc_tta_section title=\u00bbProductos Alqvimia\u00bb tab_id=\u00bb1475988200397-06d27d7d-8119&#8243;][vc_single_image image=\u00bb9936&#8243; img_size=\u00bblarge\u00bb][vc_separator border_width=\u00bb2&#8243;][vc_column_text] ALQVIMIA [\/vc_column_text][vc_column_text]La practica secreta de la alquimia llega a Occidente desde Oriente v\u00eda Egipto, donde los sabios del mundo entero se pusieron de acuerdo en la forma de transmitir sus conocimientos sagrados: el Respeto de las Leyes de la Naturaleza. Hoy en d\u00eda Alquimia es la primera empresa de cosm\u00e9tica l\u00edder en el estudio y la implantaci\u00f3n de la Qu\u00edmica Ecol\u00f3gica. Utilizamos los procedimientos m\u00e1s delicados con la finalidad de obtener la perfecci\u00f3n de la esencia de la Naturaleza, seleccionando los componentes de plantas y flores m\u00e1s nobles &#8211; cargados de [&hellip;]<\/p>\n","protected":false},"author":1,"featured_media":0,"parent":56,"menu_order":0,"comment_status":"closed","ping_status":"closed","template":"","meta":[],"_links":{"self":[{"href":"https:\/\/therhinoresort.com\/es\/wp-json\/wp\/v2\/pages\/132"}],"collection":[{"href":"https:\/\/therhinoresort.com\/es\/wp-json\/wp\/v2\/pages"}],"about":[{"href":"https:\/\/therhinoresort.com\/es\/wp-json\/wp\/v2\/types\/page"}],"author":[{"embeddable":true,"href":"https:\/\/therhinoresort.com\/es\/wp-json\/wp\/v2\/users\/1"}],"replies":[{"embeddable":true,"href":"https:\/\/therhinoresort.com\/es\/wp-json\/wp\/v2\/comments?post=132"}],"version-history":[{"count":59,"href":"https:\/\/therhinoresort.com\/es\/wp-json\/wp\/v2\/pages\/132\/revisions"}],"predecessor-version":[{"id":11172,"href":"https:\/\/therhinoresort.com\/es\/wp-json\/wp\/v2\/pages\/132\/revisions\/11172"}],"up":[{"embeddable":true,"href":"https:\/\/therhinoresort.com\/es\/wp-json\/wp\/v2\/pages\/56"}],"wp:attachment":[{"href":"https:\/\/therhinoresort.com\/es\/wp-json\/wp\/v2\/media?parent=132"}],"curies":[{"name":"wp","href":"https:\/\/api.w.org\/{rel}","templated":true}]}}