{"id":3465,"date":"2014-11-20T15:35:01","date_gmt":"2014-11-20T15:35:01","guid":{"rendered":"http:\/\/therhinoresort.com\/en\/?page_id=3465"},"modified":"2016-11-21T23:21:59","modified_gmt":"2016-11-21T23:21:59","slug":"lounge-bars","status":"publish","type":"page","link":"https:\/\/therhinoresort.com\/en\/amenities\/lounge-bars\/","title":{"rendered":"Lounge Bars"},"content":{"rendered":"<p>[vc_row][vc_column][vc_single_image image=&#8221;10111&#8243; img_size=&#8221;full&#8221;][vc_empty_space height=&#8221;20px&#8221;][\/vc_column][\/vc_row][vc_row][vc_column width=&#8221;2\/3&#8243;][vc_single_image image=&#8221;11095&#8243; img_size=&#8221;large&#8221;][vc_separator border_width=&#8221;4&#8243;][vc_column_text]<span title=\"Les deux bars de l\u2019H\u00f4tel Rhino offrent une ambiance calme, d\u00e9tendue et raffin\u00e9e.\">The two bars of Hotel Rhino offer a calm, relaxed and refined atmosphere.<\/span><\/p>\n<p><span title=\"Deux lieux intimes et discrets id\u00e9als pour vos rendez vous d\u2019affaire, vos rencontres amoureuses et vos interviews.\">Two intimate and discreet locations: ideal for your business or romantic meetings as well as your interviews.\u00a0<\/span><span title=\"Nos lounge-bars accueillent \u00e9galement des groupes sportifs et convient aux escapades entre ami(e)s.\">Our lounge bars also host sports groups and are suitable for friends\u2019 getaways.<\/span><span title=\"Nos lounge-bars accueillent \u00e9galement des groupes sportifs et convient aux escapades entre ami(e)s.\"><br \/>\n<\/span><\/p>\n<p><span title=\"La musique est choisie en fonction des moments de la journ\u00e9e.\">The music is chosen according to the time of day.\u00a0<\/span><span title=\"Des amuse-bouches sont servis selon vos envies, que vous les d\u00e9siriez l\u00e9gers ou fruit\u00e9s, avec quelques \u00ab \u00e9chantillons \u00bb culinaires a votre go\u00fbt.\">Appetizers are served according to your wishes, whether you desire them light or fruity, with some &#8220;sample&#8221; bitings for your taste.<\/span><span title=\"Au soir, des bougies et des lumi\u00e8res teint\u00e9es et tamis\u00e9es ajoutent une touche enchanteresse et romantique \u00e0 ce lieu.\">In the evening, candles and tinted, dimmed lights add an enchanting and romantic touch to these lounges.<\/span>[\/vc_column_text][vc_empty_space height=&#8221;20px&#8221;][vc_separator style=&#8221;shadow&#8221; border_width=&#8221;4&#8243;][vc_row_inner][vc_column_inner width=&#8221;1\/2&#8243;][ultimate_icon_list icon_size=&#8221;25&#8243; css_icon_list=&#8221;.vc_custom_1479405213597{margin-bottom: 0px !important;}&#8221;][ultimate_icon_list_item icon_type=&#8221;custom&#8221; icon_img=&#8221;id^10308|url^http:\/\/therhinoresort.com\/wp-content\/uploads\/picto_open_hours.png|caption^null|alt^null|title^picto_open_hours|description^null&#8221;]<span style=\"color: #333333; font-size: medium;\">\u00a0HORAIRE<\/span>[\/ultimate_icon_list_item][\/ultimate_icon_list][vc_column_text]<span style=\"color: #808080; font-size: medium;\"><strong>10.00<\/strong> hr to <strong>01.00<\/strong> hr<\/span>[\/vc_column_text][\/vc_column_inner][vc_column_inner width=&#8221;1\/2&#8243;][ultimate_icon_list icon_size=&#8221;25&#8243; css_icon_list=&#8221;.vc_custom_1479405202301{margin-bottom: 0px !important;}&#8221;][ultimate_icon_list_item icon_type=&#8221;custom&#8221; icon_img=&#8221;id^9485|url^http:\/\/therhinoresort.com\/wp-content\/uploads\/picto_admission.png|caption^null|alt^null|title^picto_admission|description^null&#8221;]<span style=\"color: #333333; font-size: medium;\">\u00a0ADMISSION<\/span>[\/ultimate_icon_list_item][\/ultimate_icon_list][vc_column_text]<span style=\"color: #808080;\">Open to the general public<\/span>[\/vc_column_text][\/vc_column_inner][\/vc_row_inner][vc_empty_space height=&#8221;20px&#8221;][\/vc_column][vc_column width=&#8221;1\/3&#8243;][vc_wp_custommenu nav_menu=&#8221;11&#8243;][vc_single_image image=&#8221;9529&#8243; img_size=&#8221;50&#215;50&#8243; onclick=&#8221;custom_link&#8221; link=&#8221;http:\/\/www.therhinoresort.com\/amenities&#8221;][\/vc_column][\/vc_row][vc_row][vc_column][vc_empty_space][rev_slider_vc alias=&#8221;rhino_sections_slider&#8221;][\/vc_column][\/vc_row]<\/p>","protected":false},"excerpt":{"rendered":"<p>[vc_row][vc_column][vc_single_image image=&#8221;10111&#8243; img_size=&#8221;full&#8221;][vc_empty_space height=&#8221;20px&#8221;][\/vc_column][\/vc_row][vc_row][vc_column width=&#8221;2\/3&#8243;][vc_single_image image=&#8221;11095&#8243; img_size=&#8221;large&#8221;][vc_separator border_width=&#8221;4&#8243;][vc_column_text]The two bars of Hotel Rhino offer a calm, relaxed and refined atmosphere. Two intimate and discreet locations: ideal for your business or romantic meetings as well as your interviews.\u00a0Our lounge bars also host sports groups and are suitable for friends\u2019 getaways. The music is chosen according to the time of day.\u00a0Appetizers are served according to your wishes, whether you desire them light or fruity, with some &#8220;sample&#8221; bitings for your taste.In the evening, candles and tinted, dimmed lights add an enchanting and romantic touch to these lounges.[\/vc_column_text][vc_empty_space height=&#8221;20px&#8221;][vc_separator style=&#8221;shadow&#8221; border_width=&#8221;4&#8243;][vc_row_inner][vc_column_inner width=&#8221;1\/2&#8243;][ultimate_icon_list icon_size=&#8221;25&#8243; css_icon_list=&#8221;.vc_custom_1479405213597{margin-bottom: 0px !important;}&#8221;][ultimate_icon_list_item icon_type=&#8221;custom&#8221; icon_img=&#8221;id^10308|url^http:\/\/therhinoresort.com\/wp-content\/uploads\/picto_open_hours.png|caption^null|alt^null|title^picto_open_hours|description^null&#8221;]\u00a0HORAIRE[\/ultimate_icon_list_item][\/ultimate_icon_list][vc_column_text]10.00 hr to 01.00 hr[\/vc_column_text][\/vc_column_inner][vc_column_inner width=&#8221;1\/2&#8243;][ultimate_icon_list icon_size=&#8221;25&#8243; css_icon_list=&#8221;.vc_custom_1479405202301{margin-bottom: 0px !important;}&#8221;][ultimate_icon_list_item icon_type=&#8221;custom&#8221; icon_img=&#8221;id^9485|url^http:\/\/therhinoresort.com\/wp-content\/uploads\/picto_admission.png|caption^null|alt^null|title^picto_admission|description^null&#8221;]\u00a0ADMISSION[\/ultimate_icon_list_item][\/ultimate_icon_list][vc_column_text]Open to the general public[\/vc_column_text][\/vc_column_inner][\/vc_row_inner][vc_empty_space height=&#8221;20px&#8221;][\/vc_column][vc_column width=&#8221;1\/3&#8243;][vc_wp_custommenu nav_menu=&#8221;11&#8243;][vc_single_image image=&#8221;9529&#8243; img_size=&#8221;50&#215;50&#8243; onclick=&#8221;custom_link&#8221; link=&#8221;http:\/\/www.therhinoresort.com\/amenities&#8221;][\/vc_column][\/vc_row][vc_row][vc_column][vc_empty_space][rev_slider_vc alias=&#8221;rhino_sections_slider&#8221;][\/vc_column][\/vc_row]<\/p>\n","protected":false},"author":1,"featured_media":0,"parent":39,"menu_order":0,"comment_status":"closed","ping_status":"closed","template":"","meta":[],"_links":{"self":[{"href":"https:\/\/therhinoresort.com\/en\/wp-json\/wp\/v2\/pages\/3465"}],"collection":[{"href":"https:\/\/therhinoresort.com\/en\/wp-json\/wp\/v2\/pages"}],"about":[{"href":"https:\/\/therhinoresort.com\/en\/wp-json\/wp\/v2\/types\/page"}],"author":[{"embeddable":true,"href":"https:\/\/therhinoresort.com\/en\/wp-json\/wp\/v2\/users\/1"}],"replies":[{"embeddable":true,"href":"https:\/\/therhinoresort.com\/en\/wp-json\/wp\/v2\/comments?post=3465"}],"version-history":[{"count":20,"href":"https:\/\/therhinoresort.com\/en\/wp-json\/wp\/v2\/pages\/3465\/revisions"}],"predecessor-version":[{"id":11460,"href":"https:\/\/therhinoresort.com\/en\/wp-json\/wp\/v2\/pages\/3465\/revisions\/11460"}],"up":[{"embeddable":true,"href":"https:\/\/therhinoresort.com\/en\/wp-json\/wp\/v2\/pages\/39"}],"wp:attachment":[{"href":"https:\/\/therhinoresort.com\/en\/wp-json\/wp\/v2\/media?parent=3465"}],"curies":[{"name":"wp","href":"https:\/\/api.w.org\/{rel}","templated":true}]}}