{"id":132,"date":"2012-12-21T15:59:00","date_gmt":"2012-12-21T15:59:00","guid":{"rendered":"http:\/\/therhinoresort.com\/new\/?page_id=132&#038;lang=es"},"modified":"2016-11-20T21:25:21","modified_gmt":"2016-11-20T21:25:21","slug":"treatments","status":"publish","type":"page","link":"https:\/\/therhinoresort.com\/en\/spa\/treatments\/","title":{"rendered":"Treatments"},"content":{"rendered":"<p>[vc_row][vc_column width=&#8221;1\/4&#8243;][vc_single_image image=&#8221;10962&#8243; img_size=&#8221;40&#215;40&#8243; alignment=&#8221;center&#8221;][vc_column_text]<\/p>\n<h4 style=\"text-align: center;\"><span style=\"color: #808080;\">Spa\u00a0Treatments<\/span><\/h4>\n<p>[\/vc_column_text][\/vc_column][vc_column width=&#8221;1\/4&#8243;][vc_single_image image=&#8221;10964&#8243; img_size=&#8221;40&#215;40&#8243; alignment=&#8221;center&#8221;][vc_column_text]<\/p>\n<h4 style=\"text-align: center;\"><span style=\"color: #808080;\">Facial\u00a0Rituals<\/span><\/h4>\n<p>[\/vc_column_text][\/vc_column][vc_column width=&#8221;1\/4&#8243;][vc_single_image image=&#8221;10963&#8243; img_size=&#8221;40&#215;40&#8243; alignment=&#8221;center&#8221;][vc_column_text]<\/p>\n<h4 style=\"text-align: center;\"><span style=\"color: #808080;\">Body\u00a0Treatments<\/span><\/h4>\n<p>[\/vc_column_text][\/vc_column][vc_column width=&#8221;1\/4&#8243;][vc_single_image image=&#8221;10965&#8243; img_size=&#8221;40&#215;40&#8243; alignment=&#8221;center&#8221;][vc_column_text]<\/p>\n<h4 style=\"text-align: center;\"><span style=\"color: #808080;\">Massages<\/span><\/h4>\n<p>[\/vc_column_text][\/vc_column][\/vc_row][vc_row][vc_column][vc_empty_space height=&#8221;20px&#8221;][vc_single_image image=&#8221;11156&#8243; img_size=&#8221;full&#8221;][vc_empty_space height=&#8221;20px&#8221;][\/vc_column][\/vc_row][vc_row][vc_column width=&#8221;2\/3&#8243;][vc_gallery interval=&#8221;3&#8243; images=&#8221;10953,10954,10955&#8243; img_size=&#8221;large&#8221; onclick=&#8221;img_link_large&#8221;][vc_column_text]This area covers an area of 191 m2.<br \/>\nWith two individual treatment rooms, 1 suite with bathroom and 1 suite for couples.<\/p>\n<p>The Rhino Resort offers you all the beneficial therapeutic experiences in a luxurious and exotic environment in an Afro-Asian style.[\/vc_column_text][vc_column_text]Our philosophy is to take care of all aspects of your physical and emotional well-being.<br \/>\nWide range of treatments, four private cabins and multiple experiences offer unique relaxation based on the union of modernity and the tradition of oriental therapies.<\/p>\n<p>Discover a world entirely draped with wood and bordered by water, which we have made intimate for your comfort and well-being. Come immerse yourself in this world of dreams, sensations and aromatic scents and let yourself be rocked by this unique languor.[\/vc_column_text][vc_empty_space height=&#8221;20px&#8221;][vc_separator color=&#8221;custom&#8221; accent_color=&#8221;#b9a051&#8243;][vc_row_inner][vc_column_inner width=&#8221;1\/4&#8243;][vc_single_image image=&#8221;9936&#8243; img_size=&#8221;large&#8221;][\/vc_column_inner][vc_column_inner width=&#8221;3\/4&#8243;][vc_column_text]<\/p>\n<h2><span style=\"color: #999999;\">ALQVIMIA<\/span><\/h2>\n<p>[\/vc_column_text][vc_column_text]The secret practice of alchemy comes from the East to the West via Egypt, where wise men from all over the world agreed on how to pass on this sacred knowledge: The Respect for the Laws of Nature.<br \/>\nToday Alqvimia is the leading cosmetics company in the study and implementation of Ecological Chemistry.<br \/>\nWe use the most delicate processes so that Nature gives us the perfection of its essence, by selecting the noblest components of plants and flowers &#8211; carriers of the most effective active ingredients.[\/vc_column_text][\/vc_column_inner][\/vc_row_inner][vc_separator color=&#8221;custom&#8221; accent_color=&#8221;#b9a051&#8243;][vc_empty_space height=&#8221;20px&#8221;][vc_tta_accordion active_section=&#8221;0&#8243;][vc_tta_section title=&#8221;Spa Treatments&#8221; tab_id=&#8221;1475381735680-4f925951-aa68&#8243;][vc_single_image image=&#8221;10962&#8243; img_size=&#8221;25&#215;25&#8243;][vc_row_inner][vc_column_inner width=&#8221;1\/2&#8243;][vc_text_separator title=&#8221;SPA TREATMENTS&#8221;][vc_column_text]<span style=\"color: #808080;\">\u00b7\u00a0Oasis of Serenity Treatment<\/span><br \/>\n<span style=\"color: #808080;\">\u00b7\u00a0Queen of Egypt Treatment<\/span><br \/>\n<span style=\"color: #808080;\">\u00b7\u00a0Ritual of the Rose Treatment<\/span><br \/>\n<span style=\"color: #808080;\">\u00b7\u00a0Gift Voucher<\/span>[\/vc_column_text][\/vc_column_inner][vc_column_inner width=&#8221;1\/2&#8243;][vc_text_separator title=&#8221;SPA SUBLIME TREATMENTS&#8221;][vc_column_text]<span style=\"color: #808080;\">\u00b7\u00a0The Rite Of C\u00e9sar<\/span><br \/>\n<span style=\"color: #808080;\">\u00b7\u00a0The Rite of Joy<\/span><br \/>\n<span style=\"color: #808080;\">\u00b7\u00a0The Rite of The Orchid<\/span><br \/>\n<span style=\"color: #808080;\">\u00b7\u00a0The Rite of Feminine Sensuality<\/span>[\/vc_column_text][\/vc_column_inner][\/vc_row_inner][\/vc_tta_section][vc_tta_section title=&#8221;Face &amp; Body Treatments&#8221; tab_id=&#8221;1479673024142-5c296f7c-1b1c&#8221;][vc_row_inner][vc_column_inner width=&#8221;1\/2&#8243;][vc_single_image image=&#8221;10963&#8243; img_size=&#8221;25&#215;25&#8243;][vc_text_separator title=&#8221;BODY TREATMENTS&#8221;][vc_column_text]<span style=\"color: #808080;\">\u00b7\u00a0Localized anti-cellulite<\/span><br \/>\n<span style=\"color: #808080;\">\u00b7\u00a0Tired legs<\/span><br \/>\n<span style=\"color: #808080;\">\u00b7\u00a0Localized fat reducer<\/span><br \/>\n<span style=\"color: #808080;\">\u00b7\u00a0General reducer<\/span><br \/>\n<span style=\"color: #808080;\">\u00b7\u00a0Therapeutic treatments for pain<\/span><br \/>\n<span style=\"color: #808080;\">\u00b7\u00a0Dead Sea Salt Scrubs<\/span>[\/vc_column_text][\/vc_column_inner][vc_column_inner width=&#8221;1\/2&#8243;][vc_single_image image=&#8221;10964&#8243; img_size=&#8221;25&#215;25&#8243;][vc_text_separator title=&#8221;FACIAL RITUALS&#8221;][vc_column_text]<span style=\"color: #808080;\">\u00b7\u00a0Acneic skin<\/span><br \/>\n<span style=\"color: #808080;\">\u00b7\u00a0Sensible skin<\/span><br \/>\n<span style=\"color: #808080;\">\u00b7\u00a0Facial depigmentation<\/span><br \/>\n<span style=\"color: #808080;\">\u00b7\u00a0Dry skin<\/span><br \/>\n<span style=\"color: #808080;\">\u00b7\u00a0Anti-aging treatment<\/span><br \/>\n<span style=\"color: #808080;\">\u00b7\u00a0Regenerative man treatment<\/span><br \/>\n<span style=\"color: #808080;\">\u00b7\u00a0Oily skin treatment<\/span>[\/vc_column_text][\/vc_column_inner][\/vc_row_inner][\/vc_tta_section][vc_tta_section title=&#8221;Massages&#8221; tab_id=&#8221;1475381735726-f3b0546a-aee1&#8243;][vc_single_image image=&#8221;10965&#8243; img_size=&#8221;25&#215;25&#8243;][vc_row_inner][vc_column_inner width=&#8221;1\/2&#8243;][vc_column_text]<span style=\"color: #808080;\">\u00b7\u00a0Four-hand massage<\/span><br \/>\n<span style=\"color: #808080;\">\u00b7\u00a030 minutes massage<\/span><br \/>\n<span style=\"color: #808080;\">\u00b7\u00a030 minutes four-hand massage<\/span>[\/vc_column_text][\/vc_column_inner][vc_column_inner width=&#8221;1\/2&#8243;][vc_column_text]<span style=\"color: #808080;\">\u00b7\u00a0Relaxing Massage<\/span><br \/>\n<span style=\"color: #808080;\">\u00b7\u00a0Sporting Massage<\/span><br \/>\n<span style=\"color: #808080;\">\u00b7\u00a0Tonic Massage<\/span>[\/vc_column_text][\/vc_column_inner][\/vc_row_inner][\/vc_tta_section][\/vc_tta_accordion][vc_empty_space height=&#8221;20px&#8221;][vc_row_inner][vc_column_inner width=&#8221;1\/4&#8243;][vc_single_image image=&#8221;10962&#8243; img_size=&#8221;25&#215;25&#8243;][vc_text_separator title=&#8221;TRAITEMENTS SPA SUBLIME&#8221; title_align=&#8221;separator_align_left&#8221;][vc_column_text]\u00b7\u00a0Rituel de C\u00e9sar<br \/>\n\u00b7\u00a0Rituel de l\u2019all\u00e9gresse<br \/>\n\u00b7\u00a0Rituel de l\u2019orchid\u00e9e<br \/>\n\u00b7\u00a0Rituel de la sensualit\u00e9 f\u00e9minine[\/vc_column_text][vc_text_separator title=&#8221;TRA\u00ceTEMENTS SPA&#8221; title_align=&#8221;separator_align_left&#8221;][vc_column_text]\u00b7 Oasis de S\u00e9r\u00e9nit\u00e9<br \/>\n\u00b7\u00a0Reine d&#8217;Egypte<br \/>\n\u00b7\u00a0Rituel de la Rose[\/vc_column_text][\/vc_column_inner][vc_column_inner width=&#8221;1\/4&#8243;][vc_single_image image=&#8221;10963&#8243; img_size=&#8221;25&#215;25&#8243;][vc_text_separator title=&#8221;TRAITEMENTS CORPORELS&#8221; title_align=&#8221;separator_align_left&#8221; border_width=&#8221;2&#8243;][vc_column_text]\u00b7\u00a0Anticellulite localis\u00e9e<br \/>\n\u00b7\u00a0Pieds fatigu\u00e9s<br \/>\n\u00b7\u00a0R\u00e9ducteur de graisse localis\u00e9e<br \/>\n\u00b7\u00a0R\u00e9ducteur g\u00e9n\u00e9ral<br \/>\n\u00b7\u00a0Soins th\u00e9rapeutiques contre la douleur<br \/>\n\u00b7\u00a0Sel de la\u00a0Mer Morte[\/vc_column_text][\/vc_column_inner][vc_column_inner width=&#8221;1\/4&#8243;][vc_single_image image=&#8221;10964&#8243; img_size=&#8221;25&#215;25&#8243;][vc_text_separator title=&#8221;RITUELS FACIAUX&#8221; title_align=&#8221;separator_align_left&#8221;][vc_column_text]\u00b7\u00a0Peau acn\u00e9ique<br \/>\n\u00b7\u00a0Peau sensible<br \/>\n\u00b7\u00a0D\u00e9pigmentation faciale<br \/>\n\u00b7\u00a0Peau s\u00e8che<br \/>\n\u00b7\u00a0Soins anti-\u00e2ge<br \/>\n\u00b7\u00a0Soins homme<br \/>\n\u00b7\u00a0Soins peau grasse[\/vc_column_text][\/vc_column_inner][vc_column_inner width=&#8221;1\/4&#8243;][vc_single_image image=&#8221;10965&#8243; img_size=&#8221;25&#215;25&#8243;][vc_text_separator title=&#8221;MASSAGES&#8221; title_align=&#8221;separator_align_left&#8221;][vc_column_text]\u00b7\u00a0Massage \u00e0 4 mains<br \/>\n\u00b7\u00a0Massage de 30 minutes<br \/>\n\u00b7\u00a0Massage \u00e0 4 mains de 30 minutes[\/vc_column_text][vc_column_text]\u00b7\u00a0Massage relaxant<br \/>\n\u00b7\u00a0Massage sportif<br \/>\n\u00b7\u00a0Massage tonique[\/vc_column_text][\/vc_column_inner][\/vc_row_inner][vc_empty_space height=&#8221;20px&#8221;][vc_separator style=&#8221;shadow&#8221; border_width=&#8221;4&#8243;][vc_row_inner][vc_column_inner width=&#8221;1\/3&#8243;][ultimate_icon_list icon_size=&#8221;25&#8243; css_icon_list=&#8221;.vc_custom_1478814169267{margin-bottom: 0px !important;}&#8221;][ultimate_icon_list_item icon_type=&#8221;custom&#8221; icon_img=&#8221;id^10308|url^http:\/\/therhinoresort.com\/wp-content\/uploads\/picto_open_hours.png|caption^null|alt^null|title^picto_open_hours|description^null&#8221;]<span style=\"color: #333333; font-size: medium;\">OPEN HOURS<\/span>[\/ultimate_icon_list_item][\/ultimate_icon_list][vc_column_text]<span style=\"color: #808080; font-size: medium;\"><strong>9.00<\/strong> hr &gt; <strong>20.00<\/strong> hr<\/span>[\/vc_column_text][\/vc_column_inner][vc_column_inner width=&#8221;1\/3&#8243;][ultimate_icon_list icon_size=&#8221;25&#8243; css_icon_list=&#8221;.vc_custom_1478832559465{margin-bottom: 10px !important;}&#8221;][ultimate_icon_list_item icon_type=&#8221;custom&#8221; icon_img=&#8221;id^9574|url^http:\/\/therhinoresort.com\/wp-content\/uploads\/picto_size.png|caption^null|alt^null|title^picto_size|description^null&#8221;]<span style=\"color: #333333; font-size: medium;\">DIMESIONS<\/span>[\/ultimate_icon_list_item][\/ultimate_icon_list][vc_column_text]<span style=\"color: #808080; font-size: medium;\"><strong>191<\/strong> m\u00b2<\/span>[\/vc_column_text][\/vc_column_inner][vc_column_inner width=&#8221;1\/3&#8243;][ultimate_icon_list icon_size=&#8221;25&#8243; css_icon_list=&#8221;.vc_custom_1478832893081{margin-bottom: 0px !important;}&#8221;][ultimate_icon_list_item icon_type=&#8221;custom&#8221; icon_img=&#8221;id^9485|url^http:\/\/therhinoresort.com\/wp-content\/uploads\/picto_admission.png|caption^null|alt^null|title^picto_admission|description^null&#8221;]<span style=\"color: #333333; font-size: medium;\">ADMISSION<\/span>[\/ultimate_icon_list_item][\/ultimate_icon_list][vc_column_text]<span style=\"color: #808080;\">Open to the general public<\/span>[\/vc_column_text][\/vc_column_inner][\/vc_row_inner][vc_empty_space height=&#8221;20px&#8221;][\/vc_column][vc_column width=&#8221;1\/3&#8243;][vc_wp_custommenu nav_menu=&#8221;10&#8243;][vc_single_image image=&#8221;9535&#8243; img_size=&#8221;50&#215;50&#8243; onclick=&#8221;custom_link&#8221; link=&#8221;http:\/\/www.therhinoresort.com\/spa&#8221;][vc_empty_space][vc_column_text]<\/p>\n<h4 style=\"text-align: center;\"><span style=\"color: #808080;\">Spa Gift Voucher<\/span><\/h4>\n<p>[\/vc_column_text][vc_single_image image=&#8221;9447&#8243; img_size=&#8221;250&#215;154&#8243; alignment=&#8221;center&#8221;][vc_separator border_width=&#8221;2&#8243;][vc_column_text]<\/p>\n<p style=\"text-align: center;\"><span style=\"color: #808080;\">Elected 3 times\u00a0Best hotel SPA in the World<\/span><\/p>\n<p>[\/vc_column_text][vc_single_image image=&#8221;9530&#8243; img_size=&#8221;100&#215;100&#8243; alignment=&#8221;center&#8221; onclick=&#8221;custom_link&#8221; link=&#8221;http:\/\/www.therhinoresort.com\/awards&#8221; title=&#8221;Awards &amp; Certificates&#8221;][\/vc_column][\/vc_row][vc_row][vc_column][vc_empty_space][rev_slider_vc alias=&#8221;rhino_sections_slider&#8221;][\/vc_column][\/vc_row]<\/p>","protected":false},"excerpt":{"rendered":"<p>[vc_row][vc_column width=&#8221;1\/4&#8243;][vc_single_image image=&#8221;10962&#8243; img_size=&#8221;40&#215;40&#8243; alignment=&#8221;center&#8221;][vc_column_text] Spa\u00a0Treatments [\/vc_column_text][\/vc_column][vc_column width=&#8221;1\/4&#8243;][vc_single_image image=&#8221;10964&#8243; img_size=&#8221;40&#215;40&#8243; alignment=&#8221;center&#8221;][vc_column_text] Facial\u00a0Rituals [\/vc_column_text][\/vc_column][vc_column width=&#8221;1\/4&#8243;][vc_single_image image=&#8221;10963&#8243; img_size=&#8221;40&#215;40&#8243; alignment=&#8221;center&#8221;][vc_column_text] Body\u00a0Treatments [\/vc_column_text][\/vc_column][vc_column width=&#8221;1\/4&#8243;][vc_single_image image=&#8221;10965&#8243; img_size=&#8221;40&#215;40&#8243; alignment=&#8221;center&#8221;][vc_column_text] Massages [\/vc_column_text][\/vc_column][\/vc_row][vc_row][vc_column][vc_empty_space height=&#8221;20px&#8221;][vc_single_image image=&#8221;11156&#8243; img_size=&#8221;full&#8221;][vc_empty_space height=&#8221;20px&#8221;][\/vc_column][\/vc_row][vc_row][vc_column width=&#8221;2\/3&#8243;][vc_gallery interval=&#8221;3&#8243; images=&#8221;10953,10954,10955&#8243; img_size=&#8221;large&#8221; onclick=&#8221;img_link_large&#8221;][vc_column_text]This area covers an area of 191 m2. With two individual treatment rooms, 1 suite with bathroom and 1 suite for couples. The Rhino Resort offers you all the beneficial therapeutic experiences in a luxurious and exotic environment in an Afro-Asian style.[\/vc_column_text][vc_column_text]Our philosophy is to take care of all aspects of your physical and emotional well-being. Wide range of treatments, four private cabins and multiple experiences offer unique relaxation based on the union of modernity and the tradition of oriental therapies. Discover a world entirely draped with wood and bordered by water, which we have made intimate for your comfort and well-being. Come immerse yourself in this world of dreams, sensations and aromatic scents and let yourself be rocked by this unique languor.[\/vc_column_text][vc_empty_space height=&#8221;20px&#8221;][vc_separator color=&#8221;custom&#8221; accent_color=&#8221;#b9a051&#8243;][vc_row_inner][vc_column_inner width=&#8221;1\/4&#8243;][vc_single_image image=&#8221;9936&#8243; img_size=&#8221;large&#8221;][\/vc_column_inner][vc_column_inner width=&#8221;3\/4&#8243;][vc_column_text] ALQVIMIA [\/vc_column_text][vc_column_text]The secret practice of alchemy comes from the East to the West via Egypt, where wise men from all over the world agreed on how to pass on this sacred knowledge: The Respect for the Laws of Nature. Today Alqvimia is the leading cosmetics company in the study and implementation of Ecological Chemistry. We use the most delicate processes so that Nature gives us the perfection of its essence, by selecting the noblest components of plants and flowers &#8211; carriers of the most effective active ingredients.[\/vc_column_text][\/vc_column_inner][\/vc_row_inner][vc_separator [&hellip;]<\/p>\n","protected":false},"author":1,"featured_media":0,"parent":56,"menu_order":0,"comment_status":"closed","ping_status":"closed","template":"","meta":[],"_links":{"self":[{"href":"https:\/\/therhinoresort.com\/en\/wp-json\/wp\/v2\/pages\/132"}],"collection":[{"href":"https:\/\/therhinoresort.com\/en\/wp-json\/wp\/v2\/pages"}],"about":[{"href":"https:\/\/therhinoresort.com\/en\/wp-json\/wp\/v2\/types\/page"}],"author":[{"embeddable":true,"href":"https:\/\/therhinoresort.com\/en\/wp-json\/wp\/v2\/users\/1"}],"replies":[{"embeddable":true,"href":"https:\/\/therhinoresort.com\/en\/wp-json\/wp\/v2\/comments?post=132"}],"version-history":[{"count":59,"href":"https:\/\/therhinoresort.com\/en\/wp-json\/wp\/v2\/pages\/132\/revisions"}],"predecessor-version":[{"id":11172,"href":"https:\/\/therhinoresort.com\/en\/wp-json\/wp\/v2\/pages\/132\/revisions\/11172"}],"up":[{"embeddable":true,"href":"https:\/\/therhinoresort.com\/en\/wp-json\/wp\/v2\/pages\/56"}],"wp:attachment":[{"href":"https:\/\/therhinoresort.com\/en\/wp-json\/wp\/v2\/media?parent=132"}],"curies":[{"name":"wp","href":"https:\/\/api.w.org\/{rel}","templated":true}]}}